{"id":31,"date":"2017-12-13T19:52:20","date_gmt":"2017-12-13T21:52:20","guid":{"rendered":"http:\/\/naruservisas.lt\/?page_id=31"},"modified":"2023-06-03T19:41:33","modified_gmt":"2023-06-03T21:41:33","slug":"portfolio","status":"publish","type":"page","link":"https:\/\/naruservisas.lt\/en_US\/portfolio\/","title":{"rendered":"Portfolio"},"content":{"rendered":"<p><strong><u>Portfolio (1989-2020 yy.)<\/u><\/strong><strong>:<\/strong><\/p>\n<ul>\n<li><a href=\"http:\/\/naruservisas.lt\/ivykdyti-darbai\/techniniai-naru-darbai-klaipeda-1989-2020-m\/\">Technical underwater works (Klaip\u0117da, 1989-2020 y.)<\/a><\/li>\n<li><a href=\"http:\/\/naruservisas.lt\/ivykdyti-darbai\/ignalina-nuclear-plant-1st-and-2nd-reactor-cooling-system-cooling-water-pump-station-maintenance-gen-contractor-ignalina-1995-1998-y\">Ignalina Nuclear plant 1<sup>st<\/sup> and 2<sup>nd<\/sup> reactor cooling system cooling water pump station maintenance, gen.\u00a0contractor (Ignalina, 1995-1998 y.)<\/a><\/li>\n<li><a href=\"http:\/\/naruservisas.lt\/ivykdyti-darbai\/palanga-old-bridge-demolition-and-new-bridge-construction-sub-contractor-palanga-1998-y\">Palanga old bridge decomissioning and new bridge construction, sub.\u00a0contractor (Palanga, 1998\u00a0y.)<\/a><\/li>\n<li><a href=\"http:\/\/naruservisas.lt\/ivykdyti-darbai\/salvage-of-crashed-sunken-military-mi-8-helicopter-in-the-baltic-sea-at-32-m-depth-and-its-subsequent-transportation-to-port-of-klaipeda-gen-contractor-baltic-sea-1999-y\">Salvage of crashed sunken military Mi-8 helicopter in the Baltic Sea at 32 m. depth, and its subsequent transportation to port of Klaipeda, gen.\u00a0contractor (Baltic sea, 1999 y.)<\/a><\/li>\n<li><a href=\"http:\/\/naruservisas.lt\/ivykdyti-darbai\/butinge-oil-terminal-annual-maintenance-gen-contractor-butinge-2000-y\/\">Butinge oil terminal annual maintenance, gen.\u00a0contractor (Butinge, 2000 y.)<\/a><\/li>\n<li><a href=\"http:\/\/naruservisas.lt\/ivykdyti-darbai\/breakwater-pier-reconstruction-sub-contractor-klaipeda-2000-2002-y\/\">Breakwater pier reconstruction, sub.\u00a0contractor (Klaipeda, 2000-2002 y.)<\/a><\/li>\n<li><a href=\"http:\/\/naruservisas.lt\/ivykdyti-darbai\/klaipeda-port-piers-nr-6-8-construction-sub-contractor-klaipeda-2004-y\/\">Klaipeda port piers Nr. 6-8 construction, sub.\u00a0contractor (Klaipeda, 2004 y.)<\/a><\/li>\n<li><a href=\"http:\/\/naruservisas.lt\/ivykdyti-darbai\/palanga-bridge-breakwater-reconstruction-sub-contractor-palanga-2005-y\/\">Palanga bridge breakwater reconstruction, sub.\u00a0contractor (Palanga, 2005 y.)<\/a><\/li>\n<li><a href=\"http:\/\/naruservisas.lt\/ivykdyti-darbai\/juodkrante-pervalka-preila-sewage-pipe-construction-and-pipelaying-sub-contractor-curonian-lagoon-2004-2008-y\/\">Juodkrant\u0117-Pervalka-Preila sewage pipe construction and pipelaying, sub.\u00a0contractor (Curonian Lagoon, 2004-2008 y.)<\/a><\/li>\n<li><a href=\"http:\/\/naruservisas.lt\/ivykdyti-darbai\/boulder-and-other-navigational-obstacle-removal-from-fairway-waterway-search-and-lifting-of-sunken-objects-in-port-of-klaipeda-gen-contractor-klaipeda-2008-2014-y\/\">Boulder and other navigational obstacle removal from fairway\/waterway, search and lifting of sunken objects in port of Klaipeda, gen.\u00a0contractor (Klaipeda, 2008-2014 y.)<\/a><\/li>\n<li><a href=\"http:\/\/naruservisas.lt\/ivykdyti-darbai\/ledu-rago-bay-formerly-ships-graves-dredging-and-removal-of-sunken-ship-hulls-and-ship-wrecks-sub-contractor-klaipeda-2014-2015-y\/\">Led\u0173 rago bay (formerly. \u201eShips\u2018 graves\u201c) dredging and removal of sunken ship hulls and ship wrecks, sub.\u00a0contractor (Klaipeda, 2014-2015 y.)<\/a><\/li>\n<li><a href=\"http:\/\/naruservisas.lt\/ivykdyti-darbai\/pipelay-and-decomissioning-of-temporary-pipe-arrangements-at-lng-terminal-in-the-curonian-lagoon-sub-contractor-klaipeda-2015-y\/\">Pipelay and decomissioning of temporary pipe arrangements at LNG terminal in the Curonian Lagoon, sub.\u00a0contractor (Klaipeda, 2015 y.)<\/a><\/li>\n<li><a href=\"http:\/\/naruservisas.lt\/ivykdyti-darbai\/waterbreaker-pier-construction-sub-contractor-pavilosta-2016-y\/\">Waterbreaker pier construction, sub.\u00a0contractor (Pavilosta, 2016 y.)<\/a><\/li>\n<li><a href=\"http:\/\/naruservisas.lt\/ivykdyti-darbai\/boulder-and-other-navigational-obstacle-removal-from-fairway-waterway-search-and-lifting-of-sunken-objects-in-port-of-klaipeda-gen-contractor-klaipeda-2018-2020-y\/\">Boulder and other navigational obstacle removal from fairway\/waterway, search and lifting of sunken objects in port of Klaipeda, gen.\u00a0contractor (Klaipeda, 2018-2020 y.)<\/a><\/li>\n<li><a href=\"http:\/\/naruservisas.lt\/ivykdyti-darbai\/port-of-klaipeda-piers-nr-80\u0430-81\u0430-construction-sub-contractor-klaipeda-2020-y\/\">Port of Klaipeda piers Nr. 80\u0410\/81\u0410 construction, sub.\u00a0contractor (Klaipeda, 2020 y.)<\/a><\/li>\n<li><a href=\"http:\/\/naruservisas.lt\/ivykdyti-darbai\/towing-services-port-of-klaipeda-1998-2020-y\/\">Towing services (Port of Klaipeda, 1998-2020 y.)<\/a><\/li>\n<li><a href=\"http:\/\/naruservisas.lt\/ivykdyti-darbai\/ship-wreck-removal-and-emergency-rescue-services-over-60-lifted-ship-wrecks-baltic-sea-port-of-klaipeda-curonian-lagoon-neman-river-1991-2020-y\/\">Ship wreck removal and emergency-rescue services, over 60 lifted ship wrecks (Baltic Sea, port of Klaipeda, Curonian Lagoon, Neman river, 1991-2020 y.)<\/a><\/li>\n<li><a href=\"http:\/\/naruservisas.lt\/ivykdyti-darbai\/professional-industrial-diving-works-lithuania-latvia-1989-2020-y\/\">Professional industrial diving works (Lithuania, Latvia, 1989-2020 y.)<\/a><\/li>\n<li><a href=\"http:\/\/naruservisas.lt\/ivykdyti-darbai\/offshore-cablelaying-and-pipelaying-klaipeda-2014-2020-y\/\">Offshore cablelaying and pipelaying (Klaip\u0117da, 2014-2020 y.)<\/a><\/li>\n<\/ul>\n","protected":false},"excerpt":{"rendered":"<p><strong><u>Portfolio (1989-2020 yy.)<\/u><\/strong><strong>:<\/strong><\/p>\n<ul>\n<li><a href=\"http:\/\/naruservisas.lt\/ivykdyti-darbai\/techniniai-naru-darbai-klaipeda-1989-2020-m\/\">Technical underwater works (Klaip\u0117da, 1989-2020 y.)<\/a><\/li>\n<li><a href... \n<br \/>\n","protected":false},"author":1,"featured_media":688,"parent":0,"menu_order":0,"comment_status":"closed","ping_status":"closed","template":"","meta":[],"yoast_head":"<!-- This site is optimized with the Yoast SEO plugin v17.9 - https:\/\/yoast.com\/wordpress\/plugins\/seo\/ -->\n<title>Portfolio<\/title>\n<meta name=\"description\" content=\"Portfolio (1989-2020 yy.):\r\n\r\n \tTechnical underwater works (Klaip\u0117da, 1989-2020 y.)\" \/>\n<meta name=\"robots\" content=\"index, follow, max-snippet:-1, max-image-preview:large, max-video-preview:-1\" \/>\n<link rel=\"canonical\" href=\"https:\/\/naruservisas.lt\/portfolio\/\" \/>\n<meta property=\"og:locale\" content=\"en_US\" \/>\n<meta property=\"og:type\" content=\"article\" \/>\n<meta property=\"og:title\" content=\"Portfolio\" \/>\n<meta property=\"og:description\" content=\"&lt;strong&gt;&lt;u&gt;Portfolio (1989-2020 yy.)&lt;\/u&gt;&lt;\/strong&gt;&lt;strong&gt;:&lt;\/strong&gt;\r\n&lt;ul&gt;\r\n \t&lt;li&gt;&lt;a href=&quot;http:\/\/naruservisas.lt\/ivykdyti-darbai\/techniniai-naru-darbai-klaipeda-1989-2020-m\/&quot;&gt;Technical underwater works (Klaip\u0117da, 1989-2020 y.)&lt;\/a&gt;&lt;\/li&gt;\r\n \t&lt;li&gt;&lt;a href...\" \/>\n<meta property=\"og:url\" content=\"https:\/\/naruservisas.lt\/portfolio\/\" \/>\n<meta property=\"og:site_name\" content=\"Uosto infrastrukt\u016bros statyba, profesional\u016bs techniniai narai, buksyrai ir buksyravimas Klaip\u0117da, Lietuva nuo 1991 Port infrastructure construction, commercial divers, tugs &amp; towing in Klaipeda, Lithuania since 1991\" \/>\n<meta property=\"article:publisher\" content=\"https:\/\/www.facebook.com\/naruservisas.lt\/\" \/>\n<meta property=\"article:modified_time\" content=\"2023-06-03T21:41:33+00:00\" \/>\n<meta property=\"og:image\" content=\"https:\/\/naruservisas.lt\/wp-content\/uploads\/2020\/07\/Pavilosta-2016-vibrance-color-scaled.jpg\" \/>\n\t<meta property=\"og:image:width\" content=\"2560\" \/>\n\t<meta property=\"og:image:height\" content=\"1440\" \/>\n\t<meta property=\"og:image:type\" content=\"image\/jpeg\" \/>\n<meta name=\"twitter:card\" content=\"summary_large_image\" \/>\n<meta name=\"twitter:label1\" content=\"Est. reading time\" \/>\n\t<meta name=\"twitter:data1\" content=\"2 minutes\" \/>\n<script type=\"application\/ld+json\" class=\"yoast-schema-graph\">{\"@context\":\"https:\/\/schema.org\",\"@graph\":[{\"@type\":\"Organization\",\"@id\":\"https:\/\/naruservisas.lt\/#organization\",\"name\":\"Nar\\u0173 servisas UAB\",\"url\":\"https:\/\/naruservisas.lt\/\",\"sameAs\":[\"https:\/\/www.facebook.com\/naruservisas.lt\/\",\"https:\/\/www.instagram.com\/naruservisas\/\",\"https:\/\/www.linkedin.com\/company\/naru-servisas\/\"],\"logo\":{\"@type\":\"ImageObject\",\"@id\":\"https:\/\/naruservisas.lt\/#logo\",\"inLanguage\":\"en-US\",\"url\":\"https:\/\/naruservisas.lt\/wp-content\/uploads\/2020\/07\/Nar\\u0173-servisas-LOGO-JPGwhite-background.jpg\",\"contentUrl\":\"https:\/\/naruservisas.lt\/wp-content\/uploads\/2020\/07\/Nar\\u0173-servisas-LOGO-JPGwhite-background.jpg\",\"width\":1917,\"height\":1917,\"caption\":\"Nar\\u0173 servisas UAB\"},\"image\":{\"@id\":\"https:\/\/naruservisas.lt\/#logo\"}},{\"@type\":\"WebSite\",\"@id\":\"https:\/\/naruservisas.lt\/#website\",\"url\":\"https:\/\/naruservisas.lt\/\",\"name\":\"Uosto infrastrukt\\u016bros statyba, profesional\\u016bs techniniai narai, buksyrai ir buksyravimas Klaip\\u0117da, Lietuva nuo 1991 Port infrastructure construction, commercial divers, tugs &amp; towing in Klaipeda, Lithuania since 1991\",\"description\":\"\",\"publisher\":{\"@id\":\"https:\/\/naruservisas.lt\/#organization\"},\"potentialAction\":[{\"@type\":\"SearchAction\",\"target\":{\"@type\":\"EntryPoint\",\"urlTemplate\":\"https:\/\/naruservisas.lt\/?s={search_term_string}\"},\"query-input\":\"required name=search_term_string\"}],\"inLanguage\":\"en-US\"},{\"@type\":\"ImageObject\",\"@id\":\"https:\/\/naruservisas.lt\/portfolio\/#primaryimage\",\"inLanguage\":\"en-US\",\"url\":\"https:\/\/naruservisas.lt\/wp-content\/uploads\/2020\/07\/Pavilosta-2016-vibrance-color-scaled.jpg\",\"contentUrl\":\"https:\/\/naruservisas.lt\/wp-content\/uploads\/2020\/07\/Pavilosta-2016-vibrance-color-scaled.jpg\",\"width\":2560,\"height\":1440},{\"@type\":\"WebPage\",\"@id\":\"https:\/\/naruservisas.lt\/portfolio\/#webpage\",\"url\":\"https:\/\/naruservisas.lt\/portfolio\/\",\"name\":\"Portfolio | Uosto infrastrukt\\u016bros statyba, profesional\\u016bs techniniai narai, buksyrai ir buksyravimas Klaip\\u0117da, Lietuva nuo 1991 Port infrastructure construction, commercial divers, tugs &amp; towing in Klaipeda, Lithuania since 1991\",\"isPartOf\":{\"@id\":\"https:\/\/naruservisas.lt\/#website\"},\"primaryImageOfPage\":{\"@id\":\"https:\/\/naruservisas.lt\/portfolio\/#primaryimage\"},\"datePublished\":\"2017-12-13T21:52:20+00:00\",\"dateModified\":\"2023-06-03T21:41:33+00:00\",\"description\":\"Professional commercial offshore technical diving, cutting, welding, aquatorium dredging and cleaning, removal of navigational obstacles, underwater inspection with audio \/ video recording, salvage, ship\\u2019s subsurface lifting, tugs, pontoons, jet monitor, floating crane &lt;50 t., rent of technical equipment and machinery, vessel and boat piers in port of Klaip\\u0117da, hydro-technical port (seaport) facility construction since 1991.\",\"breadcrumb\":{\"@id\":\"https:\/\/naruservisas.lt\/portfolio\/#breadcrumb\"},\"inLanguage\":\"en-US\",\"potentialAction\":[{\"@type\":\"ReadAction\",\"target\":[\"https:\/\/naruservisas.lt\/portfolio\/\"]}]},{\"@type\":\"BreadcrumbList\",\"@id\":\"https:\/\/naruservisas.lt\/portfolio\/#breadcrumb\",\"itemListElement\":[{\"@type\":\"ListItem\",\"position\":1,\"name\":\"Home\",\"item\":\"https:\/\/naruservisas.lt\/\"},{\"@type\":\"ListItem\",\"position\":2,\"name\":\"Portfolio\"}]}]}<\/script>\n<!-- \/ Yoast SEO plugin. -->","yoast_head_json":{"title":"Portfolio","description":"Portfolio (1989-2020 yy.):\r\n\r\n \tTechnical underwater works (Klaip\u0117da, 1989-2020 y.)","robots":{"index":"index","follow":"follow","max-snippet":"max-snippet:-1","max-image-preview":"max-image-preview:large","max-video-preview":"max-video-preview:-1"},"canonical":"https:\/\/naruservisas.lt\/portfolio\/","og_locale":"en_US","og_type":"article","og_title":"Portfolio","og_description":"<strong><u>Portfolio (1989-2020 yy.)<\/u><\/strong><strong>:<\/strong>\r\n<ul>\r\n \t<li><a href=\"http:\/\/naruservisas.lt\/ivykdyti-darbai\/techniniai-naru-darbai-klaipeda-1989-2020-m\/\">Technical underwater works (Klaip\u0117da, 1989-2020 y.)<\/a><\/li>\r\n \t<li><a href...","og_url":"https:\/\/naruservisas.lt\/portfolio\/","og_site_name":"Uosto infrastrukt\u016bros statyba, profesional\u016bs techniniai narai, buksyrai ir buksyravimas Klaip\u0117da, Lietuva nuo 1991 Port infrastructure construction, commercial divers, tugs &amp; towing in Klaipeda, Lithuania since 1991","article_publisher":"https:\/\/www.facebook.com\/naruservisas.lt\/","article_modified_time":"2023-06-03T21:41:33+00:00","og_image":[{"width":2560,"height":1440,"url":"https:\/\/naruservisas.lt\/wp-content\/uploads\/2020\/07\/Pavilosta-2016-vibrance-color-scaled.jpg","type":"image\/jpeg"}],"twitter_card":"summary_large_image","twitter_misc":{"Est. reading time":"2 minutes"},"schema":{"@context":"https:\/\/schema.org","@graph":[{"@type":"Organization","@id":"https:\/\/naruservisas.lt\/#organization","name":"Nar\u0173 servisas UAB","url":"https:\/\/naruservisas.lt\/","sameAs":["https:\/\/www.facebook.com\/naruservisas.lt\/","https:\/\/www.instagram.com\/naruservisas\/","https:\/\/www.linkedin.com\/company\/naru-servisas\/"],"logo":{"@type":"ImageObject","@id":"https:\/\/naruservisas.lt\/#logo","inLanguage":"en-US","url":"https:\/\/naruservisas.lt\/wp-content\/uploads\/2020\/07\/Nar\u0173-servisas-LOGO-JPGwhite-background.jpg","contentUrl":"https:\/\/naruservisas.lt\/wp-content\/uploads\/2020\/07\/Nar\u0173-servisas-LOGO-JPGwhite-background.jpg","width":1917,"height":1917,"caption":"Nar\u0173 servisas UAB"},"image":{"@id":"https:\/\/naruservisas.lt\/#logo"}},{"@type":"WebSite","@id":"https:\/\/naruservisas.lt\/#website","url":"https:\/\/naruservisas.lt\/","name":"Uosto infrastrukt\u016bros statyba, profesional\u016bs techniniai narai, buksyrai ir buksyravimas Klaip\u0117da, Lietuva nuo 1991 Port infrastructure construction, commercial divers, tugs &amp; towing in Klaipeda, Lithuania since 1991","description":"","publisher":{"@id":"https:\/\/naruservisas.lt\/#organization"},"potentialAction":[{"@type":"SearchAction","target":{"@type":"EntryPoint","urlTemplate":"https:\/\/naruservisas.lt\/?s={search_term_string}"},"query-input":"required name=search_term_string"}],"inLanguage":"en-US"},{"@type":"ImageObject","@id":"https:\/\/naruservisas.lt\/portfolio\/#primaryimage","inLanguage":"en-US","url":"https:\/\/naruservisas.lt\/wp-content\/uploads\/2020\/07\/Pavilosta-2016-vibrance-color-scaled.jpg","contentUrl":"https:\/\/naruservisas.lt\/wp-content\/uploads\/2020\/07\/Pavilosta-2016-vibrance-color-scaled.jpg","width":2560,"height":1440},{"@type":"WebPage","@id":"https:\/\/naruservisas.lt\/portfolio\/#webpage","url":"https:\/\/naruservisas.lt\/portfolio\/","name":"Portfolio | Uosto infrastrukt\u016bros statyba, profesional\u016bs techniniai narai, buksyrai ir buksyravimas Klaip\u0117da, Lietuva nuo 1991 Port infrastructure construction, commercial divers, tugs &amp; towing in Klaipeda, Lithuania since 1991","isPartOf":{"@id":"https:\/\/naruservisas.lt\/#website"},"primaryImageOfPage":{"@id":"https:\/\/naruservisas.lt\/portfolio\/#primaryimage"},"datePublished":"2017-12-13T21:52:20+00:00","dateModified":"2023-06-03T21:41:33+00:00","description":"Professional commercial offshore technical diving, cutting, welding, aquatorium dredging and cleaning, removal of navigational obstacles, underwater inspection with audio \/ video recording, salvage, ship\u2019s subsurface lifting, tugs, pontoons, jet monitor, floating crane &lt;50 t., rent of technical equipment and machinery, vessel and boat piers in port of Klaip\u0117da, hydro-technical port (seaport) facility construction since 1991.","breadcrumb":{"@id":"https:\/\/naruservisas.lt\/portfolio\/#breadcrumb"},"inLanguage":"en-US","potentialAction":[{"@type":"ReadAction","target":["https:\/\/naruservisas.lt\/portfolio\/"]}]},{"@type":"BreadcrumbList","@id":"https:\/\/naruservisas.lt\/portfolio\/#breadcrumb","itemListElement":[{"@type":"ListItem","position":1,"name":"Home","item":"https:\/\/naruservisas.lt\/"},{"@type":"ListItem","position":2,"name":"Portfolio"}]}]}},"_links":{"self":[{"href":"https:\/\/naruservisas.lt\/en_US\/wp-json\/wp\/v2\/pages\/31"}],"collection":[{"href":"https:\/\/naruservisas.lt\/en_US\/wp-json\/wp\/v2\/pages"}],"about":[{"href":"https:\/\/naruservisas.lt\/en_US\/wp-json\/wp\/v2\/types\/page"}],"author":[{"embeddable":true,"href":"https:\/\/naruservisas.lt\/en_US\/wp-json\/wp\/v2\/users\/1"}],"replies":[{"embeddable":true,"href":"https:\/\/naruservisas.lt\/en_US\/wp-json\/wp\/v2\/comments?post=31"}],"version-history":[{"count":169,"href":"https:\/\/naruservisas.lt\/en_US\/wp-json\/wp\/v2\/pages\/31\/revisions"}],"predecessor-version":[{"id":1256,"href":"https:\/\/naruservisas.lt\/en_US\/wp-json\/wp\/v2\/pages\/31\/revisions\/1256"}],"wp:featuredmedia":[{"embeddable":true,"href":"https:\/\/naruservisas.lt\/en_US\/wp-json\/wp\/v2\/media\/688"}],"wp:attachment":[{"href":"https:\/\/naruservisas.lt\/en_US\/wp-json\/wp\/v2\/media?parent=31"}],"curies":[{"name":"wp","href":"https:\/\/api.w.org\/{rel}","templated":true}]}}