{"id":51,"date":"2017-12-13T20:51:49","date_gmt":"2017-12-13T22:51:49","guid":{"rendered":"http:\/\/naruservisas.lt\/?page_id=51"},"modified":"2021-09-01T19:52:27","modified_gmt":"2021-09-01T21:52:27","slug":"equipment","status":"publish","type":"page","link":"https:\/\/naruservisas.lt\/en_US\/equipment\/","title":{"rendered":"Technin\u0117 \u012franga"},"content":{"rendered":"<p><strong>TUG &#8220;M\u016a\u0160A&#8221;<\/strong><\/p>\n<ul>\n<li>LOA x breadth: 14,33 m. x 4,04 m.;<\/li>\n<li>max. draft 1,44 m.;<\/li>\n<li>main engine: BarnaulMash &#8220;3D12&#8221; 300 HP (223.7 kW).<\/li>\n<\/ul>\n<p><img loading=\"lazy\" class=\"size-large wp-image-91 aligncenter\" src=\"http:\/\/naruservisas.lt\/wp-content\/uploads\/2017\/12\/DSC_0361-1024x576.jpg\" alt=\"\" width=\"616\" height=\"347\" srcset=\"https:\/\/naruservisas.lt\/wp-content\/uploads\/2017\/12\/DSC_0361-1024x576.jpg 1024w, https:\/\/naruservisas.lt\/wp-content\/uploads\/2017\/12\/DSC_0361-300x169.jpg 300w, https:\/\/naruservisas.lt\/wp-content\/uploads\/2017\/12\/DSC_0361-768x432.jpg 768w\" sizes=\"(max-width: 616px) 100vw, 616px\" \/><\/p>\n<p><strong>Multi Purpose Pontoon &#8220;PM-61M&#8221; with lifting equipment &lt; 50 t (floating crane)<\/strong><\/p>\n<ul>\n<li>LOA x breadth: 36,00 m. x 8,22 m.; max. draft 1,00 m.; DWT: 130,7 t.;<\/li>\n<li>4 anchors positioning (4 electric winches) max. 60-80 m. depth;<\/li>\n<li>fitted firefighting systems, max. pressure 8-13 bar.;<\/li>\n<li>fitted and portable hydromonitors from 13 bar.;<\/li>\n<li>dyzel-generator \u201eDEUTZ\u201c (100 kW) + EDG (60kW), el.network 50Hz ~220V\/~380V;<\/li>\n<li>fitted diving station, alowing to work\/supply simultaniously up to 4 divers, compressed air receivers 8btl. \u0445 120Ltr. @ 30-60 bar + pressure reducing station, Kirby Morgan, AquaLung connections and equipment, audio- and video- underwater network connection systems;<\/li>\n<li>floating workshop;<\/li>\n<li>floating storage.<\/li>\n<\/ul>\n<p><img loading=\"lazy\" class=\"size-large wp-image-233 aligncenter\" src=\"http:\/\/naruservisas.lt\/wp-content\/uploads\/2018\/02\/120945-1024x714.jpg\" alt=\"\" width=\"616\" height=\"430\" srcset=\"https:\/\/naruservisas.lt\/wp-content\/uploads\/2018\/02\/120945-1024x714.jpg 1024w, https:\/\/naruservisas.lt\/wp-content\/uploads\/2018\/02\/120945-300x209.jpg 300w, https:\/\/naruservisas.lt\/wp-content\/uploads\/2018\/02\/120945-768x536.jpg 768w, https:\/\/naruservisas.lt\/wp-content\/uploads\/2018\/02\/120945-400x280.jpg 400w, https:\/\/naruservisas.lt\/wp-content\/uploads\/2018\/02\/120945.jpg 1300w\" sizes=\"(max-width: 616px) 100vw, 616px\" \/><\/p>\n<p><strong>Jack-up drill rig &#8220;NS-1&#8221;<\/strong><\/p>\n<ul>\n<li>length x breadth: 13 m. x 8 m.;<\/li>\n<li>draft 0.3 m.;<\/li>\n<li>hydraulic leg length: 20,5 m. (max. operating depth: 17 m.);<\/li>\n<\/ul>\n<p><img loading=\"lazy\" class=\"size-large wp-image-1222 aligncenter\" src=\"https:\/\/naruservisas.lt\/wp-content\/uploads\/2021\/09\/NS-1-1024x769.jpeg\" alt=\"\" width=\"525\" height=\"394\" srcset=\"https:\/\/naruservisas.lt\/wp-content\/uploads\/2021\/09\/NS-1-1024x769.jpeg 1024w, https:\/\/naruservisas.lt\/wp-content\/uploads\/2021\/09\/NS-1-300x225.jpeg 300w, https:\/\/naruservisas.lt\/wp-content\/uploads\/2021\/09\/NS-1-768x577.jpeg 768w, https:\/\/naruservisas.lt\/wp-content\/uploads\/2021\/09\/NS-1.jpeg 1030w\" sizes=\"(max-width: 525px) 100vw, 525px\" \/><\/p>\n<p><strong>Work rescue tug boat<\/strong><\/p>\n<ul>\n<li>length x breadth: 6,6 m. x 2,55 m.;<\/li>\n<li>max. draft 0,7 m.;<\/li>\n<li>main engine: Vladimir Tractor Plant &#8220;T-40&#8221; 50 hp<\/li>\n<li>max. 6 passengers;<\/li>\n<li>DWT 900 kg.<\/li>\n<\/ul>\n<p><img loading=\"lazy\" class=\"wp-image-1193 aligncenter\" src=\"https:\/\/naruservisas.lt\/wp-content\/uploads\/2021\/02\/LT-2864-foto-1024x768.jpg\" alt=\"\" width=\"645\" height=\"484\" srcset=\"https:\/\/naruservisas.lt\/wp-content\/uploads\/2021\/02\/LT-2864-foto-1024x768.jpg 1024w, https:\/\/naruservisas.lt\/wp-content\/uploads\/2021\/02\/LT-2864-foto-300x225.jpg 300w, https:\/\/naruservisas.lt\/wp-content\/uploads\/2021\/02\/LT-2864-foto-768x576.jpg 768w, https:\/\/naruservisas.lt\/wp-content\/uploads\/2021\/02\/LT-2864-foto-1536x1152.jpg 1536w, https:\/\/naruservisas.lt\/wp-content\/uploads\/2021\/02\/LT-2864-foto-2048x1536.jpg 2048w\" sizes=\"(max-width: 645px) 100vw, 645px\" \/><\/p>\n<p><strong>Pumps \/ Dredging pumps<\/strong><\/p>\n<ul>\n<li>capacity &lt; 600 m3\/hr.<\/li>\n<\/ul>\n<p><img loading=\"lazy\" class=\"size-large wp-image-70 aligncenter\" src=\"http:\/\/naruservisas.lt\/wp-content\/uploads\/2017\/12\/DSC_0718-1024x576.jpg\" alt=\"\" width=\"616\" height=\"347\" srcset=\"https:\/\/naruservisas.lt\/wp-content\/uploads\/2017\/12\/DSC_0718-1024x576.jpg 1024w, https:\/\/naruservisas.lt\/wp-content\/uploads\/2017\/12\/DSC_0718-300x169.jpg 300w, https:\/\/naruservisas.lt\/wp-content\/uploads\/2017\/12\/DSC_0718-768x432.jpg 768w\" sizes=\"(max-width: 616px) 100vw, 616px\" \/><\/p>\n<ul>\n<li>Dredging pontoon (dredging capacity max. 450 m3\/hr; max. -25 m. working depth) with diesel generator 30 kW, with shore connection 380V\/220V 50Hz , with hydraulic crane SWL 5 t, anchors are used for positioning; also equipped with fire fighting pumps (12\/30 bar) and water injector for high pressure wash-off of soil\/sand.<br \/>\nThe pontoon can be used simultaneously both for washing-off the soil\/sand and pumping out the fraction under water (max. -25 m. depth);<\/li>\n<\/ul>\n<p><img loading=\"lazy\" class=\"size-large wp-image-1225 aligncenter\" src=\"https:\/\/naruservisas.lt\/wp-content\/uploads\/2021\/09\/Pontonas-zemsiurbe-768x1024.jpg\" alt=\"\" width=\"525\" height=\"700\" srcset=\"https:\/\/naruservisas.lt\/wp-content\/uploads\/2021\/09\/Pontonas-zemsiurbe-768x1024.jpg 768w, https:\/\/naruservisas.lt\/wp-content\/uploads\/2021\/09\/Pontonas-zemsiurbe-225x300.jpg 225w, https:\/\/naruservisas.lt\/wp-content\/uploads\/2021\/09\/Pontonas-zemsiurbe-1152x1536.jpg 1152w, https:\/\/naruservisas.lt\/wp-content\/uploads\/2021\/09\/Pontonas-zemsiurbe-1536x2048.jpg 1536w, https:\/\/naruservisas.lt\/wp-content\/uploads\/2021\/09\/Pontonas-zemsiurbe-scaled.jpg 1920w\" sizes=\"(max-width: 525px) 100vw, 525px\" \/><\/p>\n<p><strong>Pontoon PMP-60<\/strong><\/p>\n<ul>\n<li>DWT 20 t.;<\/li>\n<li>length x breadth: 8 m. x 7 m., working deck 56 m2<\/li>\n<li>transportable, comprised of four detachable sections;<\/li>\n<\/ul>\n<p><img loading=\"lazy\" class=\"size-large wp-image-1226 aligncenter\" src=\"https:\/\/naruservisas.lt\/wp-content\/uploads\/2021\/09\/PMP-60-Copy-1024x768.jpg\" alt=\"\" width=\"525\" height=\"394\" srcset=\"https:\/\/naruservisas.lt\/wp-content\/uploads\/2021\/09\/PMP-60-Copy-1024x768.jpg 1024w, https:\/\/naruservisas.lt\/wp-content\/uploads\/2021\/09\/PMP-60-Copy-300x225.jpg 300w, https:\/\/naruservisas.lt\/wp-content\/uploads\/2021\/09\/PMP-60-Copy-768x576.jpg 768w, https:\/\/naruservisas.lt\/wp-content\/uploads\/2021\/09\/PMP-60-Copy-1536x1153.jpg 1536w, https:\/\/naruservisas.lt\/wp-content\/uploads\/2021\/09\/PMP-60-Copy-2048x1537.jpg 2048w\" sizes=\"(max-width: 525px) 100vw, 525px\" \/><\/p>\n<p><strong>Other equipment<\/strong><\/p>\n<ul>\n<li>Contact in advance: info@naruservisas.lt<\/li>\n<\/ul>\n","protected":false},"excerpt":{"rendered":"<p><strong>TUG &#8220;M\u016a\u0160A&#8221;<\/strong><\/p>\n<ul>\n<li>LOA x breadth: 14,33 m. x 4,04 m.;<\/li>\n<li>max. draft 1,44 m.;<\/li>\n<li>main engine: BarnaulMash &#8220;3D12&#8221; 300 HP (223.7 kW).<\/li>\n<\/ul>\n<p><img class=\"size-large wp-image-91 aligncenter\" src=\"http:\/\/naruservisas...\n<\/p>\n","protected":false},"author":1,"featured_media":740,"parent":0,"menu_order":0,"comment_status":"closed","ping_status":"closed","template":"","meta":[],"yoast_head":"<!-- This site is optimized with the Yoast SEO plugin v17.9 - https:\/\/yoast.com\/wordpress\/plugins\/seo\/ -->\n<title>Technin\u0117 \u012franga<\/title>\n<meta name=\"description\" content=\"TUG &quot;M\u016a\u0160A&quot;\n\n \tLOA x breadth: 14,33 m. x 4,04 m.;\n \tmax. draft 1,44 m.;\n \tmain engine: BarnaulMash &quot;3D12&quot; 300 HP (223.7 kW).\" \/>\n<meta name=\"robots\" content=\"index, follow, max-snippet:-1, max-image-preview:large, max-video-preview:-1\" \/>\n<link rel=\"canonical\" href=\"https:\/\/naruservisas.lt\/en_US\/equipment\/\" \/>\n<meta property=\"og:locale\" content=\"en_US\" \/>\n<meta property=\"og:type\" content=\"article\" \/>\n<meta property=\"og:title\" content=\"Technin\u0117 \u012franga\" \/>\n<meta property=\"og:description\" content=\"&lt;strong&gt;TUG &quot;M\u016a\u0160A&quot;&lt;\/strong&gt;\n&lt;ul&gt;\n \t&lt;li&gt;LOA x breadth: 14,33 m. x 4,04 m.;&lt;\/li&gt;\n \t&lt;li&gt;max. draft 1,44 m.;&lt;\/li&gt;\n \t&lt;li&gt;main engine: BarnaulMash &quot;3D12&quot; 300 HP (223.7 kW).&lt;\/li&gt;\n&lt;\/ul&gt;\n&lt;img class=&quot;size-large wp-image-91 aligncenter&quot; src=&quot;http:\/\/naruservisas...\" \/>\n<meta property=\"og:url\" content=\"https:\/\/naruservisas.lt\/en_US\/equipment\/\" \/>\n<meta property=\"og:site_name\" content=\"Uosto infrastrukt\u016bros statyba, profesional\u016bs techniniai narai, buksyrai ir buksyravimas Klaip\u0117da, Lietuva nuo 1991 Port infrastructure construction, commercial divers, tugs &amp; towing in Klaipeda, Lithuania since 1991\" \/>\n<meta property=\"article:publisher\" content=\"https:\/\/www.facebook.com\/naruservisas.lt\/\" \/>\n<meta property=\"article:modified_time\" content=\"2021-09-01T21:52:27+00:00\" \/>\n<meta property=\"og:image\" content=\"https:\/\/naruservisas.lt\/wp-content\/uploads\/2020\/07\/Ledu-ragas-vibrancecontraswhite-color.jpg\" \/>\n\t<meta property=\"og:image:width\" content=\"2560\" \/>\n\t<meta property=\"og:image:height\" content=\"1192\" \/>\n\t<meta property=\"og:image:type\" content=\"image\/jpeg\" \/>\n<meta name=\"twitter:card\" content=\"summary_large_image\" \/>\n<meta name=\"twitter:label1\" content=\"Est. reading time\" \/>\n\t<meta name=\"twitter:data1\" content=\"1 minute\" \/>\n<script type=\"application\/ld+json\" class=\"yoast-schema-graph\">{\"@context\":\"https:\/\/schema.org\",\"@graph\":[{\"@type\":\"Organization\",\"@id\":\"https:\/\/naruservisas.lt\/#organization\",\"name\":\"Nar\\u0173 servisas UAB\",\"url\":\"https:\/\/naruservisas.lt\/\",\"sameAs\":[\"https:\/\/www.facebook.com\/naruservisas.lt\/\",\"https:\/\/www.instagram.com\/naruservisas\/\",\"https:\/\/www.linkedin.com\/company\/naru-servisas\/\"],\"logo\":{\"@type\":\"ImageObject\",\"@id\":\"https:\/\/naruservisas.lt\/#logo\",\"inLanguage\":\"en-US\",\"url\":\"https:\/\/naruservisas.lt\/wp-content\/uploads\/2020\/07\/Nar\\u0173-servisas-LOGO-JPGwhite-background.jpg\",\"contentUrl\":\"https:\/\/naruservisas.lt\/wp-content\/uploads\/2020\/07\/Nar\\u0173-servisas-LOGO-JPGwhite-background.jpg\",\"width\":1917,\"height\":1917,\"caption\":\"Nar\\u0173 servisas UAB\"},\"image\":{\"@id\":\"https:\/\/naruservisas.lt\/#logo\"}},{\"@type\":\"WebSite\",\"@id\":\"https:\/\/naruservisas.lt\/#website\",\"url\":\"https:\/\/naruservisas.lt\/\",\"name\":\"Uosto infrastrukt\\u016bros statyba, profesional\\u016bs techniniai narai, buksyrai ir buksyravimas Klaip\\u0117da, Lietuva nuo 1991 Port infrastructure construction, commercial divers, tugs &amp; towing in Klaipeda, Lithuania since 1991\",\"description\":\"\",\"publisher\":{\"@id\":\"https:\/\/naruservisas.lt\/#organization\"},\"potentialAction\":[{\"@type\":\"SearchAction\",\"target\":{\"@type\":\"EntryPoint\",\"urlTemplate\":\"https:\/\/naruservisas.lt\/?s={search_term_string}\"},\"query-input\":\"required name=search_term_string\"}],\"inLanguage\":\"en-US\"},{\"@type\":\"ImageObject\",\"@id\":\"https:\/\/naruservisas.lt\/en_US\/equipment\/#primaryimage\",\"inLanguage\":\"en-US\",\"url\":\"https:\/\/naruservisas.lt\/wp-content\/uploads\/2020\/07\/Ledu-ragas-vibrancecontraswhite-color.jpg\",\"contentUrl\":\"https:\/\/naruservisas.lt\/wp-content\/uploads\/2020\/07\/Ledu-ragas-vibrancecontraswhite-color.jpg\",\"width\":2560,\"height\":1192},{\"@type\":\"WebPage\",\"@id\":\"https:\/\/naruservisas.lt\/en_US\/equipment\/#webpage\",\"url\":\"https:\/\/naruservisas.lt\/en_US\/equipment\/\",\"name\":\"Technin\\u0117 \\u012franga | Uosto infrastrukt\\u016bros statyba, profesional\\u016bs techniniai narai, buksyrai ir buksyravimas Klaip\\u0117da, Lietuva nuo 1991 Port infrastructure construction, commercial divers, tugs &amp; towing in Klaipeda, Lithuania since 1991\",\"isPartOf\":{\"@id\":\"https:\/\/naruservisas.lt\/#website\"},\"primaryImageOfPage\":{\"@id\":\"https:\/\/naruservisas.lt\/en_US\/equipment\/#primaryimage\"},\"datePublished\":\"2017-12-13T22:51:49+00:00\",\"dateModified\":\"2021-09-01T21:52:27+00:00\",\"description\":\"Professional commercial offshore technical diving, cutting, welding, aquatorium dredging and cleaning, removal of navigational obstacles, underwater inspection with audio \/ video recording, salvage, ship\\u2019s subsurface lifting, tugs, pontoons, jet monitor, floating crane &lt;50 t., rent of technical equipment and machinery, vessel and boat piers in port of Klaip\\u0117da, hydro-technical port (seaport) facility construction since 1991.\",\"breadcrumb\":{\"@id\":\"https:\/\/naruservisas.lt\/en_US\/equipment\/#breadcrumb\"},\"inLanguage\":\"en-US\",\"potentialAction\":[{\"@type\":\"ReadAction\",\"target\":[\"https:\/\/naruservisas.lt\/en_US\/equipment\/\"]}]},{\"@type\":\"BreadcrumbList\",\"@id\":\"https:\/\/naruservisas.lt\/en_US\/equipment\/#breadcrumb\",\"itemListElement\":[{\"@type\":\"ListItem\",\"position\":1,\"name\":\"Home\",\"item\":\"https:\/\/naruservisas.lt\/\"},{\"@type\":\"ListItem\",\"position\":2,\"name\":\"Technin\\u0117 \\u012franga\"}]}]}<\/script>\n<!-- \/ Yoast SEO plugin. -->","yoast_head_json":{"title":"Technin\u0117 \u012franga","description":"TUG \"M\u016a\u0160A\"\n\n \tLOA x breadth: 14,33 m. x 4,04 m.;\n \tmax. draft 1,44 m.;\n \tmain engine: BarnaulMash \"3D12\" 300 HP (223.7 kW).","robots":{"index":"index","follow":"follow","max-snippet":"max-snippet:-1","max-image-preview":"max-image-preview:large","max-video-preview":"max-video-preview:-1"},"canonical":"https:\/\/naruservisas.lt\/en_US\/equipment\/","og_locale":"en_US","og_type":"article","og_title":"Technin\u0117 \u012franga","og_description":"<strong>TUG \"M\u016a\u0160A\"<\/strong>\n<ul>\n \t<li>LOA x breadth: 14,33 m. x 4,04 m.;<\/li>\n \t<li>max. draft 1,44 m.;<\/li>\n \t<li>main engine: BarnaulMash \"3D12\" 300 HP (223.7 kW).<\/li>\n<\/ul>\n<img class=\"size-large wp-image-91 aligncenter\" src=\"http:\/\/naruservisas...","og_url":"https:\/\/naruservisas.lt\/en_US\/equipment\/","og_site_name":"Uosto infrastrukt\u016bros statyba, profesional\u016bs techniniai narai, buksyrai ir buksyravimas Klaip\u0117da, Lietuva nuo 1991 Port infrastructure construction, commercial divers, tugs &amp; towing in Klaipeda, Lithuania since 1991","article_publisher":"https:\/\/www.facebook.com\/naruservisas.lt\/","article_modified_time":"2021-09-01T21:52:27+00:00","og_image":[{"width":2560,"height":1192,"url":"https:\/\/naruservisas.lt\/wp-content\/uploads\/2020\/07\/Ledu-ragas-vibrancecontraswhite-color.jpg","type":"image\/jpeg"}],"twitter_card":"summary_large_image","twitter_misc":{"Est. reading time":"1 minute"},"schema":{"@context":"https:\/\/schema.org","@graph":[{"@type":"Organization","@id":"https:\/\/naruservisas.lt\/#organization","name":"Nar\u0173 servisas UAB","url":"https:\/\/naruservisas.lt\/","sameAs":["https:\/\/www.facebook.com\/naruservisas.lt\/","https:\/\/www.instagram.com\/naruservisas\/","https:\/\/www.linkedin.com\/company\/naru-servisas\/"],"logo":{"@type":"ImageObject","@id":"https:\/\/naruservisas.lt\/#logo","inLanguage":"en-US","url":"https:\/\/naruservisas.lt\/wp-content\/uploads\/2020\/07\/Nar\u0173-servisas-LOGO-JPGwhite-background.jpg","contentUrl":"https:\/\/naruservisas.lt\/wp-content\/uploads\/2020\/07\/Nar\u0173-servisas-LOGO-JPGwhite-background.jpg","width":1917,"height":1917,"caption":"Nar\u0173 servisas UAB"},"image":{"@id":"https:\/\/naruservisas.lt\/#logo"}},{"@type":"WebSite","@id":"https:\/\/naruservisas.lt\/#website","url":"https:\/\/naruservisas.lt\/","name":"Uosto infrastrukt\u016bros statyba, profesional\u016bs techniniai narai, buksyrai ir buksyravimas Klaip\u0117da, Lietuva nuo 1991 Port infrastructure construction, commercial divers, tugs &amp; towing in Klaipeda, Lithuania since 1991","description":"","publisher":{"@id":"https:\/\/naruservisas.lt\/#organization"},"potentialAction":[{"@type":"SearchAction","target":{"@type":"EntryPoint","urlTemplate":"https:\/\/naruservisas.lt\/?s={search_term_string}"},"query-input":"required name=search_term_string"}],"inLanguage":"en-US"},{"@type":"ImageObject","@id":"https:\/\/naruservisas.lt\/en_US\/equipment\/#primaryimage","inLanguage":"en-US","url":"https:\/\/naruservisas.lt\/wp-content\/uploads\/2020\/07\/Ledu-ragas-vibrancecontraswhite-color.jpg","contentUrl":"https:\/\/naruservisas.lt\/wp-content\/uploads\/2020\/07\/Ledu-ragas-vibrancecontraswhite-color.jpg","width":2560,"height":1192},{"@type":"WebPage","@id":"https:\/\/naruservisas.lt\/en_US\/equipment\/#webpage","url":"https:\/\/naruservisas.lt\/en_US\/equipment\/","name":"Technin\u0117 \u012franga | Uosto infrastrukt\u016bros statyba, profesional\u016bs techniniai narai, buksyrai ir buksyravimas Klaip\u0117da, Lietuva nuo 1991 Port infrastructure construction, commercial divers, tugs &amp; towing in Klaipeda, Lithuania since 1991","isPartOf":{"@id":"https:\/\/naruservisas.lt\/#website"},"primaryImageOfPage":{"@id":"https:\/\/naruservisas.lt\/en_US\/equipment\/#primaryimage"},"datePublished":"2017-12-13T22:51:49+00:00","dateModified":"2021-09-01T21:52:27+00:00","description":"Professional commercial offshore technical diving, cutting, welding, aquatorium dredging and cleaning, removal of navigational obstacles, underwater inspection with audio \/ video recording, salvage, ship\u2019s subsurface lifting, tugs, pontoons, jet monitor, floating crane &lt;50 t., rent of technical equipment and machinery, vessel and boat piers in port of Klaip\u0117da, hydro-technical port (seaport) facility construction since 1991.","breadcrumb":{"@id":"https:\/\/naruservisas.lt\/en_US\/equipment\/#breadcrumb"},"inLanguage":"en-US","potentialAction":[{"@type":"ReadAction","target":["https:\/\/naruservisas.lt\/en_US\/equipment\/"]}]},{"@type":"BreadcrumbList","@id":"https:\/\/naruservisas.lt\/en_US\/equipment\/#breadcrumb","itemListElement":[{"@type":"ListItem","position":1,"name":"Home","item":"https:\/\/naruservisas.lt\/"},{"@type":"ListItem","position":2,"name":"Technin\u0117 \u012franga"}]}]}},"_links":{"self":[{"href":"https:\/\/naruservisas.lt\/en_US\/wp-json\/wp\/v2\/pages\/51"}],"collection":[{"href":"https:\/\/naruservisas.lt\/en_US\/wp-json\/wp\/v2\/pages"}],"about":[{"href":"https:\/\/naruservisas.lt\/en_US\/wp-json\/wp\/v2\/types\/page"}],"author":[{"embeddable":true,"href":"https:\/\/naruservisas.lt\/en_US\/wp-json\/wp\/v2\/users\/1"}],"replies":[{"embeddable":true,"href":"https:\/\/naruservisas.lt\/en_US\/wp-json\/wp\/v2\/comments?post=51"}],"version-history":[{"count":124,"href":"https:\/\/naruservisas.lt\/en_US\/wp-json\/wp\/v2\/pages\/51\/revisions"}],"predecessor-version":[{"id":1240,"href":"https:\/\/naruservisas.lt\/en_US\/wp-json\/wp\/v2\/pages\/51\/revisions\/1240"}],"wp:featuredmedia":[{"embeddable":true,"href":"https:\/\/naruservisas.lt\/en_US\/wp-json\/wp\/v2\/media\/740"}],"wp:attachment":[{"href":"https:\/\/naruservisas.lt\/en_US\/wp-json\/wp\/v2\/media?parent=51"}],"curies":[{"name":"wp","href":"https:\/\/api.w.org\/{rel}","templated":true}]}}