{"id":525,"date":"2020-06-26T07:04:26","date_gmt":"2020-06-26T09:04:26","guid":{"rendered":"http:\/\/naruservisas.lt\/?page_id=525"},"modified":"2020-07-05T19:39:27","modified_gmt":"2020-07-05T21:39:27","slug":"ship-wreck-removal-and-emergency-rescue-services-over-60-lifted-ship-wrecks-baltic-sea-port-of-klaipeda-curonian-lagoon-neman-river-1991-2020-y","status":"publish","type":"page","link":"https:\/\/naruservisas.lt\/en_US\/portfolio\/ship-wreck-removal-and-emergency-rescue-services-over-60-lifted-ship-wrecks-baltic-sea-port-of-klaipeda-curonian-lagoon-neman-river-1991-2020-y\/","title":{"rendered":"Ship wreck removal and emergency-rescue services, over 60 lifted ship wrecks (Baltic Sea, port of Klaipeda, Curonian Lagoon, Neman river, 1991-2020 y.)"},"content":{"rendered":"<p><img loading=\"lazy\" class=\"alignnone size-large wp-image-552\" src=\"http:\/\/naruservisas.lt\/wp-content\/uploads\/2020\/06\/Archive-NS-mv-DEBORA-3-1024x725.jpg\" alt=\"\" width=\"616\" height=\"436\" srcset=\"https:\/\/naruservisas.lt\/wp-content\/uploads\/2020\/06\/Archive-NS-mv-DEBORA-3-1024x725.jpg 1024w, https:\/\/naruservisas.lt\/wp-content\/uploads\/2020\/06\/Archive-NS-mv-DEBORA-3-300x212.jpg 300w, https:\/\/naruservisas.lt\/wp-content\/uploads\/2020\/06\/Archive-NS-mv-DEBORA-3-768x544.jpg 768w\" sizes=\"(max-width: 616px) 100vw, 616px\" \/> <img loading=\"lazy\" class=\"alignnone size-large wp-image-551\" src=\"http:\/\/naruservisas.lt\/wp-content\/uploads\/2020\/06\/Archive-NS-mv-DEBORA-5-1024x678.jpg\" alt=\"\" width=\"616\" height=\"408\" srcset=\"https:\/\/naruservisas.lt\/wp-content\/uploads\/2020\/06\/Archive-NS-mv-DEBORA-5-1024x678.jpg 1024w, https:\/\/naruservisas.lt\/wp-content\/uploads\/2020\/06\/Archive-NS-mv-DEBORA-5-300x199.jpg 300w, https:\/\/naruservisas.lt\/wp-content\/uploads\/2020\/06\/Archive-NS-mv-DEBORA-5-768x509.jpg 768w\" sizes=\"(max-width: 616px) 100vw, 616px\" \/> <img loading=\"lazy\" class=\"alignnone size-large wp-image-553\" src=\"http:\/\/naruservisas.lt\/wp-content\/uploads\/2020\/06\/Archive-NS-mv-RUDOLPH-5-1024x698.jpg\" alt=\"\" width=\"616\" height=\"420\" srcset=\"https:\/\/naruservisas.lt\/wp-content\/uploads\/2020\/06\/Archive-NS-mv-RUDOLPH-5-1024x698.jpg 1024w, https:\/\/naruservisas.lt\/wp-content\/uploads\/2020\/06\/Archive-NS-mv-RUDOLPH-5-300x205.jpg 300w, https:\/\/naruservisas.lt\/wp-content\/uploads\/2020\/06\/Archive-NS-mv-RUDOLPH-5-768x524.jpg 768w\" sizes=\"(max-width: 616px) 100vw, 616px\" \/> <img loading=\"lazy\" class=\"alignnone size-large wp-image-554\" src=\"http:\/\/naruservisas.lt\/wp-content\/uploads\/2020\/06\/Archive-NS-mv-SEINES-5-1024x722.jpg\" alt=\"\" width=\"616\" height=\"434\" srcset=\"https:\/\/naruservisas.lt\/wp-content\/uploads\/2020\/06\/Archive-NS-mv-SEINES-5-1024x722.jpg 1024w, https:\/\/naruservisas.lt\/wp-content\/uploads\/2020\/06\/Archive-NS-mv-SEINES-5-300x212.jpg 300w, https:\/\/naruservisas.lt\/wp-content\/uploads\/2020\/06\/Archive-NS-mv-SEINES-5-768x542.jpg 768w\" sizes=\"(max-width: 616px) 100vw, 616px\" \/> <img loading=\"lazy\" class=\"alignnone size-large wp-image-555\" src=\"http:\/\/naruservisas.lt\/wp-content\/uploads\/2020\/06\/Archive-NS-VOLGOBALT-2-1024x680.jpg\" alt=\"\" width=\"616\" height=\"409\" srcset=\"https:\/\/naruservisas.lt\/wp-content\/uploads\/2020\/06\/Archive-NS-VOLGOBALT-2-1024x680.jpg 1024w, https:\/\/naruservisas.lt\/wp-content\/uploads\/2020\/06\/Archive-NS-VOLGOBALT-2-300x199.jpg 300w, https:\/\/naruservisas.lt\/wp-content\/uploads\/2020\/06\/Archive-NS-VOLGOBALT-2-768x510.jpg 768w\" sizes=\"(max-width: 616px) 100vw, 616px\" \/> <img loading=\"lazy\" class=\"alignnone size-large wp-image-556\" src=\"http:\/\/naruservisas.lt\/wp-content\/uploads\/2020\/06\/Archive-NS-mv-STAR-TRADER-2-1024x661.jpg\" alt=\"\" width=\"616\" height=\"398\" srcset=\"https:\/\/naruservisas.lt\/wp-content\/uploads\/2020\/06\/Archive-NS-mv-STAR-TRADER-2-1024x661.jpg 1024w, https:\/\/naruservisas.lt\/wp-content\/uploads\/2020\/06\/Archive-NS-mv-STAR-TRADER-2-300x194.jpg 300w, https:\/\/naruservisas.lt\/wp-content\/uploads\/2020\/06\/Archive-NS-mv-STAR-TRADER-2-768x496.jpg 768w\" sizes=\"(max-width: 616px) 100vw, 616px\" \/> <img loading=\"lazy\" class=\"alignnone size-large wp-image-557\" src=\"http:\/\/naruservisas.lt\/wp-content\/uploads\/2020\/06\/Archive-NS-76-1024x719.jpg\" alt=\"\" width=\"616\" height=\"433\" srcset=\"https:\/\/naruservisas.lt\/wp-content\/uploads\/2020\/06\/Archive-NS-76-1024x719.jpg 1024w, https:\/\/naruservisas.lt\/wp-content\/uploads\/2020\/06\/Archive-NS-76-300x211.jpg 300w, https:\/\/naruservisas.lt\/wp-content\/uploads\/2020\/06\/Archive-NS-76-768x539.jpg 768w, https:\/\/naruservisas.lt\/wp-content\/uploads\/2020\/06\/Archive-NS-76-400x280.jpg 400w\" sizes=\"(max-width: 616px) 100vw, 616px\" \/> <img loading=\"lazy\" class=\"alignnone size-large wp-image-558\" src=\"http:\/\/naruservisas.lt\/wp-content\/uploads\/2020\/06\/Archive-NS-101-1024x676.jpg\" alt=\"\" width=\"616\" height=\"407\" srcset=\"https:\/\/naruservisas.lt\/wp-content\/uploads\/2020\/06\/Archive-NS-101-1024x676.jpg 1024w, https:\/\/naruservisas.lt\/wp-content\/uploads\/2020\/06\/Archive-NS-101-300x198.jpg 300w, https:\/\/naruservisas.lt\/wp-content\/uploads\/2020\/06\/Archive-NS-101-768x507.jpg 768w\" sizes=\"(max-width: 616px) 100vw, 616px\" \/> <img loading=\"lazy\" class=\"alignnone size-large wp-image-559\" src=\"http:\/\/naruservisas.lt\/wp-content\/uploads\/2020\/06\/Archive-NS-107-1024x707.jpg\" alt=\"\" width=\"616\" height=\"425\" srcset=\"https:\/\/naruservisas.lt\/wp-content\/uploads\/2020\/06\/Archive-NS-107-1024x707.jpg 1024w, https:\/\/naruservisas.lt\/wp-content\/uploads\/2020\/06\/Archive-NS-107-300x207.jpg 300w, https:\/\/naruservisas.lt\/wp-content\/uploads\/2020\/06\/Archive-NS-107-768x530.jpg 768w\" sizes=\"(max-width: 616px) 100vw, 616px\" \/> <img loading=\"lazy\" class=\"alignnone size-large wp-image-560\" src=\"http:\/\/naruservisas.lt\/wp-content\/uploads\/2020\/06\/Archive-NS-119-707x1024.jpg\" alt=\"\" width=\"616\" height=\"892\" srcset=\"https:\/\/naruservisas.lt\/wp-content\/uploads\/2020\/06\/Archive-NS-119-707x1024.jpg 707w, https:\/\/naruservisas.lt\/wp-content\/uploads\/2020\/06\/Archive-NS-119-207x300.jpg 207w, https:\/\/naruservisas.lt\/wp-content\/uploads\/2020\/06\/Archive-NS-119-768x1112.jpg 768w\" sizes=\"(max-width: 616px) 100vw, 616px\" \/> <img loading=\"lazy\" class=\"alignnone size-large wp-image-561\" src=\"http:\/\/naruservisas.lt\/wp-content\/uploads\/2020\/06\/Archive-NS-120-1024x711.jpg\" alt=\"\" width=\"616\" height=\"428\" srcset=\"https:\/\/naruservisas.lt\/wp-content\/uploads\/2020\/06\/Archive-NS-120-1024x711.jpg 1024w, https:\/\/naruservisas.lt\/wp-content\/uploads\/2020\/06\/Archive-NS-120-300x208.jpg 300w, https:\/\/naruservisas.lt\/wp-content\/uploads\/2020\/06\/Archive-NS-120-768x533.jpg 768w\" sizes=\"(max-width: 616px) 100vw, 616px\" \/> <img loading=\"lazy\" class=\"alignnone size-large wp-image-562\" src=\"http:\/\/naruservisas.lt\/wp-content\/uploads\/2020\/06\/Archive-NS-121-1024x713.jpg\" alt=\"\" width=\"616\" height=\"429\" srcset=\"https:\/\/naruservisas.lt\/wp-content\/uploads\/2020\/06\/Archive-NS-121-1024x713.jpg 1024w, https:\/\/naruservisas.lt\/wp-content\/uploads\/2020\/06\/Archive-NS-121-300x209.jpg 300w, https:\/\/naruservisas.lt\/wp-content\/uploads\/2020\/06\/Archive-NS-121-768x535.jpg 768w, https:\/\/naruservisas.lt\/wp-content\/uploads\/2020\/06\/Archive-NS-121-400x280.jpg 400w\" sizes=\"(max-width: 616px) 100vw, 616px\" \/> <img loading=\"lazy\" class=\"alignnone size-large wp-image-563\" src=\"http:\/\/naruservisas.lt\/wp-content\/uploads\/2020\/06\/Archive-NS-122-1024x681.jpg\" alt=\"\" width=\"616\" height=\"410\" srcset=\"https:\/\/naruservisas.lt\/wp-content\/uploads\/2020\/06\/Archive-NS-122-1024x681.jpg 1024w, https:\/\/naruservisas.lt\/wp-content\/uploads\/2020\/06\/Archive-NS-122-300x200.jpg 300w, https:\/\/naruservisas.lt\/wp-content\/uploads\/2020\/06\/Archive-NS-122-768x511.jpg 768w\" sizes=\"(max-width: 616px) 100vw, 616px\" \/> <img loading=\"lazy\" class=\"alignnone size-large wp-image-564\" src=\"http:\/\/naruservisas.lt\/wp-content\/uploads\/2020\/06\/Archive-NS-126-1024x705.jpg\" alt=\"\" width=\"616\" height=\"424\" srcset=\"https:\/\/naruservisas.lt\/wp-content\/uploads\/2020\/06\/Archive-NS-126-1024x705.jpg 1024w, https:\/\/naruservisas.lt\/wp-content\/uploads\/2020\/06\/Archive-NS-126-300x206.jpg 300w, https:\/\/naruservisas.lt\/wp-content\/uploads\/2020\/06\/Archive-NS-126-768x529.jpg 768w\" sizes=\"(max-width: 616px) 100vw, 616px\" \/> <img loading=\"lazy\" class=\"alignnone size-large wp-image-565\" src=\"http:\/\/naruservisas.lt\/wp-content\/uploads\/2020\/06\/Archive-NS-127-1024x604.jpg\" alt=\"\" width=\"616\" height=\"363\" srcset=\"https:\/\/naruservisas.lt\/wp-content\/uploads\/2020\/06\/Archive-NS-127-1024x604.jpg 1024w, https:\/\/naruservisas.lt\/wp-content\/uploads\/2020\/06\/Archive-NS-127-300x177.jpg 300w, https:\/\/naruservisas.lt\/wp-content\/uploads\/2020\/06\/Archive-NS-127-768x453.jpg 768w\" sizes=\"(max-width: 616px) 100vw, 616px\" \/> <img loading=\"lazy\" class=\"alignnone size-large wp-image-567\" src=\"http:\/\/naruservisas.lt\/wp-content\/uploads\/2020\/06\/Archive-NS-129-1024x674.jpg\" alt=\"\" width=\"616\" height=\"405\" srcset=\"https:\/\/naruservisas.lt\/wp-content\/uploads\/2020\/06\/Archive-NS-129-1024x674.jpg 1024w, https:\/\/naruservisas.lt\/wp-content\/uploads\/2020\/06\/Archive-NS-129-300x197.jpg 300w, https:\/\/naruservisas.lt\/wp-content\/uploads\/2020\/06\/Archive-NS-129-768x505.jpg 768w\" sizes=\"(max-width: 616px) 100vw, 616px\" \/> <img loading=\"lazy\" class=\"alignnone size-large wp-image-566\" src=\"http:\/\/naruservisas.lt\/wp-content\/uploads\/2020\/06\/Archive-NS-128-1024x666.jpg\" alt=\"\" width=\"616\" height=\"401\" srcset=\"https:\/\/naruservisas.lt\/wp-content\/uploads\/2020\/06\/Archive-NS-128-1024x666.jpg 1024w, https:\/\/naruservisas.lt\/wp-content\/uploads\/2020\/06\/Archive-NS-128-300x195.jpg 300w, https:\/\/naruservisas.lt\/wp-content\/uploads\/2020\/06\/Archive-NS-128-768x500.jpg 768w\" sizes=\"(max-width: 616px) 100vw, 616px\" \/> <img loading=\"lazy\" class=\"alignnone size-large wp-image-568\" src=\"http:\/\/naruservisas.lt\/wp-content\/uploads\/2020\/06\/Archive-NS-136-671x1024.jpg\" alt=\"\" width=\"616\" height=\"940\" srcset=\"https:\/\/naruservisas.lt\/wp-content\/uploads\/2020\/06\/Archive-NS-136-671x1024.jpg 671w, https:\/\/naruservisas.lt\/wp-content\/uploads\/2020\/06\/Archive-NS-136-197x300.jpg 197w, https:\/\/naruservisas.lt\/wp-content\/uploads\/2020\/06\/Archive-NS-136-768x1172.jpg 768w\" sizes=\"(max-width: 616px) 100vw, 616px\" \/> <img loading=\"lazy\" class=\"alignnone size-large wp-image-569\" src=\"http:\/\/naruservisas.lt\/wp-content\/uploads\/2020\/06\/Archive-NS-138-1024x676.jpg\" alt=\"\" width=\"616\" height=\"407\" srcset=\"https:\/\/naruservisas.lt\/wp-content\/uploads\/2020\/06\/Archive-NS-138-1024x676.jpg 1024w, https:\/\/naruservisas.lt\/wp-content\/uploads\/2020\/06\/Archive-NS-138-300x198.jpg 300w, https:\/\/naruservisas.lt\/wp-content\/uploads\/2020\/06\/Archive-NS-138-768x507.jpg 768w\" sizes=\"(max-width: 616px) 100vw, 616px\" \/><\/p>\n<p><img loading=\"lazy\" class=\"size-large wp-image-233\" src=\"http:\/\/naruservisas.lt\/wp-content\/uploads\/2018\/02\/120945-1024x714.jpg\" alt=\"\" width=\"616\" height=\"430\" srcset=\"https:\/\/naruservisas.lt\/wp-content\/uploads\/2018\/02\/120945-1024x714.jpg 1024w, https:\/\/naruservisas.lt\/wp-content\/uploads\/2018\/02\/120945-300x209.jpg 300w, https:\/\/naruservisas.lt\/wp-content\/uploads\/2018\/02\/120945-768x536.jpg 768w, https:\/\/naruservisas.lt\/wp-content\/uploads\/2018\/02\/120945-400x280.jpg 400w, https:\/\/naruservisas.lt\/wp-content\/uploads\/2018\/02\/120945.jpg 1300w\" sizes=\"(max-width: 616px) 100vw, 616px\" \/><\/p>\n","protected":false},"excerpt":{"rendered":"<p><img loading=\"lazy\" class=\"alignnone size-large wp-image-552\" src=\"http:\/\/naruservisas.lt\/wp-content\/uploads\/2020\/06\/Archive-NS-mv-DEBORA-3-1024x725.jpg\" alt=\"\" width=\"616\" height=\"436\" srcset=\"https:\/\/naruservisas.lt\/wp-content\/uploads\/2020\/06\/Archive-NS-mv-DEBORA-3-1024x725.jpg 1024w, https:\/\/naruservisas.lt\/wp-content\/uploads\/2020\/06\/Archive-NS-mv-DEBORA-3-300x212.jpg 300w, https:\/\/naruservisas.lt\/wp-content\/uploads\/2020\/06\/Archive-NS-mv-DEBORA-3-768x544.jpg 768w\" sizes=\"(max-width: 616px) 100vw, 616px\" \/> <img class=\"alignnone size-large wp-image-551\" src=\"http:\/\/naruservisas.l...\n<\/p>\n","protected":false},"author":1,"featured_media":676,"parent":31,"menu_order":0,"comment_status":"closed","ping_status":"closed","template":"","meta":[],"yoast_head":"<!-- This site is optimized with the Yoast SEO plugin v17.9 - https:\/\/yoast.com\/wordpress\/plugins\/seo\/ -->\n<title>Ship wreck removal and emergency-rescue services, over 60 lifted ship wrecks (Baltic Sea, port of Klaipeda, Curonian Lagoon, Neman river, 1991-2020 y.)<\/title>\n<meta name=\"robots\" content=\"index, follow, max-snippet:-1, max-image-preview:large, max-video-preview:-1\" \/>\n<link rel=\"canonical\" href=\"https:\/\/naruservisas.lt\/portfolio\/ship-wreck-removal-and-emergency-rescue-services-over-60-lifted-ship-wrecks-baltic-sea-port-of-klaipeda-curonian-lagoon-neman-river-1991-2020-y\/\" \/>\n<meta property=\"og:locale\" content=\"en_US\" \/>\n<meta property=\"og:type\" content=\"article\" \/>\n<meta property=\"og:title\" content=\"Ship wreck removal and emergency-rescue services, over 60 lifted ship wrecks (Baltic Sea, port of Klaipeda, Curonian Lagoon, Neman river, 1991-2020 y.)\" \/>\n<meta property=\"og:description\" content=\"&lt;p&gt;&lt;img class=&quot;alignnone size-large wp-image-552&quot; src=&quot;http:\/\/naruservisas.lt\/wp-content\/uploads\/2020\/06\/Archive-NS-mv-DEBORA-3-1024x725.jpg&quot; alt=&quot;&quot; width=&quot;616&quot; height=&quot;436&quot; \/&gt; &lt;img class=&quot;alignnone size-large wp-image-551&quot; src=&quot;http:\/\/naruservisas.l...\" \/>\n<meta property=\"og:url\" content=\"https:\/\/naruservisas.lt\/portfolio\/ship-wreck-removal-and-emergency-rescue-services-over-60-lifted-ship-wrecks-baltic-sea-port-of-klaipeda-curonian-lagoon-neman-river-1991-2020-y\/\" \/>\n<meta property=\"og:site_name\" content=\"Uosto infrastrukt\u016bros statyba, profesional\u016bs techniniai narai, buksyrai ir buksyravimas Klaip\u0117da, Lietuva nuo 1991 Port infrastructure construction, commercial divers, tugs &amp; towing in Klaipeda, Lithuania since 1991\" \/>\n<meta property=\"article:publisher\" content=\"https:\/\/www.facebook.com\/naruservisas.lt\/\" \/>\n<meta property=\"article:modified_time\" content=\"2020-07-05T21:39:27+00:00\" \/>\n<meta property=\"og:image\" content=\"https:\/\/naruservisas.lt\/wp-content\/uploads\/2020\/07\/Archive-NS-mv-STAR-TRADER-2-croped-scaled.jpg\" \/>\n\t<meta property=\"og:image:width\" content=\"2560\" \/>\n\t<meta property=\"og:image:height\" content=\"1129\" \/>\n\t<meta property=\"og:image:type\" content=\"image\/jpeg\" \/>\n<meta name=\"twitter:card\" content=\"summary_large_image\" \/>\n<script type=\"application\/ld+json\" class=\"yoast-schema-graph\">{\"@context\":\"https:\/\/schema.org\",\"@graph\":[{\"@type\":\"Organization\",\"@id\":\"https:\/\/naruservisas.lt\/#organization\",\"name\":\"Nar\\u0173 servisas UAB\",\"url\":\"https:\/\/naruservisas.lt\/\",\"sameAs\":[\"https:\/\/www.facebook.com\/naruservisas.lt\/\",\"https:\/\/www.instagram.com\/naruservisas\/\",\"https:\/\/www.linkedin.com\/company\/naru-servisas\/\"],\"logo\":{\"@type\":\"ImageObject\",\"@id\":\"https:\/\/naruservisas.lt\/#logo\",\"inLanguage\":\"en-US\",\"url\":\"https:\/\/naruservisas.lt\/wp-content\/uploads\/2020\/07\/Nar\\u0173-servisas-LOGO-JPGwhite-background.jpg\",\"contentUrl\":\"https:\/\/naruservisas.lt\/wp-content\/uploads\/2020\/07\/Nar\\u0173-servisas-LOGO-JPGwhite-background.jpg\",\"width\":1917,\"height\":1917,\"caption\":\"Nar\\u0173 servisas UAB\"},\"image\":{\"@id\":\"https:\/\/naruservisas.lt\/#logo\"}},{\"@type\":\"WebSite\",\"@id\":\"https:\/\/naruservisas.lt\/#website\",\"url\":\"https:\/\/naruservisas.lt\/\",\"name\":\"Uosto infrastrukt\\u016bros statyba, profesional\\u016bs techniniai narai, buksyrai ir buksyravimas Klaip\\u0117da, Lietuva nuo 1991 Port infrastructure construction, commercial divers, tugs &amp; towing in Klaipeda, Lithuania since 1991\",\"description\":\"\",\"publisher\":{\"@id\":\"https:\/\/naruservisas.lt\/#organization\"},\"potentialAction\":[{\"@type\":\"SearchAction\",\"target\":{\"@type\":\"EntryPoint\",\"urlTemplate\":\"https:\/\/naruservisas.lt\/?s={search_term_string}\"},\"query-input\":\"required name=search_term_string\"}],\"inLanguage\":\"en-US\"},{\"@type\":\"ImageObject\",\"@id\":\"https:\/\/naruservisas.lt\/portfolio\/ship-wreck-removal-and-emergency-rescue-services-over-60-lifted-ship-wrecks-baltic-sea-port-of-klaipeda-curonian-lagoon-neman-river-1991-2020-y\/#primaryimage\",\"inLanguage\":\"en-US\",\"url\":\"https:\/\/naruservisas.lt\/wp-content\/uploads\/2020\/07\/Archive-NS-mv-STAR-TRADER-2-croped-scaled.jpg\",\"contentUrl\":\"https:\/\/naruservisas.lt\/wp-content\/uploads\/2020\/07\/Archive-NS-mv-STAR-TRADER-2-croped-scaled.jpg\",\"width\":2560,\"height\":1129},{\"@type\":\"WebPage\",\"@id\":\"https:\/\/naruservisas.lt\/portfolio\/ship-wreck-removal-and-emergency-rescue-services-over-60-lifted-ship-wrecks-baltic-sea-port-of-klaipeda-curonian-lagoon-neman-river-1991-2020-y\/#webpage\",\"url\":\"https:\/\/naruservisas.lt\/portfolio\/ship-wreck-removal-and-emergency-rescue-services-over-60-lifted-ship-wrecks-baltic-sea-port-of-klaipeda-curonian-lagoon-neman-river-1991-2020-y\/\",\"name\":\"Laiv\\u0173 i\\u0161k\\u0117limas ir avariniai-gelb\\u0117jimo darbai, vir\\u0161 60 laiv\\u0173 (Baltijos j\\u016bra, Klaip\\u0117dos uostas, Kur\\u0161i\\u0173 marios, Nemuno up\\u0117, 1991-2020 m.) | Uosto infrastrukt\\u016bros statyba, profesional\\u016bs techniniai narai, buksyrai ir buksyravimas Klaip\\u0117da, Lietuva nuo 1991 Port infrastructure construction, commercial divers, tugs &amp; towing in Klaipeda, Lithuania since 1991\",\"isPartOf\":{\"@id\":\"https:\/\/naruservisas.lt\/#website\"},\"primaryImageOfPage\":{\"@id\":\"https:\/\/naruservisas.lt\/portfolio\/ship-wreck-removal-and-emergency-rescue-services-over-60-lifted-ship-wrecks-baltic-sea-port-of-klaipeda-curonian-lagoon-neman-river-1991-2020-y\/#primaryimage\"},\"datePublished\":\"2020-06-26T09:04:26+00:00\",\"dateModified\":\"2020-07-05T21:39:27+00:00\",\"breadcrumb\":{\"@id\":\"https:\/\/naruservisas.lt\/portfolio\/ship-wreck-removal-and-emergency-rescue-services-over-60-lifted-ship-wrecks-baltic-sea-port-of-klaipeda-curonian-lagoon-neman-river-1991-2020-y\/#breadcrumb\"},\"inLanguage\":\"en-US\",\"potentialAction\":[{\"@type\":\"ReadAction\",\"target\":[\"https:\/\/naruservisas.lt\/portfolio\/ship-wreck-removal-and-emergency-rescue-services-over-60-lifted-ship-wrecks-baltic-sea-port-of-klaipeda-curonian-lagoon-neman-river-1991-2020-y\/\"]}]},{\"@type\":\"BreadcrumbList\",\"@id\":\"https:\/\/naruservisas.lt\/portfolio\/ship-wreck-removal-and-emergency-rescue-services-over-60-lifted-ship-wrecks-baltic-sea-port-of-klaipeda-curonian-lagoon-neman-river-1991-2020-y\/#breadcrumb\",\"itemListElement\":[{\"@type\":\"ListItem\",\"position\":1,\"name\":\"Home\",\"item\":\"https:\/\/naruservisas.lt\/\"},{\"@type\":\"ListItem\",\"position\":2,\"name\":\"Portfolio\",\"item\":\"https:\/\/naruservisas.lt\/portfolio\/\"},{\"@type\":\"ListItem\",\"position\":3,\"name\":\"Laiv\\u0173 i\\u0161k\\u0117limas ir avariniai-gelb\\u0117jimo darbai, vir\\u0161 60 laiv\\u0173 (Baltijos j\\u016bra, Klaip\\u0117dos uostas, Kur\\u0161i\\u0173 marios, Nemuno up\\u0117, 1991-2020 m.)\"}]}]}<\/script>\n<!-- \/ Yoast SEO plugin. -->","yoast_head_json":{"title":"Ship wreck removal and emergency-rescue services, over 60 lifted ship wrecks (Baltic Sea, port of Klaipeda, Curonian Lagoon, Neman river, 1991-2020 y.)","robots":{"index":"index","follow":"follow","max-snippet":"max-snippet:-1","max-image-preview":"max-image-preview:large","max-video-preview":"max-video-preview:-1"},"canonical":"https:\/\/naruservisas.lt\/portfolio\/ship-wreck-removal-and-emergency-rescue-services-over-60-lifted-ship-wrecks-baltic-sea-port-of-klaipeda-curonian-lagoon-neman-river-1991-2020-y\/","og_locale":"en_US","og_type":"article","og_title":"Ship wreck removal and emergency-rescue services, over 60 lifted ship wrecks (Baltic Sea, port of Klaipeda, Curonian Lagoon, Neman river, 1991-2020 y.)","og_description":"<p><img class=\"alignnone size-large wp-image-552\" src=\"http:\/\/naruservisas.lt\/wp-content\/uploads\/2020\/06\/Archive-NS-mv-DEBORA-3-1024x725.jpg\" alt=\"\" width=\"616\" height=\"436\" \/> <img class=\"alignnone size-large wp-image-551\" src=\"http:\/\/naruservisas.l...","og_url":"https:\/\/naruservisas.lt\/portfolio\/ship-wreck-removal-and-emergency-rescue-services-over-60-lifted-ship-wrecks-baltic-sea-port-of-klaipeda-curonian-lagoon-neman-river-1991-2020-y\/","og_site_name":"Uosto infrastrukt\u016bros statyba, profesional\u016bs techniniai narai, buksyrai ir buksyravimas Klaip\u0117da, Lietuva nuo 1991 Port infrastructure construction, commercial divers, tugs &amp; towing in Klaipeda, Lithuania since 1991","article_publisher":"https:\/\/www.facebook.com\/naruservisas.lt\/","article_modified_time":"2020-07-05T21:39:27+00:00","og_image":[{"width":2560,"height":1129,"url":"https:\/\/naruservisas.lt\/wp-content\/uploads\/2020\/07\/Archive-NS-mv-STAR-TRADER-2-croped-scaled.jpg","type":"image\/jpeg"}],"twitter_card":"summary_large_image","schema":{"@context":"https:\/\/schema.org","@graph":[{"@type":"Organization","@id":"https:\/\/naruservisas.lt\/#organization","name":"Nar\u0173 servisas UAB","url":"https:\/\/naruservisas.lt\/","sameAs":["https:\/\/www.facebook.com\/naruservisas.lt\/","https:\/\/www.instagram.com\/naruservisas\/","https:\/\/www.linkedin.com\/company\/naru-servisas\/"],"logo":{"@type":"ImageObject","@id":"https:\/\/naruservisas.lt\/#logo","inLanguage":"en-US","url":"https:\/\/naruservisas.lt\/wp-content\/uploads\/2020\/07\/Nar\u0173-servisas-LOGO-JPGwhite-background.jpg","contentUrl":"https:\/\/naruservisas.lt\/wp-content\/uploads\/2020\/07\/Nar\u0173-servisas-LOGO-JPGwhite-background.jpg","width":1917,"height":1917,"caption":"Nar\u0173 servisas UAB"},"image":{"@id":"https:\/\/naruservisas.lt\/#logo"}},{"@type":"WebSite","@id":"https:\/\/naruservisas.lt\/#website","url":"https:\/\/naruservisas.lt\/","name":"Uosto infrastrukt\u016bros statyba, profesional\u016bs techniniai narai, buksyrai ir buksyravimas Klaip\u0117da, Lietuva nuo 1991 Port infrastructure construction, commercial divers, tugs &amp; towing in Klaipeda, Lithuania since 1991","description":"","publisher":{"@id":"https:\/\/naruservisas.lt\/#organization"},"potentialAction":[{"@type":"SearchAction","target":{"@type":"EntryPoint","urlTemplate":"https:\/\/naruservisas.lt\/?s={search_term_string}"},"query-input":"required name=search_term_string"}],"inLanguage":"en-US"},{"@type":"ImageObject","@id":"https:\/\/naruservisas.lt\/portfolio\/ship-wreck-removal-and-emergency-rescue-services-over-60-lifted-ship-wrecks-baltic-sea-port-of-klaipeda-curonian-lagoon-neman-river-1991-2020-y\/#primaryimage","inLanguage":"en-US","url":"https:\/\/naruservisas.lt\/wp-content\/uploads\/2020\/07\/Archive-NS-mv-STAR-TRADER-2-croped-scaled.jpg","contentUrl":"https:\/\/naruservisas.lt\/wp-content\/uploads\/2020\/07\/Archive-NS-mv-STAR-TRADER-2-croped-scaled.jpg","width":2560,"height":1129},{"@type":"WebPage","@id":"https:\/\/naruservisas.lt\/portfolio\/ship-wreck-removal-and-emergency-rescue-services-over-60-lifted-ship-wrecks-baltic-sea-port-of-klaipeda-curonian-lagoon-neman-river-1991-2020-y\/#webpage","url":"https:\/\/naruservisas.lt\/portfolio\/ship-wreck-removal-and-emergency-rescue-services-over-60-lifted-ship-wrecks-baltic-sea-port-of-klaipeda-curonian-lagoon-neman-river-1991-2020-y\/","name":"Laiv\u0173 i\u0161k\u0117limas ir avariniai-gelb\u0117jimo darbai, vir\u0161 60 laiv\u0173 (Baltijos j\u016bra, Klaip\u0117dos uostas, Kur\u0161i\u0173 marios, Nemuno up\u0117, 1991-2020 m.) | Uosto infrastrukt\u016bros statyba, profesional\u016bs techniniai narai, buksyrai ir buksyravimas Klaip\u0117da, Lietuva nuo 1991 Port infrastructure construction, commercial divers, tugs &amp; towing in Klaipeda, Lithuania since 1991","isPartOf":{"@id":"https:\/\/naruservisas.lt\/#website"},"primaryImageOfPage":{"@id":"https:\/\/naruservisas.lt\/portfolio\/ship-wreck-removal-and-emergency-rescue-services-over-60-lifted-ship-wrecks-baltic-sea-port-of-klaipeda-curonian-lagoon-neman-river-1991-2020-y\/#primaryimage"},"datePublished":"2020-06-26T09:04:26+00:00","dateModified":"2020-07-05T21:39:27+00:00","breadcrumb":{"@id":"https:\/\/naruservisas.lt\/portfolio\/ship-wreck-removal-and-emergency-rescue-services-over-60-lifted-ship-wrecks-baltic-sea-port-of-klaipeda-curonian-lagoon-neman-river-1991-2020-y\/#breadcrumb"},"inLanguage":"en-US","potentialAction":[{"@type":"ReadAction","target":["https:\/\/naruservisas.lt\/portfolio\/ship-wreck-removal-and-emergency-rescue-services-over-60-lifted-ship-wrecks-baltic-sea-port-of-klaipeda-curonian-lagoon-neman-river-1991-2020-y\/"]}]},{"@type":"BreadcrumbList","@id":"https:\/\/naruservisas.lt\/portfolio\/ship-wreck-removal-and-emergency-rescue-services-over-60-lifted-ship-wrecks-baltic-sea-port-of-klaipeda-curonian-lagoon-neman-river-1991-2020-y\/#breadcrumb","itemListElement":[{"@type":"ListItem","position":1,"name":"Home","item":"https:\/\/naruservisas.lt\/"},{"@type":"ListItem","position":2,"name":"Portfolio","item":"https:\/\/naruservisas.lt\/portfolio\/"},{"@type":"ListItem","position":3,"name":"Laiv\u0173 i\u0161k\u0117limas ir avariniai-gelb\u0117jimo darbai, vir\u0161 60 laiv\u0173 (Baltijos j\u016bra, Klaip\u0117dos uostas, Kur\u0161i\u0173 marios, Nemuno up\u0117, 1991-2020 m.)"}]}]}},"_links":{"self":[{"href":"https:\/\/naruservisas.lt\/en_US\/wp-json\/wp\/v2\/pages\/525"}],"collection":[{"href":"https:\/\/naruservisas.lt\/en_US\/wp-json\/wp\/v2\/pages"}],"about":[{"href":"https:\/\/naruservisas.lt\/en_US\/wp-json\/wp\/v2\/types\/page"}],"author":[{"embeddable":true,"href":"https:\/\/naruservisas.lt\/en_US\/wp-json\/wp\/v2\/users\/1"}],"replies":[{"embeddable":true,"href":"https:\/\/naruservisas.lt\/en_US\/wp-json\/wp\/v2\/comments?post=525"}],"version-history":[{"count":6,"href":"https:\/\/naruservisas.lt\/en_US\/wp-json\/wp\/v2\/pages\/525\/revisions"}],"predecessor-version":[{"id":677,"href":"https:\/\/naruservisas.lt\/en_US\/wp-json\/wp\/v2\/pages\/525\/revisions\/677"}],"up":[{"embeddable":true,"href":"https:\/\/naruservisas.lt\/en_US\/wp-json\/wp\/v2\/pages\/31"}],"wp:featuredmedia":[{"embeddable":true,"href":"https:\/\/naruservisas.lt\/en_US\/wp-json\/wp\/v2\/media\/676"}],"wp:attachment":[{"href":"https:\/\/naruservisas.lt\/en_US\/wp-json\/wp\/v2\/media?parent=525"}],"curies":[{"name":"wp","href":"https:\/\/api.w.org\/{rel}","templated":true}]}}