{"id":29,"date":"2017-12-13T19:49:34","date_gmt":"2017-12-13T21:49:34","guid":{"rendered":"http:\/\/naruservisas.lt\/?page_id=29"},"modified":"2020-07-14T07:41:12","modified_gmt":"2020-07-14T09:41:12","slug":"services","status":"publish","type":"page","link":"https:\/\/naruservisas.lt\/lt_LT\/services\/","title":{"rendered":"Paslaugos"},"content":{"rendered":"<p><strong><u>Nar\u0173 servisas UAB teikia sekan\u010dias paslaugas<\/u><\/strong><strong>:<\/strong><\/p>\n<ul>\n<li>Profesional\u016bs povandeniniai techniniai nar\u0173 darbai: pjovimas, suvirinimas, nar\u0173 paslaugos;<\/li>\n<li>Hidrotechniniai statybos darbai, akvatorijos dugno gilinimo ir valymo darbai, hidromonitorius;<\/li>\n<li>Plaukiojantis kranas &lt;50 t., navigacini\u0173 kli\u016b\u010di\u0173 \u0161alinimas;<\/li>\n<li>Povandenin\u0117 ap\u017ei\u016bra, audio\/video \u012fra\u0161ymas;<\/li>\n<li>Avariniai-gelb\u0117jimo darbai, laiv\u0173 i\u0161k\u0117limas i\u0161 vandens, laiv\u0173 i\u0161traukimas nuo seklumos, gelb\u0117jimas ant vandens;<\/li>\n<li>Buksyravimo paslaugos;<\/li>\n<li>Technikos ir \u012frangos nuoma;<\/li>\n<li>J\u016bros uosto ypating\u0173 statini\u0173 statybos ir rekonstrukcijos darbai nuo 1991 m.<\/li>\n<\/ul>\n<p>M\u016bs\u0173 kompanija turi laiv\u0173 buksyravimo, laiv\u0173 gelb\u0117jimo ir povandenini\u0173 technini\u0173 darb\u0173, ypating\u0173 statini\u0173 (vandens uost\u0173 statiniai, hidrotechnikos statiniai) rangovo, \u017eem\u0117s darb\u0173 ir statybini\u0173 konstrukcij\u0173 (betono) statybos licencijas, ir atlieka sekan\u010dius povandeninius hidrotechninius darbus iki 60 m. gylyje:<\/p>\n<ul>\n<li>Nuskendusi\u0173 objekt\u0173 paie\u0161ka ir i\u0161k\u0117limas;<\/li>\n<li>Hidrotechnini\u0173 statini\u0173 ap\u017ei\u016bra ir remontas;<\/li>\n<li>Betonavimas po vandeniu;<\/li>\n<li>Suvirinimas-pjaustymas;<\/li>\n<li>Takela\u017eo montavimo darbai;<\/li>\n<li>Laiv\u0173 remonto nar\u0173 darbai.<\/li>\n<\/ul>\n","protected":false},"excerpt":{"rendered":"<p><strong><u>Nar\u0173 servisas UAB teikia sekan\u010dias paslaugas<\/u><\/strong><strong>:<\/strong><\/p>\n<ul>\n<li>Profesional\u016bs povandeniniai techniniai nar\u0173 darbai: pjovimas, suvirinimas, nar\u0173 paslaugos;<\/li>\n<li>Hidrotechniniai statybos darbai, akvatorijos dugno&#8230;<br \/>\n","protected":false},"author":1,"featured_media":745,"parent":0,"menu_order":0,"comment_status":"closed","ping_status":"closed","template":"","meta":[],"yoast_head":"<!-- This site is optimized with the Yoast SEO plugin v17.9 - https:\/\/yoast.com\/wordpress\/plugins\/seo\/ -->\n<title>Paslaugos<\/title>\n<meta name=\"description\" content=\"Nar\u0173 servisas UAB teikia sekan\u010dias paslaugas:\n\n \tProfesional\u016bs povandeniniai techniniai nar\u0173 darbai: pjovimas, suvirinimas, nar\u0173 paslaugos;\n \tHidrotechniniai statybos darbai, akvatorijos dugno...\" \/>\n<meta name=\"robots\" content=\"index, follow, max-snippet:-1, max-image-preview:large, max-video-preview:-1\" \/>\n<link rel=\"canonical\" href=\"https:\/\/naruservisas.lt\/services\/\" \/>\n<meta property=\"og:locale\" content=\"en_US\" \/>\n<meta property=\"og:type\" content=\"article\" \/>\n<meta property=\"og:title\" content=\"Paslaugos\" \/>\n<meta property=\"og:description\" content=\"&lt;strong&gt;&lt;u&gt;Nar\u0173 servisas UAB teikia sekan\u010dias paslaugas&lt;\/u&gt;&lt;\/strong&gt;&lt;strong&gt;:&lt;\/strong&gt;\n&lt;ul&gt;\n \t&lt;li&gt;Profesional\u016bs povandeniniai techniniai nar\u0173 darbai: pjovimas, suvirinimas, nar\u0173 paslaugos;&lt;\/li&gt;\n \t&lt;li&gt;Hidrotechniniai statybos darbai, akvatorijos dugno...\" \/>\n<meta property=\"og:url\" content=\"https:\/\/naruservisas.lt\/services\/\" \/>\n<meta property=\"og:site_name\" content=\"Uosto infrastrukt\u016bros statyba, profesional\u016bs techniniai narai, buksyrai ir buksyravimas Klaip\u0117da, Lietuva nuo 1991 Port infrastructure construction, commercial divers, tugs &amp; towing in Klaipeda, Lithuania since 1991\" \/>\n<meta property=\"article:publisher\" content=\"https:\/\/www.facebook.com\/naruservisas.lt\/\" \/>\n<meta property=\"article:modified_time\" content=\"2020-07-14T09:41:12+00:00\" \/>\n<meta property=\"og:image\" content=\"https:\/\/naruservisas.lt\/wp-content\/uploads\/2020\/07\/Palanga-May2020-scaled.jpg\" \/>\n\t<meta property=\"og:image:width\" content=\"2560\" \/>\n\t<meta property=\"og:image:height\" content=\"1414\" \/>\n\t<meta property=\"og:image:type\" content=\"image\/jpeg\" \/>\n<meta name=\"twitter:card\" content=\"summary_large_image\" \/>\n<meta name=\"twitter:label1\" content=\"Est. reading time\" \/>\n\t<meta name=\"twitter:data1\" content=\"1 minute\" \/>\n<script type=\"application\/ld+json\" class=\"yoast-schema-graph\">{\"@context\":\"https:\/\/schema.org\",\"@graph\":[{\"@type\":\"Organization\",\"@id\":\"https:\/\/naruservisas.lt\/#organization\",\"name\":\"Nar\\u0173 servisas UAB\",\"url\":\"https:\/\/naruservisas.lt\/\",\"sameAs\":[\"https:\/\/www.facebook.com\/naruservisas.lt\/\",\"https:\/\/www.instagram.com\/naruservisas\/\",\"https:\/\/www.linkedin.com\/company\/naru-servisas\/\"],\"logo\":{\"@type\":\"ImageObject\",\"@id\":\"https:\/\/naruservisas.lt\/#logo\",\"inLanguage\":\"en-US\",\"url\":\"https:\/\/naruservisas.lt\/wp-content\/uploads\/2020\/07\/Nar\\u0173-servisas-LOGO-JPGwhite-background.jpg\",\"contentUrl\":\"https:\/\/naruservisas.lt\/wp-content\/uploads\/2020\/07\/Nar\\u0173-servisas-LOGO-JPGwhite-background.jpg\",\"width\":1917,\"height\":1917,\"caption\":\"Nar\\u0173 servisas UAB\"},\"image\":{\"@id\":\"https:\/\/naruservisas.lt\/#logo\"}},{\"@type\":\"WebSite\",\"@id\":\"https:\/\/naruservisas.lt\/#website\",\"url\":\"https:\/\/naruservisas.lt\/\",\"name\":\"Uosto infrastrukt\\u016bros statyba, profesional\\u016bs techniniai narai, buksyrai ir buksyravimas Klaip\\u0117da, Lietuva nuo 1991 Port infrastructure construction, commercial divers, tugs &amp; towing in Klaipeda, Lithuania since 1991\",\"description\":\"\",\"publisher\":{\"@id\":\"https:\/\/naruservisas.lt\/#organization\"},\"potentialAction\":[{\"@type\":\"SearchAction\",\"target\":{\"@type\":\"EntryPoint\",\"urlTemplate\":\"https:\/\/naruservisas.lt\/?s={search_term_string}\"},\"query-input\":\"required name=search_term_string\"}],\"inLanguage\":\"en-US\"},{\"@type\":\"ImageObject\",\"@id\":\"https:\/\/naruservisas.lt\/services\/#primaryimage\",\"inLanguage\":\"en-US\",\"url\":\"https:\/\/naruservisas.lt\/wp-content\/uploads\/2020\/07\/Palanga-May2020-scaled.jpg\",\"contentUrl\":\"https:\/\/naruservisas.lt\/wp-content\/uploads\/2020\/07\/Palanga-May2020-scaled.jpg\",\"width\":2560,\"height\":1414},{\"@type\":\"WebPage\",\"@id\":\"https:\/\/naruservisas.lt\/services\/#webpage\",\"url\":\"https:\/\/naruservisas.lt\/services\/\",\"name\":\"Paslaugos | Uosto infrastrukt\\u016bros statyba, profesional\\u016bs techniniai narai, buksyrai ir buksyravimas Klaip\\u0117da, Lietuva nuo 1991 Port infrastructure construction, commercial divers, tugs &amp; towing in Klaipeda, Lithuania since 1991\",\"isPartOf\":{\"@id\":\"https:\/\/naruservisas.lt\/#website\"},\"primaryImageOfPage\":{\"@id\":\"https:\/\/naruservisas.lt\/services\/#primaryimage\"},\"datePublished\":\"2017-12-13T21:49:34+00:00\",\"dateModified\":\"2020-07-14T09:41:12+00:00\",\"description\":\"Professional commercial offshore technical diving, cutting, welding, aquatorium dredging and cleaning, removal of navigational obstacles, underwater inspection with audio \/ video recording, salvage, ship\\u2019s subsurface lifting, tugs, pontoons, jet monitor, floating crane &lt;50 t., rent of technical equipment and machinery, vessel and boat piers in port of Klaip\\u0117da, hydro-technical port (seaport) facility construction since 1991.\",\"breadcrumb\":{\"@id\":\"https:\/\/naruservisas.lt\/services\/#breadcrumb\"},\"inLanguage\":\"en-US\",\"potentialAction\":[{\"@type\":\"ReadAction\",\"target\":[\"https:\/\/naruservisas.lt\/services\/\"]}]},{\"@type\":\"BreadcrumbList\",\"@id\":\"https:\/\/naruservisas.lt\/services\/#breadcrumb\",\"itemListElement\":[{\"@type\":\"ListItem\",\"position\":1,\"name\":\"Home\",\"item\":\"https:\/\/naruservisas.lt\/\"},{\"@type\":\"ListItem\",\"position\":2,\"name\":\"Paslaugos\"}]}]}<\/script>\n<!-- \/ Yoast SEO plugin. -->","yoast_head_json":{"title":"Paslaugos","description":"Nar\u0173 servisas UAB teikia sekan\u010dias paslaugas:\n\n \tProfesional\u016bs povandeniniai techniniai nar\u0173 darbai: pjovimas, suvirinimas, nar\u0173 paslaugos;\n \tHidrotechniniai statybos darbai, akvatorijos dugno...","robots":{"index":"index","follow":"follow","max-snippet":"max-snippet:-1","max-image-preview":"max-image-preview:large","max-video-preview":"max-video-preview:-1"},"canonical":"https:\/\/naruservisas.lt\/services\/","og_locale":"en_US","og_type":"article","og_title":"Paslaugos","og_description":"<strong><u>Nar\u0173 servisas UAB teikia sekan\u010dias paslaugas<\/u><\/strong><strong>:<\/strong>\n<ul>\n \t<li>Profesional\u016bs povandeniniai techniniai nar\u0173 darbai: pjovimas, suvirinimas, nar\u0173 paslaugos;<\/li>\n \t<li>Hidrotechniniai statybos darbai, akvatorijos dugno...","og_url":"https:\/\/naruservisas.lt\/services\/","og_site_name":"Uosto infrastrukt\u016bros statyba, profesional\u016bs techniniai narai, buksyrai ir buksyravimas Klaip\u0117da, Lietuva nuo 1991 Port infrastructure construction, commercial divers, tugs &amp; towing in Klaipeda, Lithuania since 1991","article_publisher":"https:\/\/www.facebook.com\/naruservisas.lt\/","article_modified_time":"2020-07-14T09:41:12+00:00","og_image":[{"width":2560,"height":1414,"url":"https:\/\/naruservisas.lt\/wp-content\/uploads\/2020\/07\/Palanga-May2020-scaled.jpg","type":"image\/jpeg"}],"twitter_card":"summary_large_image","twitter_misc":{"Est. reading time":"1 minute"},"schema":{"@context":"https:\/\/schema.org","@graph":[{"@type":"Organization","@id":"https:\/\/naruservisas.lt\/#organization","name":"Nar\u0173 servisas UAB","url":"https:\/\/naruservisas.lt\/","sameAs":["https:\/\/www.facebook.com\/naruservisas.lt\/","https:\/\/www.instagram.com\/naruservisas\/","https:\/\/www.linkedin.com\/company\/naru-servisas\/"],"logo":{"@type":"ImageObject","@id":"https:\/\/naruservisas.lt\/#logo","inLanguage":"en-US","url":"https:\/\/naruservisas.lt\/wp-content\/uploads\/2020\/07\/Nar\u0173-servisas-LOGO-JPGwhite-background.jpg","contentUrl":"https:\/\/naruservisas.lt\/wp-content\/uploads\/2020\/07\/Nar\u0173-servisas-LOGO-JPGwhite-background.jpg","width":1917,"height":1917,"caption":"Nar\u0173 servisas UAB"},"image":{"@id":"https:\/\/naruservisas.lt\/#logo"}},{"@type":"WebSite","@id":"https:\/\/naruservisas.lt\/#website","url":"https:\/\/naruservisas.lt\/","name":"Uosto infrastrukt\u016bros statyba, profesional\u016bs techniniai narai, buksyrai ir buksyravimas Klaip\u0117da, Lietuva nuo 1991 Port infrastructure construction, commercial divers, tugs &amp; towing in Klaipeda, Lithuania since 1991","description":"","publisher":{"@id":"https:\/\/naruservisas.lt\/#organization"},"potentialAction":[{"@type":"SearchAction","target":{"@type":"EntryPoint","urlTemplate":"https:\/\/naruservisas.lt\/?s={search_term_string}"},"query-input":"required name=search_term_string"}],"inLanguage":"en-US"},{"@type":"ImageObject","@id":"https:\/\/naruservisas.lt\/services\/#primaryimage","inLanguage":"en-US","url":"https:\/\/naruservisas.lt\/wp-content\/uploads\/2020\/07\/Palanga-May2020-scaled.jpg","contentUrl":"https:\/\/naruservisas.lt\/wp-content\/uploads\/2020\/07\/Palanga-May2020-scaled.jpg","width":2560,"height":1414},{"@type":"WebPage","@id":"https:\/\/naruservisas.lt\/services\/#webpage","url":"https:\/\/naruservisas.lt\/services\/","name":"Paslaugos | Uosto infrastrukt\u016bros statyba, profesional\u016bs techniniai narai, buksyrai ir buksyravimas Klaip\u0117da, Lietuva nuo 1991 Port infrastructure construction, commercial divers, tugs &amp; towing in Klaipeda, Lithuania since 1991","isPartOf":{"@id":"https:\/\/naruservisas.lt\/#website"},"primaryImageOfPage":{"@id":"https:\/\/naruservisas.lt\/services\/#primaryimage"},"datePublished":"2017-12-13T21:49:34+00:00","dateModified":"2020-07-14T09:41:12+00:00","description":"Professional commercial offshore technical diving, cutting, welding, aquatorium dredging and cleaning, removal of navigational obstacles, underwater inspection with audio \/ video recording, salvage, ship\u2019s subsurface lifting, tugs, pontoons, jet monitor, floating crane &lt;50 t., rent of technical equipment and machinery, vessel and boat piers in port of Klaip\u0117da, hydro-technical port (seaport) facility construction since 1991.","breadcrumb":{"@id":"https:\/\/naruservisas.lt\/services\/#breadcrumb"},"inLanguage":"en-US","potentialAction":[{"@type":"ReadAction","target":["https:\/\/naruservisas.lt\/services\/"]}]},{"@type":"BreadcrumbList","@id":"https:\/\/naruservisas.lt\/services\/#breadcrumb","itemListElement":[{"@type":"ListItem","position":1,"name":"Home","item":"https:\/\/naruservisas.lt\/"},{"@type":"ListItem","position":2,"name":"Paslaugos"}]}]}},"_links":{"self":[{"href":"https:\/\/naruservisas.lt\/lt_LT\/wp-json\/wp\/v2\/pages\/29"}],"collection":[{"href":"https:\/\/naruservisas.lt\/lt_LT\/wp-json\/wp\/v2\/pages"}],"about":[{"href":"https:\/\/naruservisas.lt\/lt_LT\/wp-json\/wp\/v2\/types\/page"}],"author":[{"embeddable":true,"href":"https:\/\/naruservisas.lt\/lt_LT\/wp-json\/wp\/v2\/users\/1"}],"replies":[{"embeddable":true,"href":"https:\/\/naruservisas.lt\/lt_LT\/wp-json\/wp\/v2\/comments?post=29"}],"version-history":[{"count":36,"href":"https:\/\/naruservisas.lt\/lt_LT\/wp-json\/wp\/v2\/pages\/29\/revisions"}],"predecessor-version":[{"id":717,"href":"https:\/\/naruservisas.lt\/lt_LT\/wp-json\/wp\/v2\/pages\/29\/revisions\/717"}],"wp:featuredmedia":[{"embeddable":true,"href":"https:\/\/naruservisas.lt\/lt_LT\/wp-json\/wp\/v2\/media\/745"}],"wp:attachment":[{"href":"https:\/\/naruservisas.lt\/lt_LT\/wp-json\/wp\/v2\/media?parent=29"}],"curies":[{"name":"wp","href":"https:\/\/api.w.org\/{rel}","templated":true}]}}