{"id":31,"date":"2017-12-13T19:52:20","date_gmt":"2017-12-13T21:52:20","guid":{"rendered":"http:\/\/naruservisas.lt\/?page_id=31"},"modified":"2023-06-03T19:41:33","modified_gmt":"2023-06-03T21:41:33","slug":"portfolio","status":"publish","type":"page","link":"https:\/\/naruservisas.lt\/lt_LT\/portfolio\/","title":{"rendered":"Portfolio"},"content":{"rendered":"<p><strong><u>\u012evykdyti projektai (1989-2020 m.)<\/u><\/strong><strong>:<\/strong><\/p>\n<ul>\n<li><a href=\"http:\/\/naruservisas.lt\/ivykdyti-darbai\/techniniai-naru-darbai-klaipeda-1989-2020-m\/\">Techniniai nar\u0173 darbai (Klaip\u0117da, 1989-2020 m.)<\/a><\/li>\n<li><a href=\"http:\/\/naruservisas.lt\/ivykdyti-darbai\/ignalina-nuclear-plant-1st-and-2nd-reactor-cooling-system-cooling-water-pump-station-maintenance-gen-contractor-ignalina-1995-1998-y\">Ignalinos AES 1-ojo ir 2-ojo reaktori\u0173 au\u0161inimo sistemos vandens siurbli\u0173 sto\u010di\u0173 aptarnavimas, gen.&nbsp;rangovas (Ignalina, 1995-1998 m.)<\/a><\/li>\n<li><a href=\"http:\/\/naruservisas.lt\/ivykdyti-darbai\/palanga-old-bridge-demolition-and-new-bridge-construction-sub-contractor-palanga-1998-y\">Senojo Palangos tilto demontavimas ir naujo tilto statybos, sub.&nbsp;rangovas (Palanga, 1998 m.)<\/a><\/li>\n<li><a href=\"http:\/\/naruservisas.lt\/ivykdyti-darbai\/salvage-of-crashed-sunken-military-mi-8-helicopter-in-the-baltic-sea-at-32-m-depth-and-its-subsequent-transportation-to-port-of-klaipeda-gen-contractor-baltic-sea-1999-y\">Nuskendusio gelb\u0117jimo sraigtasparnio Mi-8 i\u0161k\u0117limas Baltijos j\u016broje 32 m. gylyje ir jo transportavimas \u012f Klaip\u0117dos uost\u0105, gen.&nbsp;rangovas (Baltijos j\u016bra, 1999 m.)<\/a><\/li>\n<li><a href=\"http:\/\/naruservisas.lt\/ivykdyti-darbai\/butinge-oil-terminal-annual-maintenance-gen-contractor-butinge-2000-y\/\">B\u016bting\u0117s naftos terminalo nar\u0173 aptarnavimo darbai, gen.&nbsp;rangovas (B\u016bting\u0117, 2000 m.)<\/a><\/li>\n<li><a href=\"http:\/\/naruservisas.lt\/ivykdyti-darbai\/breakwater-pier-reconstruction-sub-contractor-klaipeda-2000-2002-y\/\">Mol\u0173 rekonstrukcija, sub.&nbsp;rangovas (Klaip\u0117da, 2000-2002 m.)<\/a><\/li>\n<li><a href=\"http:\/\/naruservisas.lt\/ivykdyti-darbai\/klaipeda-port-piers-nr-6-8-construction-sub-contractor-klaipeda-2004-y\/\">Klaip\u0117dos uosto krantini\u0173 Nr. 6-8 statybos, sub.&nbsp;rangovas (Klaip\u0117da, 2004 m.)<\/a><\/li>\n<li><a href=\"http:\/\/naruservisas.lt\/ivykdyti-darbai\/palanga-bridge-breakwater-reconstruction-sub-contractor-palanga-2005-y\/\">Bunos prie Palangos tilto rekonstrukcija, sub.&nbsp;rangovas (Palanga, 2005 m.)<\/a><\/li>\n<li><a href=\"http:\/\/naruservisas.lt\/ivykdyti-darbai\/juodkrante-pervalka-preila-sewage-pipe-construction-and-pipelaying-sub-contractor-curonian-lagoon-2004-2008-y\/\">Diukeri\u0173 tiesimas Juodkrant\u0117-Pervalka-Preila, sub.&nbsp;rangovas (Kur\u0161i\u0173 marios, 2004-2008 m.)<\/a><\/li>\n<li><a href=\"http:\/\/naruservisas.lt\/ivykdyti-darbai\/boulder-and-other-navigational-obstacle-removal-from-fairway-waterway-search-and-lifting-of-sunken-objects-in-port-of-klaipeda-gen-contractor-klaipeda-2008-2014-y\/\">Rieduli\u0173 ir kit\u0173 navigacini\u0173 kli\u016b\u010di\u0173 i\u0161k\u0117limas i\u0161 farvateriaus, nuskendusi\u0173 objekt\u0173 i\u0161k\u0117limas Klaip\u0117dos uoste, gen.&nbsp;rangovas (Klaip\u0117da, 2008-2014 m.)<\/a><\/li>\n<li><a href=\"http:\/\/naruservisas.lt\/ivykdyti-darbai\/ledu-rago-bay-formerly-ships-graves-dredging-and-removal-of-sunken-ship-hulls-and-ship-wrecks-sub-contractor-klaipeda-2014-2015-y\/\">Led\u0173 rago \u012flankos (buv. \u201eLaiv\u0173 kapin\u0117s\u201c) valymas nuo nuskendusi\u0173 laiv\u0173, sub.&nbsp;rangovas (Klaip\u0117da, 2014-2015 m.)<\/a><\/li>\n<li><a href=\"http:\/\/naruservisas.lt\/ivykdyti-darbai\/pipelay-and-decomissioning-of-temporary-pipe-arrangements-at-lng-terminal-in-the-curonian-lagoon-sub-contractor-klaipeda-2015-y\/\">Laikinojo SGD terminalo dujotiekio montavimas ir demontavimas Kur\u0161i\u0173 mariose, sub.&nbsp;rangovas (Klaip\u0117da, 2015 m.)<\/a><\/li>\n<li><a href=\"http:\/\/naruservisas.lt\/ivykdyti-darbai\/waterbreaker-pier-construction-sub-contractor-pavilosta-2016-y\/\">Mol\u0173 statybos, sub.&nbsp;rangovas (Pavilosta, 2016 m.)<\/a><\/li>\n<li><a href=\"http:\/\/naruservisas.lt\/ivykdyti-darbai\/boulder-and-other-navigational-obstacle-removal-from-fairway-waterway-search-and-lifting-of-sunken-objects-in-port-of-klaipeda-gen-contractor-klaipeda-2018-2020-y\/\">Rieduli\u0173 ir kit\u0173 navigacini\u0173 kli\u016b\u010di\u0173 i\u0161k\u0117limas i\u0161 farvateriaus Klaip\u0117dos uoste, gen.&nbsp;rangovas (Klaip\u0117da, 2018-2020 m.)<\/a><\/li>\n<li><a href=\"http:\/\/naruservisas.lt\/ivykdyti-darbai\/port-of-klaipeda-piers-nr-80\u0430-81\u0430-construction-sub-contractor-klaipeda-2020-y\/\">Klaip\u0117dos uosto krantini\u0173 Nr. 80\u0410\/81\u0410 statybos, sub.&nbsp;rangovas (Klaip\u0117da, 2020 m.)<\/a><\/li>\n<li><a href=\"http:\/\/naruservisas.lt\/ivykdyti-darbai\/towing-services-port-of-klaipeda-1998-2020-y\/\">Laiv\u0173 buksyravimas (Klaip\u0117dos uostas, 1998-2020 m.)<\/a><\/li>\n<li><a href=\"http:\/\/naruservisas.lt\/ivykdyti-darbai\/ship-wreck-removal-and-emergency-rescue-services-over-60-lifted-ship-wrecks-baltic-sea-port-of-klaipeda-curonian-lagoon-neman-river-1991-2020-y\/\">Laiv\u0173 i\u0161k\u0117limas ir avariniai-gelb\u0117jimo darbai, vir\u0161 60 laiv\u0173 (Baltijos j\u016bra, Klaip\u0117dos uostas, Kur\u0161i\u0173 marios, Nemuno up\u0117, 1991-2020 m.)<\/a><\/li>\n<li><a href=\"http:\/\/naruservisas.lt\/ivykdyti-darbai\/professional-industrial-diving-works-lithuania-latvia-1989-2020-y\/\">Nar\u0173 pramoniniai darbai (Lietuva, Latvija, 1989-2020 m.)<\/a><\/li>\n<li><a href=\"http:\/\/naruservisas.lt\/ivykdyti-darbai\/offshore-cablelaying-and-pipelaying-klaipeda-2014-2020-y\/\">Povandenini\u0173 komunikacij\u0173 tiesimas (Klaip\u0117da, 2014-2020 m.)<\/a><\/li>\n<\/ul>\n\n\n<div class=\"wp-block-group\"><div class=\"wp-block-group__inner-container\">\n<div class=\"wp-block-columns\">\n<div class=\"wp-block-column\" style=\"flex-basis:100%\">\n<div class=\"wp-block-group\"><div class=\"wp-block-group__inner-container\">\n<div class=\"wp-block-columns\">\n<div class=\"wp-block-column\" style=\"flex-basis:100%\">\n<div class=\"wp-block-columns\">\n<div class=\"wp-block-column is-vertically-aligned-center\" style=\"flex-basis:50%\">\n<div class=\"wp-block-image\"><figure class=\"aligncenter size-full is-resized\"><img loading=\"lazy\" src=\"https:\/\/naruservisas.lt\/wp-content\/uploads\/2023\/06\/Klientai.jpg\" alt=\"\" class=\"wp-image-1253\" width=\"700\" height=\"317\" srcset=\"https:\/\/naruservisas.lt\/wp-content\/uploads\/2023\/06\/Klientai.jpg 988w, https:\/\/naruservisas.lt\/wp-content\/uploads\/2023\/06\/Klientai-300x136.jpg 300w, https:\/\/naruservisas.lt\/wp-content\/uploads\/2023\/06\/Klientai-768x348.jpg 768w\" sizes=\"(max-width: 700px) 100vw, 700px\" \/><\/figure><\/div>\n<\/div>\n\n\n\n<div class=\"wp-block-column is-vertically-aligned-center\" style=\"flex-basis:50%\">\n<div class=\"wp-block-group\"><div class=\"wp-block-group__inner-container\">\n<div class=\"wp-block-columns\">\n<div class=\"wp-block-column\" style=\"flex-basis:100%\">\n<div class=\"wp-block-group\"><div class=\"wp-block-group__inner-container\">\n<div class=\"wp-block-group\"><div class=\"wp-block-group__inner-container\">\n<p><\/p>\n<\/div><\/div>\n<\/div><\/div>\n<\/div>\n<\/div>\n<\/div><\/div>\n<\/div>\n<\/div>\n<\/div>\n<\/div>\n<\/div><\/div>\n<\/div>\n<\/div>\n\n\n\n<p><\/p>\n<\/div><\/div>\n\n\n\n<p><\/p>\n","protected":false},"excerpt":{"rendered":"<p><strong><u>\u012evykdyti projektai (1989-2020 m.)<\/u><\/strong><strong>:<\/strong><\/p>\n<ul>\n<li><a href=\"http:\/\/naruservisas.lt\/ivykdyti-darbai\/techniniai-naru-darbai-klaipeda-1989-2020-m\/\">Techniniai nar\u0173 darbai (Klaip\u0117da, 1989-2020 m.)<\/a><\/li>\n<li><a ... \n<br \/>\n","protected":false},"author":1,"featured_media":688,"parent":0,"menu_order":0,"comment_status":"closed","ping_status":"closed","template":"","meta":[],"yoast_head":"<!-- This site is optimized with the Yoast SEO plugin v17.9 - https:\/\/yoast.com\/wordpress\/plugins\/seo\/ -->\n<title>Portfolio<\/title>\n<meta name=\"description\" content=\"\u012evykdyti projektai (1989-2020 m.):\n\nTechniniai nar\u0173 darbai (Klaip\u0117da, 1989-2020 m.)\" \/>\n<meta name=\"robots\" content=\"index, follow, max-snippet:-1, max-image-preview:large, max-video-preview:-1\" \/>\n<link rel=\"canonical\" href=\"https:\/\/naruservisas.lt\/portfolio\/\" \/>\n<meta property=\"og:locale\" content=\"en_US\" \/>\n<meta property=\"og:type\" content=\"article\" \/>\n<meta property=\"og:title\" content=\"Portfolio\" \/>\n<meta property=\"og:description\" content=\"&lt;p&gt;&lt;strong&gt;&lt;u&gt;\u012evykdyti projektai (1989-2020 m.)&lt;\/u&gt;&lt;\/strong&gt;&lt;strong&gt;:&lt;\/strong&gt;&lt;\/p&gt;\n&lt;ul&gt;\n&lt;li&gt;&lt;a href=&quot;http:\/\/naruservisas.lt\/ivykdyti-darbai\/techniniai-naru-darbai-klaipeda-1989-2020-m\/&quot;&gt;Techniniai nar\u0173 darbai (Klaip\u0117da, 1989-2020 m.)&lt;\/a&gt;&lt;\/li&gt;\n&lt;li&gt;&lt;a ...\" \/>\n<meta property=\"og:url\" content=\"https:\/\/naruservisas.lt\/portfolio\/\" \/>\n<meta property=\"og:site_name\" content=\"Uosto infrastrukt\u016bros statyba, profesional\u016bs techniniai narai, buksyrai ir buksyravimas Klaip\u0117da, Lietuva nuo 1991 Port infrastructure construction, commercial divers, tugs &amp; towing in Klaipeda, Lithuania since 1991\" \/>\n<meta property=\"article:publisher\" content=\"https:\/\/www.facebook.com\/naruservisas.lt\/\" \/>\n<meta property=\"article:modified_time\" content=\"2023-06-03T21:41:33+00:00\" \/>\n<meta property=\"og:image\" content=\"https:\/\/naruservisas.lt\/wp-content\/uploads\/2020\/07\/Pavilosta-2016-vibrance-color-scaled.jpg\" \/>\n\t<meta property=\"og:image:width\" content=\"2560\" \/>\n\t<meta property=\"og:image:height\" content=\"1440\" \/>\n\t<meta property=\"og:image:type\" content=\"image\/jpeg\" \/>\n<meta name=\"twitter:card\" content=\"summary_large_image\" \/>\n<meta name=\"twitter:label1\" content=\"Est. reading time\" \/>\n\t<meta name=\"twitter:data1\" content=\"2 minutes\" \/>\n<script type=\"application\/ld+json\" class=\"yoast-schema-graph\">{\"@context\":\"https:\/\/schema.org\",\"@graph\":[{\"@type\":\"Organization\",\"@id\":\"https:\/\/naruservisas.lt\/#organization\",\"name\":\"Nar\\u0173 servisas UAB\",\"url\":\"https:\/\/naruservisas.lt\/\",\"sameAs\":[\"https:\/\/www.facebook.com\/naruservisas.lt\/\",\"https:\/\/www.instagram.com\/naruservisas\/\",\"https:\/\/www.linkedin.com\/company\/naru-servisas\/\"],\"logo\":{\"@type\":\"ImageObject\",\"@id\":\"https:\/\/naruservisas.lt\/#logo\",\"inLanguage\":\"en-US\",\"url\":\"https:\/\/naruservisas.lt\/wp-content\/uploads\/2020\/07\/Nar\\u0173-servisas-LOGO-JPGwhite-background.jpg\",\"contentUrl\":\"https:\/\/naruservisas.lt\/wp-content\/uploads\/2020\/07\/Nar\\u0173-servisas-LOGO-JPGwhite-background.jpg\",\"width\":1917,\"height\":1917,\"caption\":\"Nar\\u0173 servisas UAB\"},\"image\":{\"@id\":\"https:\/\/naruservisas.lt\/#logo\"}},{\"@type\":\"WebSite\",\"@id\":\"https:\/\/naruservisas.lt\/#website\",\"url\":\"https:\/\/naruservisas.lt\/\",\"name\":\"Uosto infrastrukt\\u016bros statyba, profesional\\u016bs techniniai narai, buksyrai ir buksyravimas Klaip\\u0117da, Lietuva nuo 1991 Port infrastructure construction, commercial divers, tugs &amp; towing in Klaipeda, Lithuania since 1991\",\"description\":\"\",\"publisher\":{\"@id\":\"https:\/\/naruservisas.lt\/#organization\"},\"potentialAction\":[{\"@type\":\"SearchAction\",\"target\":{\"@type\":\"EntryPoint\",\"urlTemplate\":\"https:\/\/naruservisas.lt\/?s={search_term_string}\"},\"query-input\":\"required name=search_term_string\"}],\"inLanguage\":\"en-US\"},{\"@type\":\"ImageObject\",\"@id\":\"https:\/\/naruservisas.lt\/portfolio\/#primaryimage\",\"inLanguage\":\"en-US\",\"url\":\"https:\/\/naruservisas.lt\/wp-content\/uploads\/2020\/07\/Pavilosta-2016-vibrance-color-scaled.jpg\",\"contentUrl\":\"https:\/\/naruservisas.lt\/wp-content\/uploads\/2020\/07\/Pavilosta-2016-vibrance-color-scaled.jpg\",\"width\":2560,\"height\":1440},{\"@type\":\"WebPage\",\"@id\":\"https:\/\/naruservisas.lt\/portfolio\/#webpage\",\"url\":\"https:\/\/naruservisas.lt\/portfolio\/\",\"name\":\"Portfolio | Uosto infrastrukt\\u016bros statyba, profesional\\u016bs techniniai narai, buksyrai ir buksyravimas Klaip\\u0117da, Lietuva nuo 1991 Port infrastructure construction, commercial divers, tugs &amp; towing in Klaipeda, Lithuania since 1991\",\"isPartOf\":{\"@id\":\"https:\/\/naruservisas.lt\/#website\"},\"primaryImageOfPage\":{\"@id\":\"https:\/\/naruservisas.lt\/portfolio\/#primaryimage\"},\"datePublished\":\"2017-12-13T21:52:20+00:00\",\"dateModified\":\"2023-06-03T21:41:33+00:00\",\"description\":\"Professional commercial offshore technical diving, cutting, welding, aquatorium dredging and cleaning, removal of navigational obstacles, underwater inspection with audio \/ video recording, salvage, ship\\u2019s subsurface lifting, tugs, pontoons, jet monitor, floating crane &lt;50 t., rent of technical equipment and machinery, vessel and boat piers in port of Klaip\\u0117da, hydro-technical port (seaport) facility construction since 1991.\",\"breadcrumb\":{\"@id\":\"https:\/\/naruservisas.lt\/portfolio\/#breadcrumb\"},\"inLanguage\":\"en-US\",\"potentialAction\":[{\"@type\":\"ReadAction\",\"target\":[\"https:\/\/naruservisas.lt\/portfolio\/\"]}]},{\"@type\":\"BreadcrumbList\",\"@id\":\"https:\/\/naruservisas.lt\/portfolio\/#breadcrumb\",\"itemListElement\":[{\"@type\":\"ListItem\",\"position\":1,\"name\":\"Home\",\"item\":\"https:\/\/naruservisas.lt\/\"},{\"@type\":\"ListItem\",\"position\":2,\"name\":\"Portfolio\"}]}]}<\/script>\n<!-- \/ Yoast SEO plugin. -->","yoast_head_json":{"title":"Portfolio","description":"\u012evykdyti projektai (1989-2020 m.):\n\nTechniniai nar\u0173 darbai (Klaip\u0117da, 1989-2020 m.)","robots":{"index":"index","follow":"follow","max-snippet":"max-snippet:-1","max-image-preview":"max-image-preview:large","max-video-preview":"max-video-preview:-1"},"canonical":"https:\/\/naruservisas.lt\/portfolio\/","og_locale":"en_US","og_type":"article","og_title":"Portfolio","og_description":"<p><strong><u>\u012evykdyti projektai (1989-2020 m.)<\/u><\/strong><strong>:<\/strong><\/p>\n<ul>\n<li><a href=\"http:\/\/naruservisas.lt\/ivykdyti-darbai\/techniniai-naru-darbai-klaipeda-1989-2020-m\/\">Techniniai nar\u0173 darbai (Klaip\u0117da, 1989-2020 m.)<\/a><\/li>\n<li><a ...","og_url":"https:\/\/naruservisas.lt\/portfolio\/","og_site_name":"Uosto infrastrukt\u016bros statyba, profesional\u016bs techniniai narai, buksyrai ir buksyravimas Klaip\u0117da, Lietuva nuo 1991 Port infrastructure construction, commercial divers, tugs &amp; towing in Klaipeda, Lithuania since 1991","article_publisher":"https:\/\/www.facebook.com\/naruservisas.lt\/","article_modified_time":"2023-06-03T21:41:33+00:00","og_image":[{"width":2560,"height":1440,"url":"https:\/\/naruservisas.lt\/wp-content\/uploads\/2020\/07\/Pavilosta-2016-vibrance-color-scaled.jpg","type":"image\/jpeg"}],"twitter_card":"summary_large_image","twitter_misc":{"Est. reading time":"2 minutes"},"schema":{"@context":"https:\/\/schema.org","@graph":[{"@type":"Organization","@id":"https:\/\/naruservisas.lt\/#organization","name":"Nar\u0173 servisas UAB","url":"https:\/\/naruservisas.lt\/","sameAs":["https:\/\/www.facebook.com\/naruservisas.lt\/","https:\/\/www.instagram.com\/naruservisas\/","https:\/\/www.linkedin.com\/company\/naru-servisas\/"],"logo":{"@type":"ImageObject","@id":"https:\/\/naruservisas.lt\/#logo","inLanguage":"en-US","url":"https:\/\/naruservisas.lt\/wp-content\/uploads\/2020\/07\/Nar\u0173-servisas-LOGO-JPGwhite-background.jpg","contentUrl":"https:\/\/naruservisas.lt\/wp-content\/uploads\/2020\/07\/Nar\u0173-servisas-LOGO-JPGwhite-background.jpg","width":1917,"height":1917,"caption":"Nar\u0173 servisas UAB"},"image":{"@id":"https:\/\/naruservisas.lt\/#logo"}},{"@type":"WebSite","@id":"https:\/\/naruservisas.lt\/#website","url":"https:\/\/naruservisas.lt\/","name":"Uosto infrastrukt\u016bros statyba, profesional\u016bs techniniai narai, buksyrai ir buksyravimas Klaip\u0117da, Lietuva nuo 1991 Port infrastructure construction, commercial divers, tugs &amp; towing in Klaipeda, Lithuania since 1991","description":"","publisher":{"@id":"https:\/\/naruservisas.lt\/#organization"},"potentialAction":[{"@type":"SearchAction","target":{"@type":"EntryPoint","urlTemplate":"https:\/\/naruservisas.lt\/?s={search_term_string}"},"query-input":"required name=search_term_string"}],"inLanguage":"en-US"},{"@type":"ImageObject","@id":"https:\/\/naruservisas.lt\/portfolio\/#primaryimage","inLanguage":"en-US","url":"https:\/\/naruservisas.lt\/wp-content\/uploads\/2020\/07\/Pavilosta-2016-vibrance-color-scaled.jpg","contentUrl":"https:\/\/naruservisas.lt\/wp-content\/uploads\/2020\/07\/Pavilosta-2016-vibrance-color-scaled.jpg","width":2560,"height":1440},{"@type":"WebPage","@id":"https:\/\/naruservisas.lt\/portfolio\/#webpage","url":"https:\/\/naruservisas.lt\/portfolio\/","name":"Portfolio | Uosto infrastrukt\u016bros statyba, profesional\u016bs techniniai narai, buksyrai ir buksyravimas Klaip\u0117da, Lietuva nuo 1991 Port infrastructure construction, commercial divers, tugs &amp; towing in Klaipeda, Lithuania since 1991","isPartOf":{"@id":"https:\/\/naruservisas.lt\/#website"},"primaryImageOfPage":{"@id":"https:\/\/naruservisas.lt\/portfolio\/#primaryimage"},"datePublished":"2017-12-13T21:52:20+00:00","dateModified":"2023-06-03T21:41:33+00:00","description":"Professional commercial offshore technical diving, cutting, welding, aquatorium dredging and cleaning, removal of navigational obstacles, underwater inspection with audio \/ video recording, salvage, ship\u2019s subsurface lifting, tugs, pontoons, jet monitor, floating crane &lt;50 t., rent of technical equipment and machinery, vessel and boat piers in port of Klaip\u0117da, hydro-technical port (seaport) facility construction since 1991.","breadcrumb":{"@id":"https:\/\/naruservisas.lt\/portfolio\/#breadcrumb"},"inLanguage":"en-US","potentialAction":[{"@type":"ReadAction","target":["https:\/\/naruservisas.lt\/portfolio\/"]}]},{"@type":"BreadcrumbList","@id":"https:\/\/naruservisas.lt\/portfolio\/#breadcrumb","itemListElement":[{"@type":"ListItem","position":1,"name":"Home","item":"https:\/\/naruservisas.lt\/"},{"@type":"ListItem","position":2,"name":"Portfolio"}]}]}},"_links":{"self":[{"href":"https:\/\/naruservisas.lt\/lt_LT\/wp-json\/wp\/v2\/pages\/31"}],"collection":[{"href":"https:\/\/naruservisas.lt\/lt_LT\/wp-json\/wp\/v2\/pages"}],"about":[{"href":"https:\/\/naruservisas.lt\/lt_LT\/wp-json\/wp\/v2\/types\/page"}],"author":[{"embeddable":true,"href":"https:\/\/naruservisas.lt\/lt_LT\/wp-json\/wp\/v2\/users\/1"}],"replies":[{"embeddable":true,"href":"https:\/\/naruservisas.lt\/lt_LT\/wp-json\/wp\/v2\/comments?post=31"}],"version-history":[{"count":169,"href":"https:\/\/naruservisas.lt\/lt_LT\/wp-json\/wp\/v2\/pages\/31\/revisions"}],"predecessor-version":[{"id":1256,"href":"https:\/\/naruservisas.lt\/lt_LT\/wp-json\/wp\/v2\/pages\/31\/revisions\/1256"}],"wp:featuredmedia":[{"embeddable":true,"href":"https:\/\/naruservisas.lt\/lt_LT\/wp-json\/wp\/v2\/media\/688"}],"wp:attachment":[{"href":"https:\/\/naruservisas.lt\/lt_LT\/wp-json\/wp\/v2\/media?parent=31"}],"curies":[{"name":"wp","href":"https:\/\/api.w.org\/{rel}","templated":true}]}}