{"id":51,"date":"2017-12-13T20:51:49","date_gmt":"2017-12-13T22:51:49","guid":{"rendered":"http:\/\/naruservisas.lt\/?page_id=51"},"modified":"2021-09-01T19:52:27","modified_gmt":"2021-09-01T21:52:27","slug":"equipment","status":"publish","type":"page","link":"https:\/\/naruservisas.lt\/lt_LT\/equipment\/","title":{"rendered":"Technin\u0117 \u012franga"},"content":{"rendered":"<p><strong>Vilkikas &#8220;M\u016a\u0160A&#8221;<\/strong><\/p>\n<ul>\n<li>ilgis x plotis: 14,33 m. x 4,04 m.;<\/li>\n<li>maks. grimzl\u0117 1,44 m.;<\/li>\n<li>pagrindinis variklis: BarnaulMash &#8220;3D12&#8221; 300 a.g. (223.7 kW);<\/li>\n<li>maks 10 keleivi\u0173;<\/li>\n<li>DWT 840 kg.<\/li>\n<\/ul>\n<p><img loading=\"lazy\" class=\"size-large wp-image-91 aligncenter\" src=\"http:\/\/naruservisas.lt\/wp-content\/uploads\/2017\/12\/DSC_0361-1024x576.jpg\" alt=\"\" width=\"616\" height=\"347\" srcset=\"https:\/\/naruservisas.lt\/wp-content\/uploads\/2017\/12\/DSC_0361-1024x576.jpg 1024w, https:\/\/naruservisas.lt\/wp-content\/uploads\/2017\/12\/DSC_0361-300x169.jpg 300w, https:\/\/naruservisas.lt\/wp-content\/uploads\/2017\/12\/DSC_0361-768x432.jpg 768w\" sizes=\"(max-width: 616px) 100vw, 616px\" \/><\/p>\n<p><strong>Pontonas &#8220;PM-61M&#8221; su k\u0117limo \u012frenginiais &lt; 50 t (plaukiojantis kranas)<\/strong><\/p>\n<ul>\n<li>ilgis x plotis: 36,00 m. x 8,22 m.; maks. grimzl\u0117 1,00 m.; k\u0117liamoji galia: 130,7 t.;<\/li>\n<li>atsistoja ant 4 inkar\u0173 (4 elektrin\u0117s gerv\u0117s) maks. 60-80 metr\u0173 gilyje;<\/li>\n<li>Stacionarios gaisr\u0173 gesinimo sistemos, maks. sl\u0117gis 8-13 bar.;<\/li>\n<li>Stacionar\u016bs ir portativ\u016bs hidromonitoriai nuo 13 bar.;<\/li>\n<li>dyzelis-generatorius &#8220;DEUTZ&#8221; (100 kW) + ADG (60kW), el.tinklas 50Hz ~220V\/~380V;<\/li>\n<li>stacionari nar\u0173 stotis, leid\u017eianti vienu met\u0173 po vandeniu dirbti iki 4 narams, suspausto oro reciveriai 8vnt. \u0445 120Ltr. @ 30-60 bar + redukcin\u0117 stotis, Kirby Morgan, AquaLung pajungimai ir \u012franga, garso ir vaizdo povandeninio ry\u0161io \u012frenginiai;<\/li>\n<li>plaukijon\u010dios dirbtuv\u0117s;<\/li>\n<li>plaukiojantis-sand\u0117lis.<\/li>\n<\/ul>\n<p><img loading=\"lazy\" class=\"size-large wp-image-233 aligncenter\" src=\"http:\/\/naruservisas.lt\/wp-content\/uploads\/2018\/02\/120945-1024x714.jpg\" alt=\"\" width=\"616\" height=\"430\" srcset=\"https:\/\/naruservisas.lt\/wp-content\/uploads\/2018\/02\/120945-1024x714.jpg 1024w, https:\/\/naruservisas.lt\/wp-content\/uploads\/2018\/02\/120945-300x209.jpg 300w, https:\/\/naruservisas.lt\/wp-content\/uploads\/2018\/02\/120945-768x536.jpg 768w, https:\/\/naruservisas.lt\/wp-content\/uploads\/2018\/02\/120945-400x280.jpg 400w, https:\/\/naruservisas.lt\/wp-content\/uploads\/2018\/02\/120945.jpg 1300w\" sizes=\"(max-width: 616px) 100vw, 616px\" \/><\/p>\n<p><strong>&#8220;Jack-up&#8221; tipo platforma &#8220;NS-1&#8221;<\/strong><\/p>\n<ul>\n<li>ilgis x plotis: 13 m. x 8 m.;<\/li>\n<li>hidraulini\u0173 koj\u0173 ilgis: 20,5 m. (maks. gylis: 17 m.)<\/li>\n<li>grimzl\u0117: 0.3 m.<\/li>\n<\/ul>\n<p><img loading=\"lazy\" class=\"size-large wp-image-1222 aligncenter\" src=\"https:\/\/naruservisas.lt\/wp-content\/uploads\/2021\/09\/NS-1-1024x769.jpeg\" alt=\"\" width=\"525\" height=\"394\" srcset=\"https:\/\/naruservisas.lt\/wp-content\/uploads\/2021\/09\/NS-1-1024x769.jpeg 1024w, https:\/\/naruservisas.lt\/wp-content\/uploads\/2021\/09\/NS-1-300x225.jpeg 300w, https:\/\/naruservisas.lt\/wp-content\/uploads\/2021\/09\/NS-1-768x577.jpeg 768w, https:\/\/naruservisas.lt\/wp-content\/uploads\/2021\/09\/NS-1.jpeg 1030w\" sizes=\"(max-width: 525px) 100vw, 525px\" \/><\/p>\n<p><strong>Tarnybin\u0117 gelb\u0117jimo valtis &#8220;LT-2864&#8221;<\/strong><\/p>\n<ul>\n<li>ilgis x plotis: 6,6 m. x 2,55 m.;<\/li>\n<li>maks. grimzl\u0117 0,7 m.;<\/li>\n<li>pagrindinis variklis: Vladimiro traktori\u0173 gamykla &#8220;T-40&#8221; 50 a.g.;<\/li>\n<li>maks. 6 keleiviai;<\/li>\n<li>DWT 900 kg.<\/li>\n<\/ul>\n<p><img loading=\"lazy\" class=\"alignnone  wp-image-1193\" src=\"https:\/\/naruservisas.lt\/wp-content\/uploads\/2021\/02\/LT-2864-foto-1024x768.jpg\" alt=\"\" width=\"645\" height=\"484\" srcset=\"https:\/\/naruservisas.lt\/wp-content\/uploads\/2021\/02\/LT-2864-foto-1024x768.jpg 1024w, https:\/\/naruservisas.lt\/wp-content\/uploads\/2021\/02\/LT-2864-foto-300x225.jpg 300w, https:\/\/naruservisas.lt\/wp-content\/uploads\/2021\/02\/LT-2864-foto-768x576.jpg 768w, https:\/\/naruservisas.lt\/wp-content\/uploads\/2021\/02\/LT-2864-foto-1536x1152.jpg 1536w, https:\/\/naruservisas.lt\/wp-content\/uploads\/2021\/02\/LT-2864-foto-2048x1536.jpg 2048w\" sizes=\"(max-width: 645px) 100vw, 645px\" \/><\/p>\n<p><strong>Siurbliai \/ \u017demsiurb\u0117s<\/strong><\/p>\n<ul>\n<li>na\u0161umas &lt; 600 m3\/val.<\/li>\n<\/ul>\n<p><img loading=\"lazy\" class=\"size-large wp-image-70 aligncenter\" src=\"http:\/\/naruservisas.lt\/wp-content\/uploads\/2017\/12\/DSC_0718-1024x576.jpg\" alt=\"\" width=\"616\" height=\"347\" srcset=\"https:\/\/naruservisas.lt\/wp-content\/uploads\/2017\/12\/DSC_0718-1024x576.jpg 1024w, https:\/\/naruservisas.lt\/wp-content\/uploads\/2017\/12\/DSC_0718-300x169.jpg 300w, https:\/\/naruservisas.lt\/wp-content\/uploads\/2017\/12\/DSC_0718-768x432.jpg 768w\" sizes=\"(max-width: 616px) 100vw, 616px\" \/><\/p>\n<p><strong>Siurbliai \/ \u017demsiurb\u0117s<\/strong><\/p>\n<ul>\n<li>Pontonas-\u017eemsiurb\u0117 (na\u0161umas iki 450 m3\/val.; maks. -25 m.&nbsp; darbo gylis) su 30 kW dyzel. generatoriumi, kranto pajungimu 380V\/220V 50Hz, su el. hydrayliniu kranu MKG 5 t., su inkarais. Taip pat \u012frengtos vandens pompos iki 12\/30 bar na\u0161umo su auk\u0161to spaudimo vandens in\u017eektoriumi grunto ir sm\u0117lio nuplovimui. Pontonas gali b\u016bti naudojamas tuo pa\u010diu metu gruntui nuplauti bei frakcijai i\u0161pumpuoti po vandeniu (iki -25 m. gylio);<\/li>\n<\/ul>\n<p><img loading=\"lazy\" class=\"size-large wp-image-1225 aligncenter\" src=\"https:\/\/naruservisas.lt\/wp-content\/uploads\/2021\/09\/Pontonas-zemsiurbe-768x1024.jpg\" alt=\"\" width=\"525\" height=\"700\" srcset=\"https:\/\/naruservisas.lt\/wp-content\/uploads\/2021\/09\/Pontonas-zemsiurbe-768x1024.jpg 768w, https:\/\/naruservisas.lt\/wp-content\/uploads\/2021\/09\/Pontonas-zemsiurbe-225x300.jpg 225w, https:\/\/naruservisas.lt\/wp-content\/uploads\/2021\/09\/Pontonas-zemsiurbe-1152x1536.jpg 1152w, https:\/\/naruservisas.lt\/wp-content\/uploads\/2021\/09\/Pontonas-zemsiurbe-1536x2048.jpg 1536w, https:\/\/naruservisas.lt\/wp-content\/uploads\/2021\/09\/Pontonas-zemsiurbe-scaled.jpg 1920w\" sizes=\"(max-width: 525px) 100vw, 525px\" \/><\/p>\n<p><strong>Pontonas PMP-60<\/strong><\/p>\n<ul>\n<li>keliamoji galia 20 t.;<\/li>\n<li>ilgis x plotis: 8 m. x 7 m.; denis 56 m2;<\/li>\n<li>galima transportuoti, susideda i\u0161 4 dali\u0173;<\/li>\n<\/ul>\n<p><img loading=\"lazy\" class=\"size-large wp-image-1226 aligncenter\" src=\"https:\/\/naruservisas.lt\/wp-content\/uploads\/2021\/09\/PMP-60-Copy-1024x768.jpg\" alt=\"\" width=\"525\" height=\"394\" srcset=\"https:\/\/naruservisas.lt\/wp-content\/uploads\/2021\/09\/PMP-60-Copy-1024x768.jpg 1024w, https:\/\/naruservisas.lt\/wp-content\/uploads\/2021\/09\/PMP-60-Copy-300x225.jpg 300w, https:\/\/naruservisas.lt\/wp-content\/uploads\/2021\/09\/PMP-60-Copy-768x576.jpg 768w, https:\/\/naruservisas.lt\/wp-content\/uploads\/2021\/09\/PMP-60-Copy-1536x1153.jpg 1536w, https:\/\/naruservisas.lt\/wp-content\/uploads\/2021\/09\/PMP-60-Copy-2048x1537.jpg 2048w\" sizes=\"(max-width: 525px) 100vw, 525px\" \/><\/p>\n<p><strong>Kita \u012franga ir technika.<\/strong><\/p>\n<ul>\n<li>Pagal i\u0161ankstin\u012f u\u017eklausim\u0105: info@naruservisas.lt<\/li>\n<\/ul>\n","protected":false},"excerpt":{"rendered":"<p><strong>Vilkikas &#8220;M\u016a\u0160A&#8221;<\/strong><\/p>\n<ul>\n<li>ilgis x plotis: 14,33 m. x 4,04 m.;<\/li>\n<li>maks. grimzl\u0117 1,44 m.;<\/li>\n<li>pagrindinis variklis: BarnaulMash &#8220;3D12&#8221; 300 a.g. (223.7 kW);<\/li>\n<li>maks 10 keleivi\u0173;<\/li>\n<li>DWT 840 kg.<\/li>\n<\/ul>\n<p>&#8230;<\/p>\n","protected":false},"author":1,"featured_media":740,"parent":0,"menu_order":0,"comment_status":"closed","ping_status":"closed","template":"","meta":[],"yoast_head":"<!-- This site is optimized with the Yoast SEO plugin v17.9 - https:\/\/yoast.com\/wordpress\/plugins\/seo\/ -->\n<title>Technin\u0117 \u012franga<\/title>\n<meta name=\"description\" content=\"Vilkikas &quot;M\u016a\u0160A&quot;\n\n \tilgis x plotis: 14,33 m. x 4,04 m.;\n \tmaks. grimzl\u0117 1,44 m.;\n \tpagrindinis variklis: BarnaulMash &quot;3D12&quot; 300 a.g. (223.7 kW);\n \tmaks 10 keleivi\u0173;\n \tDWT 840 kg.\n\n...\" \/>\n<meta name=\"robots\" content=\"index, follow, max-snippet:-1, max-image-preview:large, max-video-preview:-1\" \/>\n<link rel=\"canonical\" href=\"https:\/\/naruservisas.lt\/en_US\/equipment\/\" \/>\n<meta property=\"og:locale\" content=\"en_US\" \/>\n<meta property=\"og:type\" content=\"article\" \/>\n<meta property=\"og:title\" content=\"Technin\u0117 \u012franga\" \/>\n<meta property=\"og:description\" content=\"&lt;strong&gt;Vilkikas &quot;M\u016a\u0160A&quot;&lt;\/strong&gt;\n&lt;ul&gt;\n \t&lt;li&gt;ilgis x plotis: 14,33 m. x 4,04 m.;&lt;\/li&gt;\n \t&lt;li&gt;maks. grimzl\u0117 1,44 m.;&lt;\/li&gt;\n \t&lt;li&gt;pagrindinis variklis: BarnaulMash &quot;3D12&quot; 300 a.g. (223.7 kW);&lt;\/li&gt;\n \t&lt;li&gt;maks 10 keleivi\u0173;&lt;\/li&gt;\n \t&lt;li&gt;DWT 840 kg.&lt;\/li&gt;\n&lt;\/ul&gt;\n...\" \/>\n<meta property=\"og:url\" content=\"https:\/\/naruservisas.lt\/en_US\/equipment\/\" \/>\n<meta property=\"og:site_name\" content=\"Uosto infrastrukt\u016bros statyba, profesional\u016bs techniniai narai, buksyrai ir buksyravimas Klaip\u0117da, Lietuva nuo 1991 Port infrastructure construction, commercial divers, tugs &amp; towing in Klaipeda, Lithuania since 1991\" \/>\n<meta property=\"article:publisher\" content=\"https:\/\/www.facebook.com\/naruservisas.lt\/\" \/>\n<meta property=\"article:modified_time\" content=\"2021-09-01T21:52:27+00:00\" \/>\n<meta property=\"og:image\" content=\"https:\/\/naruservisas.lt\/wp-content\/uploads\/2020\/07\/Ledu-ragas-vibrancecontraswhite-color.jpg\" \/>\n\t<meta property=\"og:image:width\" content=\"2560\" \/>\n\t<meta property=\"og:image:height\" content=\"1192\" \/>\n\t<meta property=\"og:image:type\" content=\"image\/jpeg\" \/>\n<meta name=\"twitter:card\" content=\"summary_large_image\" \/>\n<meta name=\"twitter:label1\" content=\"Est. reading time\" \/>\n\t<meta name=\"twitter:data1\" content=\"1 minute\" \/>\n<script type=\"application\/ld+json\" class=\"yoast-schema-graph\">{\"@context\":\"https:\/\/schema.org\",\"@graph\":[{\"@type\":\"Organization\",\"@id\":\"https:\/\/naruservisas.lt\/#organization\",\"name\":\"Nar\\u0173 servisas UAB\",\"url\":\"https:\/\/naruservisas.lt\/\",\"sameAs\":[\"https:\/\/www.facebook.com\/naruservisas.lt\/\",\"https:\/\/www.instagram.com\/naruservisas\/\",\"https:\/\/www.linkedin.com\/company\/naru-servisas\/\"],\"logo\":{\"@type\":\"ImageObject\",\"@id\":\"https:\/\/naruservisas.lt\/#logo\",\"inLanguage\":\"en-US\",\"url\":\"https:\/\/naruservisas.lt\/wp-content\/uploads\/2020\/07\/Nar\\u0173-servisas-LOGO-JPGwhite-background.jpg\",\"contentUrl\":\"https:\/\/naruservisas.lt\/wp-content\/uploads\/2020\/07\/Nar\\u0173-servisas-LOGO-JPGwhite-background.jpg\",\"width\":1917,\"height\":1917,\"caption\":\"Nar\\u0173 servisas UAB\"},\"image\":{\"@id\":\"https:\/\/naruservisas.lt\/#logo\"}},{\"@type\":\"WebSite\",\"@id\":\"https:\/\/naruservisas.lt\/#website\",\"url\":\"https:\/\/naruservisas.lt\/\",\"name\":\"Uosto infrastrukt\\u016bros statyba, profesional\\u016bs techniniai narai, buksyrai ir buksyravimas Klaip\\u0117da, Lietuva nuo 1991 Port infrastructure construction, commercial divers, tugs &amp; towing in Klaipeda, Lithuania since 1991\",\"description\":\"\",\"publisher\":{\"@id\":\"https:\/\/naruservisas.lt\/#organization\"},\"potentialAction\":[{\"@type\":\"SearchAction\",\"target\":{\"@type\":\"EntryPoint\",\"urlTemplate\":\"https:\/\/naruservisas.lt\/?s={search_term_string}\"},\"query-input\":\"required name=search_term_string\"}],\"inLanguage\":\"en-US\"},{\"@type\":\"ImageObject\",\"@id\":\"https:\/\/naruservisas.lt\/en_US\/equipment\/#primaryimage\",\"inLanguage\":\"en-US\",\"url\":\"https:\/\/naruservisas.lt\/wp-content\/uploads\/2020\/07\/Ledu-ragas-vibrancecontraswhite-color.jpg\",\"contentUrl\":\"https:\/\/naruservisas.lt\/wp-content\/uploads\/2020\/07\/Ledu-ragas-vibrancecontraswhite-color.jpg\",\"width\":2560,\"height\":1192},{\"@type\":\"WebPage\",\"@id\":\"https:\/\/naruservisas.lt\/en_US\/equipment\/#webpage\",\"url\":\"https:\/\/naruservisas.lt\/en_US\/equipment\/\",\"name\":\"Technin\\u0117 \\u012franga | Uosto infrastrukt\\u016bros statyba, profesional\\u016bs techniniai narai, buksyrai ir buksyravimas Klaip\\u0117da, Lietuva nuo 1991 Port infrastructure construction, commercial divers, tugs &amp; towing in Klaipeda, Lithuania since 1991\",\"isPartOf\":{\"@id\":\"https:\/\/naruservisas.lt\/#website\"},\"primaryImageOfPage\":{\"@id\":\"https:\/\/naruservisas.lt\/en_US\/equipment\/#primaryimage\"},\"datePublished\":\"2017-12-13T22:51:49+00:00\",\"dateModified\":\"2021-09-01T21:52:27+00:00\",\"description\":\"Professional commercial offshore technical diving, cutting, welding, aquatorium dredging and cleaning, removal of navigational obstacles, underwater inspection with audio \/ video recording, salvage, ship\\u2019s subsurface lifting, tugs, pontoons, jet monitor, floating crane &lt;50 t., rent of technical equipment and machinery, vessel and boat piers in port of Klaip\\u0117da, hydro-technical port (seaport) facility construction since 1991.\",\"breadcrumb\":{\"@id\":\"https:\/\/naruservisas.lt\/en_US\/equipment\/#breadcrumb\"},\"inLanguage\":\"en-US\",\"potentialAction\":[{\"@type\":\"ReadAction\",\"target\":[\"https:\/\/naruservisas.lt\/en_US\/equipment\/\"]}]},{\"@type\":\"BreadcrumbList\",\"@id\":\"https:\/\/naruservisas.lt\/en_US\/equipment\/#breadcrumb\",\"itemListElement\":[{\"@type\":\"ListItem\",\"position\":1,\"name\":\"Home\",\"item\":\"https:\/\/naruservisas.lt\/\"},{\"@type\":\"ListItem\",\"position\":2,\"name\":\"Technin\\u0117 \\u012franga\"}]}]}<\/script>\n<!-- \/ Yoast SEO plugin. -->","yoast_head_json":{"title":"Technin\u0117 \u012franga","description":"Vilkikas \"M\u016a\u0160A\"\n\n \tilgis x plotis: 14,33 m. x 4,04 m.;\n \tmaks. grimzl\u0117 1,44 m.;\n \tpagrindinis variklis: BarnaulMash \"3D12\" 300 a.g. (223.7 kW);\n \tmaks 10 keleivi\u0173;\n \tDWT 840 kg.\n\n...","robots":{"index":"index","follow":"follow","max-snippet":"max-snippet:-1","max-image-preview":"max-image-preview:large","max-video-preview":"max-video-preview:-1"},"canonical":"https:\/\/naruservisas.lt\/en_US\/equipment\/","og_locale":"en_US","og_type":"article","og_title":"Technin\u0117 \u012franga","og_description":"<strong>Vilkikas \"M\u016a\u0160A\"<\/strong>\n<ul>\n \t<li>ilgis x plotis: 14,33 m. x 4,04 m.;<\/li>\n \t<li>maks. grimzl\u0117 1,44 m.;<\/li>\n \t<li>pagrindinis variklis: BarnaulMash \"3D12\" 300 a.g. (223.7 kW);<\/li>\n \t<li>maks 10 keleivi\u0173;<\/li>\n \t<li>DWT 840 kg.<\/li>\n<\/ul>\n...","og_url":"https:\/\/naruservisas.lt\/en_US\/equipment\/","og_site_name":"Uosto infrastrukt\u016bros statyba, profesional\u016bs techniniai narai, buksyrai ir buksyravimas Klaip\u0117da, Lietuva nuo 1991 Port infrastructure construction, commercial divers, tugs &amp; towing in Klaipeda, Lithuania since 1991","article_publisher":"https:\/\/www.facebook.com\/naruservisas.lt\/","article_modified_time":"2021-09-01T21:52:27+00:00","og_image":[{"width":2560,"height":1192,"url":"https:\/\/naruservisas.lt\/wp-content\/uploads\/2020\/07\/Ledu-ragas-vibrancecontraswhite-color.jpg","type":"image\/jpeg"}],"twitter_card":"summary_large_image","twitter_misc":{"Est. reading time":"1 minute"},"schema":{"@context":"https:\/\/schema.org","@graph":[{"@type":"Organization","@id":"https:\/\/naruservisas.lt\/#organization","name":"Nar\u0173 servisas UAB","url":"https:\/\/naruservisas.lt\/","sameAs":["https:\/\/www.facebook.com\/naruservisas.lt\/","https:\/\/www.instagram.com\/naruservisas\/","https:\/\/www.linkedin.com\/company\/naru-servisas\/"],"logo":{"@type":"ImageObject","@id":"https:\/\/naruservisas.lt\/#logo","inLanguage":"en-US","url":"https:\/\/naruservisas.lt\/wp-content\/uploads\/2020\/07\/Nar\u0173-servisas-LOGO-JPGwhite-background.jpg","contentUrl":"https:\/\/naruservisas.lt\/wp-content\/uploads\/2020\/07\/Nar\u0173-servisas-LOGO-JPGwhite-background.jpg","width":1917,"height":1917,"caption":"Nar\u0173 servisas UAB"},"image":{"@id":"https:\/\/naruservisas.lt\/#logo"}},{"@type":"WebSite","@id":"https:\/\/naruservisas.lt\/#website","url":"https:\/\/naruservisas.lt\/","name":"Uosto infrastrukt\u016bros statyba, profesional\u016bs techniniai narai, buksyrai ir buksyravimas Klaip\u0117da, Lietuva nuo 1991 Port infrastructure construction, commercial divers, tugs &amp; towing in Klaipeda, Lithuania since 1991","description":"","publisher":{"@id":"https:\/\/naruservisas.lt\/#organization"},"potentialAction":[{"@type":"SearchAction","target":{"@type":"EntryPoint","urlTemplate":"https:\/\/naruservisas.lt\/?s={search_term_string}"},"query-input":"required name=search_term_string"}],"inLanguage":"en-US"},{"@type":"ImageObject","@id":"https:\/\/naruservisas.lt\/en_US\/equipment\/#primaryimage","inLanguage":"en-US","url":"https:\/\/naruservisas.lt\/wp-content\/uploads\/2020\/07\/Ledu-ragas-vibrancecontraswhite-color.jpg","contentUrl":"https:\/\/naruservisas.lt\/wp-content\/uploads\/2020\/07\/Ledu-ragas-vibrancecontraswhite-color.jpg","width":2560,"height":1192},{"@type":"WebPage","@id":"https:\/\/naruservisas.lt\/en_US\/equipment\/#webpage","url":"https:\/\/naruservisas.lt\/en_US\/equipment\/","name":"Technin\u0117 \u012franga | Uosto infrastrukt\u016bros statyba, profesional\u016bs techniniai narai, buksyrai ir buksyravimas Klaip\u0117da, Lietuva nuo 1991 Port infrastructure construction, commercial divers, tugs &amp; towing in Klaipeda, Lithuania since 1991","isPartOf":{"@id":"https:\/\/naruservisas.lt\/#website"},"primaryImageOfPage":{"@id":"https:\/\/naruservisas.lt\/en_US\/equipment\/#primaryimage"},"datePublished":"2017-12-13T22:51:49+00:00","dateModified":"2021-09-01T21:52:27+00:00","description":"Professional commercial offshore technical diving, cutting, welding, aquatorium dredging and cleaning, removal of navigational obstacles, underwater inspection with audio \/ video recording, salvage, ship\u2019s subsurface lifting, tugs, pontoons, jet monitor, floating crane &lt;50 t., rent of technical equipment and machinery, vessel and boat piers in port of Klaip\u0117da, hydro-technical port (seaport) facility construction since 1991.","breadcrumb":{"@id":"https:\/\/naruservisas.lt\/en_US\/equipment\/#breadcrumb"},"inLanguage":"en-US","potentialAction":[{"@type":"ReadAction","target":["https:\/\/naruservisas.lt\/en_US\/equipment\/"]}]},{"@type":"BreadcrumbList","@id":"https:\/\/naruservisas.lt\/en_US\/equipment\/#breadcrumb","itemListElement":[{"@type":"ListItem","position":1,"name":"Home","item":"https:\/\/naruservisas.lt\/"},{"@type":"ListItem","position":2,"name":"Technin\u0117 \u012franga"}]}]}},"_links":{"self":[{"href":"https:\/\/naruservisas.lt\/lt_LT\/wp-json\/wp\/v2\/pages\/51"}],"collection":[{"href":"https:\/\/naruservisas.lt\/lt_LT\/wp-json\/wp\/v2\/pages"}],"about":[{"href":"https:\/\/naruservisas.lt\/lt_LT\/wp-json\/wp\/v2\/types\/page"}],"author":[{"embeddable":true,"href":"https:\/\/naruservisas.lt\/lt_LT\/wp-json\/wp\/v2\/users\/1"}],"replies":[{"embeddable":true,"href":"https:\/\/naruservisas.lt\/lt_LT\/wp-json\/wp\/v2\/comments?post=51"}],"version-history":[{"count":124,"href":"https:\/\/naruservisas.lt\/lt_LT\/wp-json\/wp\/v2\/pages\/51\/revisions"}],"predecessor-version":[{"id":1240,"href":"https:\/\/naruservisas.lt\/lt_LT\/wp-json\/wp\/v2\/pages\/51\/revisions\/1240"}],"wp:featuredmedia":[{"embeddable":true,"href":"https:\/\/naruservisas.lt\/lt_LT\/wp-json\/wp\/v2\/media\/740"}],"wp:attachment":[{"href":"https:\/\/naruservisas.lt\/lt_LT\/wp-json\/wp\/v2\/media?parent=51"}],"curies":[{"name":"wp","href":"https:\/\/api.w.org\/{rel}","templated":true}]}}