{"id":838,"date":"2020-07-11T21:46:05","date_gmt":"2020-07-11T23:46:05","guid":{"rendered":"http:\/\/naruservisas.lt\/?page_id=838"},"modified":"2021-08-27T06:03:56","modified_gmt":"2021-08-27T08:03:56","slug":"gdpr","status":"publish","type":"page","link":"https:\/\/naruservisas.lt\/lt_LT\/gdpr\/","title":{"rendered":"BDAR"},"content":{"rendered":"\n<p style=\"font-size:30px\">Asmens duomen\u0173 apsauga<\/p>\n\n\n\n<h1>UAB Nar\u0173 servisas, \u012f\/k: 240153550, registro duomenys tvarkomi:<\/h1>\n\n\n\n<p>Valstyb\u0117s \u012fmon\u0117 Registr\u0173 centras yra i\u0161 valstyb\u0117s turto \u012fsteigtas ribotos civilin\u0117s atsakomyb\u0117s vie\u0161asis juridinis asmuo. \u012emon\u0117 \u012fsteigta 1997 m. liepos 8 d. Lietuvos Respublikos Vyriausyb\u0117s nutarimu Nr. 742.<\/p>\n\n\n\n<p>\u012emon\u0117 nuosavyb\u0117s teise priklauso valstybei, jai perduot\u0105 ir jos \u012fgyt\u0105 turt\u0105 valdo, naudoja bei juo disponuoja patik\u0117jimo teise.<\/p>\n\n\n\n<p>Registr\u0173 centro valdymo organai yra savininko teises ir pareigas \u012fgyvendinanti institucija, kolegialus \u012fmon\u0117s valdymo organas \u2013 valdyba ir vienasmenis valdymo organas \u2013 \u012fmon\u0117s vadovas. \u012emon\u0117s savininko teises ir pareigas \u012fgyvendinanti institucija yra Lietuvos Respublikos ekonomikos ir inovacij\u0173 ministerija.<\/p>\n\n\n\n<p>Svarbiausios Registr\u0173 centro funkcijos tvarkant Juridini\u0173 asmen\u0173 registr\u0105:<\/p>\n\n\n\n<p>registruoti, \u012ftraukti ar \u012fra\u0161yti \u012f registr\u0105 juridinius asmenis, filialus bei atstovybes, j\u0173 duomenis, dokumentus ar informacij\u0105;<br \/>laikinai \u012ftraukti \u012f registr\u0105 juridinio asmens pavadinim\u0105;<br \/>suteikti ir \u012fregistruoti juridiniam asmeniui paramos gav\u0117jo status\u0105;<br \/>inicijuoti juridinio asmens likvidavim\u0105;<br \/>teikti ir skelbti registro informacij\u0105, teikti registre saugom\u0173 dokument\u0173 kopijas valstyb\u0117s institucijoms, fiziniams ir juridiniams asmenims.<\/p>\n\n\n\n<p>UAB Nar\u0173 servisas asmens duomenis tvarko ir saugo vadovaudamasis 2016 m. baland\u017eio 27 d. Europos Parlamento ir Tarybos reglamento (ES) 2016\/679 d\u0117l fizini\u0173 asmen\u0173 apsaugos tvarkant asmens duomenis ir d\u0117l laisvo toki\u0173 duomen\u0173 jud\u0117jimo ir kuriuo panaikinama Direktyva 95\/46\/EB&nbsp;<strong>(Bendrasis duomen\u0173 apsaugos reglamentas<\/strong>)&nbsp;<a href=\"https:\/\/eur-lex.europa.eu\/legal-content\/LT\/TXT\/?uri=celex:32016R0679\">(https:\/\/eur-lex.europa.eu\/legal-content\/LT\/TXT\/?uri=celex:32016R0679<\/a>) bei kitais teis\u0117s aktais, susijusiais su asmens duomen\u0173 teisine apsauga ir asmens duomen\u0173 tvarkymu&nbsp;<a href=\"https:\/\/vdai.lrv.lt\/lt\/teisine-informacija\/teises-aktai\">(https:\/\/vdai.lrv.lt\/lt\/teisine-informacija\/teises-aktai)<\/a>.<br \/>Informacija apie Vadovyb\u0117s apsaugos departamento valdomus ir (ar) tvarkomus valstyb\u0117s ir \u017einybinius registrus bei informacines sistemas pasiekiama adresu https:\/\/registrai.lt\/<\/p>\n\n\n\n<p><strong>Asmens duomen\u0173 tvarkymo Vadovyb\u0117s apsaugos departamente tikslas<\/strong>&nbsp;\u2013 Lietuvos Respublikos vadovyb\u0117s apsaugos \u012fstatyme numatyt\u0173 u\u017edavini\u0173 \u012fgyvendinimas ir funkcij\u0173 vykdymas, taip pat funkcij\u0173 vykdymas vie\u0161ojo administravimo srityse.<\/p>\n\n\n\n<p><strong>Asmens duomen\u0173 tvarkymo Vadovyb\u0117s apsaugos departamente pagrindus nustato:<\/strong><br \/>\u2022 Lietuvos Respublikos vadovyb\u0117s apsaugos \u012fstatymas;<br \/>\u2022 Lietuvos Respublikos kriminalin\u0117s \u017evalgybos \u012fstatymas;<br \/>\u2022 Kiti teis\u0117s aktai, reglamentuojantys Vadovyb\u0117s apsaugos departamento ir vie\u0161o administravimo vykdom\u0105 veikl\u0105.<br \/>Departamentas saugodamas asmens duomenis \u012fgyvendina ir u\u017etikrina tinkamas organizacines ir technines priemones, skirtas asmens duomenims apsaugoti nuo atsitiktinio ar neteis\u0117to sunaikinimo, pakeitimo, atskleidimo, taip pat nuo bet kokio neteis\u0117to tvarkymo.<\/p>\n\n\n\n<p><strong>Asmens duomen\u0173 teikimas:<\/strong><br \/>Departamentas, esant asmens duomen\u0173 teikimo teisiniam pagrindui bei \u012fvertinus pra\u0161om\u0173 pateikti asmens duomen\u0173 apimt\u012f, asmens duomen\u0173 tvarkymo tiksl\u0105, teikia asmens duomenis duomen\u0173 gav\u0117jams \u2013 tretiesiems asmenims. Asmens duomenys teikiami:<br \/>\u2022 pagal asmens duomen\u0173 teikimo sutart\u012f (daugkartinio teikimo atveju);<br \/>\u2022 pagal pra\u0161ym\u0105 (vienkartinio teikimo atveju);<br \/>\u2022 teis\u0117s akt\u0173 nustatyta tvarka.<\/p>\n\n\n\n<p><strong>Duomen\u0173 subjektai turi \u0161ias teises:<\/strong><br \/>\u2022 teis\u0119 \u017einoti (b\u016bti informuotam) apie savo asmens duomen\u0173 tvarkym\u0105 Vadovyb\u0117s apsaugos departamente;<br \/>\u2022 teis\u0119 susipa\u017einti su tvarkomais savo asmens duomenimis;<br \/>\u2022 teis\u0119 reikalauti i\u0161taisyti asmens duomenis;<br \/>\u2022 teis\u0119 reikalauti i\u0161trinti asmens duomenis (\u201eteis\u0117 b\u016bti pamir\u0161tam\u201d);<br \/>\u2022 teis\u0119 apriboti asmens duomen\u0173 tvarkym\u0105;<br \/>\u2022 teis\u0119 \u012f asmens duomen\u0173 perkeliamum\u0105;<br \/>\u2022 teis\u0119 nesutikti su asmens duomen\u0173 tvarkymu.<br \/>Duomen\u0173 subjektai, siekdami \u012fgyvendinti Bendrajame duomen\u0173 apsaugos reglamente bei kituose teis\u0117s aktuose, susijusiuose su asmens duomen\u0173 teisine apsauga ir asmens duomen\u0173 tvarkymu, numatytas teises, turi pateikti pra\u0161ym\u0105 (<a href=\"https:\/\/vad.lt\/download.php\/fileid\/389\">pra\u0161ymo pavyzdys<\/a>). Atkreipiamas d\u0117mesys, kad pateikiant pra\u0161ym\u0105 turi b\u016bti patvirtinta duomen\u0173 subjekto tapatyb\u0117. Pla\u010diau apie duomen\u0173 subjekt\u0173 teisi\u0173 \u012fgyvendinim\u0105 Vadovyb\u0117s apsaugos departamente prie Vidaus reikal\u0173 ministerijos \u2013&nbsp;<a href=\"https:\/\/vad.lt\/download.php\/fileid\/390\">Duomen\u0173 subjekt\u0173 teis\u0173 \u012fgyvendinimo Vadovyb\u0117s apsaugos departamente prie Vidaus reikal\u0173 ministerijos tvarkos apra\u0161as.<\/a><\/p>\n\n\n\n<p><strong>Asmens duomen\u0173 apsaugos (ADA) pareig\u016bnas:<\/strong><br \/>Vladimir Riabov yra paskirtas UAB Nar\u0173 servisas asmens duomen\u0173 apsaugos (ADA) pareig\u016bnu. Pagrindin\u0117 duomen\u0173 apsaugos pareig\u016bno pareiga yra sudaryti s\u0105lygas laikytis Bendrojo duomen\u0173 apsaugos reglamento, skatinant organizacijoje duomen\u0173 apsaugos kult\u016br\u0105 ir padedant \u012fgyvendinti esminius Bendrojo duomen\u0173 apsaugos reglamento elementus, pvz., duomen\u0173 tvarkymo principus, duomen\u0173 subjekt\u0173 teises, pritaikyt\u0105j\u0105 ir standartizuot\u0105j\u0105 duomen\u0173 apsaug\u0105, taip pat daryti duomen\u0173 tvarkymo veiklos \u012fra\u0161us, teikti prane\u0161imus apie duomen\u0173 saugumo pa\u017eeidimus.<\/p>\n\n\n\n<p><strong>Asmens duomen\u0173 apsaugos (ADA) pareig\u016bno kontaktai:<\/strong><br \/>Vladimir Riabov<br \/>Tel. +370 699 53084, el.p. info@naruservisas.lt<br \/>UAB Nar\u0173 servisas veiksmus, susijusius su J\u016bs\u0173 asmens duomen\u0173 tvarkymu, galite pateikti Valstybinei duomen\u0173 apsaugos inspekcijai:<br \/><a href=\"https:\/\/vdai.lrv.lt\/lt\/\">https:\/\/vdai.lrv.lt\/lt\/<\/a><br \/>Kontaktin\u0117 informacija:<br \/>A. Juozapavi\u010diaus g. 6, LT-09310 Vilnius<br \/>Tel. (+370 5) 271 2804, 279 1445<br \/>Faks. (+370 5) 261 9494<br \/>El. p. ada@ada.lt<\/p>\n\n\n\n<p>Pagarbiai,<\/p>\n\n\n\n<p>UAB Nar\u0173 servisas<\/p>\n\n\n\n<p>Direktorius<\/p>\n\n\n\n<p>Vladimir Riabov<\/p>\n","protected":false},"excerpt":{"rendered":"<p><!-- wp:paragraph {\"customFontSize\":30} --><\/p>\n<p style=\"font-size:30px\">Asmens duomen\u0173 apsauga<\/p>\n<p><!-- \/wp:paragraph --><\/p>\n<p><!-- wp:heading {\"level\":1} --><\/p>\n<h1>UAB Nar\u0173 servisas, \u012f\/k: 240153550, registro duomenys tvarkomi:<\/h1>\n<p><!-- \/wp:heading --><\/p>\n<p><!-...\n<\/p>\n","protected":false},"author":2,"featured_media":1220,"parent":0,"menu_order":0,"comment_status":"closed","ping_status":"closed","template":"","meta":[],"yoast_head":"<!-- This site is optimized with the Yoast SEO plugin v17.9 - https:\/\/yoast.com\/wordpress\/plugins\/seo\/ -->\n<title>BDAR<\/title>\n<meta name=\"description\" content=\"Asmens duomen\u0173 apsauga\n\n\n\nUAB Nar\u0173 servisas, \u012f\/k: 240153550, registro duomenys tvarkomi:\" \/>\n<meta name=\"robots\" content=\"index, follow, max-snippet:-1, max-image-preview:large, max-video-preview:-1\" \/>\n<link rel=\"canonical\" href=\"https:\/\/naruservisas.lt\/gdpr\/\" \/>\n<meta property=\"og:locale\" content=\"en_US\" \/>\n<meta property=\"og:type\" content=\"article\" \/>\n<meta property=\"og:title\" content=\"BDAR\" \/>\n<meta property=\"og:description\" content=\"&lt;!-- wp:paragraph {&quot;customFontSize&quot;:30} --&gt;\n&lt;p style=&quot;font-size:30px&quot;&gt;Asmens duomen\u0173 apsauga&lt;\/p&gt;\n&lt;!-- \/wp:paragraph --&gt;\n\n&lt;!-- wp:heading {&quot;level&quot;:1} --&gt;\n&lt;h1&gt;UAB Nar\u0173 servisas, \u012f\/k: 240153550, registro duomenys tvarkomi:&lt;\/h1&gt;\n&lt;!-- \/wp:heading --&gt;\n\n&lt;!-...\" \/>\n<meta property=\"og:url\" content=\"https:\/\/naruservisas.lt\/gdpr\/\" \/>\n<meta property=\"og:site_name\" content=\"Uosto infrastrukt\u016bros statyba, profesional\u016bs techniniai narai, buksyrai ir buksyravimas Klaip\u0117da, Lietuva nuo 1991 Port infrastructure construction, commercial divers, tugs &amp; towing in Klaipeda, Lithuania since 1991\" \/>\n<meta property=\"article:publisher\" content=\"https:\/\/www.facebook.com\/naruservisas.lt\/\" \/>\n<meta property=\"article:modified_time\" content=\"2021-08-27T08:03:56+00:00\" \/>\n<meta property=\"og:image\" content=\"https:\/\/naruservisas.lt\/wp-content\/uploads\/2020\/07\/Nar\u0173-servisas-LOGO_resized-JPGwhite-background-e1594505011844.jpg\" \/>\n\t<meta property=\"og:image:width\" content=\"350\" \/>\n\t<meta property=\"og:image:height\" content=\"350\" \/>\n\t<meta property=\"og:image:type\" content=\"image\/jpeg\" \/>\n<meta name=\"twitter:card\" content=\"summary_large_image\" \/>\n<meta name=\"twitter:label1\" content=\"Est. reading time\" \/>\n\t<meta name=\"twitter:data1\" content=\"3 minutes\" \/>\n<script type=\"application\/ld+json\" class=\"yoast-schema-graph\">{\"@context\":\"https:\/\/schema.org\",\"@graph\":[{\"@type\":\"Organization\",\"@id\":\"https:\/\/naruservisas.lt\/#organization\",\"name\":\"Nar\\u0173 servisas UAB\",\"url\":\"https:\/\/naruservisas.lt\/\",\"sameAs\":[\"https:\/\/www.facebook.com\/naruservisas.lt\/\",\"https:\/\/www.instagram.com\/naruservisas\/\",\"https:\/\/www.linkedin.com\/company\/naru-servisas\/\"],\"logo\":{\"@type\":\"ImageObject\",\"@id\":\"https:\/\/naruservisas.lt\/#logo\",\"inLanguage\":\"en-US\",\"url\":\"https:\/\/naruservisas.lt\/wp-content\/uploads\/2020\/07\/Nar\\u0173-servisas-LOGO-JPGwhite-background.jpg\",\"contentUrl\":\"https:\/\/naruservisas.lt\/wp-content\/uploads\/2020\/07\/Nar\\u0173-servisas-LOGO-JPGwhite-background.jpg\",\"width\":1917,\"height\":1917,\"caption\":\"Nar\\u0173 servisas UAB\"},\"image\":{\"@id\":\"https:\/\/naruservisas.lt\/#logo\"}},{\"@type\":\"WebSite\",\"@id\":\"https:\/\/naruservisas.lt\/#website\",\"url\":\"https:\/\/naruservisas.lt\/\",\"name\":\"Uosto infrastrukt\\u016bros statyba, profesional\\u016bs techniniai narai, buksyrai ir buksyravimas Klaip\\u0117da, Lietuva nuo 1991 Port infrastructure construction, commercial divers, tugs &amp; towing in Klaipeda, Lithuania since 1991\",\"description\":\"\",\"publisher\":{\"@id\":\"https:\/\/naruservisas.lt\/#organization\"},\"potentialAction\":[{\"@type\":\"SearchAction\",\"target\":{\"@type\":\"EntryPoint\",\"urlTemplate\":\"https:\/\/naruservisas.lt\/?s={search_term_string}\"},\"query-input\":\"required name=search_term_string\"}],\"inLanguage\":\"en-US\"},{\"@type\":\"ImageObject\",\"@id\":\"https:\/\/naruservisas.lt\/gdpr\/#primaryimage\",\"inLanguage\":\"en-US\",\"url\":\"https:\/\/naruservisas.lt\/wp-content\/uploads\/2020\/07\/Nar\\u0173-servisas-LOGO_resized-JPGwhite-background-e1594505011844.jpg\",\"contentUrl\":\"https:\/\/naruservisas.lt\/wp-content\/uploads\/2020\/07\/Nar\\u0173-servisas-LOGO_resized-JPGwhite-background-e1594505011844.jpg\",\"width\":350,\"height\":350,\"caption\":\"Nar\\u0173 servisas UAB - Commercial offshore diving and seaport construction since 1991.\"},{\"@type\":\"WebPage\",\"@id\":\"https:\/\/naruservisas.lt\/gdpr\/#webpage\",\"url\":\"https:\/\/naruservisas.lt\/gdpr\/\",\"name\":\"BDAR | Uosto infrastrukt\\u016bros statyba, profesional\\u016bs techniniai narai, buksyrai ir buksyravimas Klaip\\u0117da, Lietuva nuo 1991 Port infrastructure construction, commercial divers, tugs &amp; towing in Klaipeda, Lithuania since 1991\",\"isPartOf\":{\"@id\":\"https:\/\/naruservisas.lt\/#website\"},\"primaryImageOfPage\":{\"@id\":\"https:\/\/naruservisas.lt\/gdpr\/#primaryimage\"},\"datePublished\":\"2020-07-11T23:46:05+00:00\",\"dateModified\":\"2021-08-27T08:03:56+00:00\",\"description\":\"Professional commercial offshore technical diving, cutting, welding, aquatorium dredging and cleaning, removal of navigational obstacles, underwater inspection with audio \/ video recording, salvage, ship\\u2019s subsurface lifting, tugs, pontoons, jet monitor, floating crane &lt;50 t., rent of technical equipment and machinery, vessel and boat piers in port of Klaip\\u0117da, hydro-technical port (seaport) facility construction since 1991.\",\"breadcrumb\":{\"@id\":\"https:\/\/naruservisas.lt\/gdpr\/#breadcrumb\"},\"inLanguage\":\"en-US\",\"potentialAction\":[{\"@type\":\"ReadAction\",\"target\":[\"https:\/\/naruservisas.lt\/gdpr\/\"]}]},{\"@type\":\"BreadcrumbList\",\"@id\":\"https:\/\/naruservisas.lt\/gdpr\/#breadcrumb\",\"itemListElement\":[{\"@type\":\"ListItem\",\"position\":1,\"name\":\"Home\",\"item\":\"https:\/\/naruservisas.lt\/\"},{\"@type\":\"ListItem\",\"position\":2,\"name\":\"BDAR\"}]}]}<\/script>\n<!-- \/ Yoast SEO plugin. -->","yoast_head_json":{"title":"BDAR","description":"Asmens duomen\u0173 apsauga\n\n\n\nUAB Nar\u0173 servisas, \u012f\/k: 240153550, registro duomenys tvarkomi:","robots":{"index":"index","follow":"follow","max-snippet":"max-snippet:-1","max-image-preview":"max-image-preview:large","max-video-preview":"max-video-preview:-1"},"canonical":"https:\/\/naruservisas.lt\/gdpr\/","og_locale":"en_US","og_type":"article","og_title":"BDAR","og_description":"<!-- wp:paragraph {\"customFontSize\":30} -->\n<p style=\"font-size:30px\">Asmens duomen\u0173 apsauga<\/p>\n<!-- \/wp:paragraph -->\n\n<!-- wp:heading {\"level\":1} -->\n<h1>UAB Nar\u0173 servisas, \u012f\/k: 240153550, registro duomenys tvarkomi:<\/h1>\n<!-- \/wp:heading -->\n\n<!-...","og_url":"https:\/\/naruservisas.lt\/gdpr\/","og_site_name":"Uosto infrastrukt\u016bros statyba, profesional\u016bs techniniai narai, buksyrai ir buksyravimas Klaip\u0117da, Lietuva nuo 1991 Port infrastructure construction, commercial divers, tugs &amp; towing in Klaipeda, Lithuania since 1991","article_publisher":"https:\/\/www.facebook.com\/naruservisas.lt\/","article_modified_time":"2021-08-27T08:03:56+00:00","og_image":[{"width":350,"height":350,"url":"https:\/\/naruservisas.lt\/wp-content\/uploads\/2020\/07\/Nar\u0173-servisas-LOGO_resized-JPGwhite-background-e1594505011844.jpg","type":"image\/jpeg"}],"twitter_card":"summary_large_image","twitter_misc":{"Est. reading time":"3 minutes"},"schema":{"@context":"https:\/\/schema.org","@graph":[{"@type":"Organization","@id":"https:\/\/naruservisas.lt\/#organization","name":"Nar\u0173 servisas UAB","url":"https:\/\/naruservisas.lt\/","sameAs":["https:\/\/www.facebook.com\/naruservisas.lt\/","https:\/\/www.instagram.com\/naruservisas\/","https:\/\/www.linkedin.com\/company\/naru-servisas\/"],"logo":{"@type":"ImageObject","@id":"https:\/\/naruservisas.lt\/#logo","inLanguage":"en-US","url":"https:\/\/naruservisas.lt\/wp-content\/uploads\/2020\/07\/Nar\u0173-servisas-LOGO-JPGwhite-background.jpg","contentUrl":"https:\/\/naruservisas.lt\/wp-content\/uploads\/2020\/07\/Nar\u0173-servisas-LOGO-JPGwhite-background.jpg","width":1917,"height":1917,"caption":"Nar\u0173 servisas UAB"},"image":{"@id":"https:\/\/naruservisas.lt\/#logo"}},{"@type":"WebSite","@id":"https:\/\/naruservisas.lt\/#website","url":"https:\/\/naruservisas.lt\/","name":"Uosto infrastrukt\u016bros statyba, profesional\u016bs techniniai narai, buksyrai ir buksyravimas Klaip\u0117da, Lietuva nuo 1991 Port infrastructure construction, commercial divers, tugs &amp; towing in Klaipeda, Lithuania since 1991","description":"","publisher":{"@id":"https:\/\/naruservisas.lt\/#organization"},"potentialAction":[{"@type":"SearchAction","target":{"@type":"EntryPoint","urlTemplate":"https:\/\/naruservisas.lt\/?s={search_term_string}"},"query-input":"required name=search_term_string"}],"inLanguage":"en-US"},{"@type":"ImageObject","@id":"https:\/\/naruservisas.lt\/gdpr\/#primaryimage","inLanguage":"en-US","url":"https:\/\/naruservisas.lt\/wp-content\/uploads\/2020\/07\/Nar\u0173-servisas-LOGO_resized-JPGwhite-background-e1594505011844.jpg","contentUrl":"https:\/\/naruservisas.lt\/wp-content\/uploads\/2020\/07\/Nar\u0173-servisas-LOGO_resized-JPGwhite-background-e1594505011844.jpg","width":350,"height":350,"caption":"Nar\u0173 servisas UAB - Commercial offshore diving and seaport construction since 1991."},{"@type":"WebPage","@id":"https:\/\/naruservisas.lt\/gdpr\/#webpage","url":"https:\/\/naruservisas.lt\/gdpr\/","name":"BDAR | Uosto infrastrukt\u016bros statyba, profesional\u016bs techniniai narai, buksyrai ir buksyravimas Klaip\u0117da, Lietuva nuo 1991 Port infrastructure construction, commercial divers, tugs &amp; towing in Klaipeda, Lithuania since 1991","isPartOf":{"@id":"https:\/\/naruservisas.lt\/#website"},"primaryImageOfPage":{"@id":"https:\/\/naruservisas.lt\/gdpr\/#primaryimage"},"datePublished":"2020-07-11T23:46:05+00:00","dateModified":"2021-08-27T08:03:56+00:00","description":"Professional commercial offshore technical diving, cutting, welding, aquatorium dredging and cleaning, removal of navigational obstacles, underwater inspection with audio \/ video recording, salvage, ship\u2019s subsurface lifting, tugs, pontoons, jet monitor, floating crane &lt;50 t., rent of technical equipment and machinery, vessel and boat piers in port of Klaip\u0117da, hydro-technical port (seaport) facility construction since 1991.","breadcrumb":{"@id":"https:\/\/naruservisas.lt\/gdpr\/#breadcrumb"},"inLanguage":"en-US","potentialAction":[{"@type":"ReadAction","target":["https:\/\/naruservisas.lt\/gdpr\/"]}]},{"@type":"BreadcrumbList","@id":"https:\/\/naruservisas.lt\/gdpr\/#breadcrumb","itemListElement":[{"@type":"ListItem","position":1,"name":"Home","item":"https:\/\/naruservisas.lt\/"},{"@type":"ListItem","position":2,"name":"BDAR"}]}]}},"_links":{"self":[{"href":"https:\/\/naruservisas.lt\/lt_LT\/wp-json\/wp\/v2\/pages\/838"}],"collection":[{"href":"https:\/\/naruservisas.lt\/lt_LT\/wp-json\/wp\/v2\/pages"}],"about":[{"href":"https:\/\/naruservisas.lt\/lt_LT\/wp-json\/wp\/v2\/types\/page"}],"author":[{"embeddable":true,"href":"https:\/\/naruservisas.lt\/lt_LT\/wp-json\/wp\/v2\/users\/2"}],"replies":[{"embeddable":true,"href":"https:\/\/naruservisas.lt\/lt_LT\/wp-json\/wp\/v2\/comments?post=838"}],"version-history":[{"count":16,"href":"https:\/\/naruservisas.lt\/lt_LT\/wp-json\/wp\/v2\/pages\/838\/revisions"}],"predecessor-version":[{"id":864,"href":"https:\/\/naruservisas.lt\/lt_LT\/wp-json\/wp\/v2\/pages\/838\/revisions\/864"}],"wp:featuredmedia":[{"embeddable":true,"href":"https:\/\/naruservisas.lt\/lt_LT\/wp-json\/wp\/v2\/media\/1220"}],"wp:attachment":[{"href":"https:\/\/naruservisas.lt\/lt_LT\/wp-json\/wp\/v2\/media?parent=838"}],"curies":[{"name":"wp","href":"https:\/\/api.w.org\/{rel}","templated":true}]}}