{"id":17,"date":"2017-12-13T19:30:20","date_gmt":"2017-12-13T21:30:20","guid":{"rendered":"http:\/\/naruservisas.lt\/?page_id=17"},"modified":"2021-02-16T09:00:13","modified_gmt":"2021-02-16T11:00:13","slug":"contact","status":"publish","type":"page","link":"https:\/\/naruservisas.lt\/ru_RU\/contact\/","title":{"rendered":"\u041a\u041e\u041d\u0422\u0410\u041a\u0422\u042b"},"content":{"rendered":"<h1>Nar\u0173 servisas, UAB<\/h1>\n<p><span class=\"span-text\">\u041a\u043e\u0434 \u043f\u0440\u0435\u0434\u043f\u0440\u0438\u044f\u0442\u0438\u044f: 240153550<\/span><br \/>\n<span class=\"span-text\">\u041a\u043e\u0434 \u043f\u043b\u0430\u0442. \u041d\u0414\u0421:\u00a0LT401535515<br \/>\n\u042d\u043b. \u043f\u043e\u0447\u0442\u0430: info@naruservisas.lt<br \/>\n\u042d\u043b. \u0441\u0442\u0440\u0430\u043d\u0438\u0446\u0430: <a href=\"https:\/\/naruservisas.lt\/ru_RU\/\">https:\/\/naruservisas.lt<\/a><br \/>\n\u0414\u0438\u0440\u0435\u043a\u0442\u043e\u0440: \u0412\u043b\u0430\u0434\u0438\u043c\u0438\u0440 \u0420\u044f\u0431\u043e\u0432 <span class=\"span-text\"><br \/>\n\u041a\u043e\u043d\u0442\u0430\u043a\u0442\u043d\u043e\u0435 \u043b\u0438\u0446\u043e: \u041a\u0430\u043f\u0438\u0442\u0430\u043d \u0410\u043d\u0434\u0440\u0435\u0439 \u0420\u044f\u0431\u043e\u0432 \u0442\u0435\u043b.:<\/span> +370 652 08556 <span class=\"span-text\"><br \/>\n\u0410\u0434\u0440\u0435\u0441:<\/span>\u00a0\u0443\u043b. Bok\u0161t\u0173 14-1, \u041a\u043b\u0430\u0439\u043f\u0435\u0434\u0430 LT-92125<\/span><\/p>\n<p><a href=\"https:\/\/www.linkedin.com\/company\/naru-servisas\/\"><img loading=\"lazy\" class=\"alignnone  wp-image-799\" src=\"http:\/\/naruservisas.lt\/wp-content\/uploads\/2020\/07\/LinkedIn-logo-300x300.jpg\" alt=\"\" width=\"36\" height=\"36\" srcset=\"https:\/\/naruservisas.lt\/wp-content\/uploads\/2020\/07\/LinkedIn-logo-300x300.jpg 300w, https:\/\/naruservisas.lt\/wp-content\/uploads\/2020\/07\/LinkedIn-logo-150x150.jpg 150w, https:\/\/naruservisas.lt\/wp-content\/uploads\/2020\/07\/LinkedIn-logo-320x320.jpg 320w, https:\/\/naruservisas.lt\/wp-content\/uploads\/2020\/07\/LinkedIn-logo.jpg 551w\" sizes=\"(max-width: 36px) 100vw, 36px\" \/> linkedin.com\/company\/naru-servisas\/<\/a><br \/>\n<a href=\"https:\/\/www.facebook.com\/naruservisas.lt\/\"><img loading=\"lazy\" class=\"alignnone  wp-image-800\" src=\"http:\/\/naruservisas.lt\/wp-content\/uploads\/2020\/07\/Facebook-logo-300x300.jpg\" alt=\"\" width=\"36\" height=\"36\" srcset=\"https:\/\/naruservisas.lt\/wp-content\/uploads\/2020\/07\/Facebook-logo-300x300.jpg 300w, https:\/\/naruservisas.lt\/wp-content\/uploads\/2020\/07\/Facebook-logo-150x150.jpg 150w, https:\/\/naruservisas.lt\/wp-content\/uploads\/2020\/07\/Facebook-logo-768x767.jpg 768w, https:\/\/naruservisas.lt\/wp-content\/uploads\/2020\/07\/Facebook-logo-320x320.jpg 320w, https:\/\/naruservisas.lt\/wp-content\/uploads\/2020\/07\/Facebook-logo.jpg 850w\" sizes=\"(max-width: 36px) 100vw, 36px\" \/><\/a><a href=\"https:\/\/www.facebook.com\/naruservisas.lt\/\"> facebook.com\/naruservisas.lt\/<\/a><br \/>\n<a href=\"https:\/\/www.instagram.com\/naruservisas\/\"><img loading=\"lazy\" class=\"alignnone  wp-image-801\" src=\"http:\/\/naruservisas.lt\/wp-content\/uploads\/2020\/07\/Instagram-logo-300x300.jpg\" alt=\"\" width=\"36\" height=\"36\" srcset=\"https:\/\/naruservisas.lt\/wp-content\/uploads\/2020\/07\/Instagram-logo-300x300.jpg 300w, https:\/\/naruservisas.lt\/wp-content\/uploads\/2020\/07\/Instagram-logo-150x150.jpg 150w, https:\/\/naruservisas.lt\/wp-content\/uploads\/2020\/07\/Instagram-logo-320x320.jpg 320w, https:\/\/naruservisas.lt\/wp-content\/uploads\/2020\/07\/Instagram-logo.jpg 650w\" sizes=\"(max-width: 36px) 100vw, 36px\" \/><\/a><a href=\"https:\/\/www.instagram.com\/naruservisas\/\"> instagram.com\/naruservisas\/<\/a><\/p>\n<p>#naruservisas<\/p>\n<p>\u041e\u0444\u0444\u0438\u0441:<br \/>\n<iframe loading=\"lazy\" style=\"border: 0px initial initial;\" src=\"https:\/\/www.google.com\/maps\/embed?pb=!1m18!1m12!1m3!1d2247.595211498563!2d21.123220415929033!3d55.71340758054282!2m3!1f0!2f0!3f0!3m2!1i1024!2i768!4f13.1!3m3!1m2!1s0x46e4dbe5b781247b%3A0xd24bb24326072441!2zQm9rxaF0xbMgZy4gMTQsIEtsYWlwxJdkYSA5MjEyNQ!5e0!3m2!1sen!2slt!4v1513791124488\" width=\"600\" height=\"450\" frameborder=\"0\" allowfullscreen=\"allowfullscreen\"><\/iframe><\/p>\n<p>\u0411\u0430\u0437\u0430 \u0444\u043b\u043e\u0442\u0430:<br \/>\n<iframe loading=\"lazy\" style=\"border: 0;\" tabindex=\"0\" src=\"https:\/\/www.google.com\/maps\/embed?pb=!1m18!1m12!1m3!1d5599.926663506901!2d21.14109392432739!3d55.67968353339866!2m3!1f0!2f0!3f0!3m2!1i1024!2i768!4f13.1!3m3!1m2!1s0x46e4ddadb2fa7edf%3A0x4e3180075582ce78!2sJSC%20%22Nar%C5%B3%20servisas%22%20base%20location!5e1!3m2!1slt!2slt!4v1588860129445!5m2!1slt!2slt\" width=\"600\" height=\"450\" frameborder=\"0\" allowfullscreen=\"allowfullscreen\" aria-hidden=\"false\"><\/iframe><\/p>\n","protected":false},"excerpt":{"rendered":"<h1>Nar\u0173 servisas, UAB<\/h1>\n<p><span class=\"span-text\">\u041a\u043e\u0434 \u043f\u0440\u0435\u0434\u043f\u0440\u0438\u044f\u0442\u0438\u044f: 240153550<\/span><br \/>\n<span class=\"span-text\">\u041a\u043e\u0434 \u043f\u043b\u0430\u0442. \u041d\u0414\u0421:\u00a0LT401535515<br \/>\n\u042d\u043b. \u043f\u043e\u0447\u0442\u0430: info@naruservisas.lt<br \/>\n\u042d\u043b. \u0441\u0442\u0440\u0430\u043d\u0438\u0446\u0430: <a href=\"https:\/\/naruservisas.lt\/ru_RU\/\">https:\/\/naruservisas.lt<\/a...\n<\/p>\n","protected":false},"author":1,"featured_media":1144,"parent":0,"menu_order":0,"comment_status":"closed","ping_status":"closed","template":"","meta":[],"yoast_head":"<!-- This site is optimized with the Yoast SEO plugin v17.9 - https:\/\/yoast.com\/wordpress\/plugins\/seo\/ -->\n<title>\u041a\u041e\u041d\u0422\u0410\u041a\u0422\u042b<\/title>\n<meta name=\"description\" content=\"Nar\u0173 servisas, UAB\n\u041a\u043e\u0434 \u043f\u0440\u0435\u0434\u043f\u0440\u0438\u044f\u0442\u0438\u044f: 240153550\n\u041a\u043e\u0434 \u043f\u043b\u0430\u0442. \u041d\u0414\u0421:\u00a0LT401535515\n\u042d\u043b. \u043f\u043e\u0447\u0442\u0430: info@naruservisas.lt\n\u042d\u043b. \u0441\u0442\u0440\u0430\u043d\u0438\u0446\u0430: https:\/\/naruservisas.lt\" \/>\n<meta name=\"robots\" content=\"index, follow, max-snippet:-1, max-image-preview:large, max-video-preview:-1\" \/>\n<link rel=\"canonical\" href=\"https:\/\/naruservisas.lt\/contact\/\" \/>\n<meta property=\"og:locale\" content=\"en_US\" \/>\n<meta property=\"og:type\" content=\"article\" \/>\n<meta property=\"og:title\" content=\"\u041a\u041e\u041d\u0422\u0410\u041a\u0422\u042b\" \/>\n<meta property=\"og:description\" content=\"&lt;h1&gt;Nar\u0173 servisas, UAB&lt;\/h1&gt;\n&lt;span class=&quot;span-text&quot;&gt;\u041a\u043e\u0434 \u043f\u0440\u0435\u0434\u043f\u0440\u0438\u044f\u0442\u0438\u044f: 240153550&lt;\/span&gt;\n&lt;span class=&quot;span-text&quot;&gt;\u041a\u043e\u0434 \u043f\u043b\u0430\u0442. \u041d\u0414\u0421:\u00a0LT401535515\n\u042d\u043b. \u043f\u043e\u0447\u0442\u0430: info@naruservisas.lt\n\u042d\u043b. \u0441\u0442\u0440\u0430\u043d\u0438\u0446\u0430: &lt;a href=&quot;https:\/\/naruservisas.lt\/ru_RU\/&quot;&gt;https:\/\/naruservisas.lt&lt;\/a...\" \/>\n<meta property=\"og:url\" content=\"https:\/\/naruservisas.lt\/contact\/\" \/>\n<meta property=\"og:site_name\" content=\"Uosto infrastrukt\u016bros statyba, profesional\u016bs techniniai narai, buksyrai ir buksyravimas Klaip\u0117da, Lietuva nuo 1991 Port infrastructure construction, commercial divers, tugs &amp; towing in Klaipeda, Lithuania since 1991\" \/>\n<meta property=\"article:publisher\" content=\"https:\/\/www.facebook.com\/naruservisas.lt\/\" \/>\n<meta property=\"article:modified_time\" content=\"2021-02-16T11:00:13+00:00\" \/>\n<meta property=\"og:image\" content=\"https:\/\/naruservisas.lt\/wp-content\/uploads\/2020\/07\/Archive-NS-mv-STAR-TRADER-2-vibrance-white-scaled.jpg\" \/>\n\t<meta property=\"og:image:width\" content=\"2560\" \/>\n\t<meta property=\"og:image:height\" content=\"1484\" \/>\n\t<meta property=\"og:image:type\" content=\"image\/jpeg\" \/>\n<meta name=\"twitter:card\" content=\"summary_large_image\" \/>\n<script type=\"application\/ld+json\" class=\"yoast-schema-graph\">{\"@context\":\"https:\/\/schema.org\",\"@graph\":[{\"@type\":\"Organization\",\"@id\":\"https:\/\/naruservisas.lt\/#organization\",\"name\":\"Nar\\u0173 servisas UAB\",\"url\":\"https:\/\/naruservisas.lt\/\",\"sameAs\":[\"https:\/\/www.facebook.com\/naruservisas.lt\/\",\"https:\/\/www.instagram.com\/naruservisas\/\",\"https:\/\/www.linkedin.com\/company\/naru-servisas\/\"],\"logo\":{\"@type\":\"ImageObject\",\"@id\":\"https:\/\/naruservisas.lt\/#logo\",\"inLanguage\":\"en-US\",\"url\":\"https:\/\/naruservisas.lt\/wp-content\/uploads\/2020\/07\/Nar\\u0173-servisas-LOGO-JPGwhite-background.jpg\",\"contentUrl\":\"https:\/\/naruservisas.lt\/wp-content\/uploads\/2020\/07\/Nar\\u0173-servisas-LOGO-JPGwhite-background.jpg\",\"width\":1917,\"height\":1917,\"caption\":\"Nar\\u0173 servisas UAB\"},\"image\":{\"@id\":\"https:\/\/naruservisas.lt\/#logo\"}},{\"@type\":\"WebSite\",\"@id\":\"https:\/\/naruservisas.lt\/#website\",\"url\":\"https:\/\/naruservisas.lt\/\",\"name\":\"Uosto infrastrukt\\u016bros statyba, profesional\\u016bs techniniai narai, buksyrai ir buksyravimas Klaip\\u0117da, Lietuva nuo 1991 Port infrastructure construction, commercial divers, tugs &amp; towing in Klaipeda, Lithuania since 1991\",\"description\":\"\",\"publisher\":{\"@id\":\"https:\/\/naruservisas.lt\/#organization\"},\"potentialAction\":[{\"@type\":\"SearchAction\",\"target\":{\"@type\":\"EntryPoint\",\"urlTemplate\":\"https:\/\/naruservisas.lt\/?s={search_term_string}\"},\"query-input\":\"required name=search_term_string\"}],\"inLanguage\":\"en-US\"},{\"@type\":\"ImageObject\",\"@id\":\"https:\/\/naruservisas.lt\/contact\/#primaryimage\",\"inLanguage\":\"en-US\",\"url\":\"https:\/\/naruservisas.lt\/wp-content\/uploads\/2020\/07\/Archive-NS-mv-STAR-TRADER-2-vibrance-white-scaled.jpg\",\"contentUrl\":\"https:\/\/naruservisas.lt\/wp-content\/uploads\/2020\/07\/Archive-NS-mv-STAR-TRADER-2-vibrance-white-scaled.jpg\",\"width\":2560,\"height\":1484},{\"@type\":\"WebPage\",\"@id\":\"https:\/\/naruservisas.lt\/contact\/#webpage\",\"url\":\"https:\/\/naruservisas.lt\/contact\/\",\"name\":\"KONTAKTAI | Uosto infrastrukt\\u016bros statyba, profesional\\u016bs techniniai narai, buksyrai ir buksyravimas Klaip\\u0117da, Lietuva nuo 1991 Port infrastructure construction, commercial divers, tugs &amp; towing in Klaipeda, Lithuania since 1991\",\"isPartOf\":{\"@id\":\"https:\/\/naruservisas.lt\/#website\"},\"primaryImageOfPage\":{\"@id\":\"https:\/\/naruservisas.lt\/contact\/#primaryimage\"},\"datePublished\":\"2017-12-13T21:30:20+00:00\",\"dateModified\":\"2021-02-16T11:00:13+00:00\",\"description\":\"Professional commercial offshore technical diving, cutting, welding, aquatorium dredging and cleaning, removal of navigational obstacles, underwater inspection with audio \/ video recording, salvage, ship\\u2019s subsurface lifting, tugs, pontoons, jet monitor, floating crane &lt;50 t., rent of technical equipment and machinery, vessel and boat piers in port of Klaip\\u0117da, hydro-technical port (seaport) facility construction since 1991.\",\"breadcrumb\":{\"@id\":\"https:\/\/naruservisas.lt\/contact\/#breadcrumb\"},\"inLanguage\":\"en-US\",\"potentialAction\":[{\"@type\":\"ReadAction\",\"target\":[\"https:\/\/naruservisas.lt\/contact\/\"]}]},{\"@type\":\"BreadcrumbList\",\"@id\":\"https:\/\/naruservisas.lt\/contact\/#breadcrumb\",\"itemListElement\":[{\"@type\":\"ListItem\",\"position\":1,\"name\":\"Home\",\"item\":\"https:\/\/naruservisas.lt\/\"},{\"@type\":\"ListItem\",\"position\":2,\"name\":\"KONTAKTAI\"}]}]}<\/script>\n<!-- \/ Yoast SEO plugin. -->","yoast_head_json":{"title":"\u041a\u041e\u041d\u0422\u0410\u041a\u0422\u042b","description":"Nar\u0173 servisas, UAB\n\u041a\u043e\u0434 \u043f\u0440\u0435\u0434\u043f\u0440\u0438\u044f\u0442\u0438\u044f: 240153550\n\u041a\u043e\u0434 \u043f\u043b\u0430\u0442. \u041d\u0414\u0421:\u00a0LT401535515\n\u042d\u043b. \u043f\u043e\u0447\u0442\u0430: info@naruservisas.lt\n\u042d\u043b. \u0441\u0442\u0440\u0430\u043d\u0438\u0446\u0430: https:\/\/naruservisas.lt","robots":{"index":"index","follow":"follow","max-snippet":"max-snippet:-1","max-image-preview":"max-image-preview:large","max-video-preview":"max-video-preview:-1"},"canonical":"https:\/\/naruservisas.lt\/contact\/","og_locale":"en_US","og_type":"article","og_title":"\u041a\u041e\u041d\u0422\u0410\u041a\u0422\u042b","og_description":"<h1>Nar\u0173 servisas, UAB<\/h1>\n<span class=\"span-text\">\u041a\u043e\u0434 \u043f\u0440\u0435\u0434\u043f\u0440\u0438\u044f\u0442\u0438\u044f: 240153550<\/span>\n<span class=\"span-text\">\u041a\u043e\u0434 \u043f\u043b\u0430\u0442. \u041d\u0414\u0421:\u00a0LT401535515\n\u042d\u043b. \u043f\u043e\u0447\u0442\u0430: info@naruservisas.lt\n\u042d\u043b. \u0441\u0442\u0440\u0430\u043d\u0438\u0446\u0430: <a href=\"https:\/\/naruservisas.lt\/ru_RU\/\">https:\/\/naruservisas.lt<\/a...","og_url":"https:\/\/naruservisas.lt\/contact\/","og_site_name":"Uosto infrastrukt\u016bros statyba, profesional\u016bs techniniai narai, buksyrai ir buksyravimas Klaip\u0117da, Lietuva nuo 1991 Port infrastructure construction, commercial divers, tugs &amp; towing in Klaipeda, Lithuania since 1991","article_publisher":"https:\/\/www.facebook.com\/naruservisas.lt\/","article_modified_time":"2021-02-16T11:00:13+00:00","og_image":[{"width":2560,"height":1484,"url":"https:\/\/naruservisas.lt\/wp-content\/uploads\/2020\/07\/Archive-NS-mv-STAR-TRADER-2-vibrance-white-scaled.jpg","type":"image\/jpeg"}],"twitter_card":"summary_large_image","schema":{"@context":"https:\/\/schema.org","@graph":[{"@type":"Organization","@id":"https:\/\/naruservisas.lt\/#organization","name":"Nar\u0173 servisas UAB","url":"https:\/\/naruservisas.lt\/","sameAs":["https:\/\/www.facebook.com\/naruservisas.lt\/","https:\/\/www.instagram.com\/naruservisas\/","https:\/\/www.linkedin.com\/company\/naru-servisas\/"],"logo":{"@type":"ImageObject","@id":"https:\/\/naruservisas.lt\/#logo","inLanguage":"en-US","url":"https:\/\/naruservisas.lt\/wp-content\/uploads\/2020\/07\/Nar\u0173-servisas-LOGO-JPGwhite-background.jpg","contentUrl":"https:\/\/naruservisas.lt\/wp-content\/uploads\/2020\/07\/Nar\u0173-servisas-LOGO-JPGwhite-background.jpg","width":1917,"height":1917,"caption":"Nar\u0173 servisas UAB"},"image":{"@id":"https:\/\/naruservisas.lt\/#logo"}},{"@type":"WebSite","@id":"https:\/\/naruservisas.lt\/#website","url":"https:\/\/naruservisas.lt\/","name":"Uosto infrastrukt\u016bros statyba, profesional\u016bs techniniai narai, buksyrai ir buksyravimas Klaip\u0117da, Lietuva nuo 1991 Port infrastructure construction, commercial divers, tugs &amp; towing in Klaipeda, Lithuania since 1991","description":"","publisher":{"@id":"https:\/\/naruservisas.lt\/#organization"},"potentialAction":[{"@type":"SearchAction","target":{"@type":"EntryPoint","urlTemplate":"https:\/\/naruservisas.lt\/?s={search_term_string}"},"query-input":"required name=search_term_string"}],"inLanguage":"en-US"},{"@type":"ImageObject","@id":"https:\/\/naruservisas.lt\/contact\/#primaryimage","inLanguage":"en-US","url":"https:\/\/naruservisas.lt\/wp-content\/uploads\/2020\/07\/Archive-NS-mv-STAR-TRADER-2-vibrance-white-scaled.jpg","contentUrl":"https:\/\/naruservisas.lt\/wp-content\/uploads\/2020\/07\/Archive-NS-mv-STAR-TRADER-2-vibrance-white-scaled.jpg","width":2560,"height":1484},{"@type":"WebPage","@id":"https:\/\/naruservisas.lt\/contact\/#webpage","url":"https:\/\/naruservisas.lt\/contact\/","name":"KONTAKTAI | Uosto infrastrukt\u016bros statyba, profesional\u016bs techniniai narai, buksyrai ir buksyravimas Klaip\u0117da, Lietuva nuo 1991 Port infrastructure construction, commercial divers, tugs &amp; towing in Klaipeda, Lithuania since 1991","isPartOf":{"@id":"https:\/\/naruservisas.lt\/#website"},"primaryImageOfPage":{"@id":"https:\/\/naruservisas.lt\/contact\/#primaryimage"},"datePublished":"2017-12-13T21:30:20+00:00","dateModified":"2021-02-16T11:00:13+00:00","description":"Professional commercial offshore technical diving, cutting, welding, aquatorium dredging and cleaning, removal of navigational obstacles, underwater inspection with audio \/ video recording, salvage, ship\u2019s subsurface lifting, tugs, pontoons, jet monitor, floating crane &lt;50 t., rent of technical equipment and machinery, vessel and boat piers in port of Klaip\u0117da, hydro-technical port (seaport) facility construction since 1991.","breadcrumb":{"@id":"https:\/\/naruservisas.lt\/contact\/#breadcrumb"},"inLanguage":"en-US","potentialAction":[{"@type":"ReadAction","target":["https:\/\/naruservisas.lt\/contact\/"]}]},{"@type":"BreadcrumbList","@id":"https:\/\/naruservisas.lt\/contact\/#breadcrumb","itemListElement":[{"@type":"ListItem","position":1,"name":"Home","item":"https:\/\/naruservisas.lt\/"},{"@type":"ListItem","position":2,"name":"KONTAKTAI"}]}]}},"_links":{"self":[{"href":"https:\/\/naruservisas.lt\/ru_RU\/wp-json\/wp\/v2\/pages\/17"}],"collection":[{"href":"https:\/\/naruservisas.lt\/ru_RU\/wp-json\/wp\/v2\/pages"}],"about":[{"href":"https:\/\/naruservisas.lt\/ru_RU\/wp-json\/wp\/v2\/types\/page"}],"author":[{"embeddable":true,"href":"https:\/\/naruservisas.lt\/ru_RU\/wp-json\/wp\/v2\/users\/1"}],"replies":[{"embeddable":true,"href":"https:\/\/naruservisas.lt\/ru_RU\/wp-json\/wp\/v2\/comments?post=17"}],"version-history":[{"count":83,"href":"https:\/\/naruservisas.lt\/ru_RU\/wp-json\/wp\/v2\/pages\/17\/revisions"}],"predecessor-version":[{"id":1209,"href":"https:\/\/naruservisas.lt\/ru_RU\/wp-json\/wp\/v2\/pages\/17\/revisions\/1209"}],"wp:featuredmedia":[{"embeddable":true,"href":"https:\/\/naruservisas.lt\/ru_RU\/wp-json\/wp\/v2\/media\/1144"}],"wp:attachment":[{"href":"https:\/\/naruservisas.lt\/ru_RU\/wp-json\/wp\/v2\/media?parent=17"}],"curies":[{"name":"wp","href":"https:\/\/api.w.org\/{rel}","templated":true}]}}