{"id":29,"date":"2017-12-13T19:49:34","date_gmt":"2017-12-13T21:49:34","guid":{"rendered":"http:\/\/naruservisas.lt\/?page_id=29"},"modified":"2020-07-14T07:41:12","modified_gmt":"2020-07-14T09:41:12","slug":"services","status":"publish","type":"page","link":"https:\/\/naruservisas.lt\/ru_RU\/services\/","title":{"rendered":"\u041d\u0430\u0448\u0438 \u0443\u0441\u043b\u0443\u0433\u0438"},"content":{"rendered":"<p><strong><u>Nar\u0173 servisas \u0417\u0410\u041e \u043f\u0440\u0435\u0434\u043e\u0441\u0442\u0430\u0432\u043b\u044f\u0435\u0442 \u0441\u043b\u0435\u0434\u0443\u044e\u0449\u0438\u0435 \u0443\u0441\u043b\u0443\u0433\u0438<\/u><\/strong><strong>:<\/strong><\/p>\n<ul>\n<li>\u041f\u0440\u043e\u0444\u0435\u0441\u0441\u0438\u043e\u043d\u0430\u043b\u044c\u043d\u044b\u0435 \u043f\u043e\u0434\u0432\u043e\u0434\u043d\u044b\u0435 \u0442\u0435\u0445\u043d\u0438\u0447\u0435\u0441\u043a\u0438\u0435 \u0440\u0430\u0431\u043e\u0442\u044b: \u0440\u0435\u0437\u043a\u0430, \u0441\u0432\u0430\u0440\u043a\u0430, \u0432\u043e\u0434\u043e\u043b\u0430\u0437\u043d\u044b\u0439 \u0441\u0435\u0440\u0432\u0438\u0441 \u0438 \u043e\u0431\u0441\u043b\u0443\u0436\u0438\u0432\u0430\u043d\u0438\u0435;<\/li>\n<li>\u0433\u0438\u0434\u0440\u043e\u0442\u0435\u0445\u043d\u0438\u0447\u0435\u0441\u043a\u0438\u0435 \u0441\u0442\u0440\u043e\u0438\u0442\u0435\u043b\u044c\u043d\u044b\u0435 \u0440\u0430\u0431\u043e\u0442\u044b;<\/li>\n<li>\u0440\u0430\u0431\u043e\u0442\u044b \u043f\u043e \u0443\u0433\u043b\u0443\u0431\u043b\u0435\u043d\u0438\u044e \u0438 \u0447\u0438\u0441\u0442\u043a\u0438 \u0434\u043d\u0430 \u0430\u043a\u0432\u0430\u0442\u043e\u0440\u0438\u0438, \u0433\u0438\u0434\u0440\u043e\u043c\u043e\u043d\u0438\u0442\u043e\u0440;<\/li>\n<li>\u043f\u043b\u0430\u0432. \u043a\u0440\u0430\u043d &lt;50 \u0442., \u0443\u0434\u0430\u043b\u0435\u043d\u0438\u0435 \u043d\u0430\u0432\u0438\u0433\u0430\u0446\u0438\u043e\u043d\u043d\u044b\u0445 \u0431\u0430\u0440\u044c\u0435\u0440\u043e\u0432;<\/li>\n<li>\u043f\u043e\u0434\u0432\u043e\u0434\u043d\u044b\u0435 \u043e\u0441\u043c\u043e\u0442\u0440\u044b \u0441 \u0430\u0443\u0434\u0438\u043e\/\u0432\u0438\u0434\u0435\u043e \u0437\u0430\u043f\u0438\u0441\u044c\u044e;<\/li>\n<li>\u0430\u0432\u0430\u0440\u0438\u0439\u043d\u043e-\u0441\u043f\u0430\u0441\u0430\u0442\u0435\u043b\u044c\u043d\u044b\u0435 \u0440\u0430\u0431\u043e\u0442\u044b, \u043f\u043e\u0434\u044a\u0435\u043c \u0441\u0443\u0434\u043e\u0432 \u0438 \u043b\u043e\u0434\u043e\u043a (\u0441\u0443\u0434\u043e\u043f\u043e\u0434\u044a\u0451\u043c), \u0432\u044b\u0442\u044f\u0433\u0438\u0432\u0430\u043d\u0438\u0435 \u0441 \u043c\u0435\u043b\u0438, \u0441\u043f\u0430\u0441\u0435\u043d\u0438\u0435 \u043d\u0430 \u0432\u043e\u0434\u0435, \u0443\u0441\u043b\u0443\u0433\u0438 \u0431\u0443\u043a\u0441\u0438\u0440\u043e\u0432\u043a\u0438;<\/li>\n<li>\u0430\u0440\u0435\u043d\u0434\u0430 \u0442\u0435\u0445\u043d\u0438\u043a\u0438 \u0438 \u043e\u0431\u043e\u0440\u0443\u0434\u043e\u0432\u0430\u043d\u0438\u044f;<\/li>\n<li>\u0441\u0442\u0440\u043e\u0438\u0442\u0435\u043b\u044c\u0441\u0442\u0432\u043e \u0438 \u0440\u0435\u043a\u043e\u043d\u0441\u0442\u0440\u0443\u043a\u0446\u0438\u044f \u0441\u043f\u0435\u0446\u0438\u0430\u043b\u044c\u043d\u044b\u0445 \u0441\u043e\u043e\u0440\u0443\u0436\u0435\u043d\u0438\u0439 \u043c\u043e\u0440\u0441\u043a\u0438\u0445 \u043f\u043e\u0440\u0442\u043e\u0432 \u0441 1991 \u0433\u043e\u0434\u0430.<\/li>\n<\/ul>\n<p>\u041d\u0430\u0448\u0430 \u043a\u043e\u043c\u043f\u0430\u043d\u0438\u044f \u0438\u043c\u0435\u0435\u0442 \u043b\u0438\u0446\u0435\u043d\u0437\u0438\u044e \u043d\u0430 \u043f\u0440\u043e\u0438\u0437\u0432\u043e\u0434\u0441\u0442\u0432\u043e \u0432\u043e\u0434\u043e\u043b\u0430\u0437\u043d\u044b\u0445 \u0438 \u0441\u043f\u0430\u0441\u0430\u0442\u0435\u043b\u044c\u043d\u044b\u0445 \u0440\u0430\u0431\u043e\u0442, \u0432\u044b\u043f\u043e\u043b\u043d\u044f\u0435\u0442 \u0441\u043b\u0435\u0434\u0443\u044e\u0449\u0438\u0435 \u0432\u0438\u0434\u044b \u043f\u043e\u0434\u0432\u043e\u0434\u043d\u044b\u0445 \u0433\u0438\u0434\u0440\u043e\u0442\u0435\u0445\u043d\u0438\u0447\u0435\u0441\u043a\u0438\u0445 \u0440\u0430\u0431\u043e\u0442 \u043d\u0430 \u0433\u043b\u0443\u0431\u0438\u043d\u0435 \u0434\u043e 60 \u043c.:<\/p>\n<ul>\n<li>\u041f\u043e\u0438\u0441\u043a \u0438 \u043f\u043e\u0434\u044a\u0451\u043c \u0437\u0430\u0442\u043e\u043d\u0443\u0432\u0448\u0438\u0445 \u043e\u0431\u044a\u0435\u043a\u0442\u043e\u0432;<\/li>\n<li>\u041e\u0431\u0441\u043b\u0435\u0434\u043e\u0432\u0430\u043d\u0438\u0435 \u0438 \u0440\u0435\u043c\u043e\u043d\u0442 \u0433\u0438\u0434\u0440\u043e\u0442\u0435\u0445\u043d\u0438\u0447\u0435\u0441\u043a\u0438\u0445 \u0441\u043e\u043e\u0440\u0443\u0436\u0435\u043d\u0438\u0439;<\/li>\n<li>\u041f\u043e\u0434\u0432\u043e\u0434\u043d\u043e\u0435 \u0431\u0435\u0442\u043e\u043d\u0438\u0440\u043e\u0432\u0430\u043d\u0438\u0435;<\/li>\n<li>\u041f\u043e\u0434\u0432\u043e\u0434\u043d\u0430\u044f \u0441\u0432\u0430\u0440\u043a\u0430-\u0440\u0435\u0437\u043a\u0430 \u043c\u0435\u0442\u0430\u043b\u043b\u0430;<\/li>\n<li>\u0422\u0430\u043a\u0435\u043b\u0430\u0436\u043d\u043e-\u043c\u043e\u043d\u0442\u0430\u0436\u043d\u044b\u0435 \u0440\u0430\u0431\u043e\u0442\u044b;<\/li>\n<li>\u0421\u0443\u0434\u043e\u0440\u0435\u043c\u043e\u043d\u0442\u043d\u044b\u0435 \u0432\u043e\u0434\u043e\u043b\u0430\u0437\u043d\u044b\u0435 \u0440\u0430\u0431\u043e\u0442\u044b.<\/li>\n<\/ul>\n","protected":false},"excerpt":{"rendered":"<p><strong><u>Nar\u0173 servisas \u0417\u0410\u041e \u043f\u0440\u0435\u0434\u043e\u0441\u0442\u0430\u0432\u043b\u044f\u0435\u0442 \u0441\u043b\u0435\u0434\u0443\u044e\u0449\u0438\u0435 \u0443\u0441\u043b\u0443\u0433\u0438<\/u><\/strong><strong>:<\/strong><\/p>\n<ul>\n<li>\u041f\u0440\u043e\u0444\u0435\u0441\u0441\u0438\u043e\u043d\u0430\u043b\u044c\u043d\u044b\u0435 \u043f\u043e\u0434\u0432\u043e\u0434\u043d\u044b\u0435 \u0442\u0435\u0445\u043d\u0438\u0447\u0435\u0441\u043a\u0438\u0435 \u0440\u0430\u0431\u043e\u0442\u044b: \u0440\u0435\u0437\u043a\u0430, \u0441\u0432\u0430\u0440\u043a\u0430, \u0432\u043e\u0434\u043e\u043b\u0430\u0437\u043d\u044b\u0439 \u0441\u0435\u0440\u0432\u0438\u0441 \u0438 \u043e\u0431\u0441\u043b\u0443\u0436\u0438\u0432\u0430\u043d\u0438\u0435;<\/li>\n<li>\u0433\u0438\u0434\u0440\u043e\u0442\u0435\u0445\u043d\u0438\u0447\u0435\u0441\u043a\u0438\u0435 \u0441\u0442\u0440\u043e\u0438\u0442\u0435\u043b\u044c\u043d\u044b\u0435 \u0440\u0430\u0431\u043e\u0442\u044b;<... \n<br \/>\n","protected":false},"author":1,"featured_media":745,"parent":0,"menu_order":0,"comment_status":"closed","ping_status":"closed","template":"","meta":[],"yoast_head":"<!-- This site is optimized with the Yoast SEO plugin v17.9 - https:\/\/yoast.com\/wordpress\/plugins\/seo\/ -->\n<title>\u041d\u0430\u0448\u0438 \u0443\u0441\u043b\u0443\u0433\u0438<\/title>\n<meta name=\"description\" content=\"Nar\u0173 servisas \u0417\u0410\u041e \u043f\u0440\u0435\u0434\u043e\u0441\u0442\u0430\u0432\u043b\u044f\u0435\u0442 \u0441\u043b\u0435\u0434\u0443\u044e\u0449\u0438\u0435 \u0443\u0441\u043b\u0443\u0433\u0438:\r\n\r\n \t\u041f\u0440\u043e\u0444\u0435\u0441\u0441\u0438\u043e\u043d\u0430\u043b\u044c\u043d\u044b\u0435 \u043f\u043e\u0434\u0432\u043e\u0434\u043d\u044b\u0435 \u0442\u0435\u0445\u043d\u0438\u0447\u0435\u0441\u043a\u0438\u0435 \u0440\u0430\u0431\u043e\u0442\u044b: \u0440\u0435\u0437\u043a\u0430, \u0441\u0432\u0430\u0440\u043a\u0430, \u0432\u043e\u0434\u043e\u043b\u0430\u0437\u043d\u044b\u0439 \u0441\u0435\u0440\u0432\u0438\u0441 \u0438 \u043e\u0431\u0441\u043b\u0443\u0436\u0438\u0432\u0430\u043d\u0438\u0435;\r\n \t\u0433\u0438\u0434\u0440\u043e\u0442\u0435\u0445\u043d\u0438\u0447\u0435\u0441\u043a\u0438\u0435 \u0441\u0442\u0440\u043e\u0438\u0442\u0435\u043b\u044c\u043d\u044b\u0435 \u0440\u0430\u0431\u043e\u0442\u044b;\" \/>\n<meta name=\"robots\" content=\"index, follow, max-snippet:-1, max-image-preview:large, max-video-preview:-1\" \/>\n<link rel=\"canonical\" href=\"https:\/\/naruservisas.lt\/services\/\" \/>\n<meta property=\"og:locale\" content=\"en_US\" \/>\n<meta property=\"og:type\" content=\"article\" \/>\n<meta property=\"og:title\" content=\"\u041d\u0430\u0448\u0438 \u0443\u0441\u043b\u0443\u0433\u0438\" \/>\n<meta property=\"og:description\" content=\"&lt;strong&gt;&lt;u&gt;Nar\u0173 servisas \u0417\u0410\u041e \u043f\u0440\u0435\u0434\u043e\u0441\u0442\u0430\u0432\u043b\u044f\u0435\u0442 \u0441\u043b\u0435\u0434\u0443\u044e\u0449\u0438\u0435 \u0443\u0441\u043b\u0443\u0433\u0438&lt;\/u&gt;&lt;\/strong&gt;&lt;strong&gt;:&lt;\/strong&gt;\r\n&lt;ul&gt;\r\n \t&lt;li&gt;\u041f\u0440\u043e\u0444\u0435\u0441\u0441\u0438\u043e\u043d\u0430\u043b\u044c\u043d\u044b\u0435 \u043f\u043e\u0434\u0432\u043e\u0434\u043d\u044b\u0435 \u0442\u0435\u0445\u043d\u0438\u0447\u0435\u0441\u043a\u0438\u0435 \u0440\u0430\u0431\u043e\u0442\u044b: \u0440\u0435\u0437\u043a\u0430, \u0441\u0432\u0430\u0440\u043a\u0430, \u0432\u043e\u0434\u043e\u043b\u0430\u0437\u043d\u044b\u0439 \u0441\u0435\u0440\u0432\u0438\u0441 \u0438 \u043e\u0431\u0441\u043b\u0443\u0436\u0438\u0432\u0430\u043d\u0438\u0435;&lt;\/li&gt;\r\n \t&lt;li&gt;\u0433\u0438\u0434\u0440\u043e\u0442\u0435\u0445\u043d\u0438\u0447\u0435\u0441\u043a\u0438\u0435 \u0441\u0442\u0440\u043e\u0438\u0442\u0435\u043b\u044c\u043d\u044b\u0435 \u0440\u0430\u0431\u043e\u0442\u044b;&lt;...\" \/>\n<meta property=\"og:url\" content=\"https:\/\/naruservisas.lt\/services\/\" \/>\n<meta property=\"og:site_name\" content=\"Uosto infrastrukt\u016bros statyba, profesional\u016bs techniniai narai, buksyrai ir buksyravimas Klaip\u0117da, Lietuva nuo 1991 Port infrastructure construction, commercial divers, tugs &amp; towing in Klaipeda, Lithuania since 1991\" \/>\n<meta property=\"article:publisher\" content=\"https:\/\/www.facebook.com\/naruservisas.lt\/\" \/>\n<meta property=\"article:modified_time\" content=\"2020-07-14T09:41:12+00:00\" \/>\n<meta property=\"og:image\" content=\"https:\/\/naruservisas.lt\/wp-content\/uploads\/2020\/07\/Palanga-May2020-scaled.jpg\" \/>\n\t<meta property=\"og:image:width\" content=\"2560\" \/>\n\t<meta property=\"og:image:height\" content=\"1414\" \/>\n\t<meta property=\"og:image:type\" content=\"image\/jpeg\" \/>\n<meta name=\"twitter:card\" content=\"summary_large_image\" \/>\n<meta name=\"twitter:label1\" content=\"Est. reading time\" \/>\n\t<meta name=\"twitter:data1\" content=\"1 minute\" \/>\n<script type=\"application\/ld+json\" class=\"yoast-schema-graph\">{\"@context\":\"https:\/\/schema.org\",\"@graph\":[{\"@type\":\"Organization\",\"@id\":\"https:\/\/naruservisas.lt\/#organization\",\"name\":\"Nar\\u0173 servisas UAB\",\"url\":\"https:\/\/naruservisas.lt\/\",\"sameAs\":[\"https:\/\/www.facebook.com\/naruservisas.lt\/\",\"https:\/\/www.instagram.com\/naruservisas\/\",\"https:\/\/www.linkedin.com\/company\/naru-servisas\/\"],\"logo\":{\"@type\":\"ImageObject\",\"@id\":\"https:\/\/naruservisas.lt\/#logo\",\"inLanguage\":\"en-US\",\"url\":\"https:\/\/naruservisas.lt\/wp-content\/uploads\/2020\/07\/Nar\\u0173-servisas-LOGO-JPGwhite-background.jpg\",\"contentUrl\":\"https:\/\/naruservisas.lt\/wp-content\/uploads\/2020\/07\/Nar\\u0173-servisas-LOGO-JPGwhite-background.jpg\",\"width\":1917,\"height\":1917,\"caption\":\"Nar\\u0173 servisas UAB\"},\"image\":{\"@id\":\"https:\/\/naruservisas.lt\/#logo\"}},{\"@type\":\"WebSite\",\"@id\":\"https:\/\/naruservisas.lt\/#website\",\"url\":\"https:\/\/naruservisas.lt\/\",\"name\":\"Uosto infrastrukt\\u016bros statyba, profesional\\u016bs techniniai narai, buksyrai ir buksyravimas Klaip\\u0117da, Lietuva nuo 1991 Port infrastructure construction, commercial divers, tugs &amp; towing in Klaipeda, Lithuania since 1991\",\"description\":\"\",\"publisher\":{\"@id\":\"https:\/\/naruservisas.lt\/#organization\"},\"potentialAction\":[{\"@type\":\"SearchAction\",\"target\":{\"@type\":\"EntryPoint\",\"urlTemplate\":\"https:\/\/naruservisas.lt\/?s={search_term_string}\"},\"query-input\":\"required name=search_term_string\"}],\"inLanguage\":\"en-US\"},{\"@type\":\"ImageObject\",\"@id\":\"https:\/\/naruservisas.lt\/services\/#primaryimage\",\"inLanguage\":\"en-US\",\"url\":\"https:\/\/naruservisas.lt\/wp-content\/uploads\/2020\/07\/Palanga-May2020-scaled.jpg\",\"contentUrl\":\"https:\/\/naruservisas.lt\/wp-content\/uploads\/2020\/07\/Palanga-May2020-scaled.jpg\",\"width\":2560,\"height\":1414},{\"@type\":\"WebPage\",\"@id\":\"https:\/\/naruservisas.lt\/services\/#webpage\",\"url\":\"https:\/\/naruservisas.lt\/services\/\",\"name\":\"Paslaugos | Uosto infrastrukt\\u016bros statyba, profesional\\u016bs techniniai narai, buksyrai ir buksyravimas Klaip\\u0117da, Lietuva nuo 1991 Port infrastructure construction, commercial divers, tugs &amp; towing in Klaipeda, Lithuania since 1991\",\"isPartOf\":{\"@id\":\"https:\/\/naruservisas.lt\/#website\"},\"primaryImageOfPage\":{\"@id\":\"https:\/\/naruservisas.lt\/services\/#primaryimage\"},\"datePublished\":\"2017-12-13T21:49:34+00:00\",\"dateModified\":\"2020-07-14T09:41:12+00:00\",\"description\":\"Professional commercial offshore technical diving, cutting, welding, aquatorium dredging and cleaning, removal of navigational obstacles, underwater inspection with audio \/ video recording, salvage, ship\\u2019s subsurface lifting, tugs, pontoons, jet monitor, floating crane &lt;50 t., rent of technical equipment and machinery, vessel and boat piers in port of Klaip\\u0117da, hydro-technical port (seaport) facility construction since 1991.\",\"breadcrumb\":{\"@id\":\"https:\/\/naruservisas.lt\/services\/#breadcrumb\"},\"inLanguage\":\"en-US\",\"potentialAction\":[{\"@type\":\"ReadAction\",\"target\":[\"https:\/\/naruservisas.lt\/services\/\"]}]},{\"@type\":\"BreadcrumbList\",\"@id\":\"https:\/\/naruservisas.lt\/services\/#breadcrumb\",\"itemListElement\":[{\"@type\":\"ListItem\",\"position\":1,\"name\":\"Home\",\"item\":\"https:\/\/naruservisas.lt\/\"},{\"@type\":\"ListItem\",\"position\":2,\"name\":\"Paslaugos\"}]}]}<\/script>\n<!-- \/ Yoast SEO plugin. -->","yoast_head_json":{"title":"\u041d\u0430\u0448\u0438 \u0443\u0441\u043b\u0443\u0433\u0438","description":"Nar\u0173 servisas \u0417\u0410\u041e \u043f\u0440\u0435\u0434\u043e\u0441\u0442\u0430\u0432\u043b\u044f\u0435\u0442 \u0441\u043b\u0435\u0434\u0443\u044e\u0449\u0438\u0435 \u0443\u0441\u043b\u0443\u0433\u0438:\r\n\r\n \t\u041f\u0440\u043e\u0444\u0435\u0441\u0441\u0438\u043e\u043d\u0430\u043b\u044c\u043d\u044b\u0435 \u043f\u043e\u0434\u0432\u043e\u0434\u043d\u044b\u0435 \u0442\u0435\u0445\u043d\u0438\u0447\u0435\u0441\u043a\u0438\u0435 \u0440\u0430\u0431\u043e\u0442\u044b: \u0440\u0435\u0437\u043a\u0430, \u0441\u0432\u0430\u0440\u043a\u0430, \u0432\u043e\u0434\u043e\u043b\u0430\u0437\u043d\u044b\u0439 \u0441\u0435\u0440\u0432\u0438\u0441 \u0438 \u043e\u0431\u0441\u043b\u0443\u0436\u0438\u0432\u0430\u043d\u0438\u0435;\r\n \t\u0433\u0438\u0434\u0440\u043e\u0442\u0435\u0445\u043d\u0438\u0447\u0435\u0441\u043a\u0438\u0435 \u0441\u0442\u0440\u043e\u0438\u0442\u0435\u043b\u044c\u043d\u044b\u0435 \u0440\u0430\u0431\u043e\u0442\u044b;","robots":{"index":"index","follow":"follow","max-snippet":"max-snippet:-1","max-image-preview":"max-image-preview:large","max-video-preview":"max-video-preview:-1"},"canonical":"https:\/\/naruservisas.lt\/services\/","og_locale":"en_US","og_type":"article","og_title":"\u041d\u0430\u0448\u0438 \u0443\u0441\u043b\u0443\u0433\u0438","og_description":"<strong><u>Nar\u0173 servisas \u0417\u0410\u041e \u043f\u0440\u0435\u0434\u043e\u0441\u0442\u0430\u0432\u043b\u044f\u0435\u0442 \u0441\u043b\u0435\u0434\u0443\u044e\u0449\u0438\u0435 \u0443\u0441\u043b\u0443\u0433\u0438<\/u><\/strong><strong>:<\/strong>\r\n<ul>\r\n \t<li>\u041f\u0440\u043e\u0444\u0435\u0441\u0441\u0438\u043e\u043d\u0430\u043b\u044c\u043d\u044b\u0435 \u043f\u043e\u0434\u0432\u043e\u0434\u043d\u044b\u0435 \u0442\u0435\u0445\u043d\u0438\u0447\u0435\u0441\u043a\u0438\u0435 \u0440\u0430\u0431\u043e\u0442\u044b: \u0440\u0435\u0437\u043a\u0430, \u0441\u0432\u0430\u0440\u043a\u0430, \u0432\u043e\u0434\u043e\u043b\u0430\u0437\u043d\u044b\u0439 \u0441\u0435\u0440\u0432\u0438\u0441 \u0438 \u043e\u0431\u0441\u043b\u0443\u0436\u0438\u0432\u0430\u043d\u0438\u0435;<\/li>\r\n \t<li>\u0433\u0438\u0434\u0440\u043e\u0442\u0435\u0445\u043d\u0438\u0447\u0435\u0441\u043a\u0438\u0435 \u0441\u0442\u0440\u043e\u0438\u0442\u0435\u043b\u044c\u043d\u044b\u0435 \u0440\u0430\u0431\u043e\u0442\u044b;<...","og_url":"https:\/\/naruservisas.lt\/services\/","og_site_name":"Uosto infrastrukt\u016bros statyba, profesional\u016bs techniniai narai, buksyrai ir buksyravimas Klaip\u0117da, Lietuva nuo 1991 Port infrastructure construction, commercial divers, tugs &amp; towing in Klaipeda, Lithuania since 1991","article_publisher":"https:\/\/www.facebook.com\/naruservisas.lt\/","article_modified_time":"2020-07-14T09:41:12+00:00","og_image":[{"width":2560,"height":1414,"url":"https:\/\/naruservisas.lt\/wp-content\/uploads\/2020\/07\/Palanga-May2020-scaled.jpg","type":"image\/jpeg"}],"twitter_card":"summary_large_image","twitter_misc":{"Est. reading time":"1 minute"},"schema":{"@context":"https:\/\/schema.org","@graph":[{"@type":"Organization","@id":"https:\/\/naruservisas.lt\/#organization","name":"Nar\u0173 servisas UAB","url":"https:\/\/naruservisas.lt\/","sameAs":["https:\/\/www.facebook.com\/naruservisas.lt\/","https:\/\/www.instagram.com\/naruservisas\/","https:\/\/www.linkedin.com\/company\/naru-servisas\/"],"logo":{"@type":"ImageObject","@id":"https:\/\/naruservisas.lt\/#logo","inLanguage":"en-US","url":"https:\/\/naruservisas.lt\/wp-content\/uploads\/2020\/07\/Nar\u0173-servisas-LOGO-JPGwhite-background.jpg","contentUrl":"https:\/\/naruservisas.lt\/wp-content\/uploads\/2020\/07\/Nar\u0173-servisas-LOGO-JPGwhite-background.jpg","width":1917,"height":1917,"caption":"Nar\u0173 servisas UAB"},"image":{"@id":"https:\/\/naruservisas.lt\/#logo"}},{"@type":"WebSite","@id":"https:\/\/naruservisas.lt\/#website","url":"https:\/\/naruservisas.lt\/","name":"Uosto infrastrukt\u016bros statyba, profesional\u016bs techniniai narai, buksyrai ir buksyravimas Klaip\u0117da, Lietuva nuo 1991 Port infrastructure construction, commercial divers, tugs &amp; towing in Klaipeda, Lithuania since 1991","description":"","publisher":{"@id":"https:\/\/naruservisas.lt\/#organization"},"potentialAction":[{"@type":"SearchAction","target":{"@type":"EntryPoint","urlTemplate":"https:\/\/naruservisas.lt\/?s={search_term_string}"},"query-input":"required name=search_term_string"}],"inLanguage":"en-US"},{"@type":"ImageObject","@id":"https:\/\/naruservisas.lt\/services\/#primaryimage","inLanguage":"en-US","url":"https:\/\/naruservisas.lt\/wp-content\/uploads\/2020\/07\/Palanga-May2020-scaled.jpg","contentUrl":"https:\/\/naruservisas.lt\/wp-content\/uploads\/2020\/07\/Palanga-May2020-scaled.jpg","width":2560,"height":1414},{"@type":"WebPage","@id":"https:\/\/naruservisas.lt\/services\/#webpage","url":"https:\/\/naruservisas.lt\/services\/","name":"Paslaugos | Uosto infrastrukt\u016bros statyba, profesional\u016bs techniniai narai, buksyrai ir buksyravimas Klaip\u0117da, Lietuva nuo 1991 Port infrastructure construction, commercial divers, tugs &amp; towing in Klaipeda, Lithuania since 1991","isPartOf":{"@id":"https:\/\/naruservisas.lt\/#website"},"primaryImageOfPage":{"@id":"https:\/\/naruservisas.lt\/services\/#primaryimage"},"datePublished":"2017-12-13T21:49:34+00:00","dateModified":"2020-07-14T09:41:12+00:00","description":"Professional commercial offshore technical diving, cutting, welding, aquatorium dredging and cleaning, removal of navigational obstacles, underwater inspection with audio \/ video recording, salvage, ship\u2019s subsurface lifting, tugs, pontoons, jet monitor, floating crane &lt;50 t., rent of technical equipment and machinery, vessel and boat piers in port of Klaip\u0117da, hydro-technical port (seaport) facility construction since 1991.","breadcrumb":{"@id":"https:\/\/naruservisas.lt\/services\/#breadcrumb"},"inLanguage":"en-US","potentialAction":[{"@type":"ReadAction","target":["https:\/\/naruservisas.lt\/services\/"]}]},{"@type":"BreadcrumbList","@id":"https:\/\/naruservisas.lt\/services\/#breadcrumb","itemListElement":[{"@type":"ListItem","position":1,"name":"Home","item":"https:\/\/naruservisas.lt\/"},{"@type":"ListItem","position":2,"name":"Paslaugos"}]}]}},"_links":{"self":[{"href":"https:\/\/naruservisas.lt\/ru_RU\/wp-json\/wp\/v2\/pages\/29"}],"collection":[{"href":"https:\/\/naruservisas.lt\/ru_RU\/wp-json\/wp\/v2\/pages"}],"about":[{"href":"https:\/\/naruservisas.lt\/ru_RU\/wp-json\/wp\/v2\/types\/page"}],"author":[{"embeddable":true,"href":"https:\/\/naruservisas.lt\/ru_RU\/wp-json\/wp\/v2\/users\/1"}],"replies":[{"embeddable":true,"href":"https:\/\/naruservisas.lt\/ru_RU\/wp-json\/wp\/v2\/comments?post=29"}],"version-history":[{"count":36,"href":"https:\/\/naruservisas.lt\/ru_RU\/wp-json\/wp\/v2\/pages\/29\/revisions"}],"predecessor-version":[{"id":717,"href":"https:\/\/naruservisas.lt\/ru_RU\/wp-json\/wp\/v2\/pages\/29\/revisions\/717"}],"wp:featuredmedia":[{"embeddable":true,"href":"https:\/\/naruservisas.lt\/ru_RU\/wp-json\/wp\/v2\/media\/745"}],"wp:attachment":[{"href":"https:\/\/naruservisas.lt\/ru_RU\/wp-json\/wp\/v2\/media?parent=29"}],"curies":[{"name":"wp","href":"https:\/\/api.w.org\/{rel}","templated":true}]}}