{"id":31,"date":"2017-12-13T19:52:20","date_gmt":"2017-12-13T21:52:20","guid":{"rendered":"http:\/\/naruservisas.lt\/?page_id=31"},"modified":"2023-06-03T19:41:33","modified_gmt":"2023-06-03T21:41:33","slug":"portfolio","status":"publish","type":"page","link":"https:\/\/naruservisas.lt\/ru_RU\/portfolio\/","title":{"rendered":"Portfolio"},"content":{"rendered":"<p><strong><u>\u0412\u044b\u043f\u043e\u043b\u043d\u0435\u043d\u043d\u044b\u0435 \u043f\u0440\u043e\u0435\u043a\u0442\u044b (1989-2020 \u0433\u0433.)<\/u><\/strong><strong>:<\/strong><\/p>\n<ul>\n<li><a href=\"http:\/\/naruservisas.lt\/ivykdyti-darbai\/techniniai-naru-darbai-klaipeda-1989-2020-m\/\">\u0412\u043e\u0434\u043e\u043b\u0430\u0437\u043d\u044b\u0435 \u0442\u0435\u0445\u043d\u0438\u0447\u0435\u0441\u043a\u0438\u0435 \u0440\u0430\u0431\u043e\u0442\u044b (\u041a\u043b\u0430\u0439\u043f\u0435\u0434\u0430, 1989-2020 \u0433\u0433.)<\/a><\/li>\n<li><a href=\"http:\/\/naruservisas.lt\/ivykdyti-darbai\/ignalina-nuclear-plant-1st-and-2nd-reactor-cooling-system-cooling-water-pump-station-maintenance-gen-contractor-ignalina-1995-1998-y\">\u041e\u0431\u0441\u043b\u0443\u0436\u0438\u0432\u0430\u043d\u0438\u0435 \u0441\u0438\u0441\u0442\u0435\u043c\u044b \u043e\u0445\u043b\u0430\u0436\u0434\u0435\u043d\u0438\u044f \u0432\u043e\u0434\u043e-\u043d\u0430\u0441\u043e\u0441\u043d\u044b\u0445 \u0441\u0442\u0430\u043d\u0446\u0438\u0439 1-\u043e\u0433\u043e \u0438 2-\u043e\u0433\u043e \u0440\u0435\u0430\u043a\u0442\u043e\u0440\u043e\u0432 \u0418\u0433\u043d\u0430\u043b\u0438\u043d\u0441\u043a\u043e\u0439 \u0410\u042d\u0421, \u0433\u0435\u043d. \u043f\u043e\u0434\u0440\u044f\u0434\u0447\u0438\u043a (\u0418\u0433\u043d\u0430\u043b\u0438\u043d\u0430, 1995-1998 \u0433\u0433.)<\/a><\/li>\n<li><a href=\"http:\/\/naruservisas.lt\/ivykdyti-darbai\/palanga-old-bridge-demolition-and-new-bridge-construction-sub-contractor-palanga-1998-y\">\u0414\u0435\u043c\u043e\u043d\u0442\u0430\u0436 \u0441\u0442\u0430\u0440\u043e\u0433\u043e \u043c\u043e\u0441\u0442\u0430 \u0438 \u0441\u0442\u0440\u043e\u0438\u0442\u0435\u043b\u044c\u0441\u0442\u0432\u043e \u043d\u043e\u0432\u043e\u0433\u043e \u043c\u043e\u0441\u0442\u0430 \u0433. \u041f\u0430\u043b\u0430\u043d\u0433\u0430, \u0441\u0443\u0431.\u00a0\u043f\u043e\u0434\u0440\u044f\u0434\u0447\u0438\u043a (\u041f\u0430\u043b\u0430\u043d\u0433\u0430, 1998 \u0433.)<\/a><\/li>\n<li><a href=\"http:\/\/naruservisas.lt\/ivykdyti-darbai\/salvage-of-crashed-sunken-military-mi-8-helicopter-in-the-baltic-sea-at-32-m-depth-and-its-subsequent-transportation-to-port-of-klaipeda-gen-contractor-baltic-sea-1999-y\/\">\u041f\u043e\u0434\u044a\u0451\u043c \u0437\u0430\u0442\u043e\u043d\u0443\u0432\u0448\u0435\u0433\u043e \u0441\u043f\u0430\u0441\u0430\u0442\u0435\u043b\u044c\u043d\u043e\u0433\u043e \u0432\u0435\u0440\u0442\u043e\u043b\u0451\u0442\u0430 \u041c\u0438-8 \u043d\u0430 \u0433\u043b\u0443\u0431\u0438\u043d\u0435 32 \u043c. \u0432 \u0411\u0430\u043b\u0442\u0438\u0439\u0441\u043a\u043e\u043c \u043c\u043e\u0440\u0435 \u0438 \u0442\u0440\u0430\u043d\u0441\u043f\u043e\u0440\u0442\u0438\u0440\u043e\u0432\u043a\u0430 \u0432 \u043f\u043e\u0440\u0442 \u041a\u043b\u0430\u0439\u043f\u0435\u0434\u0430, \u0433\u0435\u043d. \u043f\u043e\u0434\u0440\u044f\u0434\u0447\u0438\u043a (\u0411\u0430\u043b\u0442\u0438\u0439\u0441\u043a\u043e\u0435 \u043c\u043e\u0440\u0435, 1999 \u0433.)<\/a><\/li>\n<li><a href=\"http:\/\/naruservisas.lt\/ivykdyti-darbai\/butinge-oil-terminal-annual-maintenance-gen-contractor-butinge-2000-y\/\">\u0412\u043e\u0434\u043e\u043b\u0430\u0437\u043d\u044b\u0435 \u0440\u0430\u0431\u043e\u0442\u044b \u043f\u043e \u043e\u0431\u0441\u043b\u0443\u0436\u0438\u0432\u0430\u043d\u0438\u044e \u043d\u0430 \u043d\u0435\u0444\u0442\u0435\u043d\u0430\u043b\u0438\u0432\u043d\u043e\u043c \u0442\u0435\u0440\u043c\u0438\u043d\u0430\u043b\u0435 \u0411\u0443\u0442\u0438\u043d\u0433\u0435, \u0433\u0435\u043d.\u00a0\u043f\u043e\u0434\u0440\u044f\u0434\u0447\u0438\u043a (\u0411\u0443\u0442\u0438\u043d\u0433\u0435, 2000 \u0433.)<\/a><\/li>\n<li><a href=\"http:\/\/naruservisas.lt\/ivykdyti-darbai\/breakwater-pier-reconstruction-sub-contractor-klaipeda-2000-2002-y\/\">\u0420\u0435\u043a\u043e\u043d\u0441\u0442\u0440\u0443\u043a\u0446\u0438\u044f \u043c\u043e\u043b\u043e\u0432, \u0441\u0443\u0431. \u043f\u043e\u0434\u0440\u044f\u0434\u0447\u0438\u043a (\u041a\u043b\u0430\u0439\u043f\u0435\u0434\u0430, 2000-2002 \u0433\u0433.)<\/a><\/li>\n<li><a href=\"http:\/\/naruservisas.lt\/ivykdyti-darbai\/klaipeda-port-piers-nr-6-8-construction-sub-contractor-klaipeda-2004-y\/\">\u0421\u0442\u0440\u043e\u0438\u0442\u0435\u043b\u044c\u0441\u0442\u0432\u043e \u043f\u0440\u0438\u0447\u0430\u043b\u043e\u0432 Nr. 6-8 \u043f\u043e\u0440\u0442 \u041a\u043b\u0430\u0439\u043f\u0435\u0434\u0430, \u0441\u0443\u0431. \u043f\u043e\u0434\u0440\u044f\u0434\u0447\u0438\u043a (\u041a\u043b\u0430\u0439\u043f\u0435\u0434\u0430, 2004 \u0433.)<\/a><\/li>\n<li><a href=\"http:\/\/naruservisas.lt\/ivykdyti-darbai\/palanga-bridge-breakwater-reconstruction-sub-contractor-palanga-2005-y\/\">\u0420\u0435\u043a\u043e\u043d\u0441\u0442\u0440\u0443\u043a\u0446\u0438\u044f \u0431\u0443\u043d\u044b \u0432\u043e\u0437\u043b\u0435 \u041f\u0430\u043b\u0430\u043d\u0433\u0441\u043a\u043e\u0433\u043e \u043c\u043e\u0441\u0442\u0430, \u0441\u0443\u0431. \u043f\u043e\u0434\u0440\u044f\u0434\u0447\u0438\u043a (\u041f\u0430\u043b\u0430\u043d\u0433\u0430, 2005 \u0433.)<\/a><\/li>\n<li><a href=\"http:\/\/naruservisas.lt\/ivykdyti-darbai\/juodkrante-pervalka-preila-sewage-pipe-construction-and-pipelaying-sub-contractor-curonian-lagoon-2004-2008-y\/\">\u041f\u0440\u043e\u043a\u043b\u0430\u0434\u043a\u0430 \u0434\u044e\u043a\u0435\u0440\u043e\u0432 \u042e\u0443\u043e\u0434\u043a\u0440\u0430\u043d\u0442\u0435-\u041f\u0435\u0440\u0432\u0430\u043b\u043a\u0430-\u041f\u0440\u0435\u0438\u043b\u0430, \u0441\u0443\u0431. \u043f\u043e\u0434\u0440\u044f\u0434\u0447\u0438\u043a (\u041a\u0443\u0440\u0448\u0441\u043a\u0438\u0439 \u0437\u0430\u043b\u0438\u0432, 2004-2008 \u0433\u0433.)<\/a><\/li>\n<li><a href=\"http:\/\/naruservisas.lt\/ivykdyti-darbai\/boulder-and-other-navigational-obstacle-removal-from-fairway-waterway-search-and-lifting-of-sunken-objects-in-port-of-klaipeda-gen-contractor-klaipeda-2008-2014-y\/\">\u041f\u043e\u0434\u044a\u0451\u043c \u0432\u0430\u043b\u0443\u043d\u043e\u0432 \u0438 \u043d\u0430\u0432\u0438\u0433\u0430\u0446\u0438\u043e\u043d\u043d\u044b\u0445 \u043f\u0440\u0435\u043f\u044f\u0442\u0441\u0442\u0432\u0438\u0439 \u0441 \u0444\u0430\u0440\u0432\u0430\u0442\u0435\u0440\u0430, \u043f\u043e\u0434\u044a\u0451\u043c \u0437\u0430\u0442\u043e\u043d\u0443\u0432\u0448\u0438\u0445 \u043e\u0431\u044a\u0435\u043a\u0442\u043e\u0432 \u043f\u043e\u0440\u0442 \u041a\u043b\u0430\u0439\u043f\u0435\u0434\u0430, \u0433\u0435\u043d. \u043f\u043e\u0434\u0440\u044f\u0434\u0447\u0438\u043a (\u041a\u043b\u0430\u0439\u043f\u0435\u0434\u0430, 2008-2014 \u0433\u0433.)<\/a><\/li>\n<li><a href=\"http:\/\/naruservisas.lt\/ivykdyti-darbai\/ledu-rago-bay-formerly-ships-graves-dredging-and-removal-of-sunken-ship-hulls-and-ship-wrecks-sub-contractor-klaipeda-2014-2015-y\/\">\u041e\u0447\u0438\u0441\u0442\u043a\u0430 \u0431\u0443\u0445\u0442\u044b Led\u0173 rago (\u0431\u044b\u0432. \u00ab\u041a\u043b\u0430\u0434\u0431\u0438\u0449\u0435 \u043a\u043e\u0440\u0430\u0431\u043b\u0435\u0439\u00bb) \u043e\u0442 \u0437\u0430\u0442\u043e\u043d\u0443\u0432\u0448\u0438\u0445 \u0441\u0443\u0434\u043e\u0432, \u0441\u0443\u0431.\u00a0\u043f\u043e\u0434\u0440\u044f\u0434\u0447\u0438\u043a (\u041a\u043b\u0430\u0439\u043f\u0435\u0434\u0430, 2014-2015 \u0433\u0433.)<\/a><\/li>\n<li><a href=\"http:\/\/naruservisas.lt\/ivykdyti-darbai\/pipelay-and-decomissioning-of-temporary-pipe-arrangements-at-lng-terminal-in-the-curonian-lagoon-sub-contractor-klaipeda-2015-y\/\">\u0423\u043a\u043b\u0430\u0434\u043a\u0430 \u0438 \u0440\u0430\u0437\u0431\u043e\u0440\u043a\u0430 \u0432\u0440\u0435\u043c\u0435\u043d\u043d\u043e\u0433\u043e \u0433\u0430\u0437\u043e\u043f\u0440\u043e\u0432\u043e\u0434\u0430 SGD \u043f\u043e \u0434\u043d\u0443 \u041a\u0443\u0440\u0448\u0441\u043a\u043e\u0433\u043e \u0437\u0430\u043b\u0438\u0432\u0430, \u0441\u0443\u0431.\u00a0\u043f\u043e\u0434\u0440\u044f\u0434\u0447\u0438\u043a (\u041a\u043b\u0430\u0439\u043f\u0435\u0434\u0430, 2015 \u0433.)<\/a><\/li>\n<li><a href=\"http:\/\/naruservisas.lt\/ivykdyti-darbai\/waterbreaker-pier-construction-sub-contractor-pavilosta-2016-y\/\">\u0421\u0442\u0440\u043e\u0438\u0442\u0435\u043b\u044c\u0441\u0442\u0432\u043e \u043c\u043e\u043b\u043e\u0432, \u0441\u0443\u0431. \u043f\u043e\u0434\u0440\u044f\u0434\u0447\u0438\u043a (\u041f\u0430\u0432\u0438\u043b\u043e\u0441\u0442\u0430, 2016 \u0433.)<\/a><\/li>\n<li><a href=\"http:\/\/naruservisas.lt\/ivykdyti-darbai\/boulder-and-other-navigational-obstacle-removal-from-fairway-waterway-search-and-lifting-of-sunken-objects-in-port-of-klaipeda-gen-contractor-klaipeda-2018-2020-y\/\">\u041f\u043e\u0434\u044a\u0451\u043c \u0432\u0430\u043b\u0443\u043d\u043e\u0432 \u0438 \u043d\u0430\u0432\u0438\u0433\u0430\u0446\u0438\u043e\u043d\u043d\u044b\u0445 \u043f\u0440\u0435\u043f\u044f\u0442\u0441\u0442\u0432\u0438\u0439 \u0441 \u0444\u0430\u0440\u0432\u0430\u0442\u0435\u0440\u0430, \u0433\u0435\u043d. \u043f\u043e\u0434\u0440\u044f\u0434\u0447\u0438\u043a (\u041a\u043b\u0430\u0439\u043f\u0435\u0434\u0430, 2018-2020 \u0433\u0433.)<\/a><\/li>\n<li><a href=\"http:\/\/naruservisas.lt\/ivykdyti-darbai\/port-of-klaipeda-piers-nr-80\u0430-81\u0430-construction-sub-contractor-klaipeda-2020-y\/\">\u0421\u0442\u0440\u043e\u0438\u0442\u0435\u043b\u044c\u0441\u0442\u0432\u043e \u043f\u0440\u0438\u0447\u0430\u043b\u043e\u0432 Nr. 80\u0410\/81\u0410 \u043f\u043e\u0440\u0442 \u041a\u043b\u0430\u0439\u043f\u0435\u0434\u0430, \u0441\u0443\u0431. \u043f\u043e\u0434\u0440\u044f\u0434\u0447\u0438\u043a (\u041a\u043b\u0430\u0439\u043f\u0435\u0434\u0430, 2020 \u0433.)<\/a><\/li>\n<li><a href=\"http:\/\/naruservisas.lt\/ivykdyti-darbai\/towing-services-port-of-klaipeda-1998-2020-y\/\">\u0411\u0443\u043a\u0441\u0438\u0440\u043e\u0432\u043a\u0430 (\u043f\u043e\u0440\u0442 \u041a\u043b\u0430\u0439\u043f\u0435\u0434\u0430, 1998-2020 \u0433\u0433.)<\/a><\/li>\n<li><a href=\"http:\/\/naruservisas.lt\/ivykdyti-darbai\/ship-wreck-removal-and-emergency-rescue-services-over-60-lifted-ship-wrecks-baltic-sea-port-of-klaipeda-curonian-lagoon-neman-river-1991-2020-y\/\">\u0421\u0443\u0434\u043e\u043f\u043e\u0434\u044a\u0451\u043c \u0438 \u0430\u0432\u0430\u0440\u0438\u0439\u043d\u043e-\u0441\u043f\u0430\u0441\u0430\u0442\u0435\u043b\u044c\u043d\u044b\u0435 \u0440\u0430\u0431\u043e\u0442\u044b, \u0431\u043e\u043b\u0435\u0435 60 \u0441\u0443\u0434\u043e\u0432 (\u0411\u0430\u043b\u0442\u0438\u0439\u0441\u043a\u043e\u0435 \u043c\u043e\u0440\u0435, \u043f\u043e\u0440\u0442 \u041a\u043b\u0430\u0439\u043f\u0435\u0434\u0430, \u041a\u0443\u0440\u0448\u0441\u043a\u0438\u0439 \u0437\u0430\u043b\u0438\u0432, \u0440\u0435\u043a\u0430 \u041d\u0435\u043c\u0430\u043d, 1991-2020 \u0433\u0433.)<\/a><\/li>\n<li><a href=\"http:\/\/naruservisas.lt\/ivykdyti-darbai\/professional-industrial-diving-works-lithuania-latvia-1989-2020-y\/\">\u0412\u043e\u0434\u043e\u043b\u0430\u0437\u043d\u044b\u0435 \u043f\u0440\u043e\u043c\u044b\u0448\u043b\u0435\u043d\u043d\u044b\u0435 \u0440\u0430\u0431\u043e\u0442\u044b (\u041b\u0438\u0442\u0432\u0430, \u041b\u0430\u0442\u0432\u0438\u044f, 1989-2020 \u0433\u0433.)<\/a><\/li>\n<li><a href=\"http:\/\/naruservisas.lt\/ivykdyti-darbai\/offshore-cablelaying-and-pipelaying-klaipeda-2014-2020-y\/\">\u0423\u043a\u043b\u0430\u0434\u043a\u0430 \u043f\u043e\u0434\u0432\u043e\u0434\u043d\u044b\u0445 \u043a\u043e\u043c\u043c\u0443\u043d\u0438\u043a\u0430\u0446\u0438\u0439 (\u041a\u043b\u0430\u0439\u043f\u0435\u0434\u0430, 2014-2020 \u0433\u0433.)<\/a><\/li>\n<\/ul>\n","protected":false},"excerpt":{"rendered":"<p><strong><u>\u0412\u044b\u043f\u043e\u043b\u043d\u0435\u043d\u043d\u044b\u0435 \u043f\u0440\u043e\u0435\u043a\u0442\u044b (1989-2020 \u0433\u0433.)<\/u><\/strong><strong>:<\/strong><\/p>\n<ul>\n<li><a href=\"http:\/\/naruservisas.lt\/ivykdyti-darbai\/techniniai-naru-darbai-klaipeda-1989-2020-m\/\">\u0412\u043e\u0434\u043e\u043b\u0430\u0437\u043d\u044b\u0435 \u0442\u0435\u0445\u043d\u0438\u0447\u0435\u0441\u043a\u0438\u0435 \u0440\u0430\u0431\u043e\u0442\u044b (\u041a\u043b\u0430\u0439\u043f\u0435\u0434\u0430, 1989-2020 \u0433\u0433.)<\/a><\/li>\n<p>&#8230;<\/p>\n","protected":false},"author":1,"featured_media":688,"parent":0,"menu_order":0,"comment_status":"closed","ping_status":"closed","template":"","meta":[],"yoast_head":"<!-- This site is optimized with the Yoast SEO plugin v17.9 - https:\/\/yoast.com\/wordpress\/plugins\/seo\/ -->\n<title>Portfolio<\/title>\n<meta name=\"description\" content=\"\u0412\u044b\u043f\u043e\u043b\u043d\u0435\u043d\u043d\u044b\u0435 \u043f\u0440\u043e\u0435\u043a\u0442\u044b (1989-2020 \u0433\u0433.):\u0412\u043e\u0434\u043e\u043b\u0430\u0437\u043d\u044b\u0435 \u0442\u0435\u0445\u043d\u0438\u0447\u0435\u0441\u043a\u0438\u0435 \u0440\u0430\u0431\u043e\u0442\u044b (\u041a\u043b\u0430\u0439\u043f\u0435\u0434\u0430, 1989-2020 \u0433\u0433.)...\" \/>\n<meta name=\"robots\" content=\"index, follow, max-snippet:-1, max-image-preview:large, max-video-preview:-1\" \/>\n<link rel=\"canonical\" href=\"https:\/\/naruservisas.lt\/portfolio\/\" \/>\n<meta property=\"og:locale\" content=\"en_US\" \/>\n<meta property=\"og:type\" content=\"article\" \/>\n<meta property=\"og:title\" content=\"Portfolio\" \/>\n<meta property=\"og:description\" content=\"&lt;p&gt;&lt;strong&gt;&lt;u&gt;\u0412\u044b\u043f\u043e\u043b\u043d\u0435\u043d\u043d\u044b\u0435 \u043f\u0440\u043e\u0435\u043a\u0442\u044b (1989-2020 \u0433\u0433.)&lt;\/u&gt;&lt;\/strong&gt;&lt;strong&gt;:&lt;\/strong&gt;&lt;\/p&gt;&lt;ul&gt;&lt;li&gt;&lt;a href=&quot;http:\/\/naruservisas.lt\/ivykdyti-darbai\/techniniai-naru-darbai-klaipeda-1989-2020-m\/&quot;&gt;\u0412\u043e\u0434\u043e\u043b\u0430\u0437\u043d\u044b\u0435 \u0442\u0435\u0445\u043d\u0438\u0447\u0435\u0441\u043a\u0438\u0435 \u0440\u0430\u0431\u043e\u0442\u044b (\u041a\u043b\u0430\u0439\u043f\u0435\u0434\u0430, 1989-2020 \u0433\u0433.)&lt;\/a&gt;&lt;\/li&gt;...\" \/>\n<meta property=\"og:url\" content=\"https:\/\/naruservisas.lt\/portfolio\/\" \/>\n<meta property=\"og:site_name\" content=\"Uosto infrastrukt\u016bros statyba, profesional\u016bs techniniai narai, buksyrai ir buksyravimas Klaip\u0117da, Lietuva nuo 1991 Port infrastructure construction, commercial divers, tugs &amp; towing in Klaipeda, Lithuania since 1991\" \/>\n<meta property=\"article:publisher\" content=\"https:\/\/www.facebook.com\/naruservisas.lt\/\" \/>\n<meta property=\"article:modified_time\" content=\"2023-06-03T21:41:33+00:00\" \/>\n<meta property=\"og:image\" content=\"https:\/\/naruservisas.lt\/wp-content\/uploads\/2020\/07\/Pavilosta-2016-vibrance-color-scaled.jpg\" \/>\n\t<meta property=\"og:image:width\" content=\"2560\" \/>\n\t<meta property=\"og:image:height\" content=\"1440\" \/>\n\t<meta property=\"og:image:type\" content=\"image\/jpeg\" \/>\n<meta name=\"twitter:card\" content=\"summary_large_image\" \/>\n<meta name=\"twitter:label1\" content=\"Est. reading time\" \/>\n\t<meta name=\"twitter:data1\" content=\"2 minutes\" \/>\n<script type=\"application\/ld+json\" class=\"yoast-schema-graph\">{\"@context\":\"https:\/\/schema.org\",\"@graph\":[{\"@type\":\"Organization\",\"@id\":\"https:\/\/naruservisas.lt\/#organization\",\"name\":\"Nar\\u0173 servisas UAB\",\"url\":\"https:\/\/naruservisas.lt\/\",\"sameAs\":[\"https:\/\/www.facebook.com\/naruservisas.lt\/\",\"https:\/\/www.instagram.com\/naruservisas\/\",\"https:\/\/www.linkedin.com\/company\/naru-servisas\/\"],\"logo\":{\"@type\":\"ImageObject\",\"@id\":\"https:\/\/naruservisas.lt\/#logo\",\"inLanguage\":\"en-US\",\"url\":\"https:\/\/naruservisas.lt\/wp-content\/uploads\/2020\/07\/Nar\\u0173-servisas-LOGO-JPGwhite-background.jpg\",\"contentUrl\":\"https:\/\/naruservisas.lt\/wp-content\/uploads\/2020\/07\/Nar\\u0173-servisas-LOGO-JPGwhite-background.jpg\",\"width\":1917,\"height\":1917,\"caption\":\"Nar\\u0173 servisas UAB\"},\"image\":{\"@id\":\"https:\/\/naruservisas.lt\/#logo\"}},{\"@type\":\"WebSite\",\"@id\":\"https:\/\/naruservisas.lt\/#website\",\"url\":\"https:\/\/naruservisas.lt\/\",\"name\":\"Uosto infrastrukt\\u016bros statyba, profesional\\u016bs techniniai narai, buksyrai ir buksyravimas Klaip\\u0117da, Lietuva nuo 1991 Port infrastructure construction, commercial divers, tugs &amp; towing in Klaipeda, Lithuania since 1991\",\"description\":\"\",\"publisher\":{\"@id\":\"https:\/\/naruservisas.lt\/#organization\"},\"potentialAction\":[{\"@type\":\"SearchAction\",\"target\":{\"@type\":\"EntryPoint\",\"urlTemplate\":\"https:\/\/naruservisas.lt\/?s={search_term_string}\"},\"query-input\":\"required name=search_term_string\"}],\"inLanguage\":\"en-US\"},{\"@type\":\"ImageObject\",\"@id\":\"https:\/\/naruservisas.lt\/portfolio\/#primaryimage\",\"inLanguage\":\"en-US\",\"url\":\"https:\/\/naruservisas.lt\/wp-content\/uploads\/2020\/07\/Pavilosta-2016-vibrance-color-scaled.jpg\",\"contentUrl\":\"https:\/\/naruservisas.lt\/wp-content\/uploads\/2020\/07\/Pavilosta-2016-vibrance-color-scaled.jpg\",\"width\":2560,\"height\":1440},{\"@type\":\"WebPage\",\"@id\":\"https:\/\/naruservisas.lt\/portfolio\/#webpage\",\"url\":\"https:\/\/naruservisas.lt\/portfolio\/\",\"name\":\"Portfolio | Uosto infrastrukt\\u016bros statyba, profesional\\u016bs techniniai narai, buksyrai ir buksyravimas Klaip\\u0117da, Lietuva nuo 1991 Port infrastructure construction, commercial divers, tugs &amp; towing in Klaipeda, Lithuania since 1991\",\"isPartOf\":{\"@id\":\"https:\/\/naruservisas.lt\/#website\"},\"primaryImageOfPage\":{\"@id\":\"https:\/\/naruservisas.lt\/portfolio\/#primaryimage\"},\"datePublished\":\"2017-12-13T21:52:20+00:00\",\"dateModified\":\"2023-06-03T21:41:33+00:00\",\"description\":\"Professional commercial offshore technical diving, cutting, welding, aquatorium dredging and cleaning, removal of navigational obstacles, underwater inspection with audio \/ video recording, salvage, ship\\u2019s subsurface lifting, tugs, pontoons, jet monitor, floating crane &lt;50 t., rent of technical equipment and machinery, vessel and boat piers in port of Klaip\\u0117da, hydro-technical port (seaport) facility construction since 1991.\",\"breadcrumb\":{\"@id\":\"https:\/\/naruservisas.lt\/portfolio\/#breadcrumb\"},\"inLanguage\":\"en-US\",\"potentialAction\":[{\"@type\":\"ReadAction\",\"target\":[\"https:\/\/naruservisas.lt\/portfolio\/\"]}]},{\"@type\":\"BreadcrumbList\",\"@id\":\"https:\/\/naruservisas.lt\/portfolio\/#breadcrumb\",\"itemListElement\":[{\"@type\":\"ListItem\",\"position\":1,\"name\":\"Home\",\"item\":\"https:\/\/naruservisas.lt\/\"},{\"@type\":\"ListItem\",\"position\":2,\"name\":\"Portfolio\"}]}]}<\/script>\n<!-- \/ Yoast SEO plugin. -->","yoast_head_json":{"title":"Portfolio","description":"\u0412\u044b\u043f\u043e\u043b\u043d\u0435\u043d\u043d\u044b\u0435 \u043f\u0440\u043e\u0435\u043a\u0442\u044b (1989-2020 \u0433\u0433.):\u0412\u043e\u0434\u043e\u043b\u0430\u0437\u043d\u044b\u0435 \u0442\u0435\u0445\u043d\u0438\u0447\u0435\u0441\u043a\u0438\u0435 \u0440\u0430\u0431\u043e\u0442\u044b (\u041a\u043b\u0430\u0439\u043f\u0435\u0434\u0430, 1989-2020 \u0433\u0433.)...","robots":{"index":"index","follow":"follow","max-snippet":"max-snippet:-1","max-image-preview":"max-image-preview:large","max-video-preview":"max-video-preview:-1"},"canonical":"https:\/\/naruservisas.lt\/portfolio\/","og_locale":"en_US","og_type":"article","og_title":"Portfolio","og_description":"<p><strong><u>\u0412\u044b\u043f\u043e\u043b\u043d\u0435\u043d\u043d\u044b\u0435 \u043f\u0440\u043e\u0435\u043a\u0442\u044b (1989-2020 \u0433\u0433.)<\/u><\/strong><strong>:<\/strong><\/p><ul><li><a href=\"http:\/\/naruservisas.lt\/ivykdyti-darbai\/techniniai-naru-darbai-klaipeda-1989-2020-m\/\">\u0412\u043e\u0434\u043e\u043b\u0430\u0437\u043d\u044b\u0435 \u0442\u0435\u0445\u043d\u0438\u0447\u0435\u0441\u043a\u0438\u0435 \u0440\u0430\u0431\u043e\u0442\u044b (\u041a\u043b\u0430\u0439\u043f\u0435\u0434\u0430, 1989-2020 \u0433\u0433.)<\/a><\/li>...","og_url":"https:\/\/naruservisas.lt\/portfolio\/","og_site_name":"Uosto infrastrukt\u016bros statyba, profesional\u016bs techniniai narai, buksyrai ir buksyravimas Klaip\u0117da, Lietuva nuo 1991 Port infrastructure construction, commercial divers, tugs &amp; towing in Klaipeda, Lithuania since 1991","article_publisher":"https:\/\/www.facebook.com\/naruservisas.lt\/","article_modified_time":"2023-06-03T21:41:33+00:00","og_image":[{"width":2560,"height":1440,"url":"https:\/\/naruservisas.lt\/wp-content\/uploads\/2020\/07\/Pavilosta-2016-vibrance-color-scaled.jpg","type":"image\/jpeg"}],"twitter_card":"summary_large_image","twitter_misc":{"Est. reading time":"2 minutes"},"schema":{"@context":"https:\/\/schema.org","@graph":[{"@type":"Organization","@id":"https:\/\/naruservisas.lt\/#organization","name":"Nar\u0173 servisas UAB","url":"https:\/\/naruservisas.lt\/","sameAs":["https:\/\/www.facebook.com\/naruservisas.lt\/","https:\/\/www.instagram.com\/naruservisas\/","https:\/\/www.linkedin.com\/company\/naru-servisas\/"],"logo":{"@type":"ImageObject","@id":"https:\/\/naruservisas.lt\/#logo","inLanguage":"en-US","url":"https:\/\/naruservisas.lt\/wp-content\/uploads\/2020\/07\/Nar\u0173-servisas-LOGO-JPGwhite-background.jpg","contentUrl":"https:\/\/naruservisas.lt\/wp-content\/uploads\/2020\/07\/Nar\u0173-servisas-LOGO-JPGwhite-background.jpg","width":1917,"height":1917,"caption":"Nar\u0173 servisas UAB"},"image":{"@id":"https:\/\/naruservisas.lt\/#logo"}},{"@type":"WebSite","@id":"https:\/\/naruservisas.lt\/#website","url":"https:\/\/naruservisas.lt\/","name":"Uosto infrastrukt\u016bros statyba, profesional\u016bs techniniai narai, buksyrai ir buksyravimas Klaip\u0117da, Lietuva nuo 1991 Port infrastructure construction, commercial divers, tugs &amp; towing in Klaipeda, Lithuania since 1991","description":"","publisher":{"@id":"https:\/\/naruservisas.lt\/#organization"},"potentialAction":[{"@type":"SearchAction","target":{"@type":"EntryPoint","urlTemplate":"https:\/\/naruservisas.lt\/?s={search_term_string}"},"query-input":"required name=search_term_string"}],"inLanguage":"en-US"},{"@type":"ImageObject","@id":"https:\/\/naruservisas.lt\/portfolio\/#primaryimage","inLanguage":"en-US","url":"https:\/\/naruservisas.lt\/wp-content\/uploads\/2020\/07\/Pavilosta-2016-vibrance-color-scaled.jpg","contentUrl":"https:\/\/naruservisas.lt\/wp-content\/uploads\/2020\/07\/Pavilosta-2016-vibrance-color-scaled.jpg","width":2560,"height":1440},{"@type":"WebPage","@id":"https:\/\/naruservisas.lt\/portfolio\/#webpage","url":"https:\/\/naruservisas.lt\/portfolio\/","name":"Portfolio | Uosto infrastrukt\u016bros statyba, profesional\u016bs techniniai narai, buksyrai ir buksyravimas Klaip\u0117da, Lietuva nuo 1991 Port infrastructure construction, commercial divers, tugs &amp; towing in Klaipeda, Lithuania since 1991","isPartOf":{"@id":"https:\/\/naruservisas.lt\/#website"},"primaryImageOfPage":{"@id":"https:\/\/naruservisas.lt\/portfolio\/#primaryimage"},"datePublished":"2017-12-13T21:52:20+00:00","dateModified":"2023-06-03T21:41:33+00:00","description":"Professional commercial offshore technical diving, cutting, welding, aquatorium dredging and cleaning, removal of navigational obstacles, underwater inspection with audio \/ video recording, salvage, ship\u2019s subsurface lifting, tugs, pontoons, jet monitor, floating crane &lt;50 t., rent of technical equipment and machinery, vessel and boat piers in port of Klaip\u0117da, hydro-technical port (seaport) facility construction since 1991.","breadcrumb":{"@id":"https:\/\/naruservisas.lt\/portfolio\/#breadcrumb"},"inLanguage":"en-US","potentialAction":[{"@type":"ReadAction","target":["https:\/\/naruservisas.lt\/portfolio\/"]}]},{"@type":"BreadcrumbList","@id":"https:\/\/naruservisas.lt\/portfolio\/#breadcrumb","itemListElement":[{"@type":"ListItem","position":1,"name":"Home","item":"https:\/\/naruservisas.lt\/"},{"@type":"ListItem","position":2,"name":"Portfolio"}]}]}},"_links":{"self":[{"href":"https:\/\/naruservisas.lt\/ru_RU\/wp-json\/wp\/v2\/pages\/31"}],"collection":[{"href":"https:\/\/naruservisas.lt\/ru_RU\/wp-json\/wp\/v2\/pages"}],"about":[{"href":"https:\/\/naruservisas.lt\/ru_RU\/wp-json\/wp\/v2\/types\/page"}],"author":[{"embeddable":true,"href":"https:\/\/naruservisas.lt\/ru_RU\/wp-json\/wp\/v2\/users\/1"}],"replies":[{"embeddable":true,"href":"https:\/\/naruservisas.lt\/ru_RU\/wp-json\/wp\/v2\/comments?post=31"}],"version-history":[{"count":169,"href":"https:\/\/naruservisas.lt\/ru_RU\/wp-json\/wp\/v2\/pages\/31\/revisions"}],"predecessor-version":[{"id":1256,"href":"https:\/\/naruservisas.lt\/ru_RU\/wp-json\/wp\/v2\/pages\/31\/revisions\/1256"}],"wp:featuredmedia":[{"embeddable":true,"href":"https:\/\/naruservisas.lt\/ru_RU\/wp-json\/wp\/v2\/media\/688"}],"wp:attachment":[{"href":"https:\/\/naruservisas.lt\/ru_RU\/wp-json\/wp\/v2\/media?parent=31"}],"curies":[{"name":"wp","href":"https:\/\/api.w.org\/{rel}","templated":true}]}}