{"id":374,"date":"2020-06-26T05:47:03","date_gmt":"2020-06-26T07:47:03","guid":{"rendered":"http:\/\/naruservisas.lt\/?page_id=374"},"modified":"2020-07-11T22:53:28","modified_gmt":"2020-07-12T00:53:28","slug":"techniniai-naru-darbai-klaipeda-1989-2020-m","status":"publish","type":"page","link":"https:\/\/naruservisas.lt\/ru_RU\/portfolio\/techniniai-naru-darbai-klaipeda-1989-2020-m\/","title":{"rendered":"\u0412\u043e\u0434\u043e\u043b\u0430\u0437\u043d\u044b\u0435 \u0442\u0435\u0445\u043d\u0438\u0447\u0435\u0441\u043a\u0438\u0435 \u0440\u0430\u0431\u043e\u0442\u044b (\u041b\u0438\u0442\u0432\u0430, \u041b\u0430\u0442\u0432\u0438\u044f 1989-2020 \u0433\u0433.)"},"content":{"rendered":"\n<div class=\"wp-block-group\"><div class=\"wp-block-group__inner-container\">\n<figure class=\"wp-block-image size-large\"><img loading=\"lazy\" width=\"1024\" height=\"576\" src=\"http:\/\/naruservisas.lt\/wp-content\/uploads\/2017\/12\/DSC_0561-1024x576.jpg\" alt=\"\" class=\"wp-image-100\" srcset=\"https:\/\/naruservisas.lt\/wp-content\/uploads\/2017\/12\/DSC_0561-1024x576.jpg 1024w, https:\/\/naruservisas.lt\/wp-content\/uploads\/2017\/12\/DSC_0561-300x169.jpg 300w, https:\/\/naruservisas.lt\/wp-content\/uploads\/2017\/12\/DSC_0561-768x432.jpg 768w\" sizes=\"(max-width: 706px) 89vw, (max-width: 767px) 82vw, 740px\" \/><\/figure>\n<\/div><\/div>\n\n\n\n<figure class=\"wp-block-gallery columns-1 is-cropped\"><ul class=\"blocks-gallery-grid\"><li class=\"blocks-gallery-item\"><figure><img loading=\"lazy\" width=\"1024\" height=\"576\" src=\"http:\/\/naruservisas.lt\/wp-content\/uploads\/2017\/12\/DSC_0468-1024x576.jpg\" alt=\"\" data-id=\"103\" data-full-url=\"http:\/\/naruservisas.lt\/wp-content\/uploads\/2017\/12\/DSC_0468.jpg\" data-link=\"http:\/\/naruservisas.lt\/lt_LT\/dsc_0468\/\" class=\"wp-image-103\" srcset=\"https:\/\/naruservisas.lt\/wp-content\/uploads\/2017\/12\/DSC_0468-1024x576.jpg 1024w, https:\/\/naruservisas.lt\/wp-content\/uploads\/2017\/12\/DSC_0468-300x169.jpg 300w, https:\/\/naruservisas.lt\/wp-content\/uploads\/2017\/12\/DSC_0468-768x432.jpg 768w\" sizes=\"(max-width: 706px) 89vw, (max-width: 767px) 82vw, 740px\" \/><\/figure><\/li><\/ul><\/figure>\n\n\n\n<figure class=\"wp-block-image size-large\"><img loading=\"lazy\" width=\"1024\" height=\"576\" src=\"http:\/\/naruservisas.lt\/wp-content\/uploads\/2017\/12\/DSC_0450-1024x576.jpg\" alt=\"\" class=\"wp-image-62\" srcset=\"https:\/\/naruservisas.lt\/wp-content\/uploads\/2017\/12\/DSC_0450-1024x576.jpg 1024w, https:\/\/naruservisas.lt\/wp-content\/uploads\/2017\/12\/DSC_0450-300x169.jpg 300w, https:\/\/naruservisas.lt\/wp-content\/uploads\/2017\/12\/DSC_0450-768x432.jpg 768w\" sizes=\"(max-width: 706px) 89vw, (max-width: 767px) 82vw, 740px\" \/><\/figure>\n","protected":false},"excerpt":{"rendered":"<p><!-- wp:group --><\/p>\n<div class=\"wp-block-group\">\n<div class=\"wp-block-group__inner-container\"><!-- wp:image {\"id\":100,\"sizeSlug\":\"large\"} --><\/p>\n<figure class=\"wp-block-image size-large\"><img src=\"http:\/\/naruservisas.lt\/wp-content\/uploads\/2017\/12\/DSC_0561-...\n<\/p>\n","protected":false},"author":1,"featured_media":650,"parent":31,"menu_order":0,"comment_status":"closed","ping_status":"closed","template":"","meta":[],"yoast_head":"<!-- This site is optimized with the Yoast SEO plugin v17.9 - https:\/\/yoast.com\/wordpress\/plugins\/seo\/ -->\n<title>\u0412\u043e\u0434\u043e\u043b\u0430\u0437\u043d\u044b\u0435 \u0442\u0435\u0445\u043d\u0438\u0447\u0435\u0441\u043a\u0438\u0435 \u0440\u0430\u0431\u043e\u0442\u044b (\u041b\u0438\u0442\u0432\u0430, \u041b\u0430\u0442\u0432\u0438\u044f 1989-2020 \u0433\u0433.)<\/title>\n<meta name=\"robots\" content=\"index, follow, max-snippet:-1, max-image-preview:large, max-video-preview:-1\" \/>\n<link rel=\"canonical\" href=\"https:\/\/naruservisas.lt\/lt_LT\/portfolio\/techniniai-naru-darbai-klaipeda-1989-2020-m\/\" \/>\n<meta property=\"og:locale\" content=\"en_US\" \/>\n<meta property=\"og:type\" content=\"article\" \/>\n<meta property=\"og:title\" content=\"\u0412\u043e\u0434\u043e\u043b\u0430\u0437\u043d\u044b\u0435 \u0442\u0435\u0445\u043d\u0438\u0447\u0435\u0441\u043a\u0438\u0435 \u0440\u0430\u0431\u043e\u0442\u044b (\u041b\u0438\u0442\u0432\u0430, \u041b\u0430\u0442\u0432\u0438\u044f 1989-2020 \u0433\u0433.)\" \/>\n<meta property=\"og:description\" content=\"&lt;!-- wp:group --&gt;\n&lt;div class=&quot;wp-block-group&quot;&gt;&lt;div class=&quot;wp-block-group__inner-container&quot;&gt;&lt;!-- wp:image {&quot;id&quot;:100,&quot;sizeSlug&quot;:&quot;large&quot;} --&gt;\n&lt;figure class=&quot;wp-block-image size-large&quot;&gt;&lt;img src=&quot;http:\/\/naruservisas.lt\/wp-content\/uploads\/2017\/12\/DSC_0561-...\" \/>\n<meta property=\"og:url\" content=\"https:\/\/naruservisas.lt\/lt_LT\/portfolio\/techniniai-naru-darbai-klaipeda-1989-2020-m\/\" \/>\n<meta property=\"og:site_name\" content=\"Uosto infrastrukt\u016bros statyba, profesional\u016bs techniniai narai, buksyrai ir buksyravimas Klaip\u0117da, Lietuva nuo 1991 Port infrastructure construction, commercial divers, tugs &amp; towing in Klaipeda, Lithuania since 1991\" \/>\n<meta property=\"article:publisher\" content=\"https:\/\/www.facebook.com\/naruservisas.lt\/\" \/>\n<meta property=\"article:modified_time\" content=\"2020-07-12T00:53:28+00:00\" \/>\n<meta property=\"og:image\" content=\"https:\/\/naruservisas.lt\/wp-content\/uploads\/2020\/07\/Naru-techniniai-pramoniniai-darbai-scaled.jpg\" \/>\n\t<meta property=\"og:image:width\" content=\"2560\" \/>\n\t<meta property=\"og:image:height\" content=\"1440\" \/>\n\t<meta property=\"og:image:type\" content=\"image\/jpeg\" \/>\n<meta name=\"twitter:card\" content=\"summary_large_image\" \/>\n<script type=\"application\/ld+json\" class=\"yoast-schema-graph\">{\"@context\":\"https:\/\/schema.org\",\"@graph\":[{\"@type\":\"Organization\",\"@id\":\"https:\/\/naruservisas.lt\/#organization\",\"name\":\"Nar\\u0173 servisas UAB\",\"url\":\"https:\/\/naruservisas.lt\/\",\"sameAs\":[\"https:\/\/www.facebook.com\/naruservisas.lt\/\",\"https:\/\/www.instagram.com\/naruservisas\/\",\"https:\/\/www.linkedin.com\/company\/naru-servisas\/\"],\"logo\":{\"@type\":\"ImageObject\",\"@id\":\"https:\/\/naruservisas.lt\/#logo\",\"inLanguage\":\"en-US\",\"url\":\"https:\/\/naruservisas.lt\/wp-content\/uploads\/2020\/07\/Nar\\u0173-servisas-LOGO-JPGwhite-background.jpg\",\"contentUrl\":\"https:\/\/naruservisas.lt\/wp-content\/uploads\/2020\/07\/Nar\\u0173-servisas-LOGO-JPGwhite-background.jpg\",\"width\":1917,\"height\":1917,\"caption\":\"Nar\\u0173 servisas UAB\"},\"image\":{\"@id\":\"https:\/\/naruservisas.lt\/#logo\"}},{\"@type\":\"WebSite\",\"@id\":\"https:\/\/naruservisas.lt\/#website\",\"url\":\"https:\/\/naruservisas.lt\/\",\"name\":\"Uosto infrastrukt\\u016bros statyba, profesional\\u016bs techniniai narai, buksyrai ir buksyravimas Klaip\\u0117da, Lietuva nuo 1991 Port infrastructure construction, commercial divers, tugs &amp; towing in Klaipeda, Lithuania since 1991\",\"description\":\"\",\"publisher\":{\"@id\":\"https:\/\/naruservisas.lt\/#organization\"},\"potentialAction\":[{\"@type\":\"SearchAction\",\"target\":{\"@type\":\"EntryPoint\",\"urlTemplate\":\"https:\/\/naruservisas.lt\/?s={search_term_string}\"},\"query-input\":\"required name=search_term_string\"}],\"inLanguage\":\"en-US\"},{\"@type\":\"ImageObject\",\"@id\":\"https:\/\/naruservisas.lt\/lt_LT\/portfolio\/techniniai-naru-darbai-klaipeda-1989-2020-m\/#primaryimage\",\"inLanguage\":\"en-US\",\"url\":\"https:\/\/naruservisas.lt\/wp-content\/uploads\/2020\/07\/Naru-techniniai-pramoniniai-darbai-scaled.jpg\",\"contentUrl\":\"https:\/\/naruservisas.lt\/wp-content\/uploads\/2020\/07\/Naru-techniniai-pramoniniai-darbai-scaled.jpg\",\"width\":2560,\"height\":1440},{\"@type\":\"WebPage\",\"@id\":\"https:\/\/naruservisas.lt\/lt_LT\/portfolio\/techniniai-naru-darbai-klaipeda-1989-2020-m\/#webpage\",\"url\":\"https:\/\/naruservisas.lt\/lt_LT\/portfolio\/techniniai-naru-darbai-klaipeda-1989-2020-m\/\",\"name\":\"Techniniai nar\\u0173 darbai (Lietuva, Latvija 1989-2020 m.) | Uosto infrastrukt\\u016bros statyba, profesional\\u016bs techniniai narai, buksyrai ir buksyravimas Klaip\\u0117da, Lietuva nuo 1991 Port infrastructure construction, commercial divers, tugs &amp; towing in Klaipeda, Lithuania since 1991\",\"isPartOf\":{\"@id\":\"https:\/\/naruservisas.lt\/#website\"},\"primaryImageOfPage\":{\"@id\":\"https:\/\/naruservisas.lt\/lt_LT\/portfolio\/techniniai-naru-darbai-klaipeda-1989-2020-m\/#primaryimage\"},\"datePublished\":\"2020-06-26T07:47:03+00:00\",\"dateModified\":\"2020-07-12T00:53:28+00:00\",\"breadcrumb\":{\"@id\":\"https:\/\/naruservisas.lt\/lt_LT\/portfolio\/techniniai-naru-darbai-klaipeda-1989-2020-m\/#breadcrumb\"},\"inLanguage\":\"en-US\",\"potentialAction\":[{\"@type\":\"ReadAction\",\"target\":[\"https:\/\/naruservisas.lt\/lt_LT\/portfolio\/techniniai-naru-darbai-klaipeda-1989-2020-m\/\"]}]},{\"@type\":\"BreadcrumbList\",\"@id\":\"https:\/\/naruservisas.lt\/lt_LT\/portfolio\/techniniai-naru-darbai-klaipeda-1989-2020-m\/#breadcrumb\",\"itemListElement\":[{\"@type\":\"ListItem\",\"position\":1,\"name\":\"Home\",\"item\":\"https:\/\/naruservisas.lt\/\"},{\"@type\":\"ListItem\",\"position\":2,\"name\":\"Portfolio\",\"item\":\"https:\/\/naruservisas.lt\/portfolio\/\"},{\"@type\":\"ListItem\",\"position\":3,\"name\":\"Techniniai nar\\u0173 darbai (Lietuva, Latvija 1989-2020 m.)\"}]}]}<\/script>\n<!-- \/ Yoast SEO plugin. -->","yoast_head_json":{"title":"\u0412\u043e\u0434\u043e\u043b\u0430\u0437\u043d\u044b\u0435 \u0442\u0435\u0445\u043d\u0438\u0447\u0435\u0441\u043a\u0438\u0435 \u0440\u0430\u0431\u043e\u0442\u044b (\u041b\u0438\u0442\u0432\u0430, \u041b\u0430\u0442\u0432\u0438\u044f 1989-2020 \u0433\u0433.)","robots":{"index":"index","follow":"follow","max-snippet":"max-snippet:-1","max-image-preview":"max-image-preview:large","max-video-preview":"max-video-preview:-1"},"canonical":"https:\/\/naruservisas.lt\/lt_LT\/portfolio\/techniniai-naru-darbai-klaipeda-1989-2020-m\/","og_locale":"en_US","og_type":"article","og_title":"\u0412\u043e\u0434\u043e\u043b\u0430\u0437\u043d\u044b\u0435 \u0442\u0435\u0445\u043d\u0438\u0447\u0435\u0441\u043a\u0438\u0435 \u0440\u0430\u0431\u043e\u0442\u044b (\u041b\u0438\u0442\u0432\u0430, \u041b\u0430\u0442\u0432\u0438\u044f 1989-2020 \u0433\u0433.)","og_description":"<!-- wp:group -->\n<div class=\"wp-block-group\"><div class=\"wp-block-group__inner-container\"><!-- wp:image {\"id\":100,\"sizeSlug\":\"large\"} -->\n<figure class=\"wp-block-image size-large\"><img src=\"http:\/\/naruservisas.lt\/wp-content\/uploads\/2017\/12\/DSC_0561-...","og_url":"https:\/\/naruservisas.lt\/lt_LT\/portfolio\/techniniai-naru-darbai-klaipeda-1989-2020-m\/","og_site_name":"Uosto infrastrukt\u016bros statyba, profesional\u016bs techniniai narai, buksyrai ir buksyravimas Klaip\u0117da, Lietuva nuo 1991 Port infrastructure construction, commercial divers, tugs &amp; towing in Klaipeda, Lithuania since 1991","article_publisher":"https:\/\/www.facebook.com\/naruservisas.lt\/","article_modified_time":"2020-07-12T00:53:28+00:00","og_image":[{"width":2560,"height":1440,"url":"https:\/\/naruservisas.lt\/wp-content\/uploads\/2020\/07\/Naru-techniniai-pramoniniai-darbai-scaled.jpg","type":"image\/jpeg"}],"twitter_card":"summary_large_image","schema":{"@context":"https:\/\/schema.org","@graph":[{"@type":"Organization","@id":"https:\/\/naruservisas.lt\/#organization","name":"Nar\u0173 servisas UAB","url":"https:\/\/naruservisas.lt\/","sameAs":["https:\/\/www.facebook.com\/naruservisas.lt\/","https:\/\/www.instagram.com\/naruservisas\/","https:\/\/www.linkedin.com\/company\/naru-servisas\/"],"logo":{"@type":"ImageObject","@id":"https:\/\/naruservisas.lt\/#logo","inLanguage":"en-US","url":"https:\/\/naruservisas.lt\/wp-content\/uploads\/2020\/07\/Nar\u0173-servisas-LOGO-JPGwhite-background.jpg","contentUrl":"https:\/\/naruservisas.lt\/wp-content\/uploads\/2020\/07\/Nar\u0173-servisas-LOGO-JPGwhite-background.jpg","width":1917,"height":1917,"caption":"Nar\u0173 servisas UAB"},"image":{"@id":"https:\/\/naruservisas.lt\/#logo"}},{"@type":"WebSite","@id":"https:\/\/naruservisas.lt\/#website","url":"https:\/\/naruservisas.lt\/","name":"Uosto infrastrukt\u016bros statyba, profesional\u016bs techniniai narai, buksyrai ir buksyravimas Klaip\u0117da, Lietuva nuo 1991 Port infrastructure construction, commercial divers, tugs &amp; towing in Klaipeda, Lithuania since 1991","description":"","publisher":{"@id":"https:\/\/naruservisas.lt\/#organization"},"potentialAction":[{"@type":"SearchAction","target":{"@type":"EntryPoint","urlTemplate":"https:\/\/naruservisas.lt\/?s={search_term_string}"},"query-input":"required name=search_term_string"}],"inLanguage":"en-US"},{"@type":"ImageObject","@id":"https:\/\/naruservisas.lt\/lt_LT\/portfolio\/techniniai-naru-darbai-klaipeda-1989-2020-m\/#primaryimage","inLanguage":"en-US","url":"https:\/\/naruservisas.lt\/wp-content\/uploads\/2020\/07\/Naru-techniniai-pramoniniai-darbai-scaled.jpg","contentUrl":"https:\/\/naruservisas.lt\/wp-content\/uploads\/2020\/07\/Naru-techniniai-pramoniniai-darbai-scaled.jpg","width":2560,"height":1440},{"@type":"WebPage","@id":"https:\/\/naruservisas.lt\/lt_LT\/portfolio\/techniniai-naru-darbai-klaipeda-1989-2020-m\/#webpage","url":"https:\/\/naruservisas.lt\/lt_LT\/portfolio\/techniniai-naru-darbai-klaipeda-1989-2020-m\/","name":"Techniniai nar\u0173 darbai (Lietuva, Latvija 1989-2020 m.) | Uosto infrastrukt\u016bros statyba, profesional\u016bs techniniai narai, buksyrai ir buksyravimas Klaip\u0117da, Lietuva nuo 1991 Port infrastructure construction, commercial divers, tugs &amp; towing in Klaipeda, Lithuania since 1991","isPartOf":{"@id":"https:\/\/naruservisas.lt\/#website"},"primaryImageOfPage":{"@id":"https:\/\/naruservisas.lt\/lt_LT\/portfolio\/techniniai-naru-darbai-klaipeda-1989-2020-m\/#primaryimage"},"datePublished":"2020-06-26T07:47:03+00:00","dateModified":"2020-07-12T00:53:28+00:00","breadcrumb":{"@id":"https:\/\/naruservisas.lt\/lt_LT\/portfolio\/techniniai-naru-darbai-klaipeda-1989-2020-m\/#breadcrumb"},"inLanguage":"en-US","potentialAction":[{"@type":"ReadAction","target":["https:\/\/naruservisas.lt\/lt_LT\/portfolio\/techniniai-naru-darbai-klaipeda-1989-2020-m\/"]}]},{"@type":"BreadcrumbList","@id":"https:\/\/naruservisas.lt\/lt_LT\/portfolio\/techniniai-naru-darbai-klaipeda-1989-2020-m\/#breadcrumb","itemListElement":[{"@type":"ListItem","position":1,"name":"Home","item":"https:\/\/naruservisas.lt\/"},{"@type":"ListItem","position":2,"name":"Portfolio","item":"https:\/\/naruservisas.lt\/portfolio\/"},{"@type":"ListItem","position":3,"name":"Techniniai nar\u0173 darbai (Lietuva, Latvija 1989-2020 m.)"}]}]}},"_links":{"self":[{"href":"https:\/\/naruservisas.lt\/ru_RU\/wp-json\/wp\/v2\/pages\/374"}],"collection":[{"href":"https:\/\/naruservisas.lt\/ru_RU\/wp-json\/wp\/v2\/pages"}],"about":[{"href":"https:\/\/naruservisas.lt\/ru_RU\/wp-json\/wp\/v2\/types\/page"}],"author":[{"embeddable":true,"href":"https:\/\/naruservisas.lt\/ru_RU\/wp-json\/wp\/v2\/users\/1"}],"replies":[{"embeddable":true,"href":"https:\/\/naruservisas.lt\/ru_RU\/wp-json\/wp\/v2\/comments?post=374"}],"version-history":[{"count":21,"href":"https:\/\/naruservisas.lt\/ru_RU\/wp-json\/wp\/v2\/pages\/374\/revisions"}],"predecessor-version":[{"id":878,"href":"https:\/\/naruservisas.lt\/ru_RU\/wp-json\/wp\/v2\/pages\/374\/revisions\/878"}],"up":[{"embeddable":true,"href":"https:\/\/naruservisas.lt\/ru_RU\/wp-json\/wp\/v2\/pages\/31"}],"wp:featuredmedia":[{"embeddable":true,"href":"https:\/\/naruservisas.lt\/ru_RU\/wp-json\/wp\/v2\/media\/650"}],"wp:attachment":[{"href":"https:\/\/naruservisas.lt\/ru_RU\/wp-json\/wp\/v2\/media?parent=374"}],"curies":[{"name":"wp","href":"https:\/\/api.w.org\/{rel}","templated":true}]}}