{"id":407,"date":"2020-06-26T06:25:27","date_gmt":"2020-06-26T08:25:27","guid":{"rendered":"http:\/\/naruservisas.lt\/?page_id=407"},"modified":"2020-07-05T19:27:11","modified_gmt":"2020-07-05T21:27:11","slug":"palanga-old-bridge-demolition-and-new-bridge-construction-sub-contractor-palanga-1998-y","status":"publish","type":"page","link":"https:\/\/naruservisas.lt\/ru_RU\/portfolio\/palanga-old-bridge-demolition-and-new-bridge-construction-sub-contractor-palanga-1998-y\/","title":{"rendered":"\u0414\u0435\u043c\u043e\u043d\u0442\u0430\u0436 \u0441\u0442\u0430\u0440\u043e\u0433\u043e \u043c\u043e\u0441\u0442\u0430 \u0438 \u0441\u0442\u0440\u043e\u0438\u0442\u0435\u043b\u044c\u0441\u0442\u0432\u043e \u043d\u043e\u0432\u043e\u0433\u043e \u043c\u043e\u0441\u0442\u0430 \u0433. \u041f\u0430\u043b\u0430\u043d\u0433\u0430, \u0441\u0443\u0431. \u043f\u043e\u0434\u0440\u044f\u0434\u0447\u0438\u043a (\u041f\u0430\u043b\u0430\u043d\u0433\u0430, 1998 \u0433.)"},"content":{"rendered":"<p><img loading=\"lazy\" class=\"alignnone size-large wp-image-589\" src=\"http:\/\/naruservisas.lt\/wp-content\/uploads\/2020\/06\/Archive-NS-Palangos-tilto-rekonstrukcija-3-1024x721.jpg\" alt=\"\" width=\"616\" height=\"434\" srcset=\"https:\/\/naruservisas.lt\/wp-content\/uploads\/2020\/06\/Archive-NS-Palangos-tilto-rekonstrukcija-3-1024x721.jpg 1024w, https:\/\/naruservisas.lt\/wp-content\/uploads\/2020\/06\/Archive-NS-Palangos-tilto-rekonstrukcija-3-300x211.jpg 300w, https:\/\/naruservisas.lt\/wp-content\/uploads\/2020\/06\/Archive-NS-Palangos-tilto-rekonstrukcija-3-768x541.jpg 768w\" sizes=\"(max-width: 616px) 100vw, 616px\" \/> <img loading=\"lazy\" class=\"alignnone size-large wp-image-590\" src=\"http:\/\/naruservisas.lt\/wp-content\/uploads\/2020\/06\/Archive-NS-Palangos-tilto-rekonstrukcija-2-692x1024.jpg\" alt=\"\" width=\"616\" height=\"912\" srcset=\"https:\/\/naruservisas.lt\/wp-content\/uploads\/2020\/06\/Archive-NS-Palangos-tilto-rekonstrukcija-2-692x1024.jpg 692w, https:\/\/naruservisas.lt\/wp-content\/uploads\/2020\/06\/Archive-NS-Palangos-tilto-rekonstrukcija-2-203x300.jpg 203w, https:\/\/naruservisas.lt\/wp-content\/uploads\/2020\/06\/Archive-NS-Palangos-tilto-rekonstrukcija-2-768x1136.jpg 768w\" sizes=\"(max-width: 616px) 100vw, 616px\" \/> <img loading=\"lazy\" class=\"alignnone size-large wp-image-591\" src=\"http:\/\/naruservisas.lt\/wp-content\/uploads\/2020\/06\/Archive-NS-Palangos-tilto-rekonstrukcija-4-1024x664.jpg\" alt=\"\" width=\"616\" height=\"399\" srcset=\"https:\/\/naruservisas.lt\/wp-content\/uploads\/2020\/06\/Archive-NS-Palangos-tilto-rekonstrukcija-4-1024x664.jpg 1024w, https:\/\/naruservisas.lt\/wp-content\/uploads\/2020\/06\/Archive-NS-Palangos-tilto-rekonstrukcija-4-300x194.jpg 300w, https:\/\/naruservisas.lt\/wp-content\/uploads\/2020\/06\/Archive-NS-Palangos-tilto-rekonstrukcija-4-768x498.jpg 768w\" sizes=\"(max-width: 616px) 100vw, 616px\" \/> <img loading=\"lazy\" class=\"alignnone size-large wp-image-592\" src=\"http:\/\/naruservisas.lt\/wp-content\/uploads\/2020\/06\/Archive-NS-Palangos-tilto-rekonstrukcija-5-1024x673.jpg\" alt=\"\" width=\"616\" height=\"405\" srcset=\"https:\/\/naruservisas.lt\/wp-content\/uploads\/2020\/06\/Archive-NS-Palangos-tilto-rekonstrukcija-5-1024x673.jpg 1024w, https:\/\/naruservisas.lt\/wp-content\/uploads\/2020\/06\/Archive-NS-Palangos-tilto-rekonstrukcija-5-300x197.jpg 300w, https:\/\/naruservisas.lt\/wp-content\/uploads\/2020\/06\/Archive-NS-Palangos-tilto-rekonstrukcija-5-768x505.jpg 768w\" sizes=\"(max-width: 616px) 100vw, 616px\" \/> <img loading=\"lazy\" class=\"alignnone size-large wp-image-593\" src=\"http:\/\/naruservisas.lt\/wp-content\/uploads\/2020\/06\/Archive-NS-Palangos-tilto-rekonstrukcija-6-1024x685.jpg\" alt=\"\" width=\"616\" height=\"412\" srcset=\"https:\/\/naruservisas.lt\/wp-content\/uploads\/2020\/06\/Archive-NS-Palangos-tilto-rekonstrukcija-6-1024x685.jpg 1024w, https:\/\/naruservisas.lt\/wp-content\/uploads\/2020\/06\/Archive-NS-Palangos-tilto-rekonstrukcija-6-300x201.jpg 300w, https:\/\/naruservisas.lt\/wp-content\/uploads\/2020\/06\/Archive-NS-Palangos-tilto-rekonstrukcija-6-768x514.jpg 768w\" sizes=\"(max-width: 616px) 100vw, 616px\" \/> <img loading=\"lazy\" class=\"alignnone size-large wp-image-594\" src=\"http:\/\/naruservisas.lt\/wp-content\/uploads\/2020\/06\/Archive-NS-Palangos-tilto-rekonstrukcija-7-1024x686.jpg\" alt=\"\" width=\"616\" height=\"413\" srcset=\"https:\/\/naruservisas.lt\/wp-content\/uploads\/2020\/06\/Archive-NS-Palangos-tilto-rekonstrukcija-7-1024x686.jpg 1024w, https:\/\/naruservisas.lt\/wp-content\/uploads\/2020\/06\/Archive-NS-Palangos-tilto-rekonstrukcija-7-300x201.jpg 300w, https:\/\/naruservisas.lt\/wp-content\/uploads\/2020\/06\/Archive-NS-Palangos-tilto-rekonstrukcija-7-768x515.jpg 768w\" sizes=\"(max-width: 616px) 100vw, 616px\" \/> <img loading=\"lazy\" class=\"alignnone size-large wp-image-595\" src=\"http:\/\/naruservisas.lt\/wp-content\/uploads\/2020\/06\/Archive-NS-Palangos-tilto-rekonstrukcija-8-1024x673.jpg\" alt=\"\" width=\"616\" height=\"405\" srcset=\"https:\/\/naruservisas.lt\/wp-content\/uploads\/2020\/06\/Archive-NS-Palangos-tilto-rekonstrukcija-8-1024x673.jpg 1024w, https:\/\/naruservisas.lt\/wp-content\/uploads\/2020\/06\/Archive-NS-Palangos-tilto-rekonstrukcija-8-300x197.jpg 300w, https:\/\/naruservisas.lt\/wp-content\/uploads\/2020\/06\/Archive-NS-Palangos-tilto-rekonstrukcija-8-768x505.jpg 768w\" sizes=\"(max-width: 616px) 100vw, 616px\" \/> <img loading=\"lazy\" class=\"alignnone size-large wp-image-596\" src=\"http:\/\/naruservisas.lt\/wp-content\/uploads\/2020\/06\/Archive-NS-Palangos-tilto-rekonstrukcija-9-712x1024.jpg\" alt=\"\" width=\"616\" height=\"886\" srcset=\"https:\/\/naruservisas.lt\/wp-content\/uploads\/2020\/06\/Archive-NS-Palangos-tilto-rekonstrukcija-9-712x1024.jpg 712w, https:\/\/naruservisas.lt\/wp-content\/uploads\/2020\/06\/Archive-NS-Palangos-tilto-rekonstrukcija-9-209x300.jpg 209w, https:\/\/naruservisas.lt\/wp-content\/uploads\/2020\/06\/Archive-NS-Palangos-tilto-rekonstrukcija-9-768x1104.jpg 768w\" sizes=\"(max-width: 616px) 100vw, 616px\" \/> <img loading=\"lazy\" class=\"alignnone size-large wp-image-597\" src=\"http:\/\/naruservisas.lt\/wp-content\/uploads\/2020\/06\/Archive-NS-Palangos-tilto-rekonstrukcija-10-1024x707.jpg\" alt=\"\" width=\"616\" height=\"425\" srcset=\"https:\/\/naruservisas.lt\/wp-content\/uploads\/2020\/06\/Archive-NS-Palangos-tilto-rekonstrukcija-10-1024x707.jpg 1024w, https:\/\/naruservisas.lt\/wp-content\/uploads\/2020\/06\/Archive-NS-Palangos-tilto-rekonstrukcija-10-300x207.jpg 300w, https:\/\/naruservisas.lt\/wp-content\/uploads\/2020\/06\/Archive-NS-Palangos-tilto-rekonstrukcija-10-768x530.jpg 768w\" sizes=\"(max-width: 616px) 100vw, 616px\" \/> <img loading=\"lazy\" class=\"alignnone size-large wp-image-598\" src=\"http:\/\/naruservisas.lt\/wp-content\/uploads\/2020\/06\/Archive-NS-Palangos-tilto-rekonstrukcija-11-1024x669.jpg\" alt=\"\" width=\"616\" height=\"402\" srcset=\"https:\/\/naruservisas.lt\/wp-content\/uploads\/2020\/06\/Archive-NS-Palangos-tilto-rekonstrukcija-11-1024x669.jpg 1024w, https:\/\/naruservisas.lt\/wp-content\/uploads\/2020\/06\/Archive-NS-Palangos-tilto-rekonstrukcija-11-300x196.jpg 300w, https:\/\/naruservisas.lt\/wp-content\/uploads\/2020\/06\/Archive-NS-Palangos-tilto-rekonstrukcija-11-768x502.jpg 768w\" sizes=\"(max-width: 616px) 100vw, 616px\" \/><\/p>\n","protected":false},"excerpt":{"rendered":"<p><img loading=\"lazy\" class=\"alignnone size-large wp-image-589\" src=\"http:\/\/naruservisas.lt\/wp-content\/uploads\/2020\/06\/Archive-NS-Palangos-tilto-rekonstrukcija-3-1024x721.jpg\" alt=\"\" width=\"616\" height=\"434\" srcset=\"https:\/\/naruservisas.lt\/wp-content\/uploads\/2020\/06\/Archive-NS-Palangos-tilto-rekonstrukcija-3-1024x721.jpg 1024w, https:\/\/naruservisas.lt\/wp-content\/uploads\/2020\/06\/Archive-NS-Palangos-tilto-rekonstrukcija-3-300x211.jpg 300w, https:\/\/naruservisas.lt\/wp-content\/uploads\/2020\/06\/Archive-NS-Palangos-tilto-rekonstrukcija-3-768x541.jpg 768w\" sizes=\"(max-width: 616px) 100vw, 616px\" \/> <img class=\"alignnone size-large wp-image-590\" src=\"h...\n<\/p>\n","protected":false},"author":1,"featured_media":670,"parent":31,"menu_order":0,"comment_status":"closed","ping_status":"closed","template":"","meta":[],"yoast_head":"<!-- This site is optimized with the Yoast SEO plugin v17.9 - https:\/\/yoast.com\/wordpress\/plugins\/seo\/ -->\n<title>\u0414\u0435\u043c\u043e\u043d\u0442\u0430\u0436 \u0441\u0442\u0430\u0440\u043e\u0433\u043e \u043c\u043e\u0441\u0442\u0430 \u0438 \u0441\u0442\u0440\u043e\u0438\u0442\u0435\u043b\u044c\u0441\u0442\u0432\u043e \u043d\u043e\u0432\u043e\u0433\u043e \u043c\u043e\u0441\u0442\u0430 \u0433. \u041f\u0430\u043b\u0430\u043d\u0433\u0430, \u0441\u0443\u0431. \u043f\u043e\u0434\u0440\u044f\u0434\u0447\u0438\u043a (\u041f\u0430\u043b\u0430\u043d\u0433\u0430, 1998 \u0433.)<\/title>\n<meta name=\"robots\" content=\"index, follow, max-snippet:-1, max-image-preview:large, max-video-preview:-1\" \/>\n<link rel=\"canonical\" href=\"https:\/\/naruservisas.lt\/lt_LT\/portfolio\/palanga-old-bridge-demolition-and-new-bridge-construction-sub-contractor-palanga-1998-y\/\" \/>\n<meta property=\"og:locale\" content=\"en_US\" \/>\n<meta property=\"og:type\" content=\"article\" \/>\n<meta property=\"og:title\" content=\"\u0414\u0435\u043c\u043e\u043d\u0442\u0430\u0436 \u0441\u0442\u0430\u0440\u043e\u0433\u043e \u043c\u043e\u0441\u0442\u0430 \u0438 \u0441\u0442\u0440\u043e\u0438\u0442\u0435\u043b\u044c\u0441\u0442\u0432\u043e \u043d\u043e\u0432\u043e\u0433\u043e \u043c\u043e\u0441\u0442\u0430 \u0433. \u041f\u0430\u043b\u0430\u043d\u0433\u0430, \u0441\u0443\u0431. \u043f\u043e\u0434\u0440\u044f\u0434\u0447\u0438\u043a (\u041f\u0430\u043b\u0430\u043d\u0433\u0430, 1998 \u0433.)\" \/>\n<meta property=\"og:description\" content=\"&lt;p&gt;&lt;img class=&quot;alignnone size-large wp-image-589&quot; src=&quot;http:\/\/naruservisas.lt\/wp-content\/uploads\/2020\/06\/Archive-NS-Palangos-tilto-rekonstrukcija-3-1024x721.jpg&quot; alt=&quot;&quot; width=&quot;616&quot; height=&quot;434&quot; \/&gt; &lt;img class=&quot;alignnone size-large wp-image-590&quot; src=&quot;h...\" \/>\n<meta property=\"og:url\" content=\"https:\/\/naruservisas.lt\/lt_LT\/portfolio\/palanga-old-bridge-demolition-and-new-bridge-construction-sub-contractor-palanga-1998-y\/\" \/>\n<meta property=\"og:site_name\" content=\"Uosto infrastrukt\u016bros statyba, profesional\u016bs techniniai narai, buksyrai ir buksyravimas Klaip\u0117da, Lietuva nuo 1991 Port infrastructure construction, commercial divers, tugs &amp; towing in Klaipeda, Lithuania since 1991\" \/>\n<meta property=\"article:publisher\" content=\"https:\/\/www.facebook.com\/naruservisas.lt\/\" \/>\n<meta property=\"article:modified_time\" content=\"2020-07-05T21:27:11+00:00\" \/>\n<meta property=\"og:image\" content=\"https:\/\/naruservisas.lt\/wp-content\/uploads\/2020\/07\/Palangos-tilto-rekonstrukcija.jpg\" \/>\n\t<meta property=\"og:image:width\" content=\"2334\" \/>\n\t<meta property=\"og:image:height\" content=\"1269\" \/>\n\t<meta property=\"og:image:type\" content=\"image\/jpeg\" \/>\n<meta name=\"twitter:card\" content=\"summary_large_image\" \/>\n<script type=\"application\/ld+json\" class=\"yoast-schema-graph\">{\"@context\":\"https:\/\/schema.org\",\"@graph\":[{\"@type\":\"Organization\",\"@id\":\"https:\/\/naruservisas.lt\/#organization\",\"name\":\"Nar\\u0173 servisas UAB\",\"url\":\"https:\/\/naruservisas.lt\/\",\"sameAs\":[\"https:\/\/www.facebook.com\/naruservisas.lt\/\",\"https:\/\/www.instagram.com\/naruservisas\/\",\"https:\/\/www.linkedin.com\/company\/naru-servisas\/\"],\"logo\":{\"@type\":\"ImageObject\",\"@id\":\"https:\/\/naruservisas.lt\/#logo\",\"inLanguage\":\"en-US\",\"url\":\"https:\/\/naruservisas.lt\/wp-content\/uploads\/2020\/07\/Nar\\u0173-servisas-LOGO-JPGwhite-background.jpg\",\"contentUrl\":\"https:\/\/naruservisas.lt\/wp-content\/uploads\/2020\/07\/Nar\\u0173-servisas-LOGO-JPGwhite-background.jpg\",\"width\":1917,\"height\":1917,\"caption\":\"Nar\\u0173 servisas UAB\"},\"image\":{\"@id\":\"https:\/\/naruservisas.lt\/#logo\"}},{\"@type\":\"WebSite\",\"@id\":\"https:\/\/naruservisas.lt\/#website\",\"url\":\"https:\/\/naruservisas.lt\/\",\"name\":\"Uosto infrastrukt\\u016bros statyba, profesional\\u016bs techniniai narai, buksyrai ir buksyravimas Klaip\\u0117da, Lietuva nuo 1991 Port infrastructure construction, commercial divers, tugs &amp; towing in Klaipeda, Lithuania since 1991\",\"description\":\"\",\"publisher\":{\"@id\":\"https:\/\/naruservisas.lt\/#organization\"},\"potentialAction\":[{\"@type\":\"SearchAction\",\"target\":{\"@type\":\"EntryPoint\",\"urlTemplate\":\"https:\/\/naruservisas.lt\/?s={search_term_string}\"},\"query-input\":\"required name=search_term_string\"}],\"inLanguage\":\"en-US\"},{\"@type\":\"ImageObject\",\"@id\":\"https:\/\/naruservisas.lt\/lt_LT\/portfolio\/palanga-old-bridge-demolition-and-new-bridge-construction-sub-contractor-palanga-1998-y\/#primaryimage\",\"inLanguage\":\"en-US\",\"url\":\"https:\/\/naruservisas.lt\/wp-content\/uploads\/2020\/07\/Palangos-tilto-rekonstrukcija.jpg\",\"contentUrl\":\"https:\/\/naruservisas.lt\/wp-content\/uploads\/2020\/07\/Palangos-tilto-rekonstrukcija.jpg\",\"width\":2334,\"height\":1269},{\"@type\":\"WebPage\",\"@id\":\"https:\/\/naruservisas.lt\/lt_LT\/portfolio\/palanga-old-bridge-demolition-and-new-bridge-construction-sub-contractor-palanga-1998-y\/#webpage\",\"url\":\"https:\/\/naruservisas.lt\/lt_LT\/portfolio\/palanga-old-bridge-demolition-and-new-bridge-construction-sub-contractor-palanga-1998-y\/\",\"name\":\"Senojo Palangos tilto demontavimas ir naujo tilto statybos, sub. rangovas (Palanga, 1998 m.) | Uosto infrastrukt\\u016bros statyba, profesional\\u016bs techniniai narai, buksyrai ir buksyravimas Klaip\\u0117da, Lietuva nuo 1991 Port infrastructure construction, commercial divers, tugs &amp; towing in Klaipeda, Lithuania since 1991\",\"isPartOf\":{\"@id\":\"https:\/\/naruservisas.lt\/#website\"},\"primaryImageOfPage\":{\"@id\":\"https:\/\/naruservisas.lt\/lt_LT\/portfolio\/palanga-old-bridge-demolition-and-new-bridge-construction-sub-contractor-palanga-1998-y\/#primaryimage\"},\"datePublished\":\"2020-06-26T08:25:27+00:00\",\"dateModified\":\"2020-07-05T21:27:11+00:00\",\"breadcrumb\":{\"@id\":\"https:\/\/naruservisas.lt\/lt_LT\/portfolio\/palanga-old-bridge-demolition-and-new-bridge-construction-sub-contractor-palanga-1998-y\/#breadcrumb\"},\"inLanguage\":\"en-US\",\"potentialAction\":[{\"@type\":\"ReadAction\",\"target\":[\"https:\/\/naruservisas.lt\/lt_LT\/portfolio\/palanga-old-bridge-demolition-and-new-bridge-construction-sub-contractor-palanga-1998-y\/\"]}]},{\"@type\":\"BreadcrumbList\",\"@id\":\"https:\/\/naruservisas.lt\/lt_LT\/portfolio\/palanga-old-bridge-demolition-and-new-bridge-construction-sub-contractor-palanga-1998-y\/#breadcrumb\",\"itemListElement\":[{\"@type\":\"ListItem\",\"position\":1,\"name\":\"Home\",\"item\":\"https:\/\/naruservisas.lt\/\"},{\"@type\":\"ListItem\",\"position\":2,\"name\":\"Portfolio\",\"item\":\"https:\/\/naruservisas.lt\/portfolio\/\"},{\"@type\":\"ListItem\",\"position\":3,\"name\":\"Senojo Palangos tilto demontavimas ir naujo tilto statybos, sub. rangovas (Palanga, 1998 m.)\"}]}]}<\/script>\n<!-- \/ Yoast SEO plugin. -->","yoast_head_json":{"title":"\u0414\u0435\u043c\u043e\u043d\u0442\u0430\u0436 \u0441\u0442\u0430\u0440\u043e\u0433\u043e \u043c\u043e\u0441\u0442\u0430 \u0438 \u0441\u0442\u0440\u043e\u0438\u0442\u0435\u043b\u044c\u0441\u0442\u0432\u043e \u043d\u043e\u0432\u043e\u0433\u043e \u043c\u043e\u0441\u0442\u0430 \u0433. \u041f\u0430\u043b\u0430\u043d\u0433\u0430, \u0441\u0443\u0431. \u043f\u043e\u0434\u0440\u044f\u0434\u0447\u0438\u043a (\u041f\u0430\u043b\u0430\u043d\u0433\u0430, 1998 \u0433.)","robots":{"index":"index","follow":"follow","max-snippet":"max-snippet:-1","max-image-preview":"max-image-preview:large","max-video-preview":"max-video-preview:-1"},"canonical":"https:\/\/naruservisas.lt\/lt_LT\/portfolio\/palanga-old-bridge-demolition-and-new-bridge-construction-sub-contractor-palanga-1998-y\/","og_locale":"en_US","og_type":"article","og_title":"\u0414\u0435\u043c\u043e\u043d\u0442\u0430\u0436 \u0441\u0442\u0430\u0440\u043e\u0433\u043e \u043c\u043e\u0441\u0442\u0430 \u0438 \u0441\u0442\u0440\u043e\u0438\u0442\u0435\u043b\u044c\u0441\u0442\u0432\u043e \u043d\u043e\u0432\u043e\u0433\u043e \u043c\u043e\u0441\u0442\u0430 \u0433. \u041f\u0430\u043b\u0430\u043d\u0433\u0430, \u0441\u0443\u0431. \u043f\u043e\u0434\u0440\u044f\u0434\u0447\u0438\u043a (\u041f\u0430\u043b\u0430\u043d\u0433\u0430, 1998 \u0433.)","og_description":"<p><img class=\"alignnone size-large wp-image-589\" src=\"http:\/\/naruservisas.lt\/wp-content\/uploads\/2020\/06\/Archive-NS-Palangos-tilto-rekonstrukcija-3-1024x721.jpg\" alt=\"\" width=\"616\" height=\"434\" \/> <img class=\"alignnone size-large wp-image-590\" src=\"h...","og_url":"https:\/\/naruservisas.lt\/lt_LT\/portfolio\/palanga-old-bridge-demolition-and-new-bridge-construction-sub-contractor-palanga-1998-y\/","og_site_name":"Uosto infrastrukt\u016bros statyba, profesional\u016bs techniniai narai, buksyrai ir buksyravimas Klaip\u0117da, Lietuva nuo 1991 Port infrastructure construction, commercial divers, tugs &amp; towing in Klaipeda, Lithuania since 1991","article_publisher":"https:\/\/www.facebook.com\/naruservisas.lt\/","article_modified_time":"2020-07-05T21:27:11+00:00","og_image":[{"width":2334,"height":1269,"url":"https:\/\/naruservisas.lt\/wp-content\/uploads\/2020\/07\/Palangos-tilto-rekonstrukcija.jpg","type":"image\/jpeg"}],"twitter_card":"summary_large_image","schema":{"@context":"https:\/\/schema.org","@graph":[{"@type":"Organization","@id":"https:\/\/naruservisas.lt\/#organization","name":"Nar\u0173 servisas UAB","url":"https:\/\/naruservisas.lt\/","sameAs":["https:\/\/www.facebook.com\/naruservisas.lt\/","https:\/\/www.instagram.com\/naruservisas\/","https:\/\/www.linkedin.com\/company\/naru-servisas\/"],"logo":{"@type":"ImageObject","@id":"https:\/\/naruservisas.lt\/#logo","inLanguage":"en-US","url":"https:\/\/naruservisas.lt\/wp-content\/uploads\/2020\/07\/Nar\u0173-servisas-LOGO-JPGwhite-background.jpg","contentUrl":"https:\/\/naruservisas.lt\/wp-content\/uploads\/2020\/07\/Nar\u0173-servisas-LOGO-JPGwhite-background.jpg","width":1917,"height":1917,"caption":"Nar\u0173 servisas UAB"},"image":{"@id":"https:\/\/naruservisas.lt\/#logo"}},{"@type":"WebSite","@id":"https:\/\/naruservisas.lt\/#website","url":"https:\/\/naruservisas.lt\/","name":"Uosto infrastrukt\u016bros statyba, profesional\u016bs techniniai narai, buksyrai ir buksyravimas Klaip\u0117da, Lietuva nuo 1991 Port infrastructure construction, commercial divers, tugs &amp; towing in Klaipeda, Lithuania since 1991","description":"","publisher":{"@id":"https:\/\/naruservisas.lt\/#organization"},"potentialAction":[{"@type":"SearchAction","target":{"@type":"EntryPoint","urlTemplate":"https:\/\/naruservisas.lt\/?s={search_term_string}"},"query-input":"required name=search_term_string"}],"inLanguage":"en-US"},{"@type":"ImageObject","@id":"https:\/\/naruservisas.lt\/lt_LT\/portfolio\/palanga-old-bridge-demolition-and-new-bridge-construction-sub-contractor-palanga-1998-y\/#primaryimage","inLanguage":"en-US","url":"https:\/\/naruservisas.lt\/wp-content\/uploads\/2020\/07\/Palangos-tilto-rekonstrukcija.jpg","contentUrl":"https:\/\/naruservisas.lt\/wp-content\/uploads\/2020\/07\/Palangos-tilto-rekonstrukcija.jpg","width":2334,"height":1269},{"@type":"WebPage","@id":"https:\/\/naruservisas.lt\/lt_LT\/portfolio\/palanga-old-bridge-demolition-and-new-bridge-construction-sub-contractor-palanga-1998-y\/#webpage","url":"https:\/\/naruservisas.lt\/lt_LT\/portfolio\/palanga-old-bridge-demolition-and-new-bridge-construction-sub-contractor-palanga-1998-y\/","name":"Senojo Palangos tilto demontavimas ir naujo tilto statybos, sub. rangovas (Palanga, 1998 m.) | Uosto infrastrukt\u016bros statyba, profesional\u016bs techniniai narai, buksyrai ir buksyravimas Klaip\u0117da, Lietuva nuo 1991 Port infrastructure construction, commercial divers, tugs &amp; towing in Klaipeda, Lithuania since 1991","isPartOf":{"@id":"https:\/\/naruservisas.lt\/#website"},"primaryImageOfPage":{"@id":"https:\/\/naruservisas.lt\/lt_LT\/portfolio\/palanga-old-bridge-demolition-and-new-bridge-construction-sub-contractor-palanga-1998-y\/#primaryimage"},"datePublished":"2020-06-26T08:25:27+00:00","dateModified":"2020-07-05T21:27:11+00:00","breadcrumb":{"@id":"https:\/\/naruservisas.lt\/lt_LT\/portfolio\/palanga-old-bridge-demolition-and-new-bridge-construction-sub-contractor-palanga-1998-y\/#breadcrumb"},"inLanguage":"en-US","potentialAction":[{"@type":"ReadAction","target":["https:\/\/naruservisas.lt\/lt_LT\/portfolio\/palanga-old-bridge-demolition-and-new-bridge-construction-sub-contractor-palanga-1998-y\/"]}]},{"@type":"BreadcrumbList","@id":"https:\/\/naruservisas.lt\/lt_LT\/portfolio\/palanga-old-bridge-demolition-and-new-bridge-construction-sub-contractor-palanga-1998-y\/#breadcrumb","itemListElement":[{"@type":"ListItem","position":1,"name":"Home","item":"https:\/\/naruservisas.lt\/"},{"@type":"ListItem","position":2,"name":"Portfolio","item":"https:\/\/naruservisas.lt\/portfolio\/"},{"@type":"ListItem","position":3,"name":"Senojo Palangos tilto demontavimas ir naujo tilto statybos, sub. rangovas (Palanga, 1998 m.)"}]}]}},"_links":{"self":[{"href":"https:\/\/naruservisas.lt\/ru_RU\/wp-json\/wp\/v2\/pages\/407"}],"collection":[{"href":"https:\/\/naruservisas.lt\/ru_RU\/wp-json\/wp\/v2\/pages"}],"about":[{"href":"https:\/\/naruservisas.lt\/ru_RU\/wp-json\/wp\/v2\/types\/page"}],"author":[{"embeddable":true,"href":"https:\/\/naruservisas.lt\/ru_RU\/wp-json\/wp\/v2\/users\/1"}],"replies":[{"embeddable":true,"href":"https:\/\/naruservisas.lt\/ru_RU\/wp-json\/wp\/v2\/comments?post=407"}],"version-history":[{"count":8,"href":"https:\/\/naruservisas.lt\/ru_RU\/wp-json\/wp\/v2\/pages\/407\/revisions"}],"predecessor-version":[{"id":671,"href":"https:\/\/naruservisas.lt\/ru_RU\/wp-json\/wp\/v2\/pages\/407\/revisions\/671"}],"up":[{"embeddable":true,"href":"https:\/\/naruservisas.lt\/ru_RU\/wp-json\/wp\/v2\/pages\/31"}],"wp:featuredmedia":[{"embeddable":true,"href":"https:\/\/naruservisas.lt\/ru_RU\/wp-json\/wp\/v2\/media\/670"}],"wp:attachment":[{"href":"https:\/\/naruservisas.lt\/ru_RU\/wp-json\/wp\/v2\/media?parent=407"}],"curies":[{"name":"wp","href":"https:\/\/api.w.org\/{rel}","templated":true}]}}