{"id":453,"date":"2020-06-26T06:41:44","date_gmt":"2020-06-26T08:41:44","guid":{"rendered":"http:\/\/naruservisas.lt\/?page_id=453"},"modified":"2020-07-05T19:32:12","modified_gmt":"2020-07-05T21:32:12","slug":"palanga-bridge-breakwater-reconstruction-sub-contractor-palanga-2005-y","status":"publish","type":"page","link":"https:\/\/naruservisas.lt\/ru_RU\/portfolio\/palanga-bridge-breakwater-reconstruction-sub-contractor-palanga-2005-y\/","title":{"rendered":"\u0420\u0435\u043a\u043e\u043d\u0441\u0442\u0440\u0443\u043a\u0446\u0438\u044f \u0431\u0443\u043d\u044b \u0432\u043e\u0437\u043b\u0435 \u041f\u0430\u043b\u0430\u043d\u0433\u0441\u043a\u043e\u0433\u043e \u043c\u043e\u0441\u0442\u0430, \u0441\u0443\u0431. \u043f\u043e\u0434\u0440\u044f\u0434\u0447\u0438\u043a (\u041f\u0430\u043b\u0430\u043d\u0433\u0430, 2005 \u0433.)"},"content":{"rendered":"<p><img loading=\"lazy\" class=\"alignnone size-large wp-image-584\" src=\"http:\/\/naruservisas.lt\/wp-content\/uploads\/2020\/06\/Archive-NS-78-1024x630.jpg\" alt=\"\" width=\"616\" height=\"379\" srcset=\"https:\/\/naruservisas.lt\/wp-content\/uploads\/2020\/06\/Archive-NS-78-1024x630.jpg 1024w, https:\/\/naruservisas.lt\/wp-content\/uploads\/2020\/06\/Archive-NS-78-300x185.jpg 300w, https:\/\/naruservisas.lt\/wp-content\/uploads\/2020\/06\/Archive-NS-78-768x472.jpg 768w\" sizes=\"(max-width: 616px) 100vw, 616px\" \/> <img loading=\"lazy\" class=\"alignnone size-large wp-image-585\" src=\"http:\/\/naruservisas.lt\/wp-content\/uploads\/2020\/06\/Archive-NS-79-1024x685.jpg\" alt=\"\" width=\"616\" height=\"412\" srcset=\"https:\/\/naruservisas.lt\/wp-content\/uploads\/2020\/06\/Archive-NS-79-1024x685.jpg 1024w, https:\/\/naruservisas.lt\/wp-content\/uploads\/2020\/06\/Archive-NS-79-300x201.jpg 300w, https:\/\/naruservisas.lt\/wp-content\/uploads\/2020\/06\/Archive-NS-79-768x514.jpg 768w\" sizes=\"(max-width: 616px) 100vw, 616px\" \/><\/p>\n","protected":false},"excerpt":{"rendered":"<p><img loading=\"lazy\" class=\"alignnone size-large wp-image-584\" src=\"http:\/\/naruservisas.lt\/wp-content\/uploads\/2020\/06\/Archive-NS-78-1024x630.jpg\" alt=\"\" width=\"616\" height=\"379\" srcset=\"https:\/\/naruservisas.lt\/wp-content\/uploads\/2020\/06\/Archive-NS-78-1024x630.jpg 1024w, https:\/\/naruservisas.lt\/wp-content\/uploads\/2020\/06\/Archive-NS-78-300x185.jpg 300w, https:\/\/naruservisas.lt\/wp-content\/uploads\/2020\/06\/Archive-NS-78-768x472.jpg 768w\" sizes=\"(max-width: 616px) 100vw, 616px\" \/> <img class=\"alignnone size-large wp-image-585\" src=\"http:\/\/naruservisas.lt\/wp-cont...\n<\/p>\n","protected":false},"author":1,"featured_media":672,"parent":31,"menu_order":0,"comment_status":"closed","ping_status":"closed","template":"","meta":[],"yoast_head":"<!-- This site is optimized with the Yoast SEO plugin v17.9 - https:\/\/yoast.com\/wordpress\/plugins\/seo\/ -->\n<title>\u0420\u0435\u043a\u043e\u043d\u0441\u0442\u0440\u0443\u043a\u0446\u0438\u044f \u0431\u0443\u043d\u044b \u0432\u043e\u0437\u043b\u0435 \u041f\u0430\u043b\u0430\u043d\u0433\u0441\u043a\u043e\u0433\u043e \u043c\u043e\u0441\u0442\u0430, \u0441\u0443\u0431. \u043f\u043e\u0434\u0440\u044f\u0434\u0447\u0438\u043a (\u041f\u0430\u043b\u0430\u043d\u0433\u0430, 2005 \u0433.)<\/title>\n<meta name=\"robots\" content=\"index, follow, max-snippet:-1, max-image-preview:large, max-video-preview:-1\" \/>\n<link rel=\"canonical\" href=\"https:\/\/naruservisas.lt\/portfolio\/palanga-bridge-breakwater-reconstruction-sub-contractor-palanga-2005-y\/\" \/>\n<meta property=\"og:locale\" content=\"en_US\" \/>\n<meta property=\"og:type\" content=\"article\" \/>\n<meta property=\"og:title\" content=\"\u0420\u0435\u043a\u043e\u043d\u0441\u0442\u0440\u0443\u043a\u0446\u0438\u044f \u0431\u0443\u043d\u044b \u0432\u043e\u0437\u043b\u0435 \u041f\u0430\u043b\u0430\u043d\u0433\u0441\u043a\u043e\u0433\u043e \u043c\u043e\u0441\u0442\u0430, \u0441\u0443\u0431. \u043f\u043e\u0434\u0440\u044f\u0434\u0447\u0438\u043a (\u041f\u0430\u043b\u0430\u043d\u0433\u0430, 2005 \u0433.)\" \/>\n<meta property=\"og:description\" content=\"&lt;p&gt;&lt;img class=&quot;alignnone size-large wp-image-584&quot; src=&quot;http:\/\/naruservisas.lt\/wp-content\/uploads\/2020\/06\/Archive-NS-78-1024x630.jpg&quot; alt=&quot;&quot; width=&quot;616&quot; height=&quot;379&quot; \/&gt; &lt;img class=&quot;alignnone size-large wp-image-585&quot; src=&quot;http:\/\/naruservisas.lt\/wp-cont...\" \/>\n<meta property=\"og:url\" content=\"https:\/\/naruservisas.lt\/portfolio\/palanga-bridge-breakwater-reconstruction-sub-contractor-palanga-2005-y\/\" \/>\n<meta property=\"og:site_name\" content=\"Uosto infrastrukt\u016bros statyba, profesional\u016bs techniniai narai, buksyrai ir buksyravimas Klaip\u0117da, Lietuva nuo 1991 Port infrastructure construction, commercial divers, tugs &amp; towing in Klaipeda, Lithuania since 1991\" \/>\n<meta property=\"article:publisher\" content=\"https:\/\/www.facebook.com\/naruservisas.lt\/\" \/>\n<meta property=\"article:modified_time\" content=\"2020-07-05T21:32:12+00:00\" \/>\n<meta property=\"og:image\" content=\"https:\/\/naruservisas.lt\/wp-content\/uploads\/2020\/07\/Palangos-tilto-bunos-rekonstrukcija-scaled.jpg\" \/>\n\t<meta property=\"og:image:width\" content=\"2560\" \/>\n\t<meta property=\"og:image:height\" content=\"1179\" \/>\n\t<meta property=\"og:image:type\" content=\"image\/jpeg\" \/>\n<meta name=\"twitter:card\" content=\"summary_large_image\" \/>\n<script type=\"application\/ld+json\" class=\"yoast-schema-graph\">{\"@context\":\"https:\/\/schema.org\",\"@graph\":[{\"@type\":\"Organization\",\"@id\":\"https:\/\/naruservisas.lt\/#organization\",\"name\":\"Nar\\u0173 servisas UAB\",\"url\":\"https:\/\/naruservisas.lt\/\",\"sameAs\":[\"https:\/\/www.facebook.com\/naruservisas.lt\/\",\"https:\/\/www.instagram.com\/naruservisas\/\",\"https:\/\/www.linkedin.com\/company\/naru-servisas\/\"],\"logo\":{\"@type\":\"ImageObject\",\"@id\":\"https:\/\/naruservisas.lt\/#logo\",\"inLanguage\":\"en-US\",\"url\":\"https:\/\/naruservisas.lt\/wp-content\/uploads\/2020\/07\/Nar\\u0173-servisas-LOGO-JPGwhite-background.jpg\",\"contentUrl\":\"https:\/\/naruservisas.lt\/wp-content\/uploads\/2020\/07\/Nar\\u0173-servisas-LOGO-JPGwhite-background.jpg\",\"width\":1917,\"height\":1917,\"caption\":\"Nar\\u0173 servisas UAB\"},\"image\":{\"@id\":\"https:\/\/naruservisas.lt\/#logo\"}},{\"@type\":\"WebSite\",\"@id\":\"https:\/\/naruservisas.lt\/#website\",\"url\":\"https:\/\/naruservisas.lt\/\",\"name\":\"Uosto infrastrukt\\u016bros statyba, profesional\\u016bs techniniai narai, buksyrai ir buksyravimas Klaip\\u0117da, Lietuva nuo 1991 Port infrastructure construction, commercial divers, tugs &amp; towing in Klaipeda, Lithuania since 1991\",\"description\":\"\",\"publisher\":{\"@id\":\"https:\/\/naruservisas.lt\/#organization\"},\"potentialAction\":[{\"@type\":\"SearchAction\",\"target\":{\"@type\":\"EntryPoint\",\"urlTemplate\":\"https:\/\/naruservisas.lt\/?s={search_term_string}\"},\"query-input\":\"required name=search_term_string\"}],\"inLanguage\":\"en-US\"},{\"@type\":\"ImageObject\",\"@id\":\"https:\/\/naruservisas.lt\/portfolio\/palanga-bridge-breakwater-reconstruction-sub-contractor-palanga-2005-y\/#primaryimage\",\"inLanguage\":\"en-US\",\"url\":\"https:\/\/naruservisas.lt\/wp-content\/uploads\/2020\/07\/Palangos-tilto-bunos-rekonstrukcija-scaled.jpg\",\"contentUrl\":\"https:\/\/naruservisas.lt\/wp-content\/uploads\/2020\/07\/Palangos-tilto-bunos-rekonstrukcija-scaled.jpg\",\"width\":2560,\"height\":1179},{\"@type\":\"WebPage\",\"@id\":\"https:\/\/naruservisas.lt\/portfolio\/palanga-bridge-breakwater-reconstruction-sub-contractor-palanga-2005-y\/#webpage\",\"url\":\"https:\/\/naruservisas.lt\/portfolio\/palanga-bridge-breakwater-reconstruction-sub-contractor-palanga-2005-y\/\",\"name\":\"Bunos prie Palangos tilto rekonstrukcija, sub. rangovas (Palanga, 2005 m.) | Uosto infrastrukt\\u016bros statyba, profesional\\u016bs techniniai narai, buksyrai ir buksyravimas Klaip\\u0117da, Lietuva nuo 1991 Port infrastructure construction, commercial divers, tugs &amp; towing in Klaipeda, Lithuania since 1991\",\"isPartOf\":{\"@id\":\"https:\/\/naruservisas.lt\/#website\"},\"primaryImageOfPage\":{\"@id\":\"https:\/\/naruservisas.lt\/portfolio\/palanga-bridge-breakwater-reconstruction-sub-contractor-palanga-2005-y\/#primaryimage\"},\"datePublished\":\"2020-06-26T08:41:44+00:00\",\"dateModified\":\"2020-07-05T21:32:12+00:00\",\"breadcrumb\":{\"@id\":\"https:\/\/naruservisas.lt\/portfolio\/palanga-bridge-breakwater-reconstruction-sub-contractor-palanga-2005-y\/#breadcrumb\"},\"inLanguage\":\"en-US\",\"potentialAction\":[{\"@type\":\"ReadAction\",\"target\":[\"https:\/\/naruservisas.lt\/portfolio\/palanga-bridge-breakwater-reconstruction-sub-contractor-palanga-2005-y\/\"]}]},{\"@type\":\"BreadcrumbList\",\"@id\":\"https:\/\/naruservisas.lt\/portfolio\/palanga-bridge-breakwater-reconstruction-sub-contractor-palanga-2005-y\/#breadcrumb\",\"itemListElement\":[{\"@type\":\"ListItem\",\"position\":1,\"name\":\"Home\",\"item\":\"https:\/\/naruservisas.lt\/\"},{\"@type\":\"ListItem\",\"position\":2,\"name\":\"Portfolio\",\"item\":\"https:\/\/naruservisas.lt\/portfolio\/\"},{\"@type\":\"ListItem\",\"position\":3,\"name\":\"Bunos prie Palangos tilto rekonstrukcija, sub. rangovas (Palanga, 2005 m.)\"}]}]}<\/script>\n<!-- \/ Yoast SEO plugin. -->","yoast_head_json":{"title":"\u0420\u0435\u043a\u043e\u043d\u0441\u0442\u0440\u0443\u043a\u0446\u0438\u044f \u0431\u0443\u043d\u044b \u0432\u043e\u0437\u043b\u0435 \u041f\u0430\u043b\u0430\u043d\u0433\u0441\u043a\u043e\u0433\u043e \u043c\u043e\u0441\u0442\u0430, \u0441\u0443\u0431. \u043f\u043e\u0434\u0440\u044f\u0434\u0447\u0438\u043a (\u041f\u0430\u043b\u0430\u043d\u0433\u0430, 2005 \u0433.)","robots":{"index":"index","follow":"follow","max-snippet":"max-snippet:-1","max-image-preview":"max-image-preview:large","max-video-preview":"max-video-preview:-1"},"canonical":"https:\/\/naruservisas.lt\/portfolio\/palanga-bridge-breakwater-reconstruction-sub-contractor-palanga-2005-y\/","og_locale":"en_US","og_type":"article","og_title":"\u0420\u0435\u043a\u043e\u043d\u0441\u0442\u0440\u0443\u043a\u0446\u0438\u044f \u0431\u0443\u043d\u044b \u0432\u043e\u0437\u043b\u0435 \u041f\u0430\u043b\u0430\u043d\u0433\u0441\u043a\u043e\u0433\u043e \u043c\u043e\u0441\u0442\u0430, \u0441\u0443\u0431. \u043f\u043e\u0434\u0440\u044f\u0434\u0447\u0438\u043a (\u041f\u0430\u043b\u0430\u043d\u0433\u0430, 2005 \u0433.)","og_description":"<p><img class=\"alignnone size-large wp-image-584\" src=\"http:\/\/naruservisas.lt\/wp-content\/uploads\/2020\/06\/Archive-NS-78-1024x630.jpg\" alt=\"\" width=\"616\" height=\"379\" \/> <img class=\"alignnone size-large wp-image-585\" src=\"http:\/\/naruservisas.lt\/wp-cont...","og_url":"https:\/\/naruservisas.lt\/portfolio\/palanga-bridge-breakwater-reconstruction-sub-contractor-palanga-2005-y\/","og_site_name":"Uosto infrastrukt\u016bros statyba, profesional\u016bs techniniai narai, buksyrai ir buksyravimas Klaip\u0117da, Lietuva nuo 1991 Port infrastructure construction, commercial divers, tugs &amp; towing in Klaipeda, Lithuania since 1991","article_publisher":"https:\/\/www.facebook.com\/naruservisas.lt\/","article_modified_time":"2020-07-05T21:32:12+00:00","og_image":[{"width":2560,"height":1179,"url":"https:\/\/naruservisas.lt\/wp-content\/uploads\/2020\/07\/Palangos-tilto-bunos-rekonstrukcija-scaled.jpg","type":"image\/jpeg"}],"twitter_card":"summary_large_image","schema":{"@context":"https:\/\/schema.org","@graph":[{"@type":"Organization","@id":"https:\/\/naruservisas.lt\/#organization","name":"Nar\u0173 servisas UAB","url":"https:\/\/naruservisas.lt\/","sameAs":["https:\/\/www.facebook.com\/naruservisas.lt\/","https:\/\/www.instagram.com\/naruservisas\/","https:\/\/www.linkedin.com\/company\/naru-servisas\/"],"logo":{"@type":"ImageObject","@id":"https:\/\/naruservisas.lt\/#logo","inLanguage":"en-US","url":"https:\/\/naruservisas.lt\/wp-content\/uploads\/2020\/07\/Nar\u0173-servisas-LOGO-JPGwhite-background.jpg","contentUrl":"https:\/\/naruservisas.lt\/wp-content\/uploads\/2020\/07\/Nar\u0173-servisas-LOGO-JPGwhite-background.jpg","width":1917,"height":1917,"caption":"Nar\u0173 servisas UAB"},"image":{"@id":"https:\/\/naruservisas.lt\/#logo"}},{"@type":"WebSite","@id":"https:\/\/naruservisas.lt\/#website","url":"https:\/\/naruservisas.lt\/","name":"Uosto infrastrukt\u016bros statyba, profesional\u016bs techniniai narai, buksyrai ir buksyravimas Klaip\u0117da, Lietuva nuo 1991 Port infrastructure construction, commercial divers, tugs &amp; towing in Klaipeda, Lithuania since 1991","description":"","publisher":{"@id":"https:\/\/naruservisas.lt\/#organization"},"potentialAction":[{"@type":"SearchAction","target":{"@type":"EntryPoint","urlTemplate":"https:\/\/naruservisas.lt\/?s={search_term_string}"},"query-input":"required name=search_term_string"}],"inLanguage":"en-US"},{"@type":"ImageObject","@id":"https:\/\/naruservisas.lt\/portfolio\/palanga-bridge-breakwater-reconstruction-sub-contractor-palanga-2005-y\/#primaryimage","inLanguage":"en-US","url":"https:\/\/naruservisas.lt\/wp-content\/uploads\/2020\/07\/Palangos-tilto-bunos-rekonstrukcija-scaled.jpg","contentUrl":"https:\/\/naruservisas.lt\/wp-content\/uploads\/2020\/07\/Palangos-tilto-bunos-rekonstrukcija-scaled.jpg","width":2560,"height":1179},{"@type":"WebPage","@id":"https:\/\/naruservisas.lt\/portfolio\/palanga-bridge-breakwater-reconstruction-sub-contractor-palanga-2005-y\/#webpage","url":"https:\/\/naruservisas.lt\/portfolio\/palanga-bridge-breakwater-reconstruction-sub-contractor-palanga-2005-y\/","name":"Bunos prie Palangos tilto rekonstrukcija, sub. rangovas (Palanga, 2005 m.) | Uosto infrastrukt\u016bros statyba, profesional\u016bs techniniai narai, buksyrai ir buksyravimas Klaip\u0117da, Lietuva nuo 1991 Port infrastructure construction, commercial divers, tugs &amp; towing in Klaipeda, Lithuania since 1991","isPartOf":{"@id":"https:\/\/naruservisas.lt\/#website"},"primaryImageOfPage":{"@id":"https:\/\/naruservisas.lt\/portfolio\/palanga-bridge-breakwater-reconstruction-sub-contractor-palanga-2005-y\/#primaryimage"},"datePublished":"2020-06-26T08:41:44+00:00","dateModified":"2020-07-05T21:32:12+00:00","breadcrumb":{"@id":"https:\/\/naruservisas.lt\/portfolio\/palanga-bridge-breakwater-reconstruction-sub-contractor-palanga-2005-y\/#breadcrumb"},"inLanguage":"en-US","potentialAction":[{"@type":"ReadAction","target":["https:\/\/naruservisas.lt\/portfolio\/palanga-bridge-breakwater-reconstruction-sub-contractor-palanga-2005-y\/"]}]},{"@type":"BreadcrumbList","@id":"https:\/\/naruservisas.lt\/portfolio\/palanga-bridge-breakwater-reconstruction-sub-contractor-palanga-2005-y\/#breadcrumb","itemListElement":[{"@type":"ListItem","position":1,"name":"Home","item":"https:\/\/naruservisas.lt\/"},{"@type":"ListItem","position":2,"name":"Portfolio","item":"https:\/\/naruservisas.lt\/portfolio\/"},{"@type":"ListItem","position":3,"name":"Bunos prie Palangos tilto rekonstrukcija, sub. rangovas (Palanga, 2005 m.)"}]}]}},"_links":{"self":[{"href":"https:\/\/naruservisas.lt\/ru_RU\/wp-json\/wp\/v2\/pages\/453"}],"collection":[{"href":"https:\/\/naruservisas.lt\/ru_RU\/wp-json\/wp\/v2\/pages"}],"about":[{"href":"https:\/\/naruservisas.lt\/ru_RU\/wp-json\/wp\/v2\/types\/page"}],"author":[{"embeddable":true,"href":"https:\/\/naruservisas.lt\/ru_RU\/wp-json\/wp\/v2\/users\/1"}],"replies":[{"embeddable":true,"href":"https:\/\/naruservisas.lt\/ru_RU\/wp-json\/wp\/v2\/comments?post=453"}],"version-history":[{"count":6,"href":"https:\/\/naruservisas.lt\/ru_RU\/wp-json\/wp\/v2\/pages\/453\/revisions"}],"predecessor-version":[{"id":673,"href":"https:\/\/naruservisas.lt\/ru_RU\/wp-json\/wp\/v2\/pages\/453\/revisions\/673"}],"up":[{"embeddable":true,"href":"https:\/\/naruservisas.lt\/ru_RU\/wp-json\/wp\/v2\/pages\/31"}],"wp:featuredmedia":[{"embeddable":true,"href":"https:\/\/naruservisas.lt\/ru_RU\/wp-json\/wp\/v2\/media\/672"}],"wp:attachment":[{"href":"https:\/\/naruservisas.lt\/ru_RU\/wp-json\/wp\/v2\/media?parent=453"}],"curies":[{"name":"wp","href":"https:\/\/api.w.org\/{rel}","templated":true}]}}