{"id":469,"date":"2020-06-26T06:47:08","date_gmt":"2020-06-26T08:47:08","guid":{"rendered":"http:\/\/naruservisas.lt\/?page_id=469"},"modified":"2020-07-05T18:47:58","modified_gmt":"2020-07-05T20:47:58","slug":"boulder-and-other-navigational-obstacle-removal-from-fairway-waterway-search-and-lifting-of-sunken-objects-in-port-of-klaipeda-gen-contractor-klaipeda-2008-2014-y","status":"publish","type":"page","link":"https:\/\/naruservisas.lt\/ru_RU\/portfolio\/boulder-and-other-navigational-obstacle-removal-from-fairway-waterway-search-and-lifting-of-sunken-objects-in-port-of-klaipeda-gen-contractor-klaipeda-2008-2014-y\/","title":{"rendered":"\u041f\u043e\u0434\u044a\u0451\u043c \u0432\u0430\u043b\u0443\u043d\u043e\u0432 \u0438 \u043d\u0430\u0432\u0438\u0433\u0430\u0446\u0438\u043e\u043d\u043d\u044b\u0445 \u043f\u0440\u0435\u043f\u044f\u0442\u0441\u0442\u0432\u0438\u0439 \u0441 \u0444\u0430\u0440\u0432\u0430\u0442\u0435\u0440\u0430, \u043f\u043e\u0434\u044a\u0451\u043c \u0437\u0430\u0442\u043e\u043d\u0443\u0432\u0448\u0438\u0445 \u043e\u0431\u044a\u0435\u043a\u0442\u043e\u0432 \u043f\u043e\u0440\u0442 \u041a\u043b\u0430\u0439\u043f\u0435\u0434\u0430, \u0433\u0435\u043d. \u043f\u043e\u0434\u0440\u044f\u0434\u0447\u0438\u043a (\u041a\u043b\u0430\u0439\u043f\u0435\u0434\u0430, 2008-2014 \u0433\u0433.)"},"content":{"rendered":"","protected":false},"excerpt":{"rendered":"","protected":false},"author":1,"featured_media":656,"parent":31,"menu_order":0,"comment_status":"closed","ping_status":"closed","template":"","meta":[],"yoast_head":"<!-- This site is optimized with the Yoast SEO plugin v17.9 - https:\/\/yoast.com\/wordpress\/plugins\/seo\/ -->\n<title>\u041f\u043e\u0434\u044a\u0451\u043c \u0432\u0430\u043b\u0443\u043d\u043e\u0432 \u0438 \u043d\u0430\u0432\u0438\u0433\u0430\u0446\u0438\u043e\u043d\u043d\u044b\u0445 \u043f\u0440\u0435\u043f\u044f\u0442\u0441\u0442\u0432\u0438\u0439 \u0441 \u0444\u0430\u0440\u0432\u0430\u0442\u0435\u0440\u0430, \u043f\u043e\u0434\u044a\u0451\u043c \u0437\u0430\u0442\u043e\u043d\u0443\u0432\u0448\u0438\u0445 \u043e\u0431\u044a\u0435\u043a\u0442\u043e\u0432 \u043f\u043e\u0440\u0442 \u041a\u043b\u0430\u0439\u043f\u0435\u0434\u0430, \u0433\u0435\u043d. \u043f\u043e\u0434\u0440\u044f\u0434\u0447\u0438\u043a (\u041a\u043b\u0430\u0439\u043f\u0435\u0434\u0430, 2008-2014 \u0433\u0433.)<\/title>\n<meta name=\"robots\" content=\"index, follow, max-snippet:-1, max-image-preview:large, max-video-preview:-1\" \/>\n<link rel=\"canonical\" href=\"https:\/\/naruservisas.lt\/lt_LT\/portfolio\/boulder-and-other-navigational-obstacle-removal-from-fairway-waterway-search-and-lifting-of-sunken-objects-in-port-of-klaipeda-gen-contractor-klaipeda-2008-2014-y\/\" \/>\n<meta property=\"og:locale\" content=\"en_US\" \/>\n<meta property=\"og:type\" content=\"article\" \/>\n<meta property=\"og:title\" content=\"\u041f\u043e\u0434\u044a\u0451\u043c \u0432\u0430\u043b\u0443\u043d\u043e\u0432 \u0438 \u043d\u0430\u0432\u0438\u0433\u0430\u0446\u0438\u043e\u043d\u043d\u044b\u0445 \u043f\u0440\u0435\u043f\u044f\u0442\u0441\u0442\u0432\u0438\u0439 \u0441 \u0444\u0430\u0440\u0432\u0430\u0442\u0435\u0440\u0430, \u043f\u043e\u0434\u044a\u0451\u043c \u0437\u0430\u0442\u043e\u043d\u0443\u0432\u0448\u0438\u0445 \u043e\u0431\u044a\u0435\u043a\u0442\u043e\u0432 \u043f\u043e\u0440\u0442 \u041a\u043b\u0430\u0439\u043f\u0435\u0434\u0430, \u0433\u0435\u043d. \u043f\u043e\u0434\u0440\u044f\u0434\u0447\u0438\u043a (\u041a\u043b\u0430\u0439\u043f\u0435\u0434\u0430, 2008-2014 \u0433\u0433.)\" \/>\n<meta property=\"og:url\" content=\"https:\/\/naruservisas.lt\/lt_LT\/portfolio\/boulder-and-other-navigational-obstacle-removal-from-fairway-waterway-search-and-lifting-of-sunken-objects-in-port-of-klaipeda-gen-contractor-klaipeda-2008-2014-y\/\" \/>\n<meta property=\"og:site_name\" content=\"Uosto infrastrukt\u016bros statyba, profesional\u016bs techniniai narai, buksyrai ir buksyravimas Klaip\u0117da, Lietuva nuo 1991 Port infrastructure construction, commercial divers, tugs &amp; towing in Klaipeda, Lithuania since 1991\" \/>\n<meta property=\"article:publisher\" content=\"https:\/\/www.facebook.com\/naruservisas.lt\/\" \/>\n<meta property=\"article:modified_time\" content=\"2020-07-05T20:47:58+00:00\" \/>\n<meta property=\"og:image\" content=\"https:\/\/naruservisas.lt\/wp-content\/uploads\/2020\/07\/Rieduliu-iskelimas-scaled.jpg\" \/>\n\t<meta property=\"og:image:width\" content=\"2560\" \/>\n\t<meta property=\"og:image:height\" content=\"1440\" \/>\n\t<meta property=\"og:image:type\" content=\"image\/jpeg\" \/>\n<meta name=\"twitter:card\" content=\"summary_large_image\" \/>\n<script type=\"application\/ld+json\" class=\"yoast-schema-graph\">{\"@context\":\"https:\/\/schema.org\",\"@graph\":[{\"@type\":\"Organization\",\"@id\":\"https:\/\/naruservisas.lt\/#organization\",\"name\":\"Nar\\u0173 servisas UAB\",\"url\":\"https:\/\/naruservisas.lt\/\",\"sameAs\":[\"https:\/\/www.facebook.com\/naruservisas.lt\/\",\"https:\/\/www.instagram.com\/naruservisas\/\",\"https:\/\/www.linkedin.com\/company\/naru-servisas\/\"],\"logo\":{\"@type\":\"ImageObject\",\"@id\":\"https:\/\/naruservisas.lt\/#logo\",\"inLanguage\":\"en-US\",\"url\":\"https:\/\/naruservisas.lt\/wp-content\/uploads\/2020\/07\/Nar\\u0173-servisas-LOGO-JPGwhite-background.jpg\",\"contentUrl\":\"https:\/\/naruservisas.lt\/wp-content\/uploads\/2020\/07\/Nar\\u0173-servisas-LOGO-JPGwhite-background.jpg\",\"width\":1917,\"height\":1917,\"caption\":\"Nar\\u0173 servisas UAB\"},\"image\":{\"@id\":\"https:\/\/naruservisas.lt\/#logo\"}},{\"@type\":\"WebSite\",\"@id\":\"https:\/\/naruservisas.lt\/#website\",\"url\":\"https:\/\/naruservisas.lt\/\",\"name\":\"Uosto infrastrukt\\u016bros statyba, profesional\\u016bs techniniai narai, buksyrai ir buksyravimas Klaip\\u0117da, Lietuva nuo 1991 Port infrastructure construction, commercial divers, tugs &amp; towing in Klaipeda, Lithuania since 1991\",\"description\":\"\",\"publisher\":{\"@id\":\"https:\/\/naruservisas.lt\/#organization\"},\"potentialAction\":[{\"@type\":\"SearchAction\",\"target\":{\"@type\":\"EntryPoint\",\"urlTemplate\":\"https:\/\/naruservisas.lt\/?s={search_term_string}\"},\"query-input\":\"required name=search_term_string\"}],\"inLanguage\":\"en-US\"},{\"@type\":\"ImageObject\",\"@id\":\"https:\/\/naruservisas.lt\/lt_LT\/portfolio\/boulder-and-other-navigational-obstacle-removal-from-fairway-waterway-search-and-lifting-of-sunken-objects-in-port-of-klaipeda-gen-contractor-klaipeda-2008-2014-y\/#primaryimage\",\"inLanguage\":\"en-US\",\"url\":\"https:\/\/naruservisas.lt\/wp-content\/uploads\/2020\/07\/Rieduliu-iskelimas-scaled.jpg\",\"contentUrl\":\"https:\/\/naruservisas.lt\/wp-content\/uploads\/2020\/07\/Rieduliu-iskelimas-scaled.jpg\",\"width\":2560,\"height\":1440},{\"@type\":\"WebPage\",\"@id\":\"https:\/\/naruservisas.lt\/lt_LT\/portfolio\/boulder-and-other-navigational-obstacle-removal-from-fairway-waterway-search-and-lifting-of-sunken-objects-in-port-of-klaipeda-gen-contractor-klaipeda-2008-2014-y\/#webpage\",\"url\":\"https:\/\/naruservisas.lt\/lt_LT\/portfolio\/boulder-and-other-navigational-obstacle-removal-from-fairway-waterway-search-and-lifting-of-sunken-objects-in-port-of-klaipeda-gen-contractor-klaipeda-2008-2014-y\/\",\"name\":\"Rieduli\\u0173 ir kit\\u0173 navigacini\\u0173 kli\\u016b\\u010di\\u0173 i\\u0161k\\u0117limas i\\u0161 farvateriaus, nuskendusi\\u0173 objekt\\u0173 i\\u0161k\\u0117limas Klaip\\u0117dos uoste, gen. rangovas (Klaip\\u0117da, 2008-2014 m.) | Uosto infrastrukt\\u016bros statyba, profesional\\u016bs techniniai narai, buksyrai ir buksyravimas Klaip\\u0117da, Lietuva nuo 1991 Port infrastructure construction, commercial divers, tugs &amp; towing in Klaipeda, Lithuania since 1991\",\"isPartOf\":{\"@id\":\"https:\/\/naruservisas.lt\/#website\"},\"primaryImageOfPage\":{\"@id\":\"https:\/\/naruservisas.lt\/lt_LT\/portfolio\/boulder-and-other-navigational-obstacle-removal-from-fairway-waterway-search-and-lifting-of-sunken-objects-in-port-of-klaipeda-gen-contractor-klaipeda-2008-2014-y\/#primaryimage\"},\"datePublished\":\"2020-06-26T08:47:08+00:00\",\"dateModified\":\"2020-07-05T20:47:58+00:00\",\"breadcrumb\":{\"@id\":\"https:\/\/naruservisas.lt\/lt_LT\/portfolio\/boulder-and-other-navigational-obstacle-removal-from-fairway-waterway-search-and-lifting-of-sunken-objects-in-port-of-klaipeda-gen-contractor-klaipeda-2008-2014-y\/#breadcrumb\"},\"inLanguage\":\"en-US\",\"potentialAction\":[{\"@type\":\"ReadAction\",\"target\":[\"https:\/\/naruservisas.lt\/lt_LT\/portfolio\/boulder-and-other-navigational-obstacle-removal-from-fairway-waterway-search-and-lifting-of-sunken-objects-in-port-of-klaipeda-gen-contractor-klaipeda-2008-2014-y\/\"]}]},{\"@type\":\"BreadcrumbList\",\"@id\":\"https:\/\/naruservisas.lt\/lt_LT\/portfolio\/boulder-and-other-navigational-obstacle-removal-from-fairway-waterway-search-and-lifting-of-sunken-objects-in-port-of-klaipeda-gen-contractor-klaipeda-2008-2014-y\/#breadcrumb\",\"itemListElement\":[{\"@type\":\"ListItem\",\"position\":1,\"name\":\"Home\",\"item\":\"https:\/\/naruservisas.lt\/\"},{\"@type\":\"ListItem\",\"position\":2,\"name\":\"Portfolio\",\"item\":\"https:\/\/naruservisas.lt\/portfolio\/\"},{\"@type\":\"ListItem\",\"position\":3,\"name\":\"Rieduli\\u0173 ir kit\\u0173 navigacini\\u0173 kli\\u016b\\u010di\\u0173 i\\u0161k\\u0117limas i\\u0161 farvateriaus, nuskendusi\\u0173 objekt\\u0173 i\\u0161k\\u0117limas Klaip\\u0117dos uoste, gen. rangovas (Klaip\\u0117da, 2008-2014 m.)\"}]}]}<\/script>\n<!-- \/ Yoast SEO plugin. -->","yoast_head_json":{"title":"\u041f\u043e\u0434\u044a\u0451\u043c \u0432\u0430\u043b\u0443\u043d\u043e\u0432 \u0438 \u043d\u0430\u0432\u0438\u0433\u0430\u0446\u0438\u043e\u043d\u043d\u044b\u0445 \u043f\u0440\u0435\u043f\u044f\u0442\u0441\u0442\u0432\u0438\u0439 \u0441 \u0444\u0430\u0440\u0432\u0430\u0442\u0435\u0440\u0430, \u043f\u043e\u0434\u044a\u0451\u043c \u0437\u0430\u0442\u043e\u043d\u0443\u0432\u0448\u0438\u0445 \u043e\u0431\u044a\u0435\u043a\u0442\u043e\u0432 \u043f\u043e\u0440\u0442 \u041a\u043b\u0430\u0439\u043f\u0435\u0434\u0430, \u0433\u0435\u043d. \u043f\u043e\u0434\u0440\u044f\u0434\u0447\u0438\u043a (\u041a\u043b\u0430\u0439\u043f\u0435\u0434\u0430, 2008-2014 \u0433\u0433.)","robots":{"index":"index","follow":"follow","max-snippet":"max-snippet:-1","max-image-preview":"max-image-preview:large","max-video-preview":"max-video-preview:-1"},"canonical":"https:\/\/naruservisas.lt\/lt_LT\/portfolio\/boulder-and-other-navigational-obstacle-removal-from-fairway-waterway-search-and-lifting-of-sunken-objects-in-port-of-klaipeda-gen-contractor-klaipeda-2008-2014-y\/","og_locale":"en_US","og_type":"article","og_title":"\u041f\u043e\u0434\u044a\u0451\u043c \u0432\u0430\u043b\u0443\u043d\u043e\u0432 \u0438 \u043d\u0430\u0432\u0438\u0433\u0430\u0446\u0438\u043e\u043d\u043d\u044b\u0445 \u043f\u0440\u0435\u043f\u044f\u0442\u0441\u0442\u0432\u0438\u0439 \u0441 \u0444\u0430\u0440\u0432\u0430\u0442\u0435\u0440\u0430, \u043f\u043e\u0434\u044a\u0451\u043c \u0437\u0430\u0442\u043e\u043d\u0443\u0432\u0448\u0438\u0445 \u043e\u0431\u044a\u0435\u043a\u0442\u043e\u0432 \u043f\u043e\u0440\u0442 \u041a\u043b\u0430\u0439\u043f\u0435\u0434\u0430, \u0433\u0435\u043d. \u043f\u043e\u0434\u0440\u044f\u0434\u0447\u0438\u043a (\u041a\u043b\u0430\u0439\u043f\u0435\u0434\u0430, 2008-2014 \u0433\u0433.)","og_url":"https:\/\/naruservisas.lt\/lt_LT\/portfolio\/boulder-and-other-navigational-obstacle-removal-from-fairway-waterway-search-and-lifting-of-sunken-objects-in-port-of-klaipeda-gen-contractor-klaipeda-2008-2014-y\/","og_site_name":"Uosto infrastrukt\u016bros statyba, profesional\u016bs techniniai narai, buksyrai ir buksyravimas Klaip\u0117da, Lietuva nuo 1991 Port infrastructure construction, commercial divers, tugs &amp; towing in Klaipeda, Lithuania since 1991","article_publisher":"https:\/\/www.facebook.com\/naruservisas.lt\/","article_modified_time":"2020-07-05T20:47:58+00:00","og_image":[{"width":2560,"height":1440,"url":"https:\/\/naruservisas.lt\/wp-content\/uploads\/2020\/07\/Rieduliu-iskelimas-scaled.jpg","type":"image\/jpeg"}],"twitter_card":"summary_large_image","schema":{"@context":"https:\/\/schema.org","@graph":[{"@type":"Organization","@id":"https:\/\/naruservisas.lt\/#organization","name":"Nar\u0173 servisas UAB","url":"https:\/\/naruservisas.lt\/","sameAs":["https:\/\/www.facebook.com\/naruservisas.lt\/","https:\/\/www.instagram.com\/naruservisas\/","https:\/\/www.linkedin.com\/company\/naru-servisas\/"],"logo":{"@type":"ImageObject","@id":"https:\/\/naruservisas.lt\/#logo","inLanguage":"en-US","url":"https:\/\/naruservisas.lt\/wp-content\/uploads\/2020\/07\/Nar\u0173-servisas-LOGO-JPGwhite-background.jpg","contentUrl":"https:\/\/naruservisas.lt\/wp-content\/uploads\/2020\/07\/Nar\u0173-servisas-LOGO-JPGwhite-background.jpg","width":1917,"height":1917,"caption":"Nar\u0173 servisas UAB"},"image":{"@id":"https:\/\/naruservisas.lt\/#logo"}},{"@type":"WebSite","@id":"https:\/\/naruservisas.lt\/#website","url":"https:\/\/naruservisas.lt\/","name":"Uosto infrastrukt\u016bros statyba, profesional\u016bs techniniai narai, buksyrai ir buksyravimas Klaip\u0117da, Lietuva nuo 1991 Port infrastructure construction, commercial divers, tugs &amp; towing in Klaipeda, Lithuania since 1991","description":"","publisher":{"@id":"https:\/\/naruservisas.lt\/#organization"},"potentialAction":[{"@type":"SearchAction","target":{"@type":"EntryPoint","urlTemplate":"https:\/\/naruservisas.lt\/?s={search_term_string}"},"query-input":"required name=search_term_string"}],"inLanguage":"en-US"},{"@type":"ImageObject","@id":"https:\/\/naruservisas.lt\/lt_LT\/portfolio\/boulder-and-other-navigational-obstacle-removal-from-fairway-waterway-search-and-lifting-of-sunken-objects-in-port-of-klaipeda-gen-contractor-klaipeda-2008-2014-y\/#primaryimage","inLanguage":"en-US","url":"https:\/\/naruservisas.lt\/wp-content\/uploads\/2020\/07\/Rieduliu-iskelimas-scaled.jpg","contentUrl":"https:\/\/naruservisas.lt\/wp-content\/uploads\/2020\/07\/Rieduliu-iskelimas-scaled.jpg","width":2560,"height":1440},{"@type":"WebPage","@id":"https:\/\/naruservisas.lt\/lt_LT\/portfolio\/boulder-and-other-navigational-obstacle-removal-from-fairway-waterway-search-and-lifting-of-sunken-objects-in-port-of-klaipeda-gen-contractor-klaipeda-2008-2014-y\/#webpage","url":"https:\/\/naruservisas.lt\/lt_LT\/portfolio\/boulder-and-other-navigational-obstacle-removal-from-fairway-waterway-search-and-lifting-of-sunken-objects-in-port-of-klaipeda-gen-contractor-klaipeda-2008-2014-y\/","name":"Rieduli\u0173 ir kit\u0173 navigacini\u0173 kli\u016b\u010di\u0173 i\u0161k\u0117limas i\u0161 farvateriaus, nuskendusi\u0173 objekt\u0173 i\u0161k\u0117limas Klaip\u0117dos uoste, gen. rangovas (Klaip\u0117da, 2008-2014 m.) | Uosto infrastrukt\u016bros statyba, profesional\u016bs techniniai narai, buksyrai ir buksyravimas Klaip\u0117da, Lietuva nuo 1991 Port infrastructure construction, commercial divers, tugs &amp; towing in Klaipeda, Lithuania since 1991","isPartOf":{"@id":"https:\/\/naruservisas.lt\/#website"},"primaryImageOfPage":{"@id":"https:\/\/naruservisas.lt\/lt_LT\/portfolio\/boulder-and-other-navigational-obstacle-removal-from-fairway-waterway-search-and-lifting-of-sunken-objects-in-port-of-klaipeda-gen-contractor-klaipeda-2008-2014-y\/#primaryimage"},"datePublished":"2020-06-26T08:47:08+00:00","dateModified":"2020-07-05T20:47:58+00:00","breadcrumb":{"@id":"https:\/\/naruservisas.lt\/lt_LT\/portfolio\/boulder-and-other-navigational-obstacle-removal-from-fairway-waterway-search-and-lifting-of-sunken-objects-in-port-of-klaipeda-gen-contractor-klaipeda-2008-2014-y\/#breadcrumb"},"inLanguage":"en-US","potentialAction":[{"@type":"ReadAction","target":["https:\/\/naruservisas.lt\/lt_LT\/portfolio\/boulder-and-other-navigational-obstacle-removal-from-fairway-waterway-search-and-lifting-of-sunken-objects-in-port-of-klaipeda-gen-contractor-klaipeda-2008-2014-y\/"]}]},{"@type":"BreadcrumbList","@id":"https:\/\/naruservisas.lt\/lt_LT\/portfolio\/boulder-and-other-navigational-obstacle-removal-from-fairway-waterway-search-and-lifting-of-sunken-objects-in-port-of-klaipeda-gen-contractor-klaipeda-2008-2014-y\/#breadcrumb","itemListElement":[{"@type":"ListItem","position":1,"name":"Home","item":"https:\/\/naruservisas.lt\/"},{"@type":"ListItem","position":2,"name":"Portfolio","item":"https:\/\/naruservisas.lt\/portfolio\/"},{"@type":"ListItem","position":3,"name":"Rieduli\u0173 ir kit\u0173 navigacini\u0173 kli\u016b\u010di\u0173 i\u0161k\u0117limas i\u0161 farvateriaus, nuskendusi\u0173 objekt\u0173 i\u0161k\u0117limas Klaip\u0117dos uoste, gen. rangovas (Klaip\u0117da, 2008-2014 m.)"}]}]}},"_links":{"self":[{"href":"https:\/\/naruservisas.lt\/ru_RU\/wp-json\/wp\/v2\/pages\/469"}],"collection":[{"href":"https:\/\/naruservisas.lt\/ru_RU\/wp-json\/wp\/v2\/pages"}],"about":[{"href":"https:\/\/naruservisas.lt\/ru_RU\/wp-json\/wp\/v2\/types\/page"}],"author":[{"embeddable":true,"href":"https:\/\/naruservisas.lt\/ru_RU\/wp-json\/wp\/v2\/users\/1"}],"replies":[{"embeddable":true,"href":"https:\/\/naruservisas.lt\/ru_RU\/wp-json\/wp\/v2\/comments?post=469"}],"version-history":[{"count":3,"href":"https:\/\/naruservisas.lt\/ru_RU\/wp-json\/wp\/v2\/pages\/469\/revisions"}],"predecessor-version":[{"id":657,"href":"https:\/\/naruservisas.lt\/ru_RU\/wp-json\/wp\/v2\/pages\/469\/revisions\/657"}],"up":[{"embeddable":true,"href":"https:\/\/naruservisas.lt\/ru_RU\/wp-json\/wp\/v2\/pages\/31"}],"wp:featuredmedia":[{"embeddable":true,"href":"https:\/\/naruservisas.lt\/ru_RU\/wp-json\/wp\/v2\/media\/656"}],"wp:attachment":[{"href":"https:\/\/naruservisas.lt\/ru_RU\/wp-json\/wp\/v2\/media?parent=469"}],"curies":[{"name":"wp","href":"https:\/\/api.w.org\/{rel}","templated":true}]}}