{"id":493,"date":"2020-06-26T06:55:03","date_gmt":"2020-06-26T08:55:03","guid":{"rendered":"http:\/\/naruservisas.lt\/?page_id=493"},"modified":"2020-07-05T19:08:29","modified_gmt":"2020-07-05T21:08:29","slug":"waterbreaker-pier-construction-sub-contractor-pavilosta-2016-y","status":"publish","type":"page","link":"https:\/\/naruservisas.lt\/ru_RU\/portfolio\/waterbreaker-pier-construction-sub-contractor-pavilosta-2016-y\/","title":{"rendered":"\u0421\u0442\u0440\u043e\u0438\u0442\u0435\u043b\u044c\u0441\u0442\u0432\u043e \u043c\u043e\u043b\u043e\u0432, \u0441\u0443\u0431. \u043f\u043e\u0434\u0440\u044f\u0434\u0447\u0438\u043a (\u041f\u0430\u0432\u0438\u043b\u043e\u0441\u0442\u0430, 2016 \u0433.)"},"content":{"rendered":"","protected":false},"excerpt":{"rendered":"","protected":false},"author":1,"featured_media":661,"parent":31,"menu_order":0,"comment_status":"closed","ping_status":"closed","template":"","meta":[],"yoast_head":"<!-- This site is optimized with the Yoast SEO plugin v17.9 - https:\/\/yoast.com\/wordpress\/plugins\/seo\/ -->\n<title>\u0421\u0442\u0440\u043e\u0438\u0442\u0435\u043b\u044c\u0441\u0442\u0432\u043e \u043c\u043e\u043b\u043e\u0432, \u0441\u0443\u0431. \u043f\u043e\u0434\u0440\u044f\u0434\u0447\u0438\u043a (\u041f\u0430\u0432\u0438\u043b\u043e\u0441\u0442\u0430, 2016 \u0433.)<\/title>\n<meta name=\"robots\" content=\"index, follow, max-snippet:-1, max-image-preview:large, max-video-preview:-1\" \/>\n<link rel=\"canonical\" href=\"https:\/\/naruservisas.lt\/portfolio\/waterbreaker-pier-construction-sub-contractor-pavilosta-2016-y\/\" \/>\n<meta property=\"og:locale\" content=\"en_US\" \/>\n<meta property=\"og:type\" content=\"article\" \/>\n<meta property=\"og:title\" content=\"\u0421\u0442\u0440\u043e\u0438\u0442\u0435\u043b\u044c\u0441\u0442\u0432\u043e \u043c\u043e\u043b\u043e\u0432, \u0441\u0443\u0431. \u043f\u043e\u0434\u0440\u044f\u0434\u0447\u0438\u043a (\u041f\u0430\u0432\u0438\u043b\u043e\u0441\u0442\u0430, 2016 \u0433.)\" \/>\n<meta property=\"og:url\" content=\"https:\/\/naruservisas.lt\/portfolio\/waterbreaker-pier-construction-sub-contractor-pavilosta-2016-y\/\" \/>\n<meta property=\"og:site_name\" content=\"Uosto infrastrukt\u016bros statyba, profesional\u016bs techniniai narai, buksyrai ir buksyravimas Klaip\u0117da, Lietuva nuo 1991 Port infrastructure construction, commercial divers, tugs &amp; towing in Klaipeda, Lithuania since 1991\" \/>\n<meta property=\"article:publisher\" content=\"https:\/\/www.facebook.com\/naruservisas.lt\/\" \/>\n<meta property=\"article:modified_time\" content=\"2020-07-05T21:08:29+00:00\" \/>\n<meta property=\"og:image\" content=\"https:\/\/naruservisas.lt\/wp-content\/uploads\/2020\/07\/Pavilosta-molu-statybos-scaled.jpg\" \/>\n\t<meta property=\"og:image:width\" content=\"2560\" \/>\n\t<meta property=\"og:image:height\" content=\"1058\" \/>\n\t<meta property=\"og:image:type\" content=\"image\/jpeg\" \/>\n<meta name=\"twitter:card\" content=\"summary_large_image\" \/>\n<script type=\"application\/ld+json\" class=\"yoast-schema-graph\">{\"@context\":\"https:\/\/schema.org\",\"@graph\":[{\"@type\":\"Organization\",\"@id\":\"https:\/\/naruservisas.lt\/#organization\",\"name\":\"Nar\\u0173 servisas UAB\",\"url\":\"https:\/\/naruservisas.lt\/\",\"sameAs\":[\"https:\/\/www.facebook.com\/naruservisas.lt\/\",\"https:\/\/www.instagram.com\/naruservisas\/\",\"https:\/\/www.linkedin.com\/company\/naru-servisas\/\"],\"logo\":{\"@type\":\"ImageObject\",\"@id\":\"https:\/\/naruservisas.lt\/#logo\",\"inLanguage\":\"en-US\",\"url\":\"https:\/\/naruservisas.lt\/wp-content\/uploads\/2020\/07\/Nar\\u0173-servisas-LOGO-JPGwhite-background.jpg\",\"contentUrl\":\"https:\/\/naruservisas.lt\/wp-content\/uploads\/2020\/07\/Nar\\u0173-servisas-LOGO-JPGwhite-background.jpg\",\"width\":1917,\"height\":1917,\"caption\":\"Nar\\u0173 servisas UAB\"},\"image\":{\"@id\":\"https:\/\/naruservisas.lt\/#logo\"}},{\"@type\":\"WebSite\",\"@id\":\"https:\/\/naruservisas.lt\/#website\",\"url\":\"https:\/\/naruservisas.lt\/\",\"name\":\"Uosto infrastrukt\\u016bros statyba, profesional\\u016bs techniniai narai, buksyrai ir buksyravimas Klaip\\u0117da, Lietuva nuo 1991 Port infrastructure construction, commercial divers, tugs &amp; towing in Klaipeda, Lithuania since 1991\",\"description\":\"\",\"publisher\":{\"@id\":\"https:\/\/naruservisas.lt\/#organization\"},\"potentialAction\":[{\"@type\":\"SearchAction\",\"target\":{\"@type\":\"EntryPoint\",\"urlTemplate\":\"https:\/\/naruservisas.lt\/?s={search_term_string}\"},\"query-input\":\"required name=search_term_string\"}],\"inLanguage\":\"en-US\"},{\"@type\":\"ImageObject\",\"@id\":\"https:\/\/naruservisas.lt\/portfolio\/waterbreaker-pier-construction-sub-contractor-pavilosta-2016-y\/#primaryimage\",\"inLanguage\":\"en-US\",\"url\":\"https:\/\/naruservisas.lt\/wp-content\/uploads\/2020\/07\/Pavilosta-molu-statybos-scaled.jpg\",\"contentUrl\":\"https:\/\/naruservisas.lt\/wp-content\/uploads\/2020\/07\/Pavilosta-molu-statybos-scaled.jpg\",\"width\":2560,\"height\":1058},{\"@type\":\"WebPage\",\"@id\":\"https:\/\/naruservisas.lt\/portfolio\/waterbreaker-pier-construction-sub-contractor-pavilosta-2016-y\/#webpage\",\"url\":\"https:\/\/naruservisas.lt\/portfolio\/waterbreaker-pier-construction-sub-contractor-pavilosta-2016-y\/\",\"name\":\"Mol\\u0173 statybos, sub. rangovas (Pavilosta, 2016 m.) | Uosto infrastrukt\\u016bros statyba, profesional\\u016bs techniniai narai, buksyrai ir buksyravimas Klaip\\u0117da, Lietuva nuo 1991 Port infrastructure construction, commercial divers, tugs &amp; towing in Klaipeda, Lithuania since 1991\",\"isPartOf\":{\"@id\":\"https:\/\/naruservisas.lt\/#website\"},\"primaryImageOfPage\":{\"@id\":\"https:\/\/naruservisas.lt\/portfolio\/waterbreaker-pier-construction-sub-contractor-pavilosta-2016-y\/#primaryimage\"},\"datePublished\":\"2020-06-26T08:55:03+00:00\",\"dateModified\":\"2020-07-05T21:08:29+00:00\",\"breadcrumb\":{\"@id\":\"https:\/\/naruservisas.lt\/portfolio\/waterbreaker-pier-construction-sub-contractor-pavilosta-2016-y\/#breadcrumb\"},\"inLanguage\":\"en-US\",\"potentialAction\":[{\"@type\":\"ReadAction\",\"target\":[\"https:\/\/naruservisas.lt\/portfolio\/waterbreaker-pier-construction-sub-contractor-pavilosta-2016-y\/\"]}]},{\"@type\":\"BreadcrumbList\",\"@id\":\"https:\/\/naruservisas.lt\/portfolio\/waterbreaker-pier-construction-sub-contractor-pavilosta-2016-y\/#breadcrumb\",\"itemListElement\":[{\"@type\":\"ListItem\",\"position\":1,\"name\":\"Home\",\"item\":\"https:\/\/naruservisas.lt\/\"},{\"@type\":\"ListItem\",\"position\":2,\"name\":\"Portfolio\",\"item\":\"https:\/\/naruservisas.lt\/portfolio\/\"},{\"@type\":\"ListItem\",\"position\":3,\"name\":\"Mol\\u0173 statybos, sub. rangovas (Pavilosta, 2016 m.)\"}]}]}<\/script>\n<!-- \/ Yoast SEO plugin. -->","yoast_head_json":{"title":"\u0421\u0442\u0440\u043e\u0438\u0442\u0435\u043b\u044c\u0441\u0442\u0432\u043e \u043c\u043e\u043b\u043e\u0432, \u0441\u0443\u0431. \u043f\u043e\u0434\u0440\u044f\u0434\u0447\u0438\u043a (\u041f\u0430\u0432\u0438\u043b\u043e\u0441\u0442\u0430, 2016 \u0433.)","robots":{"index":"index","follow":"follow","max-snippet":"max-snippet:-1","max-image-preview":"max-image-preview:large","max-video-preview":"max-video-preview:-1"},"canonical":"https:\/\/naruservisas.lt\/portfolio\/waterbreaker-pier-construction-sub-contractor-pavilosta-2016-y\/","og_locale":"en_US","og_type":"article","og_title":"\u0421\u0442\u0440\u043e\u0438\u0442\u0435\u043b\u044c\u0441\u0442\u0432\u043e \u043c\u043e\u043b\u043e\u0432, \u0441\u0443\u0431. \u043f\u043e\u0434\u0440\u044f\u0434\u0447\u0438\u043a (\u041f\u0430\u0432\u0438\u043b\u043e\u0441\u0442\u0430, 2016 \u0433.)","og_url":"https:\/\/naruservisas.lt\/portfolio\/waterbreaker-pier-construction-sub-contractor-pavilosta-2016-y\/","og_site_name":"Uosto infrastrukt\u016bros statyba, profesional\u016bs techniniai narai, buksyrai ir buksyravimas Klaip\u0117da, Lietuva nuo 1991 Port infrastructure construction, commercial divers, tugs &amp; towing in Klaipeda, Lithuania since 1991","article_publisher":"https:\/\/www.facebook.com\/naruservisas.lt\/","article_modified_time":"2020-07-05T21:08:29+00:00","og_image":[{"width":2560,"height":1058,"url":"https:\/\/naruservisas.lt\/wp-content\/uploads\/2020\/07\/Pavilosta-molu-statybos-scaled.jpg","type":"image\/jpeg"}],"twitter_card":"summary_large_image","schema":{"@context":"https:\/\/schema.org","@graph":[{"@type":"Organization","@id":"https:\/\/naruservisas.lt\/#organization","name":"Nar\u0173 servisas UAB","url":"https:\/\/naruservisas.lt\/","sameAs":["https:\/\/www.facebook.com\/naruservisas.lt\/","https:\/\/www.instagram.com\/naruservisas\/","https:\/\/www.linkedin.com\/company\/naru-servisas\/"],"logo":{"@type":"ImageObject","@id":"https:\/\/naruservisas.lt\/#logo","inLanguage":"en-US","url":"https:\/\/naruservisas.lt\/wp-content\/uploads\/2020\/07\/Nar\u0173-servisas-LOGO-JPGwhite-background.jpg","contentUrl":"https:\/\/naruservisas.lt\/wp-content\/uploads\/2020\/07\/Nar\u0173-servisas-LOGO-JPGwhite-background.jpg","width":1917,"height":1917,"caption":"Nar\u0173 servisas UAB"},"image":{"@id":"https:\/\/naruservisas.lt\/#logo"}},{"@type":"WebSite","@id":"https:\/\/naruservisas.lt\/#website","url":"https:\/\/naruservisas.lt\/","name":"Uosto infrastrukt\u016bros statyba, profesional\u016bs techniniai narai, buksyrai ir buksyravimas Klaip\u0117da, Lietuva nuo 1991 Port infrastructure construction, commercial divers, tugs &amp; towing in Klaipeda, Lithuania since 1991","description":"","publisher":{"@id":"https:\/\/naruservisas.lt\/#organization"},"potentialAction":[{"@type":"SearchAction","target":{"@type":"EntryPoint","urlTemplate":"https:\/\/naruservisas.lt\/?s={search_term_string}"},"query-input":"required name=search_term_string"}],"inLanguage":"en-US"},{"@type":"ImageObject","@id":"https:\/\/naruservisas.lt\/portfolio\/waterbreaker-pier-construction-sub-contractor-pavilosta-2016-y\/#primaryimage","inLanguage":"en-US","url":"https:\/\/naruservisas.lt\/wp-content\/uploads\/2020\/07\/Pavilosta-molu-statybos-scaled.jpg","contentUrl":"https:\/\/naruservisas.lt\/wp-content\/uploads\/2020\/07\/Pavilosta-molu-statybos-scaled.jpg","width":2560,"height":1058},{"@type":"WebPage","@id":"https:\/\/naruservisas.lt\/portfolio\/waterbreaker-pier-construction-sub-contractor-pavilosta-2016-y\/#webpage","url":"https:\/\/naruservisas.lt\/portfolio\/waterbreaker-pier-construction-sub-contractor-pavilosta-2016-y\/","name":"Mol\u0173 statybos, sub. rangovas (Pavilosta, 2016 m.) | Uosto infrastrukt\u016bros statyba, profesional\u016bs techniniai narai, buksyrai ir buksyravimas Klaip\u0117da, Lietuva nuo 1991 Port infrastructure construction, commercial divers, tugs &amp; towing in Klaipeda, Lithuania since 1991","isPartOf":{"@id":"https:\/\/naruservisas.lt\/#website"},"primaryImageOfPage":{"@id":"https:\/\/naruservisas.lt\/portfolio\/waterbreaker-pier-construction-sub-contractor-pavilosta-2016-y\/#primaryimage"},"datePublished":"2020-06-26T08:55:03+00:00","dateModified":"2020-07-05T21:08:29+00:00","breadcrumb":{"@id":"https:\/\/naruservisas.lt\/portfolio\/waterbreaker-pier-construction-sub-contractor-pavilosta-2016-y\/#breadcrumb"},"inLanguage":"en-US","potentialAction":[{"@type":"ReadAction","target":["https:\/\/naruservisas.lt\/portfolio\/waterbreaker-pier-construction-sub-contractor-pavilosta-2016-y\/"]}]},{"@type":"BreadcrumbList","@id":"https:\/\/naruservisas.lt\/portfolio\/waterbreaker-pier-construction-sub-contractor-pavilosta-2016-y\/#breadcrumb","itemListElement":[{"@type":"ListItem","position":1,"name":"Home","item":"https:\/\/naruservisas.lt\/"},{"@type":"ListItem","position":2,"name":"Portfolio","item":"https:\/\/naruservisas.lt\/portfolio\/"},{"@type":"ListItem","position":3,"name":"Mol\u0173 statybos, sub. rangovas (Pavilosta, 2016 m.)"}]}]}},"_links":{"self":[{"href":"https:\/\/naruservisas.lt\/ru_RU\/wp-json\/wp\/v2\/pages\/493"}],"collection":[{"href":"https:\/\/naruservisas.lt\/ru_RU\/wp-json\/wp\/v2\/pages"}],"about":[{"href":"https:\/\/naruservisas.lt\/ru_RU\/wp-json\/wp\/v2\/types\/page"}],"author":[{"embeddable":true,"href":"https:\/\/naruservisas.lt\/ru_RU\/wp-json\/wp\/v2\/users\/1"}],"replies":[{"embeddable":true,"href":"https:\/\/naruservisas.lt\/ru_RU\/wp-json\/wp\/v2\/comments?post=493"}],"version-history":[{"count":3,"href":"https:\/\/naruservisas.lt\/ru_RU\/wp-json\/wp\/v2\/pages\/493\/revisions"}],"predecessor-version":[{"id":662,"href":"https:\/\/naruservisas.lt\/ru_RU\/wp-json\/wp\/v2\/pages\/493\/revisions\/662"}],"up":[{"embeddable":true,"href":"https:\/\/naruservisas.lt\/ru_RU\/wp-json\/wp\/v2\/pages\/31"}],"wp:featuredmedia":[{"embeddable":true,"href":"https:\/\/naruservisas.lt\/ru_RU\/wp-json\/wp\/v2\/media\/661"}],"wp:attachment":[{"href":"https:\/\/naruservisas.lt\/ru_RU\/wp-json\/wp\/v2\/media?parent=493"}],"curies":[{"name":"wp","href":"https:\/\/api.w.org\/{rel}","templated":true}]}}