{"id":51,"date":"2017-12-13T20:51:49","date_gmt":"2017-12-13T22:51:49","guid":{"rendered":"http:\/\/naruservisas.lt\/?page_id=51"},"modified":"2021-09-01T19:52:27","modified_gmt":"2021-09-01T21:52:27","slug":"equipment","status":"publish","type":"page","link":"https:\/\/naruservisas.lt\/ru_RU\/equipment\/","title":{"rendered":"Technin\u0117 \u012franga"},"content":{"rendered":"<p><strong>\u0411\u0443\u043a\u0441\u0438\u0440 &#8220;M\u016a\u0160A&#8221;<\/strong><\/p>\n<ul>\n<li>\u0434\u043b\u0438\u043d\u0430 x \u0448\u0438\u0440\u0438\u043d\u0430: 14,33 \u043c. x 4,04 \u043c.;<\/li>\n<li>\u043c\u0430\u043a\u0441. \u043e\u0441\u0430\u0434\u043a\u0430 1,44 \u043c.;<\/li>\n<li>\u043c\u0430\u043a\u0441. 10 \u043f\u0430\u0441\u0441\u0430\u0436\u0438\u0440\u043e\u0432<\/li>\n<li>\u0433\u043b\u0430\u0432\u043d\u044b\u0439 \u0434\u0432\u0438\u0433\u0430\u0442\u0435\u043b\u044c: \u0411\u0430\u0440\u043d\u0430\u0443\u043b\u041c\u0430\u0448 &#8220;3\u041412&#8221; 300 \u043b.\u0441. (223.7 \u043a\u0412).<\/li>\n<\/ul>\n<p><img loading=\"lazy\" class=\"size-large wp-image-91 aligncenter\" src=\"http:\/\/naruservisas.lt\/wp-content\/uploads\/2017\/12\/DSC_0361-1024x576.jpg\" alt=\"\" width=\"616\" height=\"347\" srcset=\"https:\/\/naruservisas.lt\/wp-content\/uploads\/2017\/12\/DSC_0361-1024x576.jpg 1024w, https:\/\/naruservisas.lt\/wp-content\/uploads\/2017\/12\/DSC_0361-300x169.jpg 300w, https:\/\/naruservisas.lt\/wp-content\/uploads\/2017\/12\/DSC_0361-768x432.jpg 768w\" sizes=\"(max-width: 616px) 100vw, 616px\" \/><\/p>\n<p><strong>\u041f\u043e\u043d\u0442\u043e\u043d &#8220;PM-61M&#8221; \u0441 \u043f\u043e\u0434\u044a\u0451\u043c\u043d\u044b\u043c \u043c\u0435\u0445\u0430\u043d\u0438\u0437\u043c\u043e\u043c &lt;50\u0442. + &lt;36\u0442. \u043a\u0440\u0430\u043d (\u043f\u043b\u0430\u0432.\u043a\u0440\u0430\u043d)<\/strong><\/p>\n<ul>\n<li>\u0434\u043b\u0438\u043d\u0430 x \u0448\u0438\u0440\u0438\u043d\u0430: 36,00 \u043c. x 8,22 \u043c.; \u043c\u0430\u043a\u0441. \u043e\u0441\u0430\u0434\u043a\u0430 1,00 \u043c.; \u043f\u043e\u0434\u044a\u0451\u043c\u043d\u0430\u044f \u0441\u0438\u043b\u0430: 130,7 \u0442.;<\/li>\n<li>\u0432\u0441\u0442\u0430\u0451\u0442 \u043d\u0430 4 \u044f\u043a\u043e\u0440\u044f (4 \u044d\u043b\u0435\u043a\u0442\u0440\u043e-\u043b\u0435\u0431\u0451\u0434\u043a\u0438) \u043d\u0430 \u0433\u043b\u0443\u0431\u0438\u043d\u0435 \u043c\u0430\u043a\u0441. 60-80 \u043c\u0435\u0442\u0440\u043e\u0432.;<\/li>\n<li>\u0421\u0442\u0430\u0446\u0438\u043e\u043d\u0430\u0440\u043d\u044b\u0435 \u0441\u0438\u0441\u0442\u0435\u043c\u044b \u043f\u043e\u0436\u0430\u0440\u043e\u0442\u0443\u0448\u0435\u043d\u0438\u044f, \u0434\u0430\u0432\u043b\u0435\u043d\u0438\u0435 \u043c\u0430\u043a\u0441. 8-13 \u0431\u0430\u0440;<\/li>\n<li>\u0421\u0442\u0430\u0446\u0438\u043e\u043d\u0430\u0440\u043d\u044b\u0435 \u0438 \u043f\u043e\u0440\u0442\u0430\u0442\u0438\u0432\u043d\u044b\u0435 \u0433\u0438\u0434\u0440\u043e\u043c\u043e\u043d\u0438\u0442\u043e\u0440\u044b \u043e\u0442 13 \u0431\u0430\u0440;<\/li>\n<li>\u0434\u0438\u0437\u0435\u043b\u044c-\u0433\u0435\u043d\u0435\u0440\u0430\u0442\u043e\u0440 DEUTZ 100\u043a\u0412 + \u0410\u0414\u0413 60\u043a\u0412, \u044d\u043b.\u0441\u0435\u0442\u044c 50Hz ~220V\/~380V;<\/li>\n<li>\u0441\u0442\u0430\u0446\u0438\u043e\u043d\u0430\u0440\u043d\u0430\u044f \u0432\u043e\u0434\u043e\u043b\u0430\u0437\u043d\u0430\u044f \u0441\u0442\u0430\u043d\u0446\u0438\u044f \u0434\u043b\u044f \u043e\u0434\u043d\u043e\u0432\u0440\u0435\u043c\u0435\u043d\u043d\u043e\u0439 \u0440\u0430\u0431\u043e\u0442\u044b \u0434\u043e 4 \u0432\u043e\u0434\u043e\u043b\u0430\u0437\u043e\u0432, \u0431\u0430\u043b\u043b\u043e\u043d\u044b \u0441\u0436\u0430\u0442\u043e\u0433\u043e \u0432\u043e\u0437\u0434\u0443\u0445\u0430 8\u0448\u0442. \u0445 120\u041b\u0442\u0440. @ 30-60 \u0431\u0430\u0440 + \u0440\u0435\u0434\u0443\u043a\u0446\u0438\u043e\u043d\u043d\u0430\u044f \u0441\u0442\u0430\u043d\u0446\u0438\u044f, Kirby Morgan, AquaLung \u0441\u043e\u0435\u0434\u0438\u043d\u0435\u043d\u0438\u044f \u0438 \u043e\u0431\u043e\u0440\u0443\u0434\u043e\u0432\u0430\u043d\u0438\u0435, \u043e\u0431\u043e\u0440\u0443\u0434\u043e\u0432\u0430\u043d\u0438\u0435 \u043f\u043e\u0434\u0432\u043e\u0434\u043d\u043e\u0439 \u0430\u0443\u0434\u0438\u043e- \u0438 \u0432\u0438\u0434\u0435\u043e- \u0441\u0432\u044f\u0437\u0438;<\/li>\n<li>\u043f\u043b\u0430\u0432-\u043c\u0430\u0441\u0442\u0435\u0440\u0441\u043a\u0438\u0435;<\/li>\n<li>\u043f\u043b\u0430\u0432-\u0441\u043a\u043b\u0430\u0434.<\/li>\n<\/ul>\n<p><img loading=\"lazy\" class=\"size-large wp-image-233 aligncenter\" src=\"http:\/\/naruservisas.lt\/wp-content\/uploads\/2018\/02\/120945-1024x714.jpg\" alt=\"\" width=\"616\" height=\"430\" srcset=\"https:\/\/naruservisas.lt\/wp-content\/uploads\/2018\/02\/120945-1024x714.jpg 1024w, https:\/\/naruservisas.lt\/wp-content\/uploads\/2018\/02\/120945-300x209.jpg 300w, https:\/\/naruservisas.lt\/wp-content\/uploads\/2018\/02\/120945-768x536.jpg 768w, https:\/\/naruservisas.lt\/wp-content\/uploads\/2018\/02\/120945-400x280.jpg 400w, https:\/\/naruservisas.lt\/wp-content\/uploads\/2018\/02\/120945.jpg 1300w\" sizes=\"(max-width: 616px) 100vw, 616px\" \/><\/p>\n<p><strong>\u0411\u0443\u0440\u043e\u0432\u0430\u044f \u043f\u043b\u0430\u0442\u0444\u043e\u0440\u043c\u0430 &#8220;NS-1&#8221;<\/strong><\/p>\n<ul>\n<li>\u0434\u043b\u0438\u043d\u0430 x \u0448\u0438\u0440\u0438\u043d\u0430: 13 \u043c. x 8 \u043c.;<\/li>\n<li>\u043e\u0441\u0430\u0434\u043a\u0430: 0,3 \u043c.;<\/li>\n<li>\u0434\u043b\u0438\u043d\u0430 \u0433\u0438\u0434\u0440\u0430\u0432\u043b\u0438\u0447\u0435\u0441\u043a\u0438\u0445 \u043d\u043e\u0433: 20,5 \u043c. (\u043c\u0430\u043a\u0441. \u0433\u043b\u0443\u0431\u0438\u043d\u0430: \u0434\u043e 17 \u043c.)<\/li>\n<\/ul>\n<p><img loading=\"lazy\" class=\"alignnone size-large wp-image-1222 aligncenter\" src=\"https:\/\/naruservisas.lt\/wp-content\/uploads\/2021\/09\/NS-1-1024x769.jpeg\" alt=\"\" width=\"525\" height=\"394\" srcset=\"https:\/\/naruservisas.lt\/wp-content\/uploads\/2021\/09\/NS-1-1024x769.jpeg 1024w, https:\/\/naruservisas.lt\/wp-content\/uploads\/2021\/09\/NS-1-300x225.jpeg 300w, https:\/\/naruservisas.lt\/wp-content\/uploads\/2021\/09\/NS-1-768x577.jpeg 768w, https:\/\/naruservisas.lt\/wp-content\/uploads\/2021\/09\/NS-1.jpeg 1030w\" sizes=\"(max-width: 525px) 100vw, 525px\" \/><\/p>\n<p><strong>\u0421\u043b\u0443\u0436\u0435\u0431\u043d\u0430\u044f \u0441\u043f\u0430\u0441\u0430\u0442\u0435\u043b\u044c\u043d\u0430\u044f \u043b\u043e\u0434\u043a\u0430-\u0431\u0443\u043a\u0441\u0438\u0440 &#8220;LT-2864&#8221;<\/strong><\/p>\n<ul>\n<li>\u0434\u043b\u0438\u043d\u0430 x \u0448\u0438\u0440\u0438\u043d\u0430: 6,6 \u043c. x 2,55 \u043c.;<\/li>\n<li>\u043c\u0430\u043a\u0441. \u043e\u0441\u0430\u0434\u043a\u0430 0,7 \u043c.;<\/li>\n<li>\u0433\u043b\u0430\u0432\u043d\u044b\u0439 \u0434\u0432\u0438\u0433\u0430\u0442\u0435\u043b\u044c: \u0412\u043b\u0430\u0434\u0438\u043c\u0438\u0440\u0441\u043a\u0438\u0439 \u0422\u0440\u0430\u043a\u0442\u043e\u0440\u043d\u044b\u0439 \u0417\u0430\u0432\u043e\u0434 &#8220;T-40&#8221; 50 \u043b.\u0441.;<\/li>\n<li>\u043c\u0430\u043a. 6 \u043f\u0430\u0441\u0441\u0430\u0436\u0438\u0440\u043e\u0432;<\/li>\n<li>DWT 900 \u043a\u0433.<\/li>\n<\/ul>\n<p><img loading=\"lazy\" class=\"wp-image-1193 aligncenter\" src=\"https:\/\/naruservisas.lt\/wp-content\/uploads\/2021\/02\/LT-2864-foto-1024x768.jpg\" alt=\"\" width=\"645\" height=\"484\" srcset=\"https:\/\/naruservisas.lt\/wp-content\/uploads\/2021\/02\/LT-2864-foto-1024x768.jpg 1024w, https:\/\/naruservisas.lt\/wp-content\/uploads\/2021\/02\/LT-2864-foto-300x225.jpg 300w, https:\/\/naruservisas.lt\/wp-content\/uploads\/2021\/02\/LT-2864-foto-768x576.jpg 768w, https:\/\/naruservisas.lt\/wp-content\/uploads\/2021\/02\/LT-2864-foto-1536x1152.jpg 1536w, https:\/\/naruservisas.lt\/wp-content\/uploads\/2021\/02\/LT-2864-foto-2048x1536.jpg 2048w\" sizes=\"(max-width: 645px) 100vw, 645px\" \/><\/p>\n<p><strong>\u041d\u0430\u0441\u043e\u0441\u044b \/ \u0417\u0435\u043c\u043b\u0435\u0441\u043e\u0441\u044b<\/strong><\/p>\n<ul>\n<li>\u043f\u0440\u043e\u0438\u0437\u0432\u043e\u0434\u0438\u0442\u0435\u043b\u044c\u043d\u043e\u0441\u0442\u044c &lt; 600 \u043c3\/\u0447\u0430\u0441.<\/li>\n<\/ul>\n<pre><img loading=\"lazy\" class=\"size-large wp-image-70 aligncenter\" src=\"http:\/\/naruservisas.lt\/wp-content\/uploads\/2017\/12\/DSC_0718-1024x576.jpg\" alt=\"\" width=\"616\" height=\"347\" srcset=\"https:\/\/naruservisas.lt\/wp-content\/uploads\/2017\/12\/DSC_0718-1024x576.jpg 1024w, https:\/\/naruservisas.lt\/wp-content\/uploads\/2017\/12\/DSC_0718-300x169.jpg 300w, https:\/\/naruservisas.lt\/wp-content\/uploads\/2017\/12\/DSC_0718-768x432.jpg 768w\" sizes=\"(max-width: 616px) 100vw, 616px\" \/><\/pre>\n<ul>\n<li>\u041f\u043e\u043d\u0442\u043e\u043d \u0437\u0435\u043c. \u0441\u043d\u0430\u0440\u044f\u0434 (\u0434\u043e 450 \u043c3\/\u0447.; \u043c\u0430\u043a\u0441. -25 \u043c. \u0440\u0430\u0431\u043e\u0447. \u0433\u043b\u0443\u0431\u0438\u043d\u0430) \u0441 \u0434\u0438\u0437\u0435\u043b\u044c. \u0433\u0435\u043d\u0435\u0440\u0430\u0442\u043e\u0440\u043e\u043c 30 \u043a\u0412, \u0441 \u043f\u043e\u0434\u043a\u043b\u044e\u0447\u0435\u043d\u0438\u0435\u043c \u043a \u0431\u0435\u0440\u0435\u0433\u0443 380V\/220V 50\u0413\u0446, \u0441 \u0433\u0438\u0434\u0440\u0430\u0432\u043b\u0438\u0447\u0435\u0441\u043a\u0438\u043c \u043a\u0440\u0430\u043d\u043e\u043c SWL 5 \u0442., \u044f\u043a\u043e\u0440\u043d\u043e\u0435 \u043f\u043e\u0437\u0438\u0446\u0438\u043e\u043d\u0438\u0440\u043e\u0432\u0430\u043d\u0438\u0435; \u0422\u0430\u043a\u0436\u0435 \u043e\u0441\u043d\u0430\u0449\u0451\u043d \u0432\u043e\u0434\u044f\u043d\u044b\u043c\u0438 \u043d\u0430\u0441\u043e\u0441\u0430\u043c\u0438 (12\/30 \u0431\u0430\u0440) \u0438 \u0438\u043d\u0436\u0435\u043a\u0442\u043e\u0440\u043e\u043c \u0432\u044b\u0441\u043e\u043a\u043e\u0433\u043e \u0434\u0430\u0432\u043b\u0435\u043d\u0438\u044f \u0434\u043b\u044f \u043e\u0442\u043c\u044b\u0432\u0430 \u0433\u0440\u0443\u043d\u0442\u0430\/\u043f\u0435\u0441\u043a\u0430 \u043f\u043e\u0434 \u0432\u043e\u0434\u043e\u0439. \u041f\u043e\u043d\u0442\u043e\u043d \u043c\u043e\u0436\u0435\u0442 \u043e\u0434\u043d\u043e\u0432\u0440\u0435\u043c\u0435\u043d\u043d\u043e \u043e\u0442\u043c\u044b\u0432\u0430\u0442\u044c \u0433\u0440\u0443\u043d\u0442\/\u043f\u0435\u0441\u043e\u043a \u0438 \u043e\u0442\u043a\u0430\u0447\u0438\u0432\u0430\u0442\u044c \u0444\u0440\u0430\u043a\u0446\u0438\u044e \u043f\u043e\u0434 \u0432\u043e\u0434\u043e\u0439 (\u043c\u0430\u043a\u0441. -25 \u043c. \u0440\u0430\u0431\u043e\u0447. \u0433\u043b\u0443\u0431\u0438\u043d\u0430);<\/li>\n<\/ul>\n<p><img loading=\"lazy\" class=\"size-large wp-image-1225 aligncenter\" src=\"https:\/\/naruservisas.lt\/wp-content\/uploads\/2021\/09\/Pontonas-zemsiurbe-768x1024.jpg\" alt=\"\" width=\"525\" height=\"700\" srcset=\"https:\/\/naruservisas.lt\/wp-content\/uploads\/2021\/09\/Pontonas-zemsiurbe-768x1024.jpg 768w, https:\/\/naruservisas.lt\/wp-content\/uploads\/2021\/09\/Pontonas-zemsiurbe-225x300.jpg 225w, https:\/\/naruservisas.lt\/wp-content\/uploads\/2021\/09\/Pontonas-zemsiurbe-1152x1536.jpg 1152w, https:\/\/naruservisas.lt\/wp-content\/uploads\/2021\/09\/Pontonas-zemsiurbe-1536x2048.jpg 1536w, https:\/\/naruservisas.lt\/wp-content\/uploads\/2021\/09\/Pontonas-zemsiurbe-scaled.jpg 1920w\" sizes=\"(max-width: 525px) 100vw, 525px\" \/><\/p>\n<p><strong>\u041f\u043e\u043d\u0442\u043e\u043d<\/strong> <strong>\u041f\u041c\u041f-60<\/strong><\/p>\n<ul>\n<li>\u0433\u0440\u0443\u0437\u043e\u043f\u043e\u0434\u044a\u0451\u043c\u043d\u043e\u0441\u0442\u044c 20 \u0442.;<\/li>\n<li>\u0434\u043b\u0438\u043d\u0430 \u0445 \u0448\u0438\u0440\u0438\u043d\u0430: 8 \u043c. \u0445 7 \u043c.;<\/li>\n<li>\u0432\u043e\u0437\u043c\u043e\u0436\u043d\u0430 \u0442\u0440\u0430\u043d\u0441\u043f\u043e\u0440\u0442\u0438\u0440\u043e\u0432\u043a\u0430, \u0441\u043e\u0441\u0442\u043e\u0438\u0442 \u0438\u0437 4 \u0447\u0430\u0441\u0442\u0435\u0439;<\/li>\n<\/ul>\n<p><img loading=\"lazy\" class=\"size-large wp-image-1226 aligncenter\" src=\"https:\/\/naruservisas.lt\/wp-content\/uploads\/2021\/09\/PMP-60-Copy-1024x768.jpg\" alt=\"\" width=\"525\" height=\"394\" srcset=\"https:\/\/naruservisas.lt\/wp-content\/uploads\/2021\/09\/PMP-60-Copy-1024x768.jpg 1024w, https:\/\/naruservisas.lt\/wp-content\/uploads\/2021\/09\/PMP-60-Copy-300x225.jpg 300w, https:\/\/naruservisas.lt\/wp-content\/uploads\/2021\/09\/PMP-60-Copy-768x576.jpg 768w, https:\/\/naruservisas.lt\/wp-content\/uploads\/2021\/09\/PMP-60-Copy-1536x1153.jpg 1536w, https:\/\/naruservisas.lt\/wp-content\/uploads\/2021\/09\/PMP-60-Copy-2048x1537.jpg 2048w\" sizes=\"(max-width: 525px) 100vw, 525px\" \/><\/p>\n<p><strong>\u0414\u0440\u0443\u0433\u0430\u044f \u0442\u0435\u0445\u043d\u0438\u043a\u0430 \u0438 \u043e\u0431\u043e\u0440\u0443\u0434\u043e\u0432\u0430\u043d\u0438\u0435.<\/strong><\/p>\n<ul>\n<li>\u041f\u043e \u0437\u0430\u043f\u0440\u043e\u0441\u0443: info@naruservisas.lt<strong><br \/><\/strong><\/li>\n<\/ul>\n\n\n<p><\/p>\n","protected":false},"excerpt":{"rendered":"<p><strong>\u0411\u0443\u043a\u0441\u0438\u0440 &#8220;M\u016a\u0160A&#8221;<\/strong><\/p>\n<ul>\n<li>\u0434\u043b\u0438\u043d\u0430 x \u0448\u0438\u0440\u0438\u043d\u0430: 14,33 \u043c. x 4,04 \u043c.;<\/li>\n<li>\u043c\u0430\u043a\u0441. \u043e\u0441\u0430\u0434\u043a\u0430 1,44 \u043c.;<\/li>\n<li>\u043c\u0430\u043a\u0441. 10 \u043f\u0430\u0441\u0441\u0430\u0436\u0438\u0440\u043e\u0432<\/li>\n<li>\u0433\u043b\u0430\u0432\u043d\u044b\u0439 \u0434\u0432\u0438\u0433\u0430\u0442\u0435\u043b\u044c: \u0411\u0430\u0440\u043d\u0430\u0443\u043b\u041c\u0430\u0448 &#8220;3\u041412&#8221; 300 \u043b.\u0441. (223.7 \u043a\u0412).<\/li>\n<\/ul>\n<p><img class=\"size-large wp-...\n<\/p>\n","protected":false},"author":1,"featured_media":740,"parent":0,"menu_order":0,"comment_status":"closed","ping_status":"closed","template":"","meta":[],"yoast_head":"<!-- This site is optimized with the Yoast SEO plugin v17.9 - https:\/\/yoast.com\/wordpress\/plugins\/seo\/ -->\n<title>Technin\u0117 \u012franga<\/title>\n<meta name=\"description\" content=\"\u0411\u0443\u043a\u0441\u0438\u0440 &quot;M\u016a\u0160A&quot;\n\n\u0434\u043b\u0438\u043d\u0430 x \u0448\u0438\u0440\u0438\u043d\u0430: 14,33 \u043c. x 4,04 \u043c.;\n\u043c\u0430\u043a\u0441. \u043e\u0441\u0430\u0434\u043a\u0430 1,44 \u043c.;\n\u043c\u0430\u043a\u0441. 10 \u043f\u0430\u0441\u0441\u0430\u0436\u0438\u0440\u043e\u0432\n\u0433\u043b\u0430\u0432\u043d\u044b\u0439 \u0434\u0432\u0438\u0433\u0430\u0442\u0435\u043b\u044c: \u0411\u0430\u0440\u043d\u0430\u0443\u043b\u041c\u0430\u0448 &quot;3\u041412&quot; 300 \u043b.\u0441. (223.7 \u043a\u0412).\" \/>\n<meta name=\"robots\" content=\"index, follow, max-snippet:-1, max-image-preview:large, max-video-preview:-1\" \/>\n<link rel=\"canonical\" href=\"https:\/\/naruservisas.lt\/en_US\/equipment\/\" \/>\n<meta property=\"og:locale\" content=\"en_US\" \/>\n<meta property=\"og:type\" content=\"article\" \/>\n<meta property=\"og:title\" content=\"Technin\u0117 \u012franga\" \/>\n<meta property=\"og:description\" content=\"&lt;p&gt;&lt;strong&gt;\u0411\u0443\u043a\u0441\u0438\u0440 &quot;M\u016a\u0160A&quot;&lt;\/strong&gt;&lt;\/p&gt;\n&lt;ul&gt;\n&lt;li&gt;\u0434\u043b\u0438\u043d\u0430 x \u0448\u0438\u0440\u0438\u043d\u0430: 14,33 \u043c. x 4,04 \u043c.;&lt;\/li&gt;\n&lt;li&gt;\u043c\u0430\u043a\u0441. \u043e\u0441\u0430\u0434\u043a\u0430 1,44 \u043c.;&lt;\/li&gt;\n&lt;li&gt;\u043c\u0430\u043a\u0441. 10 \u043f\u0430\u0441\u0441\u0430\u0436\u0438\u0440\u043e\u0432&lt;\/li&gt;\n&lt;li&gt;\u0433\u043b\u0430\u0432\u043d\u044b\u0439 \u0434\u0432\u0438\u0433\u0430\u0442\u0435\u043b\u044c: \u0411\u0430\u0440\u043d\u0430\u0443\u043b\u041c\u0430\u0448 &quot;3\u041412&quot; 300 \u043b.\u0441. (223.7 \u043a\u0412).&lt;\/li&gt;\n&lt;\/ul&gt;\n&lt;p&gt;&lt;img class=&quot;size-large wp-...\" \/>\n<meta property=\"og:url\" content=\"https:\/\/naruservisas.lt\/en_US\/equipment\/\" \/>\n<meta property=\"og:site_name\" content=\"Uosto infrastrukt\u016bros statyba, profesional\u016bs techniniai narai, buksyrai ir buksyravimas Klaip\u0117da, Lietuva nuo 1991 Port infrastructure construction, commercial divers, tugs &amp; towing in Klaipeda, Lithuania since 1991\" \/>\n<meta property=\"article:publisher\" content=\"https:\/\/www.facebook.com\/naruservisas.lt\/\" \/>\n<meta property=\"article:modified_time\" content=\"2021-09-01T21:52:27+00:00\" \/>\n<meta property=\"og:image\" content=\"https:\/\/naruservisas.lt\/wp-content\/uploads\/2020\/07\/Ledu-ragas-vibrancecontraswhite-color.jpg\" \/>\n\t<meta property=\"og:image:width\" content=\"2560\" \/>\n\t<meta property=\"og:image:height\" content=\"1192\" \/>\n\t<meta property=\"og:image:type\" content=\"image\/jpeg\" \/>\n<meta name=\"twitter:card\" content=\"summary_large_image\" \/>\n<meta name=\"twitter:label1\" content=\"Est. reading time\" \/>\n\t<meta name=\"twitter:data1\" content=\"1 minute\" \/>\n<script type=\"application\/ld+json\" class=\"yoast-schema-graph\">{\"@context\":\"https:\/\/schema.org\",\"@graph\":[{\"@type\":\"Organization\",\"@id\":\"https:\/\/naruservisas.lt\/#organization\",\"name\":\"Nar\\u0173 servisas UAB\",\"url\":\"https:\/\/naruservisas.lt\/\",\"sameAs\":[\"https:\/\/www.facebook.com\/naruservisas.lt\/\",\"https:\/\/www.instagram.com\/naruservisas\/\",\"https:\/\/www.linkedin.com\/company\/naru-servisas\/\"],\"logo\":{\"@type\":\"ImageObject\",\"@id\":\"https:\/\/naruservisas.lt\/#logo\",\"inLanguage\":\"en-US\",\"url\":\"https:\/\/naruservisas.lt\/wp-content\/uploads\/2020\/07\/Nar\\u0173-servisas-LOGO-JPGwhite-background.jpg\",\"contentUrl\":\"https:\/\/naruservisas.lt\/wp-content\/uploads\/2020\/07\/Nar\\u0173-servisas-LOGO-JPGwhite-background.jpg\",\"width\":1917,\"height\":1917,\"caption\":\"Nar\\u0173 servisas UAB\"},\"image\":{\"@id\":\"https:\/\/naruservisas.lt\/#logo\"}},{\"@type\":\"WebSite\",\"@id\":\"https:\/\/naruservisas.lt\/#website\",\"url\":\"https:\/\/naruservisas.lt\/\",\"name\":\"Uosto infrastrukt\\u016bros statyba, profesional\\u016bs techniniai narai, buksyrai ir buksyravimas Klaip\\u0117da, Lietuva nuo 1991 Port infrastructure construction, commercial divers, tugs &amp; towing in Klaipeda, Lithuania since 1991\",\"description\":\"\",\"publisher\":{\"@id\":\"https:\/\/naruservisas.lt\/#organization\"},\"potentialAction\":[{\"@type\":\"SearchAction\",\"target\":{\"@type\":\"EntryPoint\",\"urlTemplate\":\"https:\/\/naruservisas.lt\/?s={search_term_string}\"},\"query-input\":\"required name=search_term_string\"}],\"inLanguage\":\"en-US\"},{\"@type\":\"ImageObject\",\"@id\":\"https:\/\/naruservisas.lt\/en_US\/equipment\/#primaryimage\",\"inLanguage\":\"en-US\",\"url\":\"https:\/\/naruservisas.lt\/wp-content\/uploads\/2020\/07\/Ledu-ragas-vibrancecontraswhite-color.jpg\",\"contentUrl\":\"https:\/\/naruservisas.lt\/wp-content\/uploads\/2020\/07\/Ledu-ragas-vibrancecontraswhite-color.jpg\",\"width\":2560,\"height\":1192},{\"@type\":\"WebPage\",\"@id\":\"https:\/\/naruservisas.lt\/en_US\/equipment\/#webpage\",\"url\":\"https:\/\/naruservisas.lt\/en_US\/equipment\/\",\"name\":\"Technin\\u0117 \\u012franga | Uosto infrastrukt\\u016bros statyba, profesional\\u016bs techniniai narai, buksyrai ir buksyravimas Klaip\\u0117da, Lietuva nuo 1991 Port infrastructure construction, commercial divers, tugs &amp; towing in Klaipeda, Lithuania since 1991\",\"isPartOf\":{\"@id\":\"https:\/\/naruservisas.lt\/#website\"},\"primaryImageOfPage\":{\"@id\":\"https:\/\/naruservisas.lt\/en_US\/equipment\/#primaryimage\"},\"datePublished\":\"2017-12-13T22:51:49+00:00\",\"dateModified\":\"2021-09-01T21:52:27+00:00\",\"description\":\"Professional commercial offshore technical diving, cutting, welding, aquatorium dredging and cleaning, removal of navigational obstacles, underwater inspection with audio \/ video recording, salvage, ship\\u2019s subsurface lifting, tugs, pontoons, jet monitor, floating crane &lt;50 t., rent of technical equipment and machinery, vessel and boat piers in port of Klaip\\u0117da, hydro-technical port (seaport) facility construction since 1991.\",\"breadcrumb\":{\"@id\":\"https:\/\/naruservisas.lt\/en_US\/equipment\/#breadcrumb\"},\"inLanguage\":\"en-US\",\"potentialAction\":[{\"@type\":\"ReadAction\",\"target\":[\"https:\/\/naruservisas.lt\/en_US\/equipment\/\"]}]},{\"@type\":\"BreadcrumbList\",\"@id\":\"https:\/\/naruservisas.lt\/en_US\/equipment\/#breadcrumb\",\"itemListElement\":[{\"@type\":\"ListItem\",\"position\":1,\"name\":\"Home\",\"item\":\"https:\/\/naruservisas.lt\/\"},{\"@type\":\"ListItem\",\"position\":2,\"name\":\"Technin\\u0117 \\u012franga\"}]}]}<\/script>\n<!-- \/ Yoast SEO plugin. -->","yoast_head_json":{"title":"Technin\u0117 \u012franga","description":"\u0411\u0443\u043a\u0441\u0438\u0440 \"M\u016a\u0160A\"\n\n\u0434\u043b\u0438\u043d\u0430 x \u0448\u0438\u0440\u0438\u043d\u0430: 14,33 \u043c. x 4,04 \u043c.;\n\u043c\u0430\u043a\u0441. \u043e\u0441\u0430\u0434\u043a\u0430 1,44 \u043c.;\n\u043c\u0430\u043a\u0441. 10 \u043f\u0430\u0441\u0441\u0430\u0436\u0438\u0440\u043e\u0432\n\u0433\u043b\u0430\u0432\u043d\u044b\u0439 \u0434\u0432\u0438\u0433\u0430\u0442\u0435\u043b\u044c: \u0411\u0430\u0440\u043d\u0430\u0443\u043b\u041c\u0430\u0448 \"3\u041412\" 300 \u043b.\u0441. (223.7 \u043a\u0412).","robots":{"index":"index","follow":"follow","max-snippet":"max-snippet:-1","max-image-preview":"max-image-preview:large","max-video-preview":"max-video-preview:-1"},"canonical":"https:\/\/naruservisas.lt\/en_US\/equipment\/","og_locale":"en_US","og_type":"article","og_title":"Technin\u0117 \u012franga","og_description":"<p><strong>\u0411\u0443\u043a\u0441\u0438\u0440 \"M\u016a\u0160A\"<\/strong><\/p>\n<ul>\n<li>\u0434\u043b\u0438\u043d\u0430 x \u0448\u0438\u0440\u0438\u043d\u0430: 14,33 \u043c. x 4,04 \u043c.;<\/li>\n<li>\u043c\u0430\u043a\u0441. \u043e\u0441\u0430\u0434\u043a\u0430 1,44 \u043c.;<\/li>\n<li>\u043c\u0430\u043a\u0441. 10 \u043f\u0430\u0441\u0441\u0430\u0436\u0438\u0440\u043e\u0432<\/li>\n<li>\u0433\u043b\u0430\u0432\u043d\u044b\u0439 \u0434\u0432\u0438\u0433\u0430\u0442\u0435\u043b\u044c: \u0411\u0430\u0440\u043d\u0430\u0443\u043b\u041c\u0430\u0448 \"3\u041412\" 300 \u043b.\u0441. (223.7 \u043a\u0412).<\/li>\n<\/ul>\n<p><img class=\"size-large wp-...","og_url":"https:\/\/naruservisas.lt\/en_US\/equipment\/","og_site_name":"Uosto infrastrukt\u016bros statyba, profesional\u016bs techniniai narai, buksyrai ir buksyravimas Klaip\u0117da, Lietuva nuo 1991 Port infrastructure construction, commercial divers, tugs &amp; towing in Klaipeda, Lithuania since 1991","article_publisher":"https:\/\/www.facebook.com\/naruservisas.lt\/","article_modified_time":"2021-09-01T21:52:27+00:00","og_image":[{"width":2560,"height":1192,"url":"https:\/\/naruservisas.lt\/wp-content\/uploads\/2020\/07\/Ledu-ragas-vibrancecontraswhite-color.jpg","type":"image\/jpeg"}],"twitter_card":"summary_large_image","twitter_misc":{"Est. reading time":"1 minute"},"schema":{"@context":"https:\/\/schema.org","@graph":[{"@type":"Organization","@id":"https:\/\/naruservisas.lt\/#organization","name":"Nar\u0173 servisas UAB","url":"https:\/\/naruservisas.lt\/","sameAs":["https:\/\/www.facebook.com\/naruservisas.lt\/","https:\/\/www.instagram.com\/naruservisas\/","https:\/\/www.linkedin.com\/company\/naru-servisas\/"],"logo":{"@type":"ImageObject","@id":"https:\/\/naruservisas.lt\/#logo","inLanguage":"en-US","url":"https:\/\/naruservisas.lt\/wp-content\/uploads\/2020\/07\/Nar\u0173-servisas-LOGO-JPGwhite-background.jpg","contentUrl":"https:\/\/naruservisas.lt\/wp-content\/uploads\/2020\/07\/Nar\u0173-servisas-LOGO-JPGwhite-background.jpg","width":1917,"height":1917,"caption":"Nar\u0173 servisas UAB"},"image":{"@id":"https:\/\/naruservisas.lt\/#logo"}},{"@type":"WebSite","@id":"https:\/\/naruservisas.lt\/#website","url":"https:\/\/naruservisas.lt\/","name":"Uosto infrastrukt\u016bros statyba, profesional\u016bs techniniai narai, buksyrai ir buksyravimas Klaip\u0117da, Lietuva nuo 1991 Port infrastructure construction, commercial divers, tugs &amp; towing in Klaipeda, Lithuania since 1991","description":"","publisher":{"@id":"https:\/\/naruservisas.lt\/#organization"},"potentialAction":[{"@type":"SearchAction","target":{"@type":"EntryPoint","urlTemplate":"https:\/\/naruservisas.lt\/?s={search_term_string}"},"query-input":"required name=search_term_string"}],"inLanguage":"en-US"},{"@type":"ImageObject","@id":"https:\/\/naruservisas.lt\/en_US\/equipment\/#primaryimage","inLanguage":"en-US","url":"https:\/\/naruservisas.lt\/wp-content\/uploads\/2020\/07\/Ledu-ragas-vibrancecontraswhite-color.jpg","contentUrl":"https:\/\/naruservisas.lt\/wp-content\/uploads\/2020\/07\/Ledu-ragas-vibrancecontraswhite-color.jpg","width":2560,"height":1192},{"@type":"WebPage","@id":"https:\/\/naruservisas.lt\/en_US\/equipment\/#webpage","url":"https:\/\/naruservisas.lt\/en_US\/equipment\/","name":"Technin\u0117 \u012franga | Uosto infrastrukt\u016bros statyba, profesional\u016bs techniniai narai, buksyrai ir buksyravimas Klaip\u0117da, Lietuva nuo 1991 Port infrastructure construction, commercial divers, tugs &amp; towing in Klaipeda, Lithuania since 1991","isPartOf":{"@id":"https:\/\/naruservisas.lt\/#website"},"primaryImageOfPage":{"@id":"https:\/\/naruservisas.lt\/en_US\/equipment\/#primaryimage"},"datePublished":"2017-12-13T22:51:49+00:00","dateModified":"2021-09-01T21:52:27+00:00","description":"Professional commercial offshore technical diving, cutting, welding, aquatorium dredging and cleaning, removal of navigational obstacles, underwater inspection with audio \/ video recording, salvage, ship\u2019s subsurface lifting, tugs, pontoons, jet monitor, floating crane &lt;50 t., rent of technical equipment and machinery, vessel and boat piers in port of Klaip\u0117da, hydro-technical port (seaport) facility construction since 1991.","breadcrumb":{"@id":"https:\/\/naruservisas.lt\/en_US\/equipment\/#breadcrumb"},"inLanguage":"en-US","potentialAction":[{"@type":"ReadAction","target":["https:\/\/naruservisas.lt\/en_US\/equipment\/"]}]},{"@type":"BreadcrumbList","@id":"https:\/\/naruservisas.lt\/en_US\/equipment\/#breadcrumb","itemListElement":[{"@type":"ListItem","position":1,"name":"Home","item":"https:\/\/naruservisas.lt\/"},{"@type":"ListItem","position":2,"name":"Technin\u0117 \u012franga"}]}]}},"_links":{"self":[{"href":"https:\/\/naruservisas.lt\/ru_RU\/wp-json\/wp\/v2\/pages\/51"}],"collection":[{"href":"https:\/\/naruservisas.lt\/ru_RU\/wp-json\/wp\/v2\/pages"}],"about":[{"href":"https:\/\/naruservisas.lt\/ru_RU\/wp-json\/wp\/v2\/types\/page"}],"author":[{"embeddable":true,"href":"https:\/\/naruservisas.lt\/ru_RU\/wp-json\/wp\/v2\/users\/1"}],"replies":[{"embeddable":true,"href":"https:\/\/naruservisas.lt\/ru_RU\/wp-json\/wp\/v2\/comments?post=51"}],"version-history":[{"count":124,"href":"https:\/\/naruservisas.lt\/ru_RU\/wp-json\/wp\/v2\/pages\/51\/revisions"}],"predecessor-version":[{"id":1240,"href":"https:\/\/naruservisas.lt\/ru_RU\/wp-json\/wp\/v2\/pages\/51\/revisions\/1240"}],"wp:featuredmedia":[{"embeddable":true,"href":"https:\/\/naruservisas.lt\/ru_RU\/wp-json\/wp\/v2\/media\/740"}],"wp:attachment":[{"href":"https:\/\/naruservisas.lt\/ru_RU\/wp-json\/wp\/v2\/media?parent=51"}],"curies":[{"name":"wp","href":"https:\/\/api.w.org\/{rel}","templated":true}]}}